{"id":136891,"date":"2021-12-16T09:39:52","date_gmt":"2021-12-16T14:39:52","guid":{"rendered":"https:\/\/www.een.com\/surveillance-assessment\/"},"modified":"2022-08-19T10:13:33","modified_gmt":"2022-08-19T15:13:33","slug":"surveillance-assessment","status":"publish","type":"page","link":"https:\/\/www.een.com\/sv\/surveillance-assessment\/","title":{"rendered":"Surveillance System Quiz: How Secure Is Your Business?"},"content":{"rendered":"<div class=\"container-fluid surveillance-assessment\">\n\n    <h2>H\u00e5ller ditt \u00f6vervakningssystem ditt f\u00f6retag s\u00e4kert och skyddat?<\/h2>\n    <h3 class=\"text-center\">G\u00f6r v\u00e5rt 3-minuters s\u00e4kerhetstest f\u00f6r att se om ditt nuvarande system h\u00e5ller m\u00e5ttet.<\/h3>\n\n    <div class=\"progress_bar\">\n        <div class=\"bar_container\">\n            <div class=\"bar\">\n                <span><\/span>\n            <\/div>\n        <\/div>\n        <p class=\"count\"><span class=\"current_question\">1<\/span>\/<span class=\"total_questions\"><\/span><\/p>\n    <\/div>\n\n    <div class=\"container questions-container\">\n\n        <div class=\"question single\">\n\n            <h3>Please fill out the form below to begin the quiz.<\/h3>\n\n            <form id=\"assessment\">\n\n                <div class=\"form-group\">\n                    <label for=\"first_name\">F\u00f6rnamn<\/label>\n                    <input required type=\"text\" name=\"first_name\" class=\"form-control\" id=\"first_name\" aria-describedby=\"first_name_help\" placeholder=\"F\u00f6rnamn\">\n                <\/div>\n\n                <div class=\"form-group\">\n                    <label for=\"last_name\">Efternamn<\/label>\n                    <input required type=\"text\" name=\"last_name\" class=\"form-control\" id=\"last_name\" aria-describedby=\"last_name_help\" placeholder=\"Efternamn\">\n                <\/div>\n\n                <div class=\"form-group\">\n                    <label for=\"email_address\">E-postadress<\/label>\n                    <input required type=\"email\" name=\"email_address\" class=\"form-control\" id=\"email\" aria-describedby=\"email_help\" placeholder=\"E-postadress\">\n                <\/div>\n\n                <!-- <div class=\"form-group\">\n                    <label for=\"company_name\">F\u00f6retagets namn<\/label>\n                    <input required type=\"text\" name=\"company_name\" class=\"form-control\" id=\"company_name\" aria-describedby=\"compnay_name_help\" placeholder=\"F\u00f6retagets namn\">\n                <\/div> -->\n\n                <div class=\"form-group\">\n                    <label for=\"phone_number\">Telefonnummer<\/label>\n                    <input required type=\"text\" name=\"phone_number\" class=\"form-control\" id=\"phone_number\" aria-describedby=\"phone_help\" placeholder=\"Telefonnummer\">\n                <\/div>\n\n                <!-- <div class=\"form-group\">\n                    <label for=\"country\">Land<\/label>\n\n                    <select required name=\"country\" id=\"country\" tabindex=\"9\" aria-required=\"false\"><option value=\"\" selected=\"selected\">Land<\/option><option value=\"AF\">Afghanistan<\/option><option value=\"AL\">Albania<\/option><option value=\"DZ\">Algeria<\/option><option value=\"AS\">American Samoa<\/option><option value=\"AD\">Andorra<\/option><option value=\"AO\">Angola<\/option><option value=\"AI\">Anguilla<\/option><option value=\"AQ\">Antarctica<\/option><option value=\"AG\">Antigua and Barbuda<\/option><option value=\"AR\">Argentina<\/option><option value=\"AM\">Armenia<\/option><option value=\"AW\">Aruba<\/option><option value=\"AU\">Australia<\/option><option value=\"AT\">Austria<\/option><option value=\"AZ\">Azerbaijan<\/option><option value=\"BS\">Bahamas<\/option><option value=\"BH\">Bahrain<\/option><option value=\"BD\">Bangladesh<\/option><option value=\"BB\">Barbados<\/option><option value=\"BY\">Belarus<\/option><option value=\"BE\">Belgium<\/option><option value=\"BZ\">Belize<\/option><option value=\"BJ\">Benin<\/option><option value=\"BM\">Bermuda<\/option><option value=\"BT\">Bhutan<\/option><option value=\"BO\">Bolivia<\/option><option value=\"BQ\">Bonaire, Sint Eustatius and Saba<\/option><option value=\"BA\">Bosnia and Herzegovina<\/option><option value=\"BW\">Botswana<\/option><option value=\"BV\">Bouvet Island<\/option><option value=\"BR\">Brazil<\/option><option value=\"IO\">British Indian Ocean Territory<\/option><option value=\"BN\">Brunei Darussalam<\/option><option value=\"BG\">Bulgaria<\/option><option value=\"BF\">Burkina Faso<\/option><option value=\"BI\">Burundi<\/option><option value=\"KH\">Cambodia<\/option><option value=\"CM\">Cameroon<\/option><option value=\"CA\">Canada<\/option><option value=\"CV\">Cape Verde<\/option><option value=\"KY\">Cayman Islands<\/option><option value=\"CF\">Central African Republic<\/option><option value=\"TD\">Chad<\/option><option value=\"CL\">Chile<\/option><option value=\"CN\">China<\/option><option value=\"CX\">Christmas Island<\/option><option value=\"CC\">Cocos Islands<\/option><option value=\"CO\">Colombia<\/option><option value=\"KM\">Comoros<\/option><option value=\"CD\">Congo, Democratic Republic of the<\/option><option value=\"CG\">Congo, Republic of the<\/option><option value=\"CK\">Cook Islands<\/option><option value=\"CR\">Costa Rica<\/option><option value=\"HR\">Croatia<\/option><option value=\"CU\">Cuba<\/option><option value=\"CW\">Cura\u00e7ao<\/option><option value=\"CY\">Cyprus<\/option><option value=\"CZ\">Czech Republic<\/option><option value=\"CI\">C\u00f4te d'Ivoire<\/option><option value=\"DK\">Denmark<\/option><option value=\"DJ\">Djibouti<\/option><option value=\"DM\">Dominica<\/option><option value=\"DO\">Dominican Republic<\/option><option value=\"EC\">Ecuador<\/option><option value=\"EG\">Egypt<\/option><option value=\"SV\">El Salvador<\/option><option value=\"GQ\">Equatorial Guinea<\/option><option value=\"ER\">Eritrea<\/option><option value=\"EE\">Estonia<\/option><option value=\"SZ\">Eswatini (Swaziland)<\/option><option value=\"ET\">Ethiopia<\/option><option value=\"FK\">Falkland Islands<\/option><option value=\"FO\">Faroe Islands<\/option><option value=\"FJ\">Fiji<\/option><option value=\"FI\">Finland<\/option><option value=\"FR\">France<\/option><option value=\"GF\">French Guiana<\/option><option value=\"PF\">French Polynesia<\/option><option value=\"TF\">French Southern Territories<\/option><option value=\"GA\">Gabon<\/option><option value=\"GM\">Gambia<\/option><option value=\"GE\">Georgia<\/option><option value=\"DE\">Germany<\/option><option value=\"GH\">Ghana<\/option><option value=\"GI\">Gibraltar<\/option><option value=\"GR\">Greece<\/option><option value=\"GL\">Greenland<\/option><option value=\"GD\">Grenada<\/option><option value=\"GP\">Guadeloupe<\/option><option value=\"GU\">Guam<\/option><option value=\"GT\">Guatemala<\/option><option value=\"GG\">Guernsey<\/option><option value=\"GN\">Guinea<\/option><option value=\"GW\">Guinea-Bissau<\/option><option value=\"GY\">Guyana<\/option><option value=\"HT\">Haiti<\/option><option value=\"HM\">Heard and McDonald Islands<\/option><option value=\"VA\">Holy See<\/option><option value=\"HN\">Honduras<\/option><option value=\"HK\">Hong Kong<\/option><option value=\"HU\">Hungary<\/option><option value=\"IS\">Iceland<\/option><option value=\"IN\">India<\/option><option value=\"ID\">Indonesia<\/option><option value=\"IR\">Iran<\/option><option value=\"IQ\">Iraq<\/option><option value=\"IE\">Ireland<\/option><option value=\"IM\">Isle of Man<\/option><option value=\"IL\">Israel<\/option><option value=\"IT\">Italy<\/option><option value=\"JM\">Jamaica<\/option><option value=\"JP\">Japan<\/option><option value=\"JE\">Jersey<\/option><option value=\"JO\">Jordan<\/option><option value=\"KZ\">Kazakhstan<\/option><option value=\"KE\">Kenya<\/option><option value=\"KI\">Kiribati<\/option><option value=\"KW\">Kuwait<\/option><option value=\"KG\">Kyrgyzstan<\/option><option value=\"LA\">Lao People's Democratic Republic<\/option><option value=\"LV\">Latvia<\/option><option value=\"LB\">Lebanon<\/option><option value=\"LS\">Lesotho<\/option><option value=\"LR\">Liberia<\/option><option value=\"LY\">Libya<\/option><option value=\"LI\">Liechtenstein<\/option><option value=\"LT\">Lithuania<\/option><option value=\"LU\">Luxembourg<\/option><option value=\"MO\">Macau<\/option><option value=\"MK\">Macedonia<\/option><option value=\"MG\">Madagascar<\/option><option value=\"MW\">Malawi<\/option><option value=\"MY\">Malaysia<\/option><option value=\"MV\">Maldives<\/option><option value=\"ML\">Mali<\/option><option value=\"MT\">Malta<\/option><option value=\"MH\">Marshall Islands<\/option><option value=\"MQ\">Martinique<\/option><option value=\"MR\">Mauritania<\/option><option value=\"MU\">Mauritius<\/option><option value=\"YT\">Mayotte<\/option><option value=\"MX\">Mexico<\/option><option value=\"FM\">Micronesia<\/option><option value=\"MD\">Moldova<\/option><option value=\"MC\">Monaco<\/option><option value=\"MN\">Mongolia<\/option><option value=\"ME\">Montenegro<\/option><option value=\"MS\">Montserrat<\/option><option value=\"MA\">Morocco<\/option><option value=\"MZ\">Mozambique<\/option><option value=\"MM\">Myanmar<\/option><option value=\"NA\">Namibia<\/option><option value=\"NR\">Nauru<\/option><option value=\"NP\">Nepal<\/option><option value=\"NL\">Netherlands<\/option><option value=\"NC\">New Caledonia<\/option><option value=\"NZ\">New Zealand<\/option><option value=\"NI\">Nicaragua<\/option><option value=\"NE\">Niger<\/option><option value=\"NG\">Nigeria<\/option><option value=\"NU\">Niue<\/option><option value=\"NF\">Norfolk Island<\/option><option value=\"KP\">North Korea<\/option><option value=\"MP\">Northern Mariana Islands<\/option><option value=\"NO\">Norway<\/option><option value=\"OM\">Oman<\/option><option value=\"PK\">Pakistan<\/option><option value=\"PW\">Palau<\/option><option value=\"PS\">Palestine, State of<\/option><option value=\"PA\">Panama<\/option><option value=\"PG\">Papua New Guinea<\/option><option value=\"PY\">Paraguay<\/option><option value=\"PE\">Peru<\/option><option value=\"PH\">Philippines<\/option><option value=\"PN\">Pitcairn<\/option><option value=\"PL\">Poland<\/option><option value=\"PT\">Portugal<\/option><option value=\"PR\">Puerto Rico<\/option><option value=\"QA\">Qatar<\/option><option value=\"RO\">Romania<\/option><option value=\"RU\">Russia<\/option><option value=\"RW\">Rwanda<\/option><option value=\"RE\">R\u00e9union<\/option><option value=\"BL\">Saint Barth\u00e9lemy<\/option><option value=\"SH\">Saint Helena<\/option><option value=\"KN\">Saint Kitts and Nevis<\/option><option value=\"LC\">Saint Lucia<\/option><option value=\"MF\">Saint Martin<\/option><option value=\"PM\">Saint Pierre and Miquelon<\/option><option value=\"VC\">Saint Vincent and the Grenadines<\/option><option value=\"WS\">Samoa<\/option><option value=\"SM\">San Marino<\/option><option value=\"ST\">Sao Tome and Principe<\/option><option value=\"SA\">Saudi Arabia<\/option><option value=\"SN\">Senegal<\/option><option value=\"RS\">Serbia<\/option><option value=\"SC\">Seychelles<\/option><option value=\"SL\">Sierra Leone<\/option><option value=\"SG\">Singapore<\/option><option value=\"SX\">Sint Maarten<\/option><option value=\"SK\">Slovakia<\/option><option value=\"SI\">Slovenia<\/option><option value=\"SB\">Solomon Islands<\/option><option value=\"SO\">Somalia<\/option><option value=\"ZA\">South Africa<\/option><option value=\"GS\">South Georgia<\/option><option value=\"KR\">South Korea<\/option><option value=\"SS\">South Sudan<\/option><option value=\"ES\">Spain<\/option><option value=\"LK\">Sri Lanka<\/option><option value=\"SD\">Sudan<\/option><option value=\"SR\">Suriname<\/option><option value=\"SJ\">Svalbard and Jan Mayen Islands<\/option><option value=\"SE\">Sweden<\/option><option value=\"CH\">Switzerland<\/option><option value=\"SY\">Syria<\/option><option value=\"TW\">Taiwan<\/option><option value=\"TJ\">Tajikistan<\/option><option value=\"TZ\">Tanzania<\/option><option value=\"TH\">Thailand<\/option><option value=\"TL\">Timor-Leste<\/option><option value=\"TG\">Togo<\/option><option value=\"TK\">Tokelau<\/option><option value=\"TO\">Tonga<\/option><option value=\"TT\">Trinidad and Tobago<\/option><option value=\"TN\">Tunisia<\/option><option value=\"TR\">Turkey<\/option><option value=\"TM\">Turkmenistan<\/option><option value=\"TC\">Turks and Caicos Islands<\/option><option value=\"TV\">Tuvalu<\/option><option value=\"UM\">US Minor Outlying Islands<\/option><option value=\"UG\">Uganda<\/option><option value=\"UA\">Ukraine<\/option><option value=\"AE\">United Arab Emirates<\/option><option value=\"UK\">United Kingdom<\/option><option value=\"US\">United States<\/option><option value=\"UY\">Uruguay<\/option><option value=\"UZ\">Uzbekistan<\/option><option value=\"VU\">Vanuatu<\/option><option value=\"VE\">Venezuela<\/option><option value=\"VN\">Vietnam<\/option><option value=\"VG\">Virgin Islands, British<\/option><option value=\"VI\">Virgin Islands, U.S.<\/option><option value=\"WF\">Wallis and Futuna<\/option><option value=\"EH\">Western Sahara<\/option><option value=\"YE\">Yemen<\/option><option value=\"ZM\">Zambia<\/option><option value=\"ZW\">Zimbabwe<\/option><option value=\"AX\">\u00c5land Islands<\/option><\/select>\n\n                <\/div> -->\n\n                <input type=\"hidden\" name=\"i_can_easily_predict_and_budget_for_the_cost_of_my_video_surveillance_system\">\n                <input type=\"hidden\" name=\"i_can_view_and_access_my_video_surveillance_footage\">\n                <input type=\"hidden\" name=\"i_mainly_use_my_system\">\n                <input type=\"hidden\" name=\"if_i_have_a_problem_with_my_equipment_or_system\">\n                <input type=\"hidden\" name=\"if_i_need_to_add_or_replace_a_camera\">\n                <input type=\"hidden\" name=\"my_current_video_surveillance_footage_is_stored\">\n                <input type=\"hidden\" name=\"my_video_surveillance_system_can\">\n                <input type=\"hidden\" name=\"who_makes_updates_to_your_system_\">\n                <input type=\"hidden\" name=\"my_video_surveillance_system_works_with\">\n\n                <div class=\"form-group submit\">\n                    <button type=\"button\" class=\"btn btn-een next\" disabled>N\u00e4sta<\/button>\n                <\/div>\n                <!-- <div class=\"form-group submit\">\n                    <button type=\"submit\" class=\"btn\">F\u00e5 mina resultat<\/button>\n                <\/div> -->\n\n            <\/form>\n        <\/div>\n\n        <div class=\"question single\" data-question=\"my_current_video_surveillance_footage_is_stored\">\n\n            <img decoding=\"async\" src=\"\/wp-content\/uploads\/2021\/09\/20210916-Devices-with-Camera_Logistics-min.png\">\n            <h3>Mina aktuella video\u00f6vervakningsbilder lagras<\/h3>\n            <div class=\"answers\">\n                <ul>\n                    <li data-value=\"3\"><i class=\"fas fa-circle\"><\/i> P\u00e5 en plats p\u00e5 en traditionell digital inspelningsenhet (DVR) eller en inspelningsenhet i n\u00e4tverket (NVR)<\/li>\n                    <li data-value=\"6\"><i class=\"fas fa-circle\"><\/i> Med hj\u00e4lp av en hybridmetod som lagras b\u00e5de p\u00e5 mina \u00f6vervakningskameror och i molnet<\/li>\n                    <li data-value=\"10\"><i class=\"fas fa-circle\"><\/i> Krypterade, s\u00e4kerhetskopierade och 100 procent s\u00e4kra i molnet<\/li>\n                    <li data-value=\"1\"><i class=\"fas fa-circle\"><\/i> Jag vet inte<\/li>\n                <\/ul>\n            <\/div>\n        <\/div>\n\n        <div class=\"question single\" data-question=\"i_can_view_and_access_my_video_surveillance_footage\">\n            <div class=\"controls\">\n                <button class=\"prev_btn\"><i class=\"fal fa-chevron-circle-left\"><\/i> Tillbaka<\/button>\n            <\/div>\n\n            <img decoding=\"async\" src=\"\/wp-content\/uploads\/2021\/09\/20210916-Devices-with-Camera_Logistics-min.png\">\n            <h3>Jag kan se och komma \u00e5t mina video\u00f6vervakningsbilder<\/h3>\n            <div class=\"answers\">\n                <ul>\n                    <li data-value=\"2\"><i class=\"fas fa-circle\"><\/i>P\u00e5 den plats d\u00e4r videon lagras<\/li>\n                    <li data-value=\"10\"><i class=\"fas fa-circle\"><\/i>P\u00e5 min telefon eller b\u00e4rbara dator var som helst i v\u00e4rlden<\/li>\n                    <li data-value=\"5\"><i class=\"fas fa-circle\"><\/i>Det \u00e4r endast min s\u00e4kerhetsleverant\u00f6r som har tillg\u00e5ng till mina \u00f6vervakningsbilder<\/li>\n                <\/ul>\n            <\/div>\n        <\/div>\n\n        <div class=\"question single\" data-question=\"my_video_surveillance_system_works_with\">\n            <div class=\"controls\">\n                <button class=\"prev_btn\"><i class=\"fal fa-chevron-circle-left\"><\/i> Tillbaka<\/button>\n            <\/div>\n\n            <img decoding=\"async\" src=\"\/wp-content\/uploads\/2021\/09\/20210916-Devices-with-Camera_Logistics-min.png\">\n            <h3>Mitt video\u00f6vervakningssystem fungerar<\/h3>\n            <div class=\"answers\">\n                <ul>\n                    <li data-value=\"7\"><i class=\"fas fa-circle\"><\/i> Endast tillsammans med passersystem f\u00f6r inpasseringsv\u00e4gar<\/li>\n                    <li data-value=\"10\"><i class=\"fas fa-circle\"><\/i> Tillsammans med passersystem och andra verktyg fr\u00e5n tredje part, t.ex. kassasystem, sensorer, larm och f\u00f6retagsrapportering<\/li>\n                    <li data-value=\"1\"><i class=\"fas fa-circle\"><\/i> Det arbetar inte tillsammans med n\u00e5got av mina andra aff\u00e4rssystem<\/li>\n                    <li data-value=\"3\"><i class=\"fas fa-circle\"><\/i> Jag vet inte s\u00e4kert<\/li>\n                <\/ul>\n            <\/div>\n        <\/div>\n\n        <div class=\"question single\" data-question=\"i_can_easily_predict_and_budget_for_the_cost_of_my_video_surveillance_system\">\n            <div class=\"controls\">\n                <button class=\"prev_btn\"><i class=\"fal fa-chevron-circle-left\"><\/i> Tillbaka<\/button>\n            <\/div>\n\n            <img decoding=\"async\" src=\"\/wp-content\/uploads\/2021\/09\/20210916-Devices-with-Camera_Logistics-min.png\">\n            <h3>Jag kan enkelt f\u00f6rutse och budgetera kostnaden f\u00f6r mitt video\u00f6vervakningssystem<\/h3>\n            <div class=\"answers\">\n                <ul>\n                    <li data-value=\"10\"><i class=\"fas fa-circle\"><\/i> Ja, min kostnad \u00e4r densamma varje m\u00e5nad<\/li>\n                    <li data-value=\"2\"><i class=\"fas fa-circle\"><\/i> Nej, min kostnad varierar ganska mycket varje m\u00e5nad<\/li>\n                    <li data-value=\"6\"><i class=\"fas fa-circle\"><\/i> Jag betalade f\u00f6r hela mitt system vid leverans och betalar bara f\u00f6r ny utrustning och uppdateringar.<\/li>\n                <\/ul>\n            <\/div>\n        <\/div>\n\n        <div class=\"question multi-select\" data-question=\"my_video_surveillance_system_can\">\n            <div class=\"controls\">\n                <button class=\"prev_btn\"><i class=\"fal fa-chevron-circle-left\"><\/i> Tillbaka<\/button>\n            <\/div>\n\n            <img decoding=\"async\" src=\"\/wp-content\/uploads\/2021\/09\/20210916-Devices-with-Camera_Logistics-min.png\">\n            <h3>Mitt video\u00f6vervakningssystem kan <\/h3>\n            <small>Select all that apply<\/small>\n            <div class=\"answers\">\n                <ul>\n                    <li data-value=\"2\"><i class=\"fas fa-circle\"><\/i> Uppt\u00e4cka intr\u00e5ng<\/li>\n                    <li data-value=\"2\"><i class=\"fas fa-circle\"><\/i> R\u00e4kna f\u00f6rem\u00e5l och m\u00e4nniskor<\/li>\n                    <li data-value=\"2\"><i class=\"fas fa-circle\"><\/i> K\u00e4nna igen registreringsskyltar<\/li>\n                    <li data-value=\"2\"><i class=\"fas fa-circle\"><\/i> Meddela mig n\u00e4r intr\u00e5ng har skett i ett k\u00e4nsligt omr\u00e5de<\/li>\n                    <li data-value=\"2\"><i class=\"fas fa-circle\"><\/i> Hitta m\u00f6nster i data och rekommendera l\u00f6sningar<\/li>\n                    <li data-value=\"2\"><i class=\"fas fa-circle\"><\/i> Skydda mot cyberattacker<\/li>\n                <\/ul>\n            <\/div>\n            <button type=\"button\" class=\"btn btn-een next\">N\u00e4sta<\/button>\n        <\/div>\n\n        <div class=\"question single\" data-question=\"if_i_have_a_problem_with_my_equipment_or_system\">\n            <div class=\"controls\">\n                <button class=\"prev_btn\"><i class=\"fal fa-chevron-circle-left\"><\/i> Tillbaka<\/button>\n            <\/div>\n\n            <img decoding=\"async\" src=\"\/wp-content\/uploads\/2021\/09\/20210916-Devices-with-Camera_Logistics-min.png\">\n            <h3>Om jag har problem med min utrustning eller mitt system<\/h3>\n            <div class=\"answers\">\n                <ul>\n                    <li data-value=\"0\"><i class=\"fas fa-circle\"><\/i> S\u00e5 vet jag inte det f\u00f6rr\u00e4n n\u00e5got h\u00e4nder eller jag beh\u00f6ver komma \u00e5t videon<\/li>\n                    <li data-value=\"10\"><i class=\"fas fa-circle\"><\/i> S\u00e5 meddelar mitt system mig genast och jag kan vanligtvis l\u00f6sa problemet samma dag<\/li>\n                    <li data-value=\"5\"><i class=\"fas fa-circle\"><\/i> Jag f\u00e5r vanligtvis besked inom ett par dagar och min leverant\u00f6r kan \u00e5tg\u00e4rda det samma vecka<\/li>\n                    <li data-value=\"3\"><i class=\"fas fa-circle\"><\/i> M\u00e5ste jag fixa det sj\u00e4lv<\/li>\n                <\/ul>\n            <\/div>\n        <\/div>\n\n        <div class=\"question single\" data-question=\"i_mainly_use_my_system\">\n            <div class=\"controls\">\n                <button class=\"prev_btn\"><i class=\"fal fa-chevron-circle-left\"><\/i> Tillbaka<\/button>\n            <\/div>\n\n            <img decoding=\"async\" src=\"\/wp-content\/uploads\/2021\/09\/20210916-Devices-with-Camera_Logistics-min.png\">\n            <h3>Jag anv\u00e4nder i f\u00f6rsta hand mitt system  <\/h3>\n            <div class=\"answers\">\n                <ul>\n                    <li data-value=\"5\"><i class=\"fas fa-circle\"><\/i> Som avskr\u00e4ckande medel mot st\u00f6ld och f\u00f6r detektering av intr\u00e5ng<\/li>\n                    <li data-value=\"7\"><i class=\"fas fa-circle\"><\/i> F\u00f6r att utbilda och \u00f6vervaka personalen<\/li>\n                    <li data-value=\"10\"><i class=\"fas fa-circle\"><\/i> F\u00f6r avancerad analys f\u00f6r att f\u00f6rb\u00e4ttra verksamheten och kundservicen<\/li>\n                    <li data-value=\"3\"><i class=\"fas fa-circle\"><\/i> Jag anv\u00e4nder s\u00e4llan mitt nuvarande system<\/li>\n                <\/ul>\n            <\/div>\n        <\/div>\n\n        <div class=\"question single\" data-question=\"who_makes_updates_to_your_system_\">\n            <div class=\"controls\">\n                <button class=\"prev_btn\"><i class=\"fal fa-chevron-circle-left\"><\/i> Tillbaka<\/button>\n            <\/div>\n\n            <img decoding=\"async\" src=\"\/wp-content\/uploads\/2021\/09\/20210916-Devices-with-Camera_Logistics-min.png\">\n            <h3>Vem utf\u00f6r uppdateringar i ditt system?<\/h3>\n            <div class=\"answers\">\n                <ul>\n                    <li data-value=\"7\"><i class=\"fas fa-circle\"><\/i> Jag eller n\u00e5gon i mitt team g\u00f6r det<\/li>\n                    <li data-value=\"5\"><i class=\"fas fa-circle\"><\/i> Min s\u00e4kerhetsleverant\u00f6r<\/li>\n                    <li data-value=\"0\"><i class=\"fas fa-circle\"><\/i> Beh\u00f6ver systemet uppdateras?!<\/li>\n                <\/ul>\n            <\/div>\n        <\/div>\n\n        <div class=\"question single last\" data-question=\"if_i_need_to_add_or_replace_a_camera\">\n            <div class=\"controls\">\n                <button class=\"prev_btn\"><i class=\"fal fa-chevron-circle-left\"><\/i> Tillbaka<\/button>\n            <\/div>\n\n            <img decoding=\"async\" src=\"\/wp-content\/uploads\/2021\/09\/20210916-Devices-with-Camera_Logistics-min.png\">\n            <h3>Om jag beh\u00f6ver l\u00e4gga till eller byta ut en kamera<\/h3>\n            <div class=\"answers\">\n                <ul>\n                    <li data-value=\"2\"><i class=\"fas fa-circle\"><\/i> M\u00e5ste jag v\u00e4lja fr\u00e5n en mycket begr\u00e4nsad lista av kameror f\u00f6r att den ska fungera med mitt VMS<\/li>\n                    <li data-value=\"10\"><i class=\"fas fa-circle\"><\/i> S\u00e5 kan jag l\u00e4gga till n\u00e4stan alla kameramodeller och m\u00e4rken som passar mina nuvarande behov<\/li>\n                    <li data-value=\"5\"><i class=\"fas fa-circle\"><\/i> Jag har en rad modeller att v\u00e4lja mellan, men de m\u00e5ste uppfylla s\u00e4rskilda krav<\/li>\n                <\/ul>\n            <\/div>\n\n            <div class=\"form-group submit\">\n                <button type=\"submit\" class=\"btn\" id=\"finalSubmitBtn\">F\u00e5 mina resultat<\/button>\n                <p style=\"padding-top: 15px;color:#a9a9a9;\"><em>By submitting this form, I agree to be bound by your <a href=\"\/privacy-policy\">Privacy Policy<\/a><\/em><\/p>\n            <\/div>\n        <\/div>\n\n\n\n        <div class=\"results\">\n\n            <h3 class=\"thank_you\">Thank you! Check your email for your results and custom video surveillance report.<\/h3>\n\n        <\/div>\n\n    <\/div>\n<\/div>\n","protected":false},"excerpt":{"rendered":"","protected":false},"author":3175,"featured_media":0,"parent":0,"menu_order":223,"comment_status":"closed","ping_status":"closed","template":"","meta":{"_acf_changed":false,"_relevanssi_hide_post":"","_relevanssi_hide_content":"","_relevanssi_pin_for_all":"","_relevanssi_pin_keywords":"","_relevanssi_unpin_keywords":"","_relevanssi_related_keywords":"","_relevanssi_related_include_ids":"","_relevanssi_related_exclude_ids":"","_relevanssi_related_no_append":"","_relevanssi_related_not_related":"","_relevanssi_related_posts":"132873,132587,127440,116902,108054,108064","_relevanssi_noindex_reason":"","footnotes":""},"class_list":["post-136891","page","type-page","status-publish","hentry"],"acf":[],"aioseo_notices":[],"_links":{"self":[{"href":"https:\/\/www.een.com\/sv\/wp-json\/wp\/v2\/pages\/136891","targetHints":{"allow":["GET"]}}],"collection":[{"href":"https:\/\/www.een.com\/sv\/wp-json\/wp\/v2\/pages"}],"about":[{"href":"https:\/\/www.een.com\/sv\/wp-json\/wp\/v2\/types\/page"}],"author":[{"embeddable":true,"href":"https:\/\/www.een.com\/sv\/wp-json\/wp\/v2\/users\/3175"}],"replies":[{"embeddable":true,"href":"https:\/\/www.een.com\/sv\/wp-json\/wp\/v2\/comments?post=136891"}],"version-history":[{"count":0,"href":"https:\/\/www.een.com\/sv\/wp-json\/wp\/v2\/pages\/136891\/revisions"}],"wp:attachment":[{"href":"https:\/\/www.een.com\/sv\/wp-json\/wp\/v2\/media?parent=136891"}],"curies":[{"name":"wp","href":"https:\/\/api.w.org\/{rel}","templated":true}]}}