{"id":144252,"date":"2022-05-27T10:56:23","date_gmt":"2022-05-27T15:56:23","guid":{"rendered":"https:\/\/www.een.com\/empresa\/"},"modified":"2023-06-05T14:17:10","modified_gmt":"2023-06-05T19:17:10","slug":"empresa","status":"publish","type":"page","link":"https:\/\/www.een.com\/pt-br\/empresa\/","title":{"rendered":"Sobre n\u00f3s"},"content":{"rendered":"<div class=\"wp-block-een-industries-slant-block vms\" id=\"een-industries-slant-block-block_6fc03bfea927054d9af0841ac457c759\"><style>\n  #een-industries-slant-block-block_6fc03bfea927054d9af0841ac457c759 .content-wysiwyg p,\n  #een-industries-slant-block-block_6fc03bfea927054d9af0841ac457c759 .content-wysiwyg li {\n    color: #ffffff !important;\n    font-size: 26px;\n  }\n  #een-industries-slant-block-block_6fc03bfea927054d9af0841ac457c759 .container-fluid.slant .slant_bg {\n    width: 100%;\n    max-height: 400px;\n    min-height: 400px;\n    position: absolute;\n    top: 0;\n    left: 0;\n    -webkit-clip-path: polygon(0 0, 100% 0, 100% 100%, 0 85%);\n    clip-path: polygon(0 0, 100% 0, 100% 100%, 0 85%);\n  }\n\n  #een-industries-slant-block-block_6fc03bfea927054d9af0841ac457c759 .container-fluid.slant .row {\n    padding: 30px 0;\n  }\n\n  #een-industries-slant-block-block_6fc03bfea927054d9af0841ac457c759 .container-fluid.slant .container {\n    z-index:5;\n  }\n\n  @media screen and (max-width: 991px){\n    #een-industries-slant-block-block_6fc03bfea927054d9af0841ac457c759 .content-wysiwyg p {\n        color: #333 !important;\n        margin-top: 20px;\n        text-align: center;\n    }\n  }\n\n  @media screen and (max-width:768px) {\n    #een-industries-slant-block-block_6fc03bfea927054d9af0841ac457c759 .container-fluid.slant .slant_bg {\n        clip-path: polygon(0 0, 100% 0, 100% 100%, 0 100%);\n        min-height:100%;\n    }\n\n    #een-industries-slant-block-block_6fc03bfea927054d9af0841ac457c759 .content-wysiwyg p {\n      font-size: 16px !important;\n      margin-top: 20px;\n      color: #fff !important;\n      text-align: center;\n    }\n\n    #een-industries-slant-block-block_6fc03bfea927054d9af0841ac457c759 img {\n      max-width: 300px;\n      display: block;\n      text-align: center;\n      margin: 0 auto !important;\n    }\n\n  }\n\n  #een-industries-slant-block-block_6fc03bfea927054d9af0841ac457c759 p {\n    line-height:1.1em;\n  }\n\n<\/style>\n\n<div class=\"vms\">\n  <div class=\"relative\">\n      <section>\n          <div class=\"container-fluid slant d-flex-center\">\n              <div class=\"slant_bg\" style=\"background: #000000;\"><\/div>\n              <div class=\"container\">\n                  <div class=\"row\">\n                      <div class=\"col-lg-6\">\n                        <img decoding=\"async\" src=\"https:\/\/www.een.com\/wp-content\/uploads\/2022\/02\/OwnTexas_Office_Screens-1.png\" style=\"margin-left:15px; margin-top:-8px; transform: scale(1)\" \/>\n                      <\/div>\n\n                      <div class=\"col-lg-6 d-flex-center order-1\" style=\"padding-left: 10px;\">\n                          <div class=\"content-wysiwyg\">\n                            <p>Na Eagle Eye Networks, acreditamos que a verdadeira vigil\u00e2ncia por v\u00eddeo em nuvem, com protec\u00e7\u00e3o adequada de privacidade e seguran\u00e7a cibern\u00e9tica, fornece seguran\u00e7a proactiva e dados accion\u00e1veis valiosos. Em \u00faltima an\u00e1lise, assegurar\u00e1 que as empresas e as comunidades estejam mais informadas, empenhadas e seguras.<\/p>\n                          <\/div>\n                      <\/div>\n                  <\/div>\n              <\/div>\n          <\/div>\n      <\/section>\n  <\/div>\n<\/div>\n\n<\/div>\n\n\n<div class=\"wp-block-een-section-header-block vms\" style=\"padding-top:50px;padding-bottom:0\"><div class=\"container text-center\"><div class=\"text-container\" style=\"max-width:1200px;margin:0 auto\"><h2 class=\"title\">Os nossos valores partilhados<\/h2><\/div><\/div><\/div>\n\n\n<div class=\"wp-block-een-industries-features-squares\"><style>\n.wp-block-een-industries-features-squares .fbshadow {\n    text-align:left;\n    box-shadow: 0px 34px 35px rgba(0, 0, 0, 0.07);\n    padding:30px;\n}\n\n.wp-block-een-industries-features-squares .fbshadow img {\n    max-width:80px;\n    margin-bottom:10px;\n}\n\n.wp-block-een-industries-features-squares .row.d-flex {\n    justify-content:center\n}\n<\/style>\n\n<section class=\"analytics\">\n  <div class=\"container-fluid content bg-white\" style=\"padding-top:30px, padding-bottom:50px\">\n    <div class=\"container text-center\" style=\"padding: 0px 100px;\">\n<div class=\"row d-flex\">    <div class=\"col-lg-4 col-md-12 fbshadow\">\n      <div class=\"feature-icon\">\n        <img decoding=\"async\" width=\"165\" height=\"156\" src=\"https:\/\/www.een.com\/wp-content\/uploads\/2022\/05\/team-page-icons-01.png\" class=\"attachment-full size-full\" alt=\"chat\" \/>      <\/div>\n      <div class=\"feature-content\">\n          <p><strong>SOMOS UMA EQUIPA<\/strong><\/p>\n<p>Trabalhamos como uma equipa, apoiando-nos e confiando uns nos outros.<\/p>\n      <\/div>\n    <\/div>\n\n        <div class=\"col-lg-4 col-md-12 fbshadow\">\n      <div class=\"feature-icon\">\n        <img decoding=\"async\" width=\"165\" height=\"156\" src=\"https:\/\/www.een.com\/wp-content\/uploads\/2022\/05\/team-page-icons-05.png\" class=\"attachment-full size-full\" alt=\"video surveillance checklist\" \/>      <\/div>\n      <div class=\"feature-content\">\n          <p><strong>TOMAMOS POSSE<\/strong><\/p>\n<p>Cada um de n\u00f3s toma posse, entrega, resolve. N\u00f3s fazemos as coisas acontecerem.<\/p>\n      <\/div>\n    <\/div>\n\n        <div class=\"col-lg-4 col-md-12 fbshadow\">\n      <div class=\"feature-icon\">\n        <img decoding=\"async\" width=\"165\" height=\"156\" src=\"https:\/\/www.een.com\/wp-content\/uploads\/2022\/05\/team-page-icons-02.png\" class=\"attachment-full size-full\" alt=\"team\" \/>      <\/div>\n      <div class=\"feature-content\">\n          <p><strong>CRESCIMOS AS PESSOAS<\/strong><\/p>\n<p>Desejamos crescimento, aprendizagem, sa\u00fade e melhoria para os nossos empregados, clientes, parceiros, fam\u00edlias e comunidades.<\/p>\n      <\/div>\n    <\/div>\n\n    <\/div><div class=\"row d-flex\">    <div class=\"col-lg-4 col-md-12 fbshadow\">\n      <div class=\"feature-icon\">\n        <img loading=\"lazy\" decoding=\"async\" width=\"165\" height=\"156\" src=\"https:\/\/www.een.com\/wp-content\/uploads\/2022\/05\/team-page-icons-03.png\" class=\"attachment-full size-full\" alt=\"video surveillance partnership\" \/>      <\/div>\n      <div class=\"feature-content\">\n          <p><strong>TRABALHAMOS COM INTEGRIDADE<\/strong><\/p>\n<p>Honestidade, integridade e justi\u00e7a s\u00e3o fundamentais para quem somos.<\/p>\n      <\/div>\n    <\/div>\n\n        <div class=\"col-lg-4 col-md-12 fbshadow\">\n      <div class=\"feature-icon\">\n        <img loading=\"lazy\" decoding=\"async\" width=\"164\" height=\"156\" src=\"https:\/\/www.een.com\/wp-content\/uploads\/2022\/05\/team-page-icons-04.png\" class=\"attachment-full size-full\" alt=\"cloud surveillance\" \/>      <\/div>\n      <div class=\"feature-content\">\n          <p><strong>SURPREENDEMOS OS NOSSOS CLIENTES<\/strong><\/p>\n<p>O espanto dos clientes e parceiros leva-nos \u00e0 grandeza.<\/p>\n      <\/div>\n    <\/div>\n\n    <\/div>\n    <\/div>\n  <\/div>\n<\/section>\n<\/div>\n\n<div class=\"wp-block-een-industries-bg-block vms\" id=\"een-industries-bg-block-block_6a06d4a6163436cc630b1a1e57579308\"><style>\n  #een-industries-bg-block-block_6a06d4a6163436cc630b1a1e57579308 .content-wysiwyg p,\n  #een-industries-bg-block-block_6a06d4a6163436cc630b1a1e57579308 .content-wysiwyg li {\n    color: #ffffff !important;\n  }\n  \/* Make their chosen tag appear as an h1 *\/\n  #een-industries-bg-block-block_6a06d4a6163436cc630b1a1e57579308 h1.h1,\n  #een-industries-bg-block-block_6a06d4a6163436cc630b1a1e57579308 h2.h1,\n  #een-industries-bg-block-block_6a06d4a6163436cc630b1a1e57579308 h3.h1,\n  #een-industries-bg-block-block_6a06d4a6163436cc630b1a1e57579308 h4.h1 {\n    font-size: 30px !important;\n    padding: 10px !important;\n    margin: 0 !important;\n    line-height: 1.25 !important;\n    color: #ffffff;\n    font-weight: normal !important;\n  }\n\n  #een-industries-bg-block-block_6a06d4a6163436cc630b1a1e57579308 {\n    margin: 50px 0 !important;\n  }\n\n #een-industries-bg-block-block_6a06d4a6163436cc630b1a1e57579308 .container {\n      position: absolute;\n      max-width: 90% !important;\n      background-repeat: no-repeat !important;\n      background-size: cover !important;\n  }\n\n  @media screen and (max-width: 820px) {\n\n    #een-industries-bg-block-block_6a06d4a6163436cc630b1a1e57579308 .container-fluid {\n        height: auto !important;\n    }\n\n    #een-industries-bg-block-block_6a06d4a6163436cc630b1a1e57579308 .container {\n      position: relative;\n      background-image: none !important;\n      text-align: left;\n      overflow: hidden;\n      height: 700px !important;\n      align-items: end;\n    }\n\n    #een-industries-bg-block-block_6a06d4a6163436cc630b1a1e57579308 .container h2 {\n      text-align:left;\n    }\n\n    #een-industries-bg-block-block_6a06d4a6163436cc630b1a1e57579308 img.mobile_img {\n      transform: scale(1) !important;\n      position: absolute !important;\n      top: 0;\n      left: 0;\n      width: 100%;\n    }\n\n    #een-industries-bg-block-block_6a06d4a6163436cc630b1a1e57579308 .row {\n      z-index:1;\n    }\n  }\n<\/style>\n\n<div class=\"relative\" id=\"\">\n  <section>\n    <div class=\"container-fluid\" style=\"height:650px\">\n\n      <div class=\"container d-flex-center\" style=\"background-image:url(https:\/\/www.een.com\/wp-content\/uploads\/2022\/05\/Frame-69v2-min.jpg);background-position:top right; height:100%; padding:50px; left:auto; right:0\">\n        <img decoding=\"async\" class=\"mobile_img\" src=\"https:\/\/www.een.com\/wp-content\/uploads\/2022\/05\/section_image_05-min_.jpg\" alt=\"\" title=\"\">\n        <div class=\"row\">\n          <div class=\"col-md-12 col-lg-6 order-0\">\n            <div class=\"text-container\">\n              <h2 class=\"h1\">Diversidade e Inclus\u00e3o<\/h2>              <div class=\"content-wysiwyg\">\n                <p>Em Eagle Eye sabemos que a diversidade, a inclus\u00e3o e a igualdade come\u00e7am a partir de dentro. Valorizamos perspectivas novas e diferentes, sabendo que ideias diversas suscitam inova\u00e7\u00e3o e ajudam a criar o futuro que desejamos. Esfor\u00e7amo-nos por ter um impacto significativo na vida dos nossos colegas de trabalho, clientes e parceiros.<\/p>\n              <\/div>\n            <\/div>\n          <\/div>\n          <div class=\"col-md-12 col-lg-6\">\n          <\/div>\n        <\/div>\n      <\/div>\n    <\/div>\n  <\/section>\n<\/div>\n\n<\/div>\n\n<div class=\"wp-block-een-industries-bg-block vms\" id=\"een-industries-bg-block-block_d76579831be1b9b1d5432c3cd08feb63\"><style>\n  #een-industries-bg-block-block_d76579831be1b9b1d5432c3cd08feb63 .content-wysiwyg p,\n  #een-industries-bg-block-block_d76579831be1b9b1d5432c3cd08feb63 .content-wysiwyg li {\n    color: #ffffff !important;\n  }\n  \/* Make their chosen tag appear as an h1 *\/\n  #een-industries-bg-block-block_d76579831be1b9b1d5432c3cd08feb63 h1.h1,\n  #een-industries-bg-block-block_d76579831be1b9b1d5432c3cd08feb63 h2.h1,\n  #een-industries-bg-block-block_d76579831be1b9b1d5432c3cd08feb63 h3.h1,\n  #een-industries-bg-block-block_d76579831be1b9b1d5432c3cd08feb63 h4.h1 {\n    font-size: 30px !important;\n    padding: 10px !important;\n    margin: 0 !important;\n    line-height: 1.25 !important;\n    color: #ffffff;\n    font-weight: normal !important;\n  }\n\n  #een-industries-bg-block-block_d76579831be1b9b1d5432c3cd08feb63 {\n    margin: 50px 0 !important;\n  }\n\n #een-industries-bg-block-block_d76579831be1b9b1d5432c3cd08feb63 .container {\n      position: absolute;\n      max-width: 90% !important;\n      background-repeat: no-repeat !important;\n      background-size: cover !important;\n  }\n\n  @media screen and (max-width: 820px) {\n\n    #een-industries-bg-block-block_d76579831be1b9b1d5432c3cd08feb63 .container-fluid {\n        height: auto !important;\n    }\n\n    #een-industries-bg-block-block_d76579831be1b9b1d5432c3cd08feb63 .container {\n      position: relative;\n      background-image: none !important;\n      text-align: left;\n      overflow: hidden;\n      height: 700px !important;\n      align-items: end;\n    }\n\n    #een-industries-bg-block-block_d76579831be1b9b1d5432c3cd08feb63 .container h2 {\n      text-align:left;\n    }\n\n    #een-industries-bg-block-block_d76579831be1b9b1d5432c3cd08feb63 img.mobile_img {\n      transform: scale(1) !important;\n      position: absolute !important;\n      top: 0;\n      left: 0;\n      width: 100%;\n    }\n\n    #een-industries-bg-block-block_d76579831be1b9b1d5432c3cd08feb63 .row {\n      z-index:1;\n    }\n  }\n<\/style>\n\n<div class=\"relative\" id=\"\">\n  <section>\n    <div class=\"container-fluid\" style=\"height:650px\">\n\n      <div class=\"container d-flex-center\" style=\"background-image:url(https:\/\/www.een.com\/wp-content\/uploads\/2022\/05\/Frame-70v2-min.jpg);background-position:top left; height:100%; padding:50px; left:0; right:auto\">\n        <img decoding=\"async\" class=\"mobile_img\" src=\"https:\/\/www.een.com\/wp-content\/uploads\/2022\/05\/section_image_04v2-min.jpg\" alt=\"\" title=\"\">\n        <div class=\"row\">\n          <div class=\"col-md-12 col-lg-6 order-1\">\n            <div class=\"text-container\">\n              <h2 class=\"h1\">Sustentabilidade do produto<\/h2>              <div class=\"content-wysiwyg\">\n                <p>Levamos a s\u00e9rio o nosso papel na seguran\u00e7a, esfor\u00e7ando-nos por resolver os desafios globais com um enfoque especial na inova\u00e7\u00e3o significativa que ir\u00e1 melhorar as comunidades que servimos em todo o mundo. Embora permanecendo fi\u00e9is \u00e0 nossa miss\u00e3o, esfor\u00e7amo-nos por ter um impacto positivo no ambiente atrav\u00e9s do progresso consciencioso. Abra\u00e7amos o esp\u00edrito empreendedor em que a nossa empresa foi fundada, procurando mudan\u00e7as e novas formas de inovar a nossa ind\u00fastria.<\/p>\n              <\/div>\n            <\/div>\n          <\/div>\n          <div class=\"col-md-12 col-lg-6\">\n          <\/div>\n        <\/div>\n      <\/div>\n    <\/div>\n  <\/section>\n<\/div>\n\n<\/div>\n\n<div class=\"wp-block-een-industries-bg-block vms\" id=\"een-industries-bg-block-block_dd2dc8bf3e7ce0c199d171bc524d4d18\"><style>\n  #een-industries-bg-block-block_dd2dc8bf3e7ce0c199d171bc524d4d18 .content-wysiwyg p,\n  #een-industries-bg-block-block_dd2dc8bf3e7ce0c199d171bc524d4d18 .content-wysiwyg li {\n    color: #ffffff !important;\n  }\n  \/* Make their chosen tag appear as an h1 *\/\n  #een-industries-bg-block-block_dd2dc8bf3e7ce0c199d171bc524d4d18 h1.h1,\n  #een-industries-bg-block-block_dd2dc8bf3e7ce0c199d171bc524d4d18 h2.h1,\n  #een-industries-bg-block-block_dd2dc8bf3e7ce0c199d171bc524d4d18 h3.h1,\n  #een-industries-bg-block-block_dd2dc8bf3e7ce0c199d171bc524d4d18 h4.h1 {\n    font-size: 30px !important;\n    padding: 10px !important;\n    margin: 0 !important;\n    line-height: 1.25 !important;\n    color: #ffffff;\n    font-weight: normal !important;\n  }\n\n  #een-industries-bg-block-block_dd2dc8bf3e7ce0c199d171bc524d4d18 {\n    margin: 50px 0 !important;\n  }\n\n #een-industries-bg-block-block_dd2dc8bf3e7ce0c199d171bc524d4d18 .container {\n      position: absolute;\n      max-width: 90% !important;\n      background-repeat: no-repeat !important;\n      background-size: cover !important;\n  }\n\n  @media screen and (max-width: 820px) {\n\n    #een-industries-bg-block-block_dd2dc8bf3e7ce0c199d171bc524d4d18 .container-fluid {\n        height: auto !important;\n    }\n\n    #een-industries-bg-block-block_dd2dc8bf3e7ce0c199d171bc524d4d18 .container {\n      position: relative;\n      background-image: none !important;\n      text-align: left;\n      overflow: hidden;\n      height: 700px !important;\n      align-items: end;\n    }\n\n    #een-industries-bg-block-block_dd2dc8bf3e7ce0c199d171bc524d4d18 .container h2 {\n      text-align:left;\n    }\n\n    #een-industries-bg-block-block_dd2dc8bf3e7ce0c199d171bc524d4d18 img.mobile_img {\n      transform: scale(1) !important;\n      position: absolute !important;\n      top: 0;\n      left: 0;\n      width: 100%;\n    }\n\n    #een-industries-bg-block-block_dd2dc8bf3e7ce0c199d171bc524d4d18 .row {\n      z-index:1;\n    }\n  }\n<\/style>\n\n<div class=\"relative\" id=\"\">\n  <section>\n    <div class=\"container-fluid\" style=\"height:650px\">\n\n      <div class=\"container d-flex-center\" style=\"background-image:url(https:\/\/www.een.com\/wp-content\/uploads\/2022\/05\/Frame-71-min_.jpg);background-position:top right; height:100%; padding:50px; left:auto; right:0\">\n        <img decoding=\"async\" class=\"mobile_img\" src=\"https:\/\/www.een.com\/wp-content\/uploads\/2022\/05\/section_image_05-1-min_.jpg\" alt=\"Video Surveillance 2\" title=\"Video Surveillance 2\">\n        <div class=\"row\">\n          <div class=\"col-md-12 col-lg-6 order-0\">\n            <div class=\"text-container\">\n              <h2 class=\"h1\">Foco no Impacto Imediato<\/h2>              <div class=\"content-wysiwyg\">\n                <p>Ainda no in\u00edcio da nossa viagem clim\u00e1tica, Eagle Eye tem m\u00faltiplas iniciativas em curso para medir e reduzir o consumo de energia nos nossos escrit\u00f3rios globais, armaz\u00e9ns e centros de dados. Eagle Eye est\u00e1 constantemente a pavimentar o caminho para melhorar a efici\u00eancia energ\u00e9tica e as emiss\u00f5es de carbono com produtos como a aquisi\u00e7\u00e3o de solu\u00e7\u00f5es de seguran\u00e7a de &#8216;tecnologia verde&#8217;, como c\u00e2maras solares e sensores de energia integrados.<\/p>\n              <\/div>\n            <\/div>\n          <\/div>\n          <div class=\"col-md-12 col-lg-6\">\n          <\/div>\n        <\/div>\n      <\/div>\n    <\/div>\n  <\/section>\n<\/div>\n\n<\/div>\n\n\n<div class=\"wp-block-een-section-header-block vms\" style=\"padding-top:30px;padding-bottom:0\"><div class=\"container text-center\"><div class=\"text-container\" style=\"max-width:1200px;margin:0 auto\"><h2 class=\"title\">Devolu\u00e7\u00e3o<\/h2><p>Atrav\u00e9s dos nossos programas de impacto de assinaturas, ajudamos a melhorar a seguran\u00e7a das organiza\u00e7\u00f5es dirigidas pela comunidade, compensando os custos de seguran\u00e7a com a implementa\u00e7\u00e3o de equipamento de seguran\u00e7a moderno e servi\u00e7os de grava\u00e7\u00e3o em nuvem. <\/p><\/div><\/div><\/div>\n\n\n\n<div class=\"vms\"><section><div class=\"container-fluid content bg-white\" style=\"padding-top:50px\"><div class=\"container text-center\" style=\"padding:0px 100px\"><div class=\"row\"><div class=\"col-lg-6 col-md-12\"><div class=\"cntrl intel d-flex\" style=\"background:url(https:\/\/www.een.com\/wp-content\/uploads\/2022\/05\/Frame-47v2-min.jpg) !important;background-size:cover !important;align-items:flex-end;webkit-align-items:flex-end\"><div><h4 class=\"sub_title white pb\">BOLSA ESCOLAR DRAKO<\/h4><p class=\"white lg-text\">&#8220;Ao aumentar o acesso \u00e0 vigil\u00e2ncia v\u00eddeo de alta qualidade, estamos a cultivar um ambiente mais seguro para os nossos estudantes, pais e pessoal. Acreditamos que o futuro da vigil\u00e2ncia por v\u00eddeo est\u00e1 na nuvem e as nossas escolas merecem uma solu\u00e7\u00e3o flex\u00edvel, segura e de baixo custo que s\u00f3 a migra\u00e7\u00e3o para uma Cloud VMS pode garantir&#8221;, disse Dean Drako, CEO da Eagle Eye Networks.<\/p><\/div><\/div><\/div><div class=\"col-lg-6 col-md-12\"><div class=\"cntrl alerts d-flex\" style=\"background:url(https:\/\/www.een.com\/wp-content\/uploads\/2022\/06\/Frame-48v2-min.jpg);align-items:start;webkit-align-items:start\"><div><h4 class=\"sub_title white pb\">CASA RONALD MCDONALD<\/h4><p class=\"white lg-text\">&#8220;Quando se tem uma m\u00e3e pela primeira vez com um beb\u00e9 na UCIN a ficar em casa, e o pai tem de voltar ao trabalho, o nosso sistema Eagle Eye permite-nos dar ao pai confian\u00e7a e paz de esp\u00edrito de que a sua fam\u00edlia est\u00e1 a salvo e segura&#8221;, disse ele. &#8220;N\u00e3o h\u00e1 nada mais importante do que isso&#8221;. <\/p><\/div><\/div><\/div><\/div><\/div><\/div><\/section><\/div>\n\n\n\n<div style=\"height:100px\" aria-hidden=\"true\" class=\"wp-block-spacer\"><\/div>\n\n\n<div class=\"wp-block-een-industries-hero-block\"><style>\n  #een-industries-hero-block-block_dced9ac3c70ef2ec9a11727663029fb2 .hero-wysiwyg p {\n    color: #ffffff !important;\n  }\n  \/* Make their chosen tag appear as an h1 *\/\n  #een-industries-hero-block-block_dced9ac3c70ef2ec9a11727663029fb2 h1.h1,\n  #een-industries-hero-block-block_dced9ac3c70ef2ec9a11727663029fb2 h2.h1,\n  #een-industries-hero-block-block_dced9ac3c70ef2ec9a11727663029fb2 h3.h1,\n  #een-industries-hero-block-block_dced9ac3c70ef2ec9a11727663029fb2 h4.h1 {\n    font-size: 40px !important;\n    padding: 10px !important;\n    margin: 0 !important;\n    line-height: 1.25 !important;\n    color: #fff;\n    font-weight: bold !important;\n  }\n\n\n  @media screen and (max-width:600px) {\n\n    .wp-block-een-industries-hero-block .vms .een-atf .h1 {\n      font-size: 30px !important;\n    }\n    .wp-block-een-industries-hero-block a {\n      display: block;\n      text-align: center;\n    }\n    .wp-block-een-industries-hero-block .h1,\n    .wp-block-een-industries-hero-block p {\n      text-align: center !important;\n      margin: 0 auto !important;\n    }\n    .wp-block-een-industries-hero-block section.een-atf .container-fluid {\n      z-index: 1;\n    }\n\n    .wp-block-een-industries-hero-block.mobile_background .mobile_image {\n      width:100%;\n      height:100%;\n      position:absolute;\n      background-repeat: no-repeat !important;\n      background-size:cover !important;\n      background-position:bottom center !important;\n    }\n  }\n\n\n  .wp-block-een-industries-hero-block section.een-atf {\n    display: flex;\n    align-items: center;\n  }\n\n\n<\/style>\n\n<div class=\"vms main-container\" id=\"een-industries-hero-block-block_dced9ac3c70ef2ec9a11727663029fb2\">\n  <section class=\"een-atf\" url=\"https:\/\/www.een.com\/wp-content\/uploads\/2022\/05\/Frame-72-1-scaled.jpg\" style=\"background-image:url(https:\/\/www.een.com\/wp-content\/uploads\/2022\/05\/Frame-72-1-scaled.jpg);height:auto\">\n    <div class=\"container-fluid\">\n      <div class=\"container\" style=\"height:auto\">\n        <div class=\"row\">\n          <div class=\"col-md-12 center\" style=\"text-align:center\">\n            <h1 class=\"h1\" style=\"color:#ffffff\">Junte-se \u00e0 nossa equipa global em constante crescimento<\/h1>            <div class=\"hero-wysiwyg\">\n              <p>Se est\u00e1 pronto para fazer crescer a sua carreira, veio ao lugar certo. Na Eagle Eye Networks, estamos a levar a tecnologia de vigil\u00e2ncia por v\u00eddeo para o pr\u00f3ximo n\u00edvel. N\u00e3o s\u00f3 estamos a promover a vigil\u00e2ncia e a seguran\u00e7a, como tamb\u00e9m a fornecer aos clientes informa\u00e7\u00f5es comerciais valiosas para os ajudar a melhorar as opera\u00e7\u00f5es, reduzir os custos e assegurar que o seu pessoal seja o mais eficiente e eficaz poss\u00edvel.<\/p>\n            <\/div>\n            <a href=\"\/careers\/#job\"><button type=\"button\" class=\"btn btn-een\">Ver Posi\u00e7\u00f5es Abertas<\/button><\/a>          <\/div>\n          <div class=\"col-md-6\">\n          <\/div>\n        <\/div>\n      <\/div>\n    <\/div>\n    <div class=\"mobile_image\" style=\"background-image:url(https:\/\/www.een.com\/wp-content\/uploads\/2022\/05\/Frame-72-1-scaled.jpg);\"><\/div>\n  <\/section>\n<\/div>\n\n<\/div>","protected":false},"excerpt":{"rendered":"","protected":false},"author":1633,"featured_media":0,"parent":0,"menu_order":163,"comment_status":"closed","ping_status":"closed","template":"","meta":{"_acf_changed":false,"_relevanssi_hide_post":"","_relevanssi_hide_content":"","_relevanssi_pin_for_all":"","_relevanssi_pin_keywords":"","_relevanssi_unpin_keywords":"","_relevanssi_related_keywords":"","_relevanssi_related_include_ids":"","_relevanssi_related_exclude_ids":"","_relevanssi_related_no_append":"","_relevanssi_related_not_related":"","_relevanssi_related_posts":"125461,125551,125535,112530,116788,125156","_relevanssi_noindex_reason":"","footnotes":""},"class_list":["post-144252","page","type-page","status-publish","hentry"],"acf":[],"aioseo_notices":[],"_links":{"self":[{"href":"https:\/\/www.een.com\/pt-br\/wp-json\/wp\/v2\/pages\/144252","targetHints":{"allow":["GET"]}}],"collection":[{"href":"https:\/\/www.een.com\/pt-br\/wp-json\/wp\/v2\/pages"}],"about":[{"href":"https:\/\/www.een.com\/pt-br\/wp-json\/wp\/v2\/types\/page"}],"author":[{"embeddable":true,"href":"https:\/\/www.een.com\/pt-br\/wp-json\/wp\/v2\/users\/1633"}],"replies":[{"embeddable":true,"href":"https:\/\/www.een.com\/pt-br\/wp-json\/wp\/v2\/comments?post=144252"}],"version-history":[{"count":0,"href":"https:\/\/www.een.com\/pt-br\/wp-json\/wp\/v2\/pages\/144252\/revisions"}],"wp:attachment":[{"href":"https:\/\/www.een.com\/pt-br\/wp-json\/wp\/v2\/media?parent=144252"}],"curies":[{"name":"wp","href":"https:\/\/api.w.org\/{rel}","templated":true}]}}