{"id":123379,"date":"2021-05-11T09:40:22","date_gmt":"2021-05-11T14:40:22","guid":{"rendered":"https:\/\/www.een.com\/cartilha-de-seguranca-por-video-pdf\/"},"modified":"2021-06-07T09:01:50","modified_gmt":"2021-06-07T14:01:50","slug":"cartilha-de-seguranca-por-video-pdf","status":"publish","type":"page","link":"https:\/\/www.een.com\/pt-br\/cartilha-de-seguranca-por-video-pdf\/","title":{"rendered":"Manual de Seguran\u00e7a de V\u00eddeo"},"content":{"rendered":"\t\t<div data-elementor-type=\"wp-page\" data-elementor-id=\"123379\" class=\"elementor elementor-123379 elementor-121248\" data-elementor-post-type=\"page\">\n\t\t\t\t\t\t<section data-particle_enable=\"false\" data-particle-mobile-disabled=\"false\" class=\"elementor-section elementor-top-section elementor-element elementor-element-71d550cd elementor-section-boxed elementor-section-height-default elementor-section-height-default\" data-id=\"71d550cd\" data-element_type=\"section\" data-e-type=\"section\">\n\t\t\t\t\t\t<div class=\"elementor-container elementor-column-gap-default\">\n\t\t\t\t\t<div class=\"elementor-column elementor-col-100 elementor-top-column elementor-element elementor-element-167ee011\" data-id=\"167ee011\" data-element_type=\"column\" data-e-type=\"column\">\n\t\t\t<div class=\"elementor-widget-wrap elementor-element-populated\">\n\t\t\t\t\t\t<div class=\"elementor-element elementor-element-144d2237 elementor-widget elementor-widget-heading\" data-id=\"144d2237\" data-element_type=\"widget\" data-e-type=\"widget\" data-widget_type=\"heading.default\">\n\t\t\t\t<div class=\"elementor-widget-container\">\n\t\t\t\t\t<h2 class=\"elementor-heading-title elementor-size-default\">Guia de Melhores Pr\u00e1ticas: Cartilha de seguran\u00e7a por v\u00eddeo<\/h2>\t\t\t\t<\/div>\n\t\t\t\t<\/div>\n\t\t\t\t<div class=\"elementor-element elementor-element-e9d6c86 elementor-widget elementor-widget-heading\" data-id=\"e9d6c86\" data-element_type=\"widget\" data-e-type=\"widget\" data-widget_type=\"heading.default\">\n\t\t\t\t<div class=\"elementor-widget-container\">\n\t\t\t\t\t<h3 class=\"elementor-heading-title elementor-size-default\">9 Elementos essenciais que garantem que as empresas tenham o melhor sistema para suas necessidades<\/h3>\t\t\t\t<\/div>\n\t\t\t\t<\/div>\n\t\t\t\t<div class=\"elementor-element elementor-element-141fa62 elementor-widget elementor-widget-text-editor\" data-id=\"141fa62\" data-element_type=\"widget\" data-e-type=\"widget\" data-widget_type=\"text-editor.default\">\n\t\t\t\t<div class=\"elementor-widget-container\">\n\t\t\t\t\t\t\t\t\t<p>O sistema de gerenciamento de v\u00eddeo (VMS) de hoje n\u00e3o \u00e9 mais como solu\u00e7\u00e3o simples do passado. J\u00e1 se foram os dias em que o VMS era usado exclusivamente para vigil\u00e2ncia e seguran\u00e7a.<\/p>\n\t\t\t\t\t\t\t\t<\/div>\n\t\t\t\t<\/div>\n\t\t\t\t\t<\/div>\n\t\t<\/div>\n\t\t\t\t\t<\/div>\n\t\t<\/section>\n\t\t\t\t<section data-particle_enable=\"false\" data-particle-mobile-disabled=\"false\" class=\"elementor-section elementor-top-section elementor-element elementor-element-97fb2cd elementor-section-boxed elementor-section-height-default elementor-section-height-default\" data-id=\"97fb2cd\" data-element_type=\"section\" data-e-type=\"section\">\n\t\t\t\t\t\t<div class=\"elementor-container elementor-column-gap-default\">\n\t\t\t\t\t<div class=\"elementor-column elementor-col-100 elementor-top-column elementor-element elementor-element-5cb32154\" data-id=\"5cb32154\" data-element_type=\"column\" data-e-type=\"column\">\n\t\t\t<div class=\"elementor-widget-wrap elementor-element-populated\">\n\t\t\t\t\t\t<div class=\"elementor-element elementor-element-564f62ec elementor-widget elementor-widget-shortcode\" data-id=\"564f62ec\" data-element_type=\"widget\" data-e-type=\"widget\" data-widget_type=\"shortcode.default\">\n\t\t\t\t<div class=\"elementor-widget-container\">\n\t\t\t\t\t\t\t<div class=\"elementor-shortcode\"><div class=\"_df_book df-container df-loading \" id=\"df_123378\"  data-title=\"cartilha-de-seguranca-em-video\" _slug=\"cartilha-de-seguranca-em-video\" wpoptions=\"true\" thumbtype=\"bg\" ><\/div><script class=\"df-shortcode-script\" type=\"application\/javascript\">window.option_df_123378 = {\"outline\":[],\"forceFit\":\"true\",\"autoEnableOutline\":\"false\",\"autoEnableThumbnail\":\"false\",\"overwritePDFOutline\":\"false\",\"direction\":\"1\",\"pageSize\":\"0\",\"source\":\"https:\\\/\\\/www.een.com\\\/wp-content\\\/uploads\\\/2021\\\/06\\\/Video-Security-Primer-20210607_BR_compressed.pdf\",\"wpOptions\":\"true\"}; if(window.DFLIP && window.DFLIP.parseBooks){window.DFLIP.parseBooks();}<\/script><\/div>\n\t\t\t\t\t\t<\/div>\n\t\t\t\t<\/div>\n\t\t\t\t\t<\/div>\n\t\t<\/div>\n\t\t\t\t\t<\/div>\n\t\t<\/section>\n\t\t\t\t<\/div>\n\t\t","protected":false},"excerpt":{"rendered":"<p>Guia de Melhores Pr\u00e1ticas: Cartilha de seguran\u00e7a por v\u00eddeo 9 Elementos essenciais que garantem que as empresas tenham o melhor sistema para suas necessidades O sistema de gerenciamento de v\u00eddeo &hellip;<\/p>\n<p class=\"read-more\"> <a class=\"\" href=\"https:\/\/www.een.com\/pt-br\/cartilha-de-seguranca-por-video-pdf\/\"> <span class=\"screen-reader-text\">Manual de Seguran\u00e7a de V\u00eddeo<\/span> Leia mais &raquo;<\/a><\/p>\n","protected":false},"author":3155,"featured_media":0,"parent":0,"menu_order":340,"comment_status":"closed","ping_status":"closed","template":"","meta":{"_acf_changed":false,"_relevanssi_hide_post":"","_relevanssi_hide_content":"","_relevanssi_pin_for_all":"","_relevanssi_pin_keywords":"","_relevanssi_unpin_keywords":"","_relevanssi_related_keywords":"","_relevanssi_related_include_ids":"","_relevanssi_related_exclude_ids":"","_relevanssi_related_no_append":"","_relevanssi_related_not_related":"","_relevanssi_related_posts":"112530,116788,122725,122921,118474,116814","_relevanssi_noindex_reason":"","footnotes":""},"class_list":["post-123379","page","type-page","status-publish","hentry"],"acf":[],"aioseo_notices":[],"_links":{"self":[{"href":"https:\/\/www.een.com\/pt-br\/wp-json\/wp\/v2\/pages\/123379","targetHints":{"allow":["GET"]}}],"collection":[{"href":"https:\/\/www.een.com\/pt-br\/wp-json\/wp\/v2\/pages"}],"about":[{"href":"https:\/\/www.een.com\/pt-br\/wp-json\/wp\/v2\/types\/page"}],"author":[{"embeddable":true,"href":"https:\/\/www.een.com\/pt-br\/wp-json\/wp\/v2\/users\/3155"}],"replies":[{"embeddable":true,"href":"https:\/\/www.een.com\/pt-br\/wp-json\/wp\/v2\/comments?post=123379"}],"version-history":[{"count":0,"href":"https:\/\/www.een.com\/pt-br\/wp-json\/wp\/v2\/pages\/123379\/revisions"}],"wp:attachment":[{"href":"https:\/\/www.een.com\/pt-br\/wp-json\/wp\/v2\/media?parent=123379"}],"curies":[{"name":"wp","href":"https:\/\/api.w.org\/{rel}","templated":true}]}}