{"id":112396,"date":"2020-06-12T18:22:16","date_gmt":"2020-06-12T23:22:16","guid":{"rendered":"https:\/\/www.een.com\/docs\/"},"modified":"2021-02-09T09:08:39","modified_gmt":"2021-02-09T14:08:39","slug":"docs","status":"publish","type":"page","link":"https:\/\/www.een.com\/pt-br\/docs\/","title":{"rendered":"Documentos Eagle Eye"},"content":{"rendered":"\t\t<div data-elementor-type=\"wp-page\" data-elementor-id=\"112396\" class=\"elementor elementor-112396 elementor-88513\" data-elementor-post-type=\"page\">\n\t\t\t\t\t\t<section data-particle_enable=\"false\" data-particle-mobile-disabled=\"false\" class=\"elementor-section elementor-top-section elementor-element elementor-element-556f66aa elementor-section-boxed elementor-section-height-default elementor-section-height-default\" data-id=\"556f66aa\" data-element_type=\"section\" data-e-type=\"section\" data-settings=\"{&quot;background_background&quot;:&quot;classic&quot;}\">\n\t\t\t\t\t\t<div class=\"elementor-container elementor-column-gap-default\">\n\t\t\t\t\t<div class=\"elementor-column elementor-col-100 elementor-top-column elementor-element elementor-element-31df7b79\" data-id=\"31df7b79\" data-element_type=\"column\" data-e-type=\"column\">\n\t\t\t<div class=\"elementor-widget-wrap elementor-element-populated\">\n\t\t\t\t\t\t<div class=\"elementor-element elementor-element-325ec42 premium-header-inline premium-lq__none premium-box-lq__none elementor-widget elementor-widget-premium-addon-dual-header\" data-id=\"325ec42\" data-element_type=\"widget\" data-e-type=\"widget\" data-widget_type=\"premium-addon-dual-header.default\">\n\t\t\t\t\t\r\n\t\t<div class=\"elementor-widget-container\">\r\n\t\t\t\t\t<h1 class=\"premium-dual-header-first-header \"><span class=\"premium-dual-header-first-span\">Eagle Eye Networks <\/span><span class=\"premium-dual-header-second-header \">Documentos<\/span><\/h1> \t\t\t\t<\/div>\r\n\r\n\t\t\t\t\t\t<\/div>\n\t\t\t\t<div class=\"elementor-element elementor-element-125d5c75 elementor-widget elementor-widget-spacer\" data-id=\"125d5c75\" data-element_type=\"widget\" data-e-type=\"widget\" data-widget_type=\"spacer.default\">\n\t\t\t\t<div class=\"elementor-widget-container\">\n\t\t\t\t\t\t\t<div class=\"elementor-spacer\">\n\t\t\t<div class=\"elementor-spacer-inner\"><\/div>\n\t\t<\/div>\n\t\t\t\t\t\t<\/div>\n\t\t\t\t<\/div>\n\t\t\t\t<section data-particle_enable=\"false\" data-particle-mobile-disabled=\"false\" class=\"elementor-section elementor-inner-section elementor-element elementor-element-12504884 elementor-section-boxed elementor-section-height-default elementor-section-height-default\" data-id=\"12504884\" data-element_type=\"section\" data-e-type=\"section\">\n\t\t\t\t\t\t<div class=\"elementor-container elementor-column-gap-default\">\n\t\t\t\t\t<div class=\"elementor-column elementor-col-33 elementor-inner-column elementor-element elementor-element-10e0e72d\" data-id=\"10e0e72d\" data-element_type=\"column\" data-e-type=\"column\" data-settings=\"{&quot;background_background&quot;:&quot;classic&quot;}\">\n\t\t\t<div class=\"elementor-widget-wrap elementor-element-populated\">\n\t\t\t\t\t\t<div class=\"elementor-element elementor-element-7a9879a0 elementor-widget elementor-widget-premium-addon-banner\" data-id=\"7a9879a0\" data-element_type=\"widget\" data-e-type=\"widget\" data-widget_type=\"premium-addon-banner.default\">\n\t\t\t\t<div class=\"elementor-widget-container\">\n\t\t\t\t\t\t\t<div class=\"premium-banner-ib premium-banner-min-height premium-banner-animation1 zoomin premium-banner__effect-type2\">\r\n\t\t\t\t\t\t\t\t\t\t<img decoding=\"async\" src=\"https:\/\/www.een.com\/wp-content\/uploads\/elementor\/thumbs\/industry-solutions_docs-01-540w-qnxl17q4g6gaiscbnpd49peuy1izavagfvr2f742ow.png\" title=\"industry-solutions_docs-01-540w\" alt=\"industry-solutions_docs-01-540w\" loading=\"lazy\" \/>\t\t\t\t\t\t\t\t\t<div class=\"premium-banner-ib-desc\">\r\n\t\t\t\t\r\n\t\t\t\t\t\t\t\t\t<h2 class=\"premium-banner-ib-title premium_banner_title\">\r\n\t\t\t\t\t\tBrochuras\t\t\t\t\t<\/h2>\r\n\t\t\t\t\r\n\t\t\t\t\t\t\t\t\t<div class=\"premium-banner-ib-content premium_banner_content\">\r\n\t\t\t\t\t\tSaiba mais sobre o Eagle Eye Cloud VMS\t\t\t\t\t<\/div>\r\n\t\t\t\t\r\n\t\t\t\t\r\n\t\t\t\t\t\t\t<\/div>\r\n\t\t\t\t\t\t\t<a href=\"https:\/\/www.een.com\/docs\/brochures\/\" class=\"premium-banner-ib-link\"><\/a>\r\n\t\t\t\t\t<\/div>\r\n\r\n\t\t\t\t\t\t<\/div>\n\t\t\t\t<\/div>\n\t\t\t\t\t<\/div>\n\t\t<\/div>\n\t\t\t\t<div class=\"elementor-column elementor-col-33 elementor-inner-column elementor-element elementor-element-525cff2a\" data-id=\"525cff2a\" data-element_type=\"column\" data-e-type=\"column\">\n\t\t\t<div class=\"elementor-widget-wrap elementor-element-populated\">\n\t\t\t\t\t\t<div class=\"elementor-element elementor-element-23bad4a9 elementor-widget elementor-widget-premium-addon-banner\" data-id=\"23bad4a9\" data-element_type=\"widget\" data-e-type=\"widget\" data-widget_type=\"premium-addon-banner.default\">\n\t\t\t\t<div class=\"elementor-widget-container\">\n\t\t\t\t\t\t\t<div class=\"premium-banner-ib premium-banner-min-height premium-banner-animation1 blur premium-banner__effect-type2\">\r\n\t\t\t\t\t\t\t\t\t\t<img decoding=\"async\" src=\"https:\/\/www.een.com\/wp-content\/uploads\/elementor\/thumbs\/product-catalogs-v2_docs-01-540w-qnxl18nyn0hkueayi7rqu76bjfecike6s0ejwh2oio.png\" title=\"product-catalogs-v2_docs-01-540w\" alt=\"product-catalogs-v2_docs-01-540w\" loading=\"lazy\" \/>\t\t\t\t\t\t\t\t\t<div class=\"premium-banner-ib-desc\">\r\n\t\t\t\t\r\n\t\t\t\t\t\t\t\t\t<h2 class=\"premium-banner-ib-title premium_banner_title\">\r\n\t\t\t\t\t\tCat\u00e1logos de Produtos\t\t\t\t\t<\/h2>\r\n\t\t\t\t\r\n\t\t\t\t\t\t\t\t\t<div class=\"premium-banner-ib-content premium_banner_content\">\r\n\t\t\t\t\t\t<p>Eagle Eye oferece uma variedade de Pontes, CMVRs, e Managed PoE Switches<\/p>\t\t\t\t\t<\/div>\r\n\t\t\t\t\r\n\t\t\t\t\r\n\t\t\t\t\t\t\t<\/div>\r\n\t\t\t\t\t\t\t<a href=\"https:\/\/www.een.com\/docs\/product-catalogs\/\" class=\"premium-banner-ib-link\"><\/a>\r\n\t\t\t\t\t<\/div>\r\n\r\n\t\t\t\t\t\t<\/div>\n\t\t\t\t<\/div>\n\t\t\t\t\t<\/div>\n\t\t<\/div>\n\t\t\t\t<div class=\"elementor-column elementor-col-33 elementor-inner-column elementor-element elementor-element-666a7c9a\" data-id=\"666a7c9a\" data-element_type=\"column\" data-e-type=\"column\">\n\t\t\t<div class=\"elementor-widget-wrap elementor-element-populated\">\n\t\t\t\t\t\t<div class=\"elementor-element elementor-element-117d4dc3 elementor-widget elementor-widget-premium-addon-banner\" data-id=\"117d4dc3\" data-element_type=\"widget\" data-e-type=\"widget\" data-widget_type=\"premium-addon-banner.default\">\n\t\t\t\t<div class=\"elementor-widget-container\">\n\t\t\t\t\t\t\t<div class=\"premium-banner-ib premium-banner-min-height premium-banner-animation1 zoomout premium-banner__effect-type2\">\r\n\t\t\t\t\t\t\t\t\t\t<img decoding=\"async\" src=\"https:\/\/www.een.com\/wp-content\/uploads\/elementor\/thumbs\/data-sheets-v3_docs-01-540w-qnxl17q4g6gaiscbnpd49peuy1izavagfvr2f742ow.png\" title=\"data-sheets-v3_docs-01-540w\" alt=\"data-sheets-v3_docs-01-540w\" loading=\"lazy\" \/>\t\t\t\t\t\t\t\t\t<div class=\"premium-banner-ib-desc\">\r\n\t\t\t\t\r\n\t\t\t\t\t\t\t\t\t<h2 class=\"premium-banner-ib-title premium_banner_title\">\r\n\t\t\t\t\t\tPonte, CMVR &amp; Rampa; Folhas de Dados de Comuta\u00e7\u00e3o\t\t\t\t\t<\/h2>\r\n\t\t\t\t\r\n\t\t\t\t\t\t\t\t\t<div class=\"premium-banner-ib-content premium_banner_content\">\r\n\t\t\t\t\t\t<p>Ver especifica\u00e7\u00f5es para todo o Hardware Eagle Eye Cloud VMS<\/p>\t\t\t\t\t<\/div>\r\n\t\t\t\t\r\n\t\t\t\t\r\n\t\t\t\t\t\t\t<\/div>\r\n\t\t\t\t\t\t\t<a href=\"https:\/\/www.een.com\/docs\/data-sheets\/\" class=\"premium-banner-ib-link\"><\/a>\r\n\t\t\t\t\t<\/div>\r\n\r\n\t\t\t\t\t\t<\/div>\n\t\t\t\t<\/div>\n\t\t\t\t\t<\/div>\n\t\t<\/div>\n\t\t\t\t\t<\/div>\n\t\t<\/section>\n\t\t\t\t<section data-particle_enable=\"false\" data-particle-mobile-disabled=\"false\" class=\"elementor-section elementor-inner-section elementor-element elementor-element-754888e8 elementor-section-boxed elementor-section-height-default elementor-section-height-default\" data-id=\"754888e8\" data-element_type=\"section\" data-e-type=\"section\">\n\t\t\t\t\t\t<div class=\"elementor-container elementor-column-gap-default\">\n\t\t\t\t\t<div class=\"elementor-column elementor-col-33 elementor-inner-column elementor-element elementor-element-72351ebf\" data-id=\"72351ebf\" data-element_type=\"column\" data-e-type=\"column\" data-settings=\"{&quot;background_background&quot;:&quot;classic&quot;}\">\n\t\t\t<div class=\"elementor-widget-wrap elementor-element-populated\">\n\t\t\t\t\t\t<div class=\"elementor-element elementor-element-4e1dce16 elementor-widget elementor-widget-premium-addon-banner\" data-id=\"4e1dce16\" data-element_type=\"widget\" data-e-type=\"widget\" data-widget_type=\"premium-addon-banner.default\">\n\t\t\t\t<div class=\"elementor-widget-container\">\n\t\t\t\t\t\t\t<div class=\"premium-banner-ib premium-banner-min-height premium-banner-animation1 zoomin premium-banner__effect-type2\">\r\n\t\t\t\t\t\t\t\t\t\t<img decoding=\"async\" src=\"https:\/\/www.een.com\/wp-content\/uploads\/elementor\/thumbs\/product-catalogs-v3_docs-01-540w-qnxl18nyn0hkueayi7rqu76bjfecike6s0ejwh2oio.png\" title=\"product-catalogs-v3_docs-01-540w\" alt=\"product-catalogs-v3_docs-01-540w\" loading=\"lazy\" \/>\t\t\t\t\t\t\t\t\t<div class=\"premium-banner-ib-desc\">\r\n\t\t\t\t\r\n\t\t\t\t\t\t\t\t\t<h2 class=\"premium-banner-ib-title premium_banner_title\">\r\n\t\t\t\t\t\t  Folhas de dados da c\u00e2mera\t\t\t\t\t<\/h2>\r\n\t\t\t\t\r\n\t\t\t\t\t\t\t\t\t<div class=\"premium-banner-ib-content premium_banner_content\">\r\n\t\t\t\t\t\t<p>Ver especifica\u00e7\u00f5es para todas as c\u00e2meras que s\u00e3o vendidas pela Eagle Eye Networks<\/p>\t\t\t\t\t<\/div>\r\n\t\t\t\t\r\n\t\t\t\t\r\n\t\t\t\t\t\t\t<\/div>\r\n\t\t\t\t\t\t\t<a href=\"https:\/\/www.een.com\/docs\/camera-datasheets\/\" class=\"premium-banner-ib-link\"><\/a>\r\n\t\t\t\t\t<\/div>\r\n\r\n\t\t\t\t\t\t<\/div>\n\t\t\t\t<\/div>\n\t\t\t\t\t<\/div>\n\t\t<\/div>\n\t\t\t\t<div class=\"elementor-column elementor-col-33 elementor-inner-column elementor-element elementor-element-f130e90\" data-id=\"f130e90\" data-element_type=\"column\" data-e-type=\"column\">\n\t\t\t<div class=\"elementor-widget-wrap elementor-element-populated\">\n\t\t\t\t\t\t<div class=\"elementor-element elementor-element-47933ccd elementor-widget elementor-widget-premium-addon-banner\" data-id=\"47933ccd\" data-element_type=\"widget\" data-e-type=\"widget\" data-widget_type=\"premium-addon-banner.default\">\n\t\t\t\t<div class=\"elementor-widget-container\">\n\t\t\t\t\t\t\t<div class=\"premium-banner-ib premium-banner-min-height premium-banner-animation1 zoomin premium-banner__effect-type2\">\r\n\t\t\t\t\t\t\t\t\t\t<img decoding=\"async\" src=\"https:\/\/www.een.com\/wp-content\/uploads\/elementor\/thumbs\/whitepapers_docs-01-540w-qnxl18nyn0hkueayi7rqu76bjfecike6s0ejwh2oio.png\" title=\"whitepapers_docs-01-540w\" alt=\"whitepapers_docs-01-540w\" loading=\"lazy\" \/>\t\t\t\t\t\t\t\t\t<div class=\"premium-banner-ib-desc\">\r\n\t\t\t\t\r\n\t\t\t\t\t\t\t\t\t<h2 class=\"premium-banner-ib-title premium_banner_title\">\r\n\t\t\t\t\t\tLivros Brancos\t\t\t\t\t<\/h2>\r\n\t\t\t\t\r\n\t\t\t\t\t\t\t\t\t<div class=\"premium-banner-ib-content premium_banner_content\">\r\n\t\t\t\t\t\t<p>Leia sobre Cyber Security, Replica\u00e7\u00e3o de V\u00eddeo em Nuvem, C\u00e2maras T\u00e9rmicas e muito mais<\/p>\t\t\t\t\t<\/div>\r\n\t\t\t\t\r\n\t\t\t\t\r\n\t\t\t\t\t\t\t<\/div>\r\n\t\t\t\t\t\t\t<a href=\"https:\/\/www.een.com\/docs\/white-papers\/\" class=\"premium-banner-ib-link\"><\/a>\r\n\t\t\t\t\t<\/div>\r\n\r\n\t\t\t\t\t\t<\/div>\n\t\t\t\t<\/div>\n\t\t\t\t\t<\/div>\n\t\t<\/div>\n\t\t\t\t<div class=\"elementor-column elementor-col-33 elementor-inner-column elementor-element elementor-element-4cdf9416\" data-id=\"4cdf9416\" data-element_type=\"column\" data-e-type=\"column\">\n\t\t\t<div class=\"elementor-widget-wrap elementor-element-populated\">\n\t\t\t\t\t\t<div class=\"elementor-element elementor-element-72e9e3f elementor-widget elementor-widget-premium-addon-banner\" data-id=\"72e9e3f\" data-element_type=\"widget\" data-e-type=\"widget\" data-widget_type=\"premium-addon-banner.default\">\n\t\t\t\t<div class=\"elementor-widget-container\">\n\t\t\t\t\t\t\t<div class=\"premium-banner-ib premium-banner-min-height premium-banner-animation1 blur premium-banner__effect-type2\">\r\n\t\t\t\t\t\t\t\t\t\t<img decoding=\"async\" src=\"https:\/\/www.een.com\/wp-content\/uploads\/elementor\/thumbs\/product-features_docs-01-540w-qnxl18nyn0hkueayi7rqu76bjfecike6s0ejwh2oio.png\" title=\"product-features_docs-01-540w\" alt=\"product-features_docs-01-540w\" loading=\"lazy\" \/>\t\t\t\t\t\t\t\t\t<div class=\"premium-banner-ib-desc\">\r\n\t\t\t\t\r\n\t\t\t\t\t\t\t\t\t<h2 class=\"premium-banner-ib-title premium_banner_title\">\r\n\t\t\t\t\t\tCaracter\u00edsticas do produto\t\t\t\t\t<\/h2>\r\n\t\t\t\t\r\n\t\t\t\t\t\t\t\t\t<div class=\"premium-banner-ib-content premium_banner_content\">\r\n\t\t\t\t\t\t<p>Saiba mais sobre a vasta gama de funcionalidades do Eagle Eye Cloud VMS<\/p>\t\t\t\t\t<\/div>\r\n\t\t\t\t\r\n\t\t\t\t\r\n\t\t\t\t\t\t\t<\/div>\r\n\t\t\t\t\t\t\t<a href=\"https:\/\/www.een.com\/docs\/product-features\/\" class=\"premium-banner-ib-link\"><\/a>\r\n\t\t\t\t\t<\/div>\r\n\r\n\t\t\t\t\t\t<\/div>\n\t\t\t\t<\/div>\n\t\t\t\t\t<\/div>\n\t\t<\/div>\n\t\t\t\t\t<\/div>\n\t\t<\/section>\n\t\t\t\t<section data-particle_enable=\"false\" data-particle-mobile-disabled=\"false\" class=\"elementor-section elementor-inner-section elementor-element elementor-element-382499e0 elementor-section-boxed elementor-section-height-default elementor-section-height-default\" data-id=\"382499e0\" data-element_type=\"section\" data-e-type=\"section\">\n\t\t\t\t\t\t<div class=\"elementor-container elementor-column-gap-default\">\n\t\t\t\t\t<div class=\"elementor-column elementor-col-33 elementor-inner-column elementor-element elementor-element-56a86a78\" data-id=\"56a86a78\" data-element_type=\"column\" data-e-type=\"column\" data-settings=\"{&quot;background_background&quot;:&quot;classic&quot;}\">\n\t\t\t<div class=\"elementor-widget-wrap elementor-element-populated\">\n\t\t\t\t\t\t<div class=\"elementor-element elementor-element-3c456829 elementor-widget elementor-widget-premium-addon-banner\" data-id=\"3c456829\" data-element_type=\"widget\" data-e-type=\"widget\" data-widget_type=\"premium-addon-banner.default\">\n\t\t\t\t<div class=\"elementor-widget-container\">\n\t\t\t\t\t\t\t<div class=\"premium-banner-ib premium-banner-min-height premium-banner-animation1 zoomout premium-banner__effect-type2\">\r\n\t\t\t\t\t\t\t\t\t\t<img decoding=\"async\" src=\"https:\/\/www.een.com\/wp-content\/uploads\/elementor\/thumbs\/solutions_docs-01-540w-qnxl18nyn0hkueayi7rqu76bjfecike6s0ejwh2oio.png\" title=\"solutions_docs-01-540w\" alt=\"solutions_docs-01-540w\" loading=\"lazy\" \/>\t\t\t\t\t\t\t\t\t<div class=\"premium-banner-ib-desc\">\r\n\t\t\t\t\r\n\t\t\t\t\t\t\t\t\t<h2 class=\"premium-banner-ib-title premium_banner_title\">\r\n\t\t\t\t\t\tSolu\u00e7\u00f5es para a Ind\u00fastria\t\t\t\t\t<\/h2>\r\n\t\t\t\t\r\n\t\t\t\t\t\t\t\t\t<div class=\"premium-banner-ib-content premium_banner_content\">\r\n\t\t\t\t\t\t<p>Saiba como o varejo, restaurantes e mais ind\u00fastrias est\u00e3o implementando com sucesso o Eagle Eye Cloud VMS<\/p>\t\t\t\t\t<\/div>\r\n\t\t\t\t\r\n\t\t\t\t\r\n\t\t\t\t\t\t\t<\/div>\r\n\t\t\t\t\t\t\t<a href=\"https:\/\/www.een.com\/docs\/industry-solutions\/\" class=\"premium-banner-ib-link\"><\/a>\r\n\t\t\t\t\t<\/div>\r\n\r\n\t\t\t\t\t\t<\/div>\n\t\t\t\t<\/div>\n\t\t\t\t\t<\/div>\n\t\t<\/div>\n\t\t\t\t<div class=\"elementor-column elementor-col-33 elementor-inner-column elementor-element elementor-element-46aad8c1\" data-id=\"46aad8c1\" data-element_type=\"column\" data-e-type=\"column\">\n\t\t\t<div class=\"elementor-widget-wrap elementor-element-populated\">\n\t\t\t\t\t\t<div class=\"elementor-element elementor-element-4802cf60 elementor-widget elementor-widget-premium-addon-banner\" data-id=\"4802cf60\" data-element_type=\"widget\" data-e-type=\"widget\" data-widget_type=\"premium-addon-banner.default\">\n\t\t\t\t<div class=\"elementor-widget-container\">\n\t\t\t\t\t\t\t<div class=\"premium-banner-ib premium-banner-min-height premium-banner-animation1 zoomin premium-banner__effect-type2\">\r\n\t\t\t\t\t\t\t\t\t\t<img decoding=\"async\" src=\"https:\/\/www.een.com\/wp-content\/uploads\/elementor\/thumbs\/articles-2-540w-qnxl17q4g6gaiscbnpd49peuy1izavagfvr2f742ow.png\" title=\"artigos-2-540w\" alt=\"artigos-2-540w\" loading=\"lazy\" \/>\t\t\t\t\t\t\t\t\t<div class=\"premium-banner-ib-desc\">\r\n\t\t\t\t\r\n\t\t\t\t\t\t\t\t\t<h2 class=\"premium-banner-ib-title premium_banner_title\">\r\n\t\t\t\t\t\tArtigos\t\t\t\t\t<\/h2>\r\n\t\t\t\t\r\n\t\t\t\t\t\t\t\t\t<div class=\"premium-banner-ib-content premium_banner_content\">\r\n\t\t\t\t\t\t<p>Saiba mais sobre a Nuvem, a ind\u00fastria da seguran\u00e7a e muito mais<\/p>\t\t\t\t\t<\/div>\r\n\t\t\t\t\r\n\t\t\t\t\r\n\t\t\t\t\t\t\t<\/div>\r\n\t\t\t\t\t\t\t<a href=\"https:\/\/www.een.com\/docs\/articles\/\" class=\"premium-banner-ib-link\"><\/a>\r\n\t\t\t\t\t<\/div>\r\n\r\n\t\t\t\t\t\t<\/div>\n\t\t\t\t<\/div>\n\t\t\t\t\t<\/div>\n\t\t<\/div>\n\t\t\t\t<div class=\"elementor-column elementor-col-33 elementor-inner-column elementor-element elementor-element-207dc613\" data-id=\"207dc613\" data-element_type=\"column\" data-e-type=\"column\">\n\t\t\t<div class=\"elementor-widget-wrap\">\n\t\t\t\t\t\t\t<\/div>\n\t\t<\/div>\n\t\t\t\t\t<\/div>\n\t\t<\/section>\n\t\t\t\t\t<\/div>\n\t\t<\/div>\n\t\t\t\t\t<\/div>\n\t\t<\/section>\n\t\t\t\t<\/div>\n\t\t","protected":false},"excerpt":{"rendered":"<p>Eagle Eye Networks Documentos Brochuras Saiba mais sobre o Eagle Eye Cloud VMS Cat\u00e1logos de Produtos Eagle Eye oferece uma variedade de Pontes, CMVRs, e Managed PoE Switches Ponte, CMVR &hellip;<\/p>\n<p class=\"read-more\"> <a class=\"\" href=\"https:\/\/www.een.com\/pt-br\/docs\/\"> <span class=\"screen-reader-text\">Documentos Eagle Eye<\/span> Leia mais &raquo;<\/a><\/p>\n","protected":false},"author":544,"featured_media":0,"parent":0,"menu_order":667,"comment_status":"closed","ping_status":"closed","template":"","meta":{"_acf_changed":false,"_relevanssi_hide_post":"","_relevanssi_hide_content":"","_relevanssi_pin_for_all":"","_relevanssi_pin_keywords":"","_relevanssi_unpin_keywords":"","_relevanssi_related_keywords":"","_relevanssi_related_include_ids":"","_relevanssi_related_exclude_ids":"","_relevanssi_related_no_append":"","_relevanssi_related_not_related":"","_relevanssi_related_posts":"112530","_relevanssi_noindex_reason":"","footnotes":""},"class_list":["post-112396","page","type-page","status-publish","hentry"],"acf":[],"aioseo_notices":[],"_links":{"self":[{"href":"https:\/\/www.een.com\/pt-br\/wp-json\/wp\/v2\/pages\/112396","targetHints":{"allow":["GET"]}}],"collection":[{"href":"https:\/\/www.een.com\/pt-br\/wp-json\/wp\/v2\/pages"}],"about":[{"href":"https:\/\/www.een.com\/pt-br\/wp-json\/wp\/v2\/types\/page"}],"author":[{"embeddable":true,"href":"https:\/\/www.een.com\/pt-br\/wp-json\/wp\/v2\/users\/544"}],"replies":[{"embeddable":true,"href":"https:\/\/www.een.com\/pt-br\/wp-json\/wp\/v2\/comments?post=112396"}],"version-history":[{"count":0,"href":"https:\/\/www.een.com\/pt-br\/wp-json\/wp\/v2\/pages\/112396\/revisions"}],"wp:attachment":[{"href":"https:\/\/www.een.com\/pt-br\/wp-json\/wp\/v2\/media?parent=112396"}],"curies":[{"name":"wp","href":"https:\/\/api.w.org\/{rel}","templated":true}]}}