{"id":111862,"date":"2017-08-21T08:27:05","date_gmt":"2017-08-21T13:27:05","guid":{"rendered":"https:\/\/www.een.com\/assinaturas-de-cloud-vms-subscricoes\/"},"modified":"2021-03-01T14:44:26","modified_gmt":"2021-03-01T19:44:26","slug":"cloud-vms-subscricoes","status":"publish","type":"page","link":"https:\/\/www.een.com\/pt-br\/produtos\/cloud-vms-subscricoes\/","title":{"rendered":"Assinaturas Cloud VMS"},"content":{"rendered":"\t\t<div data-elementor-type=\"wp-page\" data-elementor-id=\"111862\" class=\"elementor elementor-111862 elementor-91744\" data-elementor-post-type=\"page\">\n\t\t\t\t\t\t<section data-particle_enable=\"false\" data-particle-mobile-disabled=\"false\" class=\"elementor-section elementor-top-section elementor-element elementor-element-841e6d0 elementor-section-boxed elementor-section-height-default elementor-section-height-default\" data-id=\"841e6d0\" data-element_type=\"section\" data-e-type=\"section\">\n\t\t\t\t\t\t<div class=\"elementor-container elementor-column-gap-default\">\n\t\t\t\t\t<div class=\"elementor-column elementor-col-100 elementor-top-column elementor-element elementor-element-9573aae\" data-id=\"9573aae\" data-element_type=\"column\" data-e-type=\"column\">\n\t\t\t<div class=\"elementor-widget-wrap elementor-element-populated\">\n\t\t\t\t\t\t<div class=\"elementor-element elementor-element-aac3b57 elementor-widget elementor-widget-heading\" data-id=\"aac3b57\" data-element_type=\"widget\" data-e-type=\"widget\" data-widget_type=\"heading.default\">\n\t\t\t\t<div class=\"elementor-widget-container\">\n\t\t\t\t\t<h1 class=\"elementor-heading-title elementor-size-default\">Assinaturas de Vigil\u00e2ncia por V\u00eddeo Eagle Eye Cloud<\/h1>\t\t\t\t<\/div>\n\t\t\t\t<\/div>\n\t\t\t\t\t<\/div>\n\t\t<\/div>\n\t\t\t\t\t<\/div>\n\t\t<\/section>\n\t\t\t\t<section data-particle_enable=\"false\" data-particle-mobile-disabled=\"false\" class=\"elementor-section elementor-top-section elementor-element elementor-element-f93c938 elementor-section-boxed elementor-section-height-default elementor-section-height-default\" data-id=\"f93c938\" data-element_type=\"section\" data-e-type=\"section\">\n\t\t\t\t\t\t<div class=\"elementor-container elementor-column-gap-default\">\n\t\t\t\t\t<div class=\"elementor-column elementor-col-100 elementor-top-column elementor-element elementor-element-72b8ba4\" data-id=\"72b8ba4\" data-element_type=\"column\" data-e-type=\"column\">\n\t\t\t<div class=\"elementor-widget-wrap elementor-element-populated\">\n\t\t\t\t\t\t<div class=\"elementor-element elementor-element-4d52198 elementor-widget elementor-widget-heading\" data-id=\"4d52198\" data-element_type=\"widget\" data-e-type=\"widget\" data-widget_type=\"heading.default\">\n\t\t\t\t<div class=\"elementor-widget-container\">\n\t\t\t\t\t<h3 class=\"elementor-heading-title elementor-size-default\">Armazenamento de V\u00eddeo em Cloud<\/h3>\t\t\t\t<\/div>\n\t\t\t\t<\/div>\n\t\t\t\t\t<\/div>\n\t\t<\/div>\n\t\t\t\t\t<\/div>\n\t\t<\/section>\n\t\t\t\t<section data-particle_enable=\"false\" data-particle-mobile-disabled=\"false\" class=\"elementor-section elementor-top-section elementor-element elementor-element-b6caf83 elementor-section-boxed elementor-section-height-default elementor-section-height-default\" data-id=\"b6caf83\" data-element_type=\"section\" data-e-type=\"section\">\n\t\t\t\t\t\t<div class=\"elementor-container elementor-column-gap-default\">\n\t\t\t\t\t<div class=\"elementor-column elementor-col-100 elementor-top-column elementor-element elementor-element-5f70fcc\" data-id=\"5f70fcc\" data-element_type=\"column\" data-e-type=\"column\">\n\t\t\t<div class=\"elementor-widget-wrap elementor-element-populated\">\n\t\t\t\t\t\t<div class=\"elementor-element elementor-element-6e3f930 elementor-widget elementor-widget-text-editor\" data-id=\"6e3f930\" data-element_type=\"widget\" data-e-type=\"widget\" data-widget_type=\"text-editor.default\">\n\t\t\t\t<div class=\"elementor-widget-container\">\n\t\t\t\t\t\t\t\t\t<p>O Eagle Eye VMS \u00e9 disponibilizado atrav\u00e9s de planos de subscri\u00e7\u00e3o Eagle Eye. \u00c9 necess\u00e1rio um Eagle Eye Bridge ou um Eagle Eye CMVR. Os planos de assinatura t\u00eam pre\u00e7os por c\u00e2mera por m\u00eas, e variam de acordo com a resolu\u00e7\u00e3o da c\u00e2mera e o per\u00edodo de reten\u00e7\u00e3o desejado. Todos os planos incluem acesso web e m\u00f3vel, monitoramento operacional 24 horas por dia, 7 dias por semana, e alertas ilimitados. Os planos a seguir s\u00e3o os mais populares, mas est\u00e3o dispon\u00edveis com maior resolu\u00e7\u00e3o e\/ou diferentes per\u00edodos de reten\u00e7\u00e3o. Por favor, contacte-nos para mais detalhes.<\/p>\n<p>&nbsp;<\/p>\n<p>&nbsp;<\/p>\n\t\t\t\t\t\t\t\t<\/div>\n\t\t\t\t<\/div>\n\t\t\t\t\t<\/div>\n\t\t<\/div>\n\t\t\t\t\t<\/div>\n\t\t<\/section>\n\t\t\t\t<section data-particle_enable=\"false\" data-particle-mobile-disabled=\"false\" class=\"elementor-section elementor-top-section elementor-element elementor-element-26ad5da elementor-section-boxed elementor-section-height-default elementor-section-height-default\" data-id=\"26ad5da\" data-element_type=\"section\" data-e-type=\"section\">\n\t\t\t\t\t\t<div class=\"elementor-container elementor-column-gap-default\">\n\t\t\t\t\t<div class=\"elementor-column elementor-col-100 elementor-top-column elementor-element elementor-element-d380c6f\" data-id=\"d380c6f\" data-element_type=\"column\" data-e-type=\"column\">\n\t\t\t<div class=\"elementor-widget-wrap elementor-element-populated\">\n\t\t\t\t\t\t<div class=\"elementor-element elementor-element-4024d36 elementor-widget elementor-widget-html\" data-id=\"4024d36\" data-element_type=\"widget\" data-e-type=\"widget\" data-widget_type=\"html.default\">\n\t\t\t\t<div class=\"elementor-widget-container\">\n\t\t\t\t\t<div class=\"table-subscriptions\">\r\n<table width=\"100%\">\r\n<thead>\r\n<tr>\r\n     <th class=\"whthdr\" rowspan=\"2\" style=\"background-color: #ffffff !important; border-right: 1px solid #ffffff;\"><\/th>\r\n      <th class=\"whthdr\" rowspan=\"2\" style=\"background-color: #ffffff !important; border-left: 1px solid #ffffff;\"><\/th>\r\n<th class=\"col\" colspan=\"7\" style=\"text-align: center;  \">Resolu\u00e7\u00e3o<\/th>\r\n<\/tr>   \r\n\r\n<tr>\r\n<th class=\"whthdr\">SD\/Anal\u00f3gico<\/th>\r\n<th class=\"whthdr\">1 DEPUTADO<\/th>\t\r\n<th class=\"whthdr\">2 MP<\/th>\t\r\n<th class=\"whthdr\">3 MP<\/th>\t\r\n<th class=\"whthdr\">4 MP<\/th>\t\r\n<th class=\"whthdr\">5 DEPUTADOS<\/th>\t\r\n<th class=\"whthdr\">> 5 MP<\/th>\r\n\r\n<\/tr>\r\n<\/thead>\r\n<tbody>\r\n    <tr>\r\n   <th class=\"whthdr\" rowspan=\"5\" style=\"background-color: #1a80b6 !important; border: 1px solid #1a80b6;\"><\/th>\r\n \r\n<th class=\"leftTableHdr\">7 dias<\/th>\r\n<td>PT-SD1-D7<\/td>\r\n<td>PT-HD1-D7<\/td>\r\n<td>PT-HD2-D7<\/td>\r\n<td>PT-HD3-D7<\/td>\r\n<td>PT-HD4-D7<\/td>\r\n<td>PT-HD5-D7<\/td>\r\n<td>PT-HD10-D7<\/td>\r\n<\/tr>\r\n<tr>\r\n   \r\n<th class=\"leftTableHdr\">30 dias<\/th>\r\n<td>PT-SD1-D30<\/td>\r\n<td>PT-HD1-D30<\/td>\r\n<td>PT-HD2-D30<\/td>\r\n<td>PT-HD3-D30<\/td>\r\n<td>PT-HD4-D30<\/td>\r\n<td>PT-HD5-D30<\/td>\r\n<td>PT-HD10-D30<\/td>\r\n<\/tr>\r\n<tr>\r\n<th class=\"leftTableHdr\">90 dias<\/th>\r\n<td>PT-SD1-D90<\/td>\r\n<td>PT-HD1-D90<\/td>\r\n<td>PT-HD2-D90<\/td>\r\n<td>PT-HD3-D90<\/td>\r\n<td>PT-HD4-D90<\/td>\r\n<td>PT-HD5-D90<\/td>\r\n<td>PT-HD10-D90<\/td>\r\n<\/tr>\r\n<tr>\r\n  \r\n<th class=\"leftTableHdr\">180 dias<\/th>\r\n<td>PT-SD1-D180<\/td>\r\n<td>PT-HD1-D180<\/td>\r\n<td>PT-HD2-D180<\/td>\r\n<td>PT-HD3-D180<\/td>\r\n<td>PT-HD4-D180<\/td>\r\n<td>PT-HD5-D180<\/td>\r\n<td>PT-HD10-D180<\/td>\r\n<\/tr>\r\n<tr>\r\n   \r\n<th class=\"leftTableHdr\">1 Ano<\/th>\r\n<td>PT-SD1-D365<\/td>\r\n<td>PT-HD1-D365<\/td>\r\n<td>PT-HD2-D365<\/td>\r\n<td>PT-HD3-D365<\/td>\r\n<td>PT-HD4-D365<\/td>\r\n<td>PT-HD5-D365<\/td>\r\n<td>PT-HD10-D365<\/td>\r\n<\/tr>\r\n<tr>\r\n   <th class=\"vertical-header\" rowspan=\"4\" style=\"background-color: #1a80b6 !important; border: 1px solid #1a80b6;text-align: center;\"><span>Reten\u00e7\u00e3o<\/span><\/th>\r\n<th class=\"leftTableHdr\">2 Anos<\/th>\r\n<td>PT-SD1-D730<\/td>\r\n<td>PT-HD1-D730<\/td>\r\n<td>PT-HD2-D730<\/td>\r\n<td>PT-HD3-D730<\/td>\r\n<td>PT-HD4-D730 <\/td>\r\n<td>PT-HD5-D730<\/td>\r\n<td>PT-HD10-D730<\/td>\r\n<\/tr>\r\n<tr>\r\n   \r\n<th class=\"leftTableHdr\">3 Anos<\/th>\r\n<td>PT-SD1-D1095<\/td>\r\n<td>PT-HD1-D1095<\/td>\r\n<td>PT-HD2-D1095<\/td>\r\n<td>PT-HD3-D1095<\/td>\r\n<td>EN-HD4-D1095<\/td>\r\n<td>PT-HD5-D1095<\/td>\r\n<td>PT-HD10-D1095<\/td>\r\n<\/tr>\r\n<tr>\r\n\r\n<th class=\"leftTableHdr\">5 Anos<\/th>\r\n<td>PT-SD1-D1825<\/td>\r\n<td>PT-HD1-D1825<\/td>\r\n<td>PT-HD2-D1825<\/td>\r\n<td>PT-HD3-D1825<\/td>\r\n<td>PT-HD4-D1825<\/td>\r\n<td>PT-HD5-D1825<\/td>\r\n<td>PT-HD10-D1825<\/td>\r\n<\/tr>\r\n<\/tbody>\r\n<\/table>\r\n<\/div>\r\n\t\t\t\t<\/div>\n\t\t\t\t<\/div>\n\t\t\t\t\t<\/div>\n\t\t<\/div>\n\t\t\t\t\t<\/div>\n\t\t<\/section>\n\t\t\t\t<section data-particle_enable=\"false\" data-particle-mobile-disabled=\"false\" class=\"elementor-section elementor-top-section elementor-element elementor-element-fac921a elementor-section-boxed elementor-section-height-default elementor-section-height-default\" data-id=\"fac921a\" data-element_type=\"section\" data-e-type=\"section\">\n\t\t\t\t\t\t<div class=\"elementor-container elementor-column-gap-default\">\n\t\t\t\t\t<div class=\"elementor-column elementor-col-100 elementor-top-column elementor-element elementor-element-605b8f6\" data-id=\"605b8f6\" data-element_type=\"column\" data-e-type=\"column\">\n\t\t\t<div class=\"elementor-widget-wrap elementor-element-populated\">\n\t\t\t\t\t\t<div class=\"elementor-element elementor-element-b6868a5 elementor-widget elementor-widget-heading\" data-id=\"b6868a5\" data-element_type=\"widget\" data-e-type=\"widget\" data-widget_type=\"heading.default\">\n\t\t\t\t<div class=\"elementor-widget-container\">\n\t\t\t\t\t<h3 class=\"elementor-heading-title elementor-size-default\">Armazenamento no local<\/h3>\t\t\t\t<\/div>\n\t\t\t\t<\/div>\n\t\t\t\t\t<\/div>\n\t\t<\/div>\n\t\t\t\t\t<\/div>\n\t\t<\/section>\n\t\t\t\t<section data-particle_enable=\"false\" data-particle-mobile-disabled=\"false\" class=\"elementor-section elementor-top-section elementor-element elementor-element-e456f5b elementor-section-boxed elementor-section-height-default elementor-section-height-default\" data-id=\"e456f5b\" data-element_type=\"section\" data-e-type=\"section\">\n\t\t\t\t\t\t<div class=\"elementor-container elementor-column-gap-default\">\n\t\t\t\t\t<div class=\"elementor-column elementor-col-100 elementor-top-column elementor-element elementor-element-8074fa5\" data-id=\"8074fa5\" data-element_type=\"column\" data-e-type=\"column\">\n\t\t\t<div class=\"elementor-widget-wrap elementor-element-populated\">\n\t\t\t\t\t\t<div class=\"elementor-element elementor-element-1eafdcf elementor-widget elementor-widget-text-editor\" data-id=\"1eafdcf\" data-element_type=\"widget\" data-e-type=\"widget\" data-widget_type=\"text-editor.default\">\n\t\t\t\t<div class=\"elementor-widget-container\">\n\t\t\t\t\t\t\t\t\t<p>A Eagle Eye Networks tamb\u00e9m oferece um plano de armazenamento no local. Voc\u00ea deve adquirir um Eagle Eye Eye CMVR; este plano N\u00c3O funcionar\u00e1 com um Eagle Eye Bridge. O per\u00edodo de reten\u00e7\u00e3o ir\u00e1 variar dependendo da quantidade de armazenamento que o seu hardware suporta. Embora seu v\u00eddeo seja armazenado no local, voc\u00ea ainda receber\u00e1 acesso ao nosso sistema de gerenciamento de nuvens, que permite que voc\u00ea veja suas grava\u00e7\u00f5es.<\/p>\n<p>&nbsp;<\/p>\n\t\t\t\t\t\t\t\t<\/div>\n\t\t\t\t<\/div>\n\t\t\t\t\t<\/div>\n\t\t<\/div>\n\t\t\t\t\t<\/div>\n\t\t<\/section>\n\t\t\t\t<section data-particle_enable=\"false\" data-particle-mobile-disabled=\"false\" class=\"elementor-section elementor-top-section elementor-element elementor-element-55dd574 elementor-section-boxed elementor-section-height-default elementor-section-height-default\" data-id=\"55dd574\" data-element_type=\"section\" data-e-type=\"section\">\n\t\t\t\t\t\t<div class=\"elementor-container elementor-column-gap-default\">\n\t\t\t\t\t<div class=\"elementor-column elementor-col-100 elementor-top-column elementor-element elementor-element-68fbe71\" data-id=\"68fbe71\" data-element_type=\"column\" data-e-type=\"column\">\n\t\t\t<div class=\"elementor-widget-wrap elementor-element-populated\">\n\t\t\t\t\t\t<div class=\"elementor-element elementor-element-60af9ab elementor-widget elementor-widget-html\" data-id=\"60af9ab\" data-element_type=\"widget\" data-e-type=\"widget\" data-widget_type=\"html.default\">\n\t\t\t\t<div class=\"elementor-widget-container\">\n\t\t\t\t\t<div class=\"table-subscriptions\">\r\n<table width=\"100%\">\r\n<thead>\r\n<tr>\r\n<th><\/th>\r\n<th class=\"col\">SD\/Anal\u00f3gico<\/th>\r\n<th class=\"col\">HD 720P<\/th>\r\n<th class=\"col\">HD 1080P<\/th>\r\n<\/tr>\r\n<\/thead>\r\n<tbody>\r\n<tr>\r\n<th class=\"leftTableHdr\">On-Premise<\/th>\r\n<td>M10<\/td>\r\n<td>M10<\/td>\r\n<td>M10<\/td>\r\n<\/tr>\r\n<\/tbody>\r\n<\/table>\r\n<\/div>\t\t\t\t<\/div>\n\t\t\t\t<\/div>\n\t\t\t\t\t<\/div>\n\t\t<\/div>\n\t\t\t\t\t<\/div>\n\t\t<\/section>\n\t\t\t\t<section data-particle_enable=\"false\" data-particle-mobile-disabled=\"false\" class=\"elementor-section elementor-top-section elementor-element elementor-element-bf448b8 elementor-section-boxed elementor-section-height-default elementor-section-height-default\" data-id=\"bf448b8\" data-element_type=\"section\" data-e-type=\"section\">\n\t\t\t\t\t\t<div class=\"elementor-container elementor-column-gap-default\">\n\t\t\t\t\t<div class=\"elementor-column elementor-col-100 elementor-top-column elementor-element elementor-element-cd26bf8\" data-id=\"cd26bf8\" data-element_type=\"column\" data-e-type=\"column\">\n\t\t\t<div class=\"elementor-widget-wrap elementor-element-populated\">\n\t\t\t\t\t\t<div class=\"elementor-element elementor-element-50fd564 elementor-align-center elementor-widget elementor-widget-button\" data-id=\"50fd564\" data-element_type=\"widget\" data-e-type=\"widget\" data-widget_type=\"button.default\">\n\t\t\t\t<div class=\"elementor-widget-container\">\n\t\t\t\t\t\t\t\t\t<div class=\"elementor-button-wrapper\">\n\t\t\t\t\t<a class=\"elementor-button elementor-button-link elementor-size-sm\" href=\"https:\/\/www.een.com\/pt-br\/produtos\/cloud-vms-sistema-visao-geral\/\">\n\t\t\t\t\t\t<span class=\"elementor-button-content-wrapper\">\n\t\t\t\t\t\t\t\t\t<span class=\"elementor-button-text\">SAIBA MAIS: VIS\u00c3O GERAL DO SISTEMA EAGLE EYE CLOUD VMS<\/span>\n\t\t\t\t\t<\/span>\n\t\t\t\t\t<\/a>\n\t\t\t\t<\/div>\n\t\t\t\t\t\t\t\t<\/div>\n\t\t\t\t<\/div>\n\t\t\t\t\t<\/div>\n\t\t<\/div>\n\t\t\t\t\t<\/div>\n\t\t<\/section>\n\t\t\t\t<\/div>\n\t\t","protected":false},"excerpt":{"rendered":"<p>Assinaturas de Vigil\u00e2ncia por V\u00eddeo Eagle Eye Cloud Armazenamento de V\u00eddeo em Cloud O Eagle Eye VMS \u00e9 disponibilizado atrav\u00e9s de planos de subscri\u00e7\u00e3o Eagle Eye. \u00c9 necess\u00e1rio um Eagle &hellip;<\/p>\n<p class=\"read-more\"> <a class=\"\" href=\"https:\/\/www.een.com\/pt-br\/produtos\/cloud-vms-subscricoes\/\"> <span class=\"screen-reader-text\">Assinaturas Cloud VMS<\/span> Leia mais &raquo;<\/a><\/p>\n","protected":false},"author":544,"featured_media":0,"parent":113194,"menu_order":967,"comment_status":"closed","ping_status":"closed","template":"elementor_header_footer","meta":{"_acf_changed":false,"_relevanssi_hide_post":"","_relevanssi_hide_content":"","_relevanssi_pin_for_all":"","_relevanssi_pin_keywords":"","_relevanssi_unpin_keywords":"","_relevanssi_related_keywords":"","_relevanssi_related_include_ids":"","_relevanssi_related_exclude_ids":"","_relevanssi_related_no_append":"","_relevanssi_related_not_related":"","_relevanssi_related_posts":"112530","_relevanssi_noindex_reason":"","footnotes":""},"class_list":["post-111862","page","type-page","status-publish","hentry"],"acf":[],"aioseo_notices":[],"_links":{"self":[{"href":"https:\/\/www.een.com\/pt-br\/wp-json\/wp\/v2\/pages\/111862","targetHints":{"allow":["GET"]}}],"collection":[{"href":"https:\/\/www.een.com\/pt-br\/wp-json\/wp\/v2\/pages"}],"about":[{"href":"https:\/\/www.een.com\/pt-br\/wp-json\/wp\/v2\/types\/page"}],"author":[{"embeddable":true,"href":"https:\/\/www.een.com\/pt-br\/wp-json\/wp\/v2\/users\/544"}],"replies":[{"embeddable":true,"href":"https:\/\/www.een.com\/pt-br\/wp-json\/wp\/v2\/comments?post=111862"}],"version-history":[{"count":0,"href":"https:\/\/www.een.com\/pt-br\/wp-json\/wp\/v2\/pages\/111862\/revisions"}],"up":[{"embeddable":true,"href":"https:\/\/www.een.com\/pt-br\/wp-json\/wp\/v2\/pages\/113194"}],"wp:attachment":[{"href":"https:\/\/www.een.com\/pt-br\/wp-json\/wp\/v2\/media?parent=111862"}],"curies":[{"name":"wp","href":"https:\/\/api.w.org\/{rel}","templated":true}]}}