{"id":111285,"date":"2019-03-22T09:09:22","date_gmt":"2019-03-22T14:09:22","guid":{"rendered":"https:\/\/www.een.com\/suporte\/camera-compatibilidade-digital-ip\/"},"modified":"2024-10-18T17:01:12","modified_gmt":"2024-10-18T22:01:12","slug":"camera-compatibilidade-digital-ip","status":"publish","type":"page","link":"https:\/\/www.een.com\/pt-br\/suporte\/camera-compatibilidade-digital-ip\/","title":{"rendered":"Compatibilidade da C\u00e2mara &#8211; IP Digital"},"content":{"rendered":"\t\t<div data-elementor-type=\"wp-page\" data-elementor-id=\"111285\" class=\"elementor elementor-111285 elementor-89710\" data-elementor-post-type=\"page\">\n\t\t\t\t\t\t<section data-particle_enable=\"false\" data-particle-mobile-disabled=\"false\" class=\"elementor-section elementor-top-section elementor-element elementor-element-4577e6a elementor-section-boxed elementor-section-height-default elementor-section-height-default\" data-id=\"4577e6a\" data-element_type=\"section\" data-e-type=\"section\" data-settings=\"{&quot;background_background&quot;:&quot;classic&quot;}\">\n\t\t\t\t\t\t<div class=\"elementor-container elementor-column-gap-default\">\n\t\t\t\t\t<div class=\"elementor-column elementor-col-100 elementor-top-column elementor-element elementor-element-27c99a0\" data-id=\"27c99a0\" data-element_type=\"column\" data-e-type=\"column\">\n\t\t\t<div class=\"elementor-widget-wrap elementor-element-populated\">\n\t\t\t\t\t\t<div class=\"elementor-element elementor-element-0c9e8ed elementor-widget elementor-widget-heading\" data-id=\"0c9e8ed\" data-element_type=\"widget\" data-e-type=\"widget\" data-widget_type=\"heading.default\">\n\t\t\t\t<div class=\"elementor-widget-container\">\n\t\t\t\t\t<h1 class=\"elementor-heading-title elementor-size-default\">Eagle Eye Cloud VMS suporta c\u00e2maras digitais IP, anal\u00f3gicas, HD sobre COAX, e Body Worn<\/h1>\t\t\t\t<\/div>\n\t\t\t\t<\/div>\n\t\t\t\t<section data-particle_enable=\"false\" data-particle-mobile-disabled=\"false\" class=\"elementor-section elementor-inner-section elementor-element elementor-element-4bf714c elementor-section-boxed elementor-section-height-default elementor-section-height-default\" data-id=\"4bf714c\" data-element_type=\"section\" data-e-type=\"section\">\n\t\t\t\t\t\t<div class=\"elementor-container elementor-column-gap-default\">\n\t\t\t\t\t<div class=\"elementor-column elementor-col-25 elementor-inner-column elementor-element elementor-element-fde7237\" data-id=\"fde7237\" data-element_type=\"column\" data-e-type=\"column\">\n\t\t\t<div class=\"elementor-widget-wrap elementor-element-populated\">\n\t\t\t\t\t\t<div class=\"elementor-element elementor-element-09fd810 premium-lq__none elementor-widget elementor-widget-premium-addon-button\" data-id=\"09fd810\" data-element_type=\"widget\" data-e-type=\"widget\" data-settings=\"{&quot;_animation_tablet&quot;:&quot;none&quot;,&quot;_animation_mobile&quot;:&quot;none&quot;}\" data-widget_type=\"premium-addon-button.default\">\n\t\t\t\t<div class=\"elementor-widget-container\">\n\t\t\t\t\t\r\n\r\n\t\t<a class=\"premium-button premium-button-none premium-btn-block premium-button-none\" href=\"https:\/\/www.een.com\/pt-br\/suporte\/camera-compatibilidade-digital-ip\/\">\r\n\t\t\t<div class=\"premium-button-text-icon-wrapper\">\r\n\t\t\t\t\r\n\t\t\t\t\t\t\t\t\t<span >\r\n\t\t\t\t\t\tIP digital\t\t\t\t\t<\/span>\r\n\t\t\t\t\t\t\t<\/div>\r\n\r\n\t\t\t\r\n\t\t\t\r\n\t\t\t\r\n\t\t<\/a>\r\n\r\n\r\n\t\t\t\t\t\t<\/div>\n\t\t\t\t<\/div>\n\t\t\t\t\t<\/div>\n\t\t<\/div>\n\t\t\t\t<div class=\"elementor-column elementor-col-25 elementor-inner-column elementor-element elementor-element-93c4e1e\" data-id=\"93c4e1e\" data-element_type=\"column\" data-e-type=\"column\">\n\t\t\t<div class=\"elementor-widget-wrap elementor-element-populated\">\n\t\t\t\t\t\t<div class=\"elementor-element elementor-element-20d4db7 premium-lq__none elementor-widget elementor-widget-premium-addon-button\" data-id=\"20d4db7\" data-element_type=\"widget\" data-e-type=\"widget\" data-settings=\"{&quot;_animation_tablet&quot;:&quot;none&quot;,&quot;_animation_mobile&quot;:&quot;none&quot;}\" data-widget_type=\"premium-addon-button.default\">\n\t\t\t\t<div class=\"elementor-widget-container\">\n\t\t\t\t\t\r\n\r\n\t\t<a class=\"premium-button premium-button-none premium-btn-block premium-button-none\" href=\"https:\/\/www.een.com\/pt-br\/suporte\/camera-compatibilidade-analogo\/\">\r\n\t\t\t<div class=\"premium-button-text-icon-wrapper\">\r\n\t\t\t\t\r\n\t\t\t\t\t\t\t\t\t<span >\r\n\t\t\t\t\t\tAnal\u00f3gico\t\t\t\t\t<\/span>\r\n\t\t\t\t\t\t\t<\/div>\r\n\r\n\t\t\t\r\n\t\t\t\r\n\t\t\t\r\n\t\t<\/a>\r\n\r\n\r\n\t\t\t\t\t\t<\/div>\n\t\t\t\t<\/div>\n\t\t\t\t\t<\/div>\n\t\t<\/div>\n\t\t\t\t<div class=\"elementor-column elementor-col-25 elementor-inner-column elementor-element elementor-element-5feb1bd\" data-id=\"5feb1bd\" data-element_type=\"column\" data-e-type=\"column\">\n\t\t\t<div class=\"elementor-widget-wrap elementor-element-populated\">\n\t\t\t\t\t\t<div class=\"elementor-element elementor-element-e7fb9b3 premium-lq__none elementor-widget elementor-widget-premium-addon-button\" data-id=\"e7fb9b3\" data-element_type=\"widget\" data-e-type=\"widget\" data-settings=\"{&quot;_animation_tablet&quot;:&quot;none&quot;,&quot;_animation_mobile&quot;:&quot;none&quot;}\" data-widget_type=\"premium-addon-button.default\">\n\t\t\t\t<div class=\"elementor-widget-container\">\n\t\t\t\t\t\r\n\r\n\t\t<a class=\"premium-button premium-button-none premium-btn-block premium-button-none\" href=\"https:\/\/www.een.com\/pt-br\/suporte\/camera-compatibilidade-hd-over-coax\/\">\r\n\t\t\t<div class=\"premium-button-text-icon-wrapper\">\r\n\t\t\t\t\r\n\t\t\t\t\t\t\t\t\t<span >\r\n\t\t\t\t\t\tHD sobre COAX\t\t\t\t\t<\/span>\r\n\t\t\t\t\t\t\t<\/div>\r\n\r\n\t\t\t\r\n\t\t\t\r\n\t\t\t\r\n\t\t<\/a>\r\n\r\n\r\n\t\t\t\t\t\t<\/div>\n\t\t\t\t<\/div>\n\t\t\t\t\t<\/div>\n\t\t<\/div>\n\t\t\t\t<div class=\"elementor-column elementor-col-25 elementor-inner-column elementor-element elementor-element-3773c51\" data-id=\"3773c51\" data-element_type=\"column\" data-e-type=\"column\">\n\t\t\t<div class=\"elementor-widget-wrap elementor-element-populated\">\n\t\t\t\t\t\t<div class=\"elementor-element elementor-element-8a43eab premium-lq__none elementor-widget elementor-widget-premium-addon-button\" data-id=\"8a43eab\" data-element_type=\"widget\" data-e-type=\"widget\" data-settings=\"{&quot;_animation_tablet&quot;:&quot;none&quot;,&quot;_animation_mobile&quot;:&quot;none&quot;}\" data-widget_type=\"premium-addon-button.default\">\n\t\t\t\t<div class=\"elementor-widget-container\">\n\t\t\t\t\t\r\n\r\n\t\t<a class=\"premium-button premium-button-none premium-btn-block premium-button-none\" href=\"https:\/\/www.een.com\/pt-br\/suporte\/camera-compatibilidade-movel-corpo-usado\/\">\r\n\t\t\t<div class=\"premium-button-text-icon-wrapper\">\r\n\t\t\t\t\r\n\t\t\t\t\t\t\t\t\t<span >\r\n\t\t\t\t\t\tM\u00f3vel e Desgastado Corporal\t\t\t\t\t<\/span>\r\n\t\t\t\t\t\t\t<\/div>\r\n\r\n\t\t\t\r\n\t\t\t\r\n\t\t\t\r\n\t\t<\/a>\r\n\r\n\r\n\t\t\t\t\t\t<\/div>\n\t\t\t\t<\/div>\n\t\t\t\t\t<\/div>\n\t\t<\/div>\n\t\t\t\t\t<\/div>\n\t\t<\/section>\n\t\t\t\t<section data-particle_enable=\"false\" data-particle-mobile-disabled=\"false\" class=\"elementor-section elementor-inner-section elementor-element elementor-element-2bb1cd2 elementor-section-boxed elementor-section-height-default elementor-section-height-default\" data-id=\"2bb1cd2\" data-element_type=\"section\" data-e-type=\"section\">\n\t\t\t\t\t\t<div class=\"elementor-container elementor-column-gap-default\">\n\t\t\t\t\t<div class=\"elementor-column elementor-col-100 elementor-inner-column elementor-element elementor-element-d91134f\" data-id=\"d91134f\" data-element_type=\"column\" data-e-type=\"column\">\n\t\t\t<div class=\"elementor-widget-wrap elementor-element-populated\">\n\t\t\t\t\t\t<div class=\"elementor-element elementor-element-6bde773 elementor-widget elementor-widget-heading\" data-id=\"6bde773\" data-element_type=\"widget\" data-e-type=\"widget\" data-widget_type=\"heading.default\">\n\t\t\t\t<div class=\"elementor-widget-container\">\n\t\t\t\t\t<h2 class=\"elementor-heading-title elementor-size-default\">IP digital<\/h2>\t\t\t\t<\/div>\n\t\t\t\t<\/div>\n\t\t\t\t<div class=\"elementor-element elementor-element-a79d7c8 elementor-widget elementor-widget-text-editor\" data-id=\"a79d7c8\" data-element_type=\"widget\" data-e-type=\"widget\" data-widget_type=\"text-editor.default\">\n\t\t\t\t<div class=\"elementor-widget-container\">\n\t\t\t\t\t\t\t\t\t<p>O Eagle Eye Cloud VMS \u00e9 compat\u00edvel com uma grande variedade de c\u00e2maras IP digitais. O <a href=\"https:\/\/www.een.com\/pt-br\/produtos\/cloud-vms-sistema-visao-geral\/\">Eagle Eye Networks Cloud VMS<\/a> utiliza o ONVIF Profile-S e o dual codec (H.264 e MJPEG) dual stream para comunicar com as c\u00e2maras inclu\u00eddas na lista abaixo. Poder\u00e1 ser necess\u00e1ria configura\u00e7\u00e3o adicional na p\u00e1gina web da c\u00e2mara para descobrir e adicionar c\u00e2maras ao VMS.<\/p><p>Se estiver interessado no suporte de Eagle Eye Eye para uma c\u00e2mara que n\u00e3o esteja listada abaixo, por favor ligue a c\u00e2mara a uma Eagle Eye Bridge ou CMVR e solicite suporte dentro do nosso painel de instrumentos. Ser\u00e1 criado um bilhete de apoio e ser\u00e1 notificado por e-mail do progresso atrav\u00e9s do processo de apoio. Se precisar de apoio adicional, envie-nos uma amostra do modelo espec\u00edfico da c\u00e2mara e <a href=\"https:\/\/www.een.com\/pt-br\/empresa\/contato\/\">contacte-nos<\/a> para o testar.<\/p><p><strong>Apoio de Firmware: <\/strong>O firmware listado para cada modelo \u00e9 a vers\u00e3o m\u00ednima suportada. Se tiver ligado um modelo suportado a correr uma vers\u00e3o mais recente de firmware e estiver com problemas, por favor <a href=\"https:\/\/www.een.com\/pt-br\/empresa\/contato\/\">contacte-nos<\/a> e teremos todo o prazer em ajud\u00e1-lo.<\/p>\t\t\t\t\t\t\t\t<\/div>\n\t\t\t\t<\/div>\n\t\t\t\t\t<\/div>\n\t\t<\/div>\n\t\t\t\t\t<\/div>\n\t\t<\/section>\n\t\t\t\t\t<\/div>\n\t\t<\/div>\n\t\t\t\t\t<\/div>\n\t\t<\/section>\n\t\t\t\t<section data-particle_enable=\"false\" data-particle-mobile-disabled=\"false\" class=\"elementor-section elementor-top-section elementor-element elementor-element-ff622a8 elementor-section-stretched elementor-section-full_width elementor-section-height-default elementor-section-height-default\" data-id=\"ff622a8\" data-element_type=\"section\" data-e-type=\"section\" data-settings=\"{&quot;stretch_section&quot;:&quot;section-stretched&quot;}\">\n\t\t\t\t\t\t<div class=\"elementor-container elementor-column-gap-default\">\n\t\t\t\t\t<div class=\"elementor-column elementor-col-100 elementor-top-column elementor-element elementor-element-bebe20d\" data-id=\"bebe20d\" data-element_type=\"column\" data-e-type=\"column\">\n\t\t\t<div class=\"elementor-widget-wrap elementor-element-populated\">\n\t\t\t\t\t\t<div class=\"elementor-element elementor-element-00ae22c elementor-widget elementor-widget-html\" data-id=\"00ae22c\" data-element_type=\"widget\" data-e-type=\"widget\" data-widget_type=\"html.default\">\n\t\t\t\t<div class=\"elementor-widget-container\">\n\t\t\t\t\t<iframe height=\"3200\" src=\"https:\/\/cameracompatibility.eagleeyenetworks.com\/#\/\"><\/iframe>\t\t\t\t<\/div>\n\t\t\t\t<\/div>\n\t\t\t\t<div class=\"elementor-element elementor-element-5fa98fd elementor-widget elementor-widget-text-editor\" data-id=\"5fa98fd\" data-element_type=\"widget\" data-e-type=\"widget\" data-widget_type=\"text-editor.default\">\n\t\t\t\t<div class=\"elementor-widget-container\">\n\t\t\t\t\t\t\t\t\t<div class=\"fusion-text\"><p>Eagle Eye Networks oferece muitas Pontes e CMVRs prontas para anal\u00f3gicos. As pontes de Eagle Eye prontas para anal\u00f3gico digitalizar\u00e3o o v\u00eddeo proveniente de c\u00e2maras anal\u00f3gicas e gerem o v\u00eddeo da mesma forma exacta que as c\u00e2maras IP ou HD Over Coax. A utiliza\u00e7\u00e3o das pontes anal\u00f3gicas da Eagle Eye Networks \u00e9 uma solu\u00e7\u00e3o rent\u00e1vel para os clientes que queiram actualizar o seu sistema de vigil\u00e2ncia v\u00eddeo enquanto ainda utilizam as suas c\u00e2maras anal\u00f3gicas existentes.<\/p><\/div>\t\t\t\t\t\t\t\t<\/div>\n\t\t\t\t<\/div>\n\t\t\t\t\t<\/div>\n\t\t<\/div>\n\t\t\t\t\t<\/div>\n\t\t<\/section>\n\t\t\t\t<\/div>\n\t\t","protected":false},"excerpt":{"rendered":"<p>Eagle Eye Cloud VMS suporta c\u00e2maras digitais IP, anal\u00f3gicas, HD sobre COAX, e Body Worn IP digital Anal\u00f3gico HD sobre COAX M\u00f3vel e Desgastado Corporal IP digital O Eagle Eye &hellip;<\/p>\n<p class=\"read-more\"> <a class=\"\" href=\"https:\/\/www.een.com\/pt-br\/suporte\/camera-compatibilidade-digital-ip\/\"> <span class=\"screen-reader-text\">Compatibilidade da C\u00e2mara &#8211; IP Digital<\/span> Leia mais &raquo;<\/a><\/p>\n","protected":false},"author":544,"featured_media":0,"parent":111277,"menu_order":817,"comment_status":"closed","ping_status":"closed","template":"","meta":{"_acf_changed":false,"_relevanssi_hide_post":"","_relevanssi_hide_content":"","_relevanssi_pin_for_all":"","_relevanssi_pin_keywords":"","_relevanssi_unpin_keywords":"","_relevanssi_related_keywords":"","_relevanssi_related_include_ids":"","_relevanssi_related_exclude_ids":"","_relevanssi_related_no_append":"","_relevanssi_related_not_related":"","_relevanssi_related_posts":"112530","_relevanssi_noindex_reason":"","footnotes":""},"class_list":["post-111285","page","type-page","status-publish","hentry"],"acf":[],"aioseo_notices":[],"_links":{"self":[{"href":"https:\/\/www.een.com\/pt-br\/wp-json\/wp\/v2\/pages\/111285","targetHints":{"allow":["GET"]}}],"collection":[{"href":"https:\/\/www.een.com\/pt-br\/wp-json\/wp\/v2\/pages"}],"about":[{"href":"https:\/\/www.een.com\/pt-br\/wp-json\/wp\/v2\/types\/page"}],"author":[{"embeddable":true,"href":"https:\/\/www.een.com\/pt-br\/wp-json\/wp\/v2\/users\/544"}],"replies":[{"embeddable":true,"href":"https:\/\/www.een.com\/pt-br\/wp-json\/wp\/v2\/comments?post=111285"}],"version-history":[{"count":0,"href":"https:\/\/www.een.com\/pt-br\/wp-json\/wp\/v2\/pages\/111285\/revisions"}],"up":[{"embeddable":true,"href":"https:\/\/www.een.com\/pt-br\/wp-json\/wp\/v2\/pages\/111277"}],"wp:attachment":[{"href":"https:\/\/www.een.com\/pt-br\/wp-json\/wp\/v2\/media?parent=111285"}],"curies":[{"name":"wp","href":"https:\/\/api.w.org\/{rel}","templated":true}]}}