{"id":91153,"date":"2017-08-21T18:10:14","date_gmt":"2017-08-21T23:10:14","guid":{"rendered":"https:\/\/www.een.com\/cm-architektura\/"},"modified":"2021-12-29T11:22:26","modified_gmt":"2021-12-29T16:22:26","slug":"cm-architektura","status":"publish","type":"page","link":"https:\/\/www.een.com\/pl\/produkt\/cm-architektura\/","title":{"rendered":"Architektura CameraManager"},"content":{"rendered":"\t\t<div data-elementor-type=\"wp-page\" data-elementor-id=\"91153\" class=\"elementor elementor-91153 elementor-91140\" data-elementor-post-type=\"page\">\n\t\t\t\t\t\t<section data-particle_enable=\"false\" data-particle-mobile-disabled=\"false\" class=\"elementor-section elementor-top-section elementor-element elementor-element-91f3682 elementor-section-boxed elementor-section-height-default elementor-section-height-default\" data-id=\"91f3682\" data-element_type=\"section\" data-e-type=\"section\">\n\t\t\t\t\t\t<div class=\"elementor-container elementor-column-gap-default\">\n\t\t\t\t\t<div class=\"elementor-column elementor-col-100 elementor-top-column elementor-element elementor-element-1fa8baa\" data-id=\"1fa8baa\" data-element_type=\"column\" data-e-type=\"column\">\n\t\t\t<div class=\"elementor-widget-wrap elementor-element-populated\">\n\t\t\t\t\t\t<div class=\"elementor-element elementor-element-0573851 elementor-widget elementor-widget-heading\" data-id=\"0573851\" data-element_type=\"widget\" data-e-type=\"widget\" data-widget_type=\"heading.default\">\n\t\t\t\t<div class=\"elementor-widget-container\">\n\t\t\t\t\t<h1 class=\"elementor-heading-title elementor-size-default\">Architektura Eagle Eye CameraManager<\/h1>\t\t\t\t<\/div>\n\t\t\t\t<\/div>\n\t\t\t\t\t<\/div>\n\t\t<\/div>\n\t\t\t\t\t<\/div>\n\t\t<\/section>\n\t\t\t\t<section data-particle_enable=\"false\" data-particle-mobile-disabled=\"false\" class=\"elementor-section elementor-top-section elementor-element elementor-element-33c7fe5 elementor-section-boxed elementor-section-height-default elementor-section-height-default\" data-id=\"33c7fe5\" data-element_type=\"section\" data-e-type=\"section\">\n\t\t\t\t\t\t<div class=\"elementor-container elementor-column-gap-default\">\n\t\t\t\t\t<div class=\"elementor-column elementor-col-100 elementor-top-column elementor-element elementor-element-9652c74\" data-id=\"9652c74\" data-element_type=\"column\" data-e-type=\"column\">\n\t\t\t<div class=\"elementor-widget-wrap elementor-element-populated\">\n\t\t\t\t\t\t<section data-particle_enable=\"false\" data-particle-mobile-disabled=\"false\" class=\"elementor-section elementor-inner-section elementor-element elementor-element-7f47656 elementor-section-boxed elementor-section-height-default elementor-section-height-default\" data-id=\"7f47656\" data-element_type=\"section\" data-e-type=\"section\">\n\t\t\t\t\t\t<div class=\"elementor-container elementor-column-gap-default\">\n\t\t\t\t\t<div class=\"elementor-column elementor-col-50 elementor-inner-column elementor-element elementor-element-30fe2e2\" data-id=\"30fe2e2\" data-element_type=\"column\" data-e-type=\"column\">\n\t\t\t<div class=\"elementor-widget-wrap elementor-element-populated\">\n\t\t\t\t\t\t<div class=\"elementor-element elementor-element-6ffbb5e elementor-widget elementor-widget-heading\" data-id=\"6ffbb5e\" data-element_type=\"widget\" data-e-type=\"widget\" data-widget_type=\"heading.default\">\n\t\t\t\t<div class=\"elementor-widget-container\">\n\t\t\t\t\t<h3 class=\"elementor-heading-title elementor-size-default\">Architektura Cloud On-Demand<\/h3>\t\t\t\t<\/div>\n\t\t\t\t<\/div>\n\t\t\t\t<div class=\"elementor-element elementor-element-786f1b7 elementor-widget elementor-widget-heading\" data-id=\"786f1b7\" data-element_type=\"widget\" data-e-type=\"widget\" data-widget_type=\"heading.default\">\n\t\t\t\t<div class=\"elementor-widget-container\">\n\t\t\t\t\t<h4 class=\"elementor-heading-title elementor-size-default\">Przysz\u0142o\u015b\u0107 zarz\u0105dzania wideo jest tutaj.<\/h4>\t\t\t\t<\/div>\n\t\t\t\t<\/div>\n\t\t\t\t<div class=\"elementor-element elementor-element-425d712 elementor-widget elementor-widget-text-editor\" data-id=\"425d712\" data-element_type=\"widget\" data-e-type=\"widget\" data-widget_type=\"text-editor.default\">\n\t\t\t\t<div class=\"elementor-widget-container\">\n\t\t\t\t\t\t\t\t\t<div>CameraManager jest zbudowana do pracy na platformach as-a-service, takich jak Amazon i Interoute VDC (Virtual data center).<\/div>\n<ul>\n<li><b>Bezpiecze\u0144stwo<\/b>:\u00a0Zbudowana dla zapewnienia infrastruktury, kt\u00f3ra pozwala Eagle Eye Networks zachowa\u0107 pe\u0142n\u0105 kontrol\u0119 nad tym, kto ma dost\u0119p do wszystkich danych.<\/li>\n<li><b>Niezawodno\u015b\u0107<\/b>:\u00a0Przechowuj dane z wysok\u0105 trwa\u0142o\u015bci\u0105 i dost\u0119pno\u015bci.<\/li>\n<li><b>Skalowalno\u015b\u0107<\/b>:\u00a0Nasze wirtualne serwery mog\u0105 skalowa\u0107 si\u0119 pod wzgl\u0119dem pami\u0119ci masowej, wsp\u00f3\u0142czynnika \u017c\u0105da\u0144 i u\u017cytkownik\u00f3w, aby obs\u0142ugiwa\u0107 nieograniczon\u0105 liczb\u0119 aplikacji internetowych.<\/li>\n<li><b>Szybko\u015b\u0107<\/b>:\u00a0Nasze serwery wirtualne s\u0105 wystarczaj\u0105co szybkie, aby obs\u0142ugiwa\u0107 aplikacje o wysokiej wydajno\u015bci.<\/li>\n<\/ul>\n\t\t\t\t\t\t\t\t<\/div>\n\t\t\t\t<\/div>\n\t\t\t\t\t<\/div>\n\t\t<\/div>\n\t\t\t\t<div class=\"elementor-column elementor-col-50 elementor-inner-column elementor-element elementor-element-acdb93c\" data-id=\"acdb93c\" data-element_type=\"column\" data-e-type=\"column\">\n\t\t\t<div class=\"elementor-widget-wrap elementor-element-populated\">\n\t\t\t\t\t\t<div class=\"elementor-element elementor-element-42a9c2f elementor-widget elementor-widget-image\" data-id=\"42a9c2f\" data-element_type=\"widget\" data-e-type=\"widget\" data-widget_type=\"image.default\">\n\t\t\t\t<div class=\"elementor-widget-container\">\n\t\t\t\t\t\t\t\t\t\t\t\t\t\t\t<img fetchpriority=\"high\" decoding=\"async\" width=\"1024\" height=\"708\" src=\"https:\/\/www.een.com\/wp-content\/uploads\/2017\/08\/cameramanagerarchitecture-1-1024x708.png\" class=\"attachment-large size-large wp-image-62533\" alt=\"Architektura CameraManager\" srcset=\"https:\/\/www.een.com\/wp-content\/uploads\/2017\/08\/cameramanagerarchitecture-1-1024x708.png 1024w, https:\/\/www.een.com\/wp-content\/uploads\/2017\/08\/cameramanagerarchitecture-1-300x207.png 300w, https:\/\/www.een.com\/wp-content\/uploads\/2017\/08\/cameramanagerarchitecture-1-100x69.png 100w, https:\/\/www.een.com\/wp-content\/uploads\/2017\/08\/cameramanagerarchitecture-1-188x130.png 188w, https:\/\/www.een.com\/wp-content\/uploads\/2017\/08\/cameramanagerarchitecture-1-200x138.png 200w, https:\/\/www.een.com\/wp-content\/uploads\/2017\/08\/cameramanagerarchitecture-1-400x277.png 400w, https:\/\/www.een.com\/wp-content\/uploads\/2017\/08\/cameramanagerarchitecture-1-600x415.png 600w, https:\/\/www.een.com\/wp-content\/uploads\/2017\/08\/cameramanagerarchitecture-1-800x553.png 800w, https:\/\/www.een.com\/wp-content\/uploads\/2017\/08\/cameramanagerarchitecture-1-1200x830.png 1200w\" sizes=\"(max-width: 1024px) 100vw, 1024px\" title=\"\" \/>\t\t\t\t\t\t\t\t\t\t\t\t\t\t\t<\/div>\n\t\t\t\t<\/div>\n\t\t\t\t\t<\/div>\n\t\t<\/div>\n\t\t\t\t\t<\/div>\n\t\t<\/section>\n\t\t\t\t\t<\/div>\n\t\t<\/div>\n\t\t\t\t\t<\/div>\n\t\t<\/section>\n\t\t\t\t<section data-particle_enable=\"false\" data-particle-mobile-disabled=\"false\" class=\"elementor-section elementor-top-section elementor-element elementor-element-62a8ae9 elementor-section-stretched elementor-section-boxed elementor-section-height-default elementor-section-height-default\" data-id=\"62a8ae9\" data-element_type=\"section\" data-e-type=\"section\" data-settings=\"{&quot;stretch_section&quot;:&quot;section-stretched&quot;,&quot;background_background&quot;:&quot;classic&quot;}\">\n\t\t\t\t\t\t<div class=\"elementor-container elementor-column-gap-default\">\n\t\t\t\t\t<div class=\"elementor-column elementor-col-100 elementor-top-column elementor-element elementor-element-b84d0df\" data-id=\"b84d0df\" data-element_type=\"column\" data-e-type=\"column\">\n\t\t\t<div class=\"elementor-widget-wrap elementor-element-populated\">\n\t\t\t\t\t\t<section data-particle_enable=\"false\" data-particle-mobile-disabled=\"false\" class=\"elementor-section elementor-inner-section elementor-element elementor-element-fdb7284 elementor-section-boxed elementor-section-height-default elementor-section-height-default\" data-id=\"fdb7284\" data-element_type=\"section\" data-e-type=\"section\">\n\t\t\t\t\t\t<div class=\"elementor-container elementor-column-gap-default\">\n\t\t\t\t\t<div class=\"elementor-column elementor-col-50 elementor-inner-column elementor-element elementor-element-fda57b0\" data-id=\"fda57b0\" data-element_type=\"column\" data-e-type=\"column\">\n\t\t\t<div class=\"elementor-widget-wrap elementor-element-populated\">\n\t\t\t\t\t\t<div class=\"elementor-element elementor-element-f897608 elementor-widget elementor-widget-image\" data-id=\"f897608\" data-element_type=\"widget\" data-e-type=\"widget\" data-widget_type=\"image.default\">\n\t\t\t\t<div class=\"elementor-widget-container\">\n\t\t\t\t\t\t\t\t\t\t\t\t\t\t\t<img decoding=\"async\" width=\"1024\" height=\"452\" src=\"https:\/\/www.een.com\/wp-content\/uploads\/2017\/08\/CM-header-Cams-EENcom-1024x452.png\" class=\"attachment-large size-large wp-image-62536\" alt=\"Architektura CameraManager\" srcset=\"https:\/\/www.een.com\/wp-content\/uploads\/2017\/08\/CM-header-Cams-EENcom-1024x452.png 1024w, https:\/\/www.een.com\/wp-content\/uploads\/2017\/08\/CM-header-Cams-EENcom-300x132.png 300w, https:\/\/www.een.com\/wp-content\/uploads\/2017\/08\/CM-header-Cams-EENcom-100x44.png 100w, https:\/\/www.een.com\/wp-content\/uploads\/2017\/08\/CM-header-Cams-EENcom-200x88.png 200w, https:\/\/www.een.com\/wp-content\/uploads\/2017\/08\/CM-header-Cams-EENcom-400x176.png 400w, https:\/\/www.een.com\/wp-content\/uploads\/2017\/08\/CM-header-Cams-EENcom-600x265.png 600w, https:\/\/www.een.com\/wp-content\/uploads\/2017\/08\/CM-header-Cams-EENcom-800x353.png 800w, https:\/\/www.een.com\/wp-content\/uploads\/2017\/08\/CM-header-Cams-EENcom-1200x529.png 1200w, https:\/\/www.een.com\/wp-content\/uploads\/2017\/08\/CM-header-Cams-EENcom.png 1360w\" sizes=\"(max-width: 1024px) 100vw, 1024px\" title=\"\" \/>\t\t\t\t\t\t\t\t\t\t\t\t\t\t\t<\/div>\n\t\t\t\t<\/div>\n\t\t\t\t\t<\/div>\n\t\t<\/div>\n\t\t\t\t<div class=\"elementor-column elementor-col-50 elementor-inner-column elementor-element elementor-element-81da338\" data-id=\"81da338\" data-element_type=\"column\" data-e-type=\"column\">\n\t\t\t<div class=\"elementor-widget-wrap elementor-element-populated\">\n\t\t\t\t\t\t<div class=\"elementor-element elementor-element-ef5f052 elementor-widget elementor-widget-heading\" data-id=\"ef5f052\" data-element_type=\"widget\" data-e-type=\"widget\" data-widget_type=\"heading.default\">\n\t\t\t\t<div class=\"elementor-widget-container\">\n\t\t\t\t\t<h3 class=\"elementor-heading-title elementor-size-default\">Kamery<\/h3>\t\t\t\t<\/div>\n\t\t\t\t<\/div>\n\t\t\t\t<div class=\"elementor-element elementor-element-3e4240a elementor-widget elementor-widget-heading\" data-id=\"3e4240a\" data-element_type=\"widget\" data-e-type=\"widget\" data-widget_type=\"heading.default\">\n\t\t\t\t<div class=\"elementor-widget-container\">\n\t\t\t\t\t<h4 class=\"elementor-heading-title elementor-size-default\">Kompatybilno\u015b\u0107 z Plug N\u2019 Play<\/h4>\t\t\t\t<\/div>\n\t\t\t\t<\/div>\n\t\t\t\t<div class=\"elementor-element elementor-element-45a5852 elementor-widget elementor-widget-text-editor\" data-id=\"45a5852\" data-element_type=\"widget\" data-e-type=\"widget\" data-widget_type=\"text-editor.default\">\n\t\t\t\t<div class=\"elementor-widget-container\">\n\t\t\t\t\t\t\t\t\t<p>Zapomnij o instrukcji. Pod\u0142\u0105cz kamery, po\u0142\u0105cz z sieci\u0105 WiFi i pobierz aplikacj\u0119 Eagle Eye CameraManager. Mo\u017cesz tak\u017ce monitorowa\u0107 wiele lokalizacji w danym czasie oraz synchronizowa\u0107 i optymalizowa\u0107 swoje nagrania za pomoc\u0105 analityki wideo. Kamery automatycznie przechowuj\u0105 twoje nagrania w chmurze.<\/p>\n\t\t\t\t\t\t\t\t<\/div>\n\t\t\t\t<\/div>\n\t\t\t\t\t<\/div>\n\t\t<\/div>\n\t\t\t\t\t<\/div>\n\t\t<\/section>\n\t\t\t\t\t<\/div>\n\t\t<\/div>\n\t\t\t\t\t<\/div>\n\t\t<\/section>\n\t\t\t\t<section data-particle_enable=\"false\" data-particle-mobile-disabled=\"false\" class=\"elementor-section elementor-top-section elementor-element elementor-element-d156783 elementor-section-boxed elementor-section-height-default elementor-section-height-default\" data-id=\"d156783\" data-element_type=\"section\" data-e-type=\"section\">\n\t\t\t\t\t\t<div class=\"elementor-container elementor-column-gap-default\">\n\t\t\t\t\t<div class=\"elementor-column elementor-col-100 elementor-top-column elementor-element elementor-element-d7d13e6\" data-id=\"d7d13e6\" data-element_type=\"column\" data-e-type=\"column\">\n\t\t\t<div class=\"elementor-widget-wrap elementor-element-populated\">\n\t\t\t\t\t\t<section data-particle_enable=\"false\" data-particle-mobile-disabled=\"false\" class=\"elementor-section elementor-inner-section elementor-element elementor-element-7394a2e elementor-section-boxed elementor-section-height-default elementor-section-height-default\" data-id=\"7394a2e\" data-element_type=\"section\" data-e-type=\"section\">\n\t\t\t\t\t\t<div class=\"elementor-container elementor-column-gap-default\">\n\t\t\t\t\t<div class=\"elementor-column elementor-col-50 elementor-inner-column elementor-element elementor-element-47aa1bc\" data-id=\"47aa1bc\" data-element_type=\"column\" data-e-type=\"column\">\n\t\t\t<div class=\"elementor-widget-wrap elementor-element-populated\">\n\t\t\t\t\t\t<div class=\"elementor-element elementor-element-29169a3 elementor-widget elementor-widget-heading\" data-id=\"29169a3\" data-element_type=\"widget\" data-e-type=\"widget\" data-widget_type=\"heading.default\">\n\t\t\t\t<div class=\"elementor-widget-container\">\n\t\t\t\t\t<h3 class=\"elementor-heading-title elementor-size-default\">Bezpieczne Centra Danych Tier 4 o Wysokiej Dost\u0119pno\u015bci<\/h3>\t\t\t\t<\/div>\n\t\t\t\t<\/div>\n\t\t\t\t<div class=\"elementor-element elementor-element-9e9923e elementor-widget elementor-widget-heading\" data-id=\"9e9923e\" data-element_type=\"widget\" data-e-type=\"widget\" data-widget_type=\"heading.default\">\n\t\t\t\t<div class=\"elementor-widget-container\">\n\t\t\t\t\t<h4 class=\"elementor-heading-title elementor-size-default\">Ultra bezpieczne, ultra niezawodne<\/h4>\t\t\t\t<\/div>\n\t\t\t\t<\/div>\n\t\t\t\t<div class=\"elementor-element elementor-element-f548648 elementor-widget elementor-widget-text-editor\" data-id=\"f548648\" data-element_type=\"widget\" data-e-type=\"widget\" data-widget_type=\"text-editor.default\">\n\t\t\t\t<div class=\"elementor-widget-container\">\n\t\t\t\t\t\t\t\t\t<p>Wszystkie urz\u0105dzenia ch\u0142odnicze s\u0105 niezale\u017cnie i podw\u00f3jnie nap\u0119dzane, w tym agregaty ch\u0142odnicze i systemy grzewcze, wentylacyjne oraz klimatyzacyjne(HVAC)<br \/>\nOdporna na awarie infrastruktura obiektu z urz\u0105dzeniami do magazynowania i dystrybucji energii elektrycznej o wysokiej dost\u0119pno\u015bci. Wysoka niezawodno\u015b\u0107 i redundancja. To twoje dane. Traktujemy je bardzo powa\u017cnie.<\/p>\n\t\t\t\t\t\t\t\t<\/div>\n\t\t\t\t<\/div>\n\t\t\t\t\t<\/div>\n\t\t<\/div>\n\t\t\t\t<div class=\"elementor-column elementor-col-50 elementor-inner-column elementor-element elementor-element-857e41d\" data-id=\"857e41d\" data-element_type=\"column\" data-e-type=\"column\">\n\t\t\t<div class=\"elementor-widget-wrap elementor-element-populated\">\n\t\t\t\t\t\t<div class=\"elementor-element elementor-element-65f3b82 elementor-widget elementor-widget-image\" data-id=\"65f3b82\" data-element_type=\"widget\" data-e-type=\"widget\" data-widget_type=\"image.default\">\n\t\t\t\t<div class=\"elementor-widget-container\">\n\t\t\t\t\t\t\t\t\t\t\t\t\t\t\t<img decoding=\"async\" src=\"https:\/\/www.een.com\/wp-content\/uploads\/elementor\/thumbs\/data-centers-qnxl27fw0ra3yslzuchvvm8eobdhwgzfcfe6ap1zaw.png\" title=\"data-centers\" alt=\"High Availability Data Centers\" loading=\"lazy\" \/>\t\t\t\t\t\t\t\t\t\t\t\t\t\t\t<\/div>\n\t\t\t\t<\/div>\n\t\t\t\t\t<\/div>\n\t\t<\/div>\n\t\t\t\t\t<\/div>\n\t\t<\/section>\n\t\t\t\t\t<\/div>\n\t\t<\/div>\n\t\t\t\t\t<\/div>\n\t\t<\/section>\n\t\t\t\t<section data-particle_enable=\"false\" data-particle-mobile-disabled=\"false\" class=\"elementor-section elementor-top-section elementor-element elementor-element-da28b4d elementor-section-boxed elementor-section-height-default elementor-section-height-default\" data-id=\"da28b4d\" data-element_type=\"section\" data-e-type=\"section\">\n\t\t\t\t\t\t<div class=\"elementor-container elementor-column-gap-default\">\n\t\t\t\t\t<div class=\"elementor-column elementor-col-100 elementor-top-column elementor-element elementor-element-48c4303\" data-id=\"48c4303\" data-element_type=\"column\" data-e-type=\"column\">\n\t\t\t<div class=\"elementor-widget-wrap elementor-element-populated\">\n\t\t\t\t\t\t<section data-particle_enable=\"false\" data-particle-mobile-disabled=\"false\" class=\"elementor-section elementor-inner-section elementor-element elementor-element-649247e elementor-section-boxed elementor-section-height-default elementor-section-height-default\" data-id=\"649247e\" data-element_type=\"section\" data-e-type=\"section\">\n\t\t\t\t\t\t<div class=\"elementor-container elementor-column-gap-default\">\n\t\t\t\t\t<div class=\"elementor-column elementor-col-50 elementor-inner-column elementor-element elementor-element-964b437\" data-id=\"964b437\" data-element_type=\"column\" data-e-type=\"column\">\n\t\t\t<div class=\"elementor-widget-wrap elementor-element-populated\">\n\t\t\t\t\t\t<div class=\"elementor-element elementor-element-eb12ac6 elementor-align-center elementor-widget elementor-widget-button\" data-id=\"eb12ac6\" data-element_type=\"widget\" data-e-type=\"widget\" data-widget_type=\"button.default\">\n\t\t\t\t<div class=\"elementor-widget-container\">\n\t\t\t\t\t\t\t\t\t<div class=\"elementor-button-wrapper\">\n\t\t\t\t\t<a class=\"elementor-button elementor-button-link elementor-size-sm\" href=\"https:\/\/www.een.com\/pl\/firma\/skontaktuj\/\">\n\t\t\t\t\t\t<span class=\"elementor-button-content-wrapper\">\n\t\t\t\t\t\t\t\t\t<span class=\"elementor-button-text\">SKONTAKTUJ SI\u0118 Z DZIA\u0141EM SPRZEDA\u017bY<\/span>\n\t\t\t\t\t<\/span>\n\t\t\t\t\t<\/a>\n\t\t\t\t<\/div>\n\t\t\t\t\t\t\t\t<\/div>\n\t\t\t\t<\/div>\n\t\t\t\t\t<\/div>\n\t\t<\/div>\n\t\t\t\t<div class=\"elementor-column elementor-col-50 elementor-inner-column elementor-element elementor-element-fd9a13a\" data-id=\"fd9a13a\" data-element_type=\"column\" data-e-type=\"column\">\n\t\t\t<div class=\"elementor-widget-wrap elementor-element-populated\">\n\t\t\t\t\t\t<div class=\"elementor-element elementor-element-596dd42 elementor-align-center elementor-widget elementor-widget-button\" data-id=\"596dd42\" data-element_type=\"widget\" data-e-type=\"widget\" data-widget_type=\"button.default\">\n\t\t\t\t<div class=\"elementor-widget-container\">\n\t\t\t\t\t\t\t\t\t<div class=\"elementor-button-wrapper\">\n\t\t\t\t\t<a class=\"elementor-button elementor-button-link elementor-size-sm\" href=\"https:\/\/www.een.com\/pl\/produkt\/cm-funkcje\/\">\n\t\t\t\t\t\t<span class=\"elementor-button-content-wrapper\">\n\t\t\t\t\t\t\t\t\t<span class=\"elementor-button-text\">DOWIEDZ SI\u0118 WI\u0118CEJ: EAGLE EYE CAMERAMANAGER FUNKCJE I KORZY\u015aCI<\/span>\n\t\t\t\t\t<\/span>\n\t\t\t\t\t<\/a>\n\t\t\t\t<\/div>\n\t\t\t\t\t\t\t\t<\/div>\n\t\t\t\t<\/div>\n\t\t\t\t\t<\/div>\n\t\t<\/div>\n\t\t\t\t\t<\/div>\n\t\t<\/section>\n\t\t\t\t\t<\/div>\n\t\t<\/div>\n\t\t\t\t\t<\/div>\n\t\t<\/section>\n\t\t\t\t<\/div>\n\t\t","protected":false},"excerpt":{"rendered":"<p>Architektura Eagle Eye CameraManager Architektura Cloud On-Demand Przysz\u0142o\u015b\u0107 zarz\u0105dzania wideo jest tutaj. CameraManager jest zbudowana do pracy na platformach as-a-service, takich jak Amazon i Interoute VDC (Virtual data center). Bezpiecze\u0144stwo:\u00a0Zbudowana &hellip;<\/p>\n<p class=\"read-more\"> <a class=\"\" href=\"https:\/\/www.een.com\/pl\/produkt\/cm-architektura\/\"> <span class=\"screen-reader-text\">Architektura CameraManager<\/span> Read More &raquo;<\/a><\/p>\n","protected":false},"author":544,"featured_media":0,"parent":92069,"menu_order":938,"comment_status":"closed","ping_status":"closed","template":"elementor_header_footer","meta":{"_acf_changed":false,"_relevanssi_hide_post":"","_relevanssi_hide_content":"","_relevanssi_pin_for_all":"","_relevanssi_pin_keywords":"","_relevanssi_unpin_keywords":"","_relevanssi_related_keywords":"","_relevanssi_related_include_ids":"","_relevanssi_related_exclude_ids":"","_relevanssi_related_no_append":"","_relevanssi_related_not_related":"","_relevanssi_related_posts":"","_relevanssi_noindex_reason":"","footnotes":""},"class_list":["post-91153","page","type-page","status-publish","hentry"],"acf":[],"aioseo_notices":[],"_links":{"self":[{"href":"https:\/\/www.een.com\/pl\/wp-json\/wp\/v2\/pages\/91153","targetHints":{"allow":["GET"]}}],"collection":[{"href":"https:\/\/www.een.com\/pl\/wp-json\/wp\/v2\/pages"}],"about":[{"href":"https:\/\/www.een.com\/pl\/wp-json\/wp\/v2\/types\/page"}],"author":[{"embeddable":true,"href":"https:\/\/www.een.com\/pl\/wp-json\/wp\/v2\/users\/544"}],"replies":[{"embeddable":true,"href":"https:\/\/www.een.com\/pl\/wp-json\/wp\/v2\/comments?post=91153"}],"version-history":[{"count":0,"href":"https:\/\/www.een.com\/pl\/wp-json\/wp\/v2\/pages\/91153\/revisions"}],"up":[{"embeddable":true,"href":"https:\/\/www.een.com\/pl\/wp-json\/wp\/v2\/pages\/92069"}],"wp:attachment":[{"href":"https:\/\/www.een.com\/pl\/wp-json\/wp\/v2\/media?parent=91153"}],"curies":[{"name":"wp","href":"https:\/\/api.w.org\/{rel}","templated":true}]}}