{"id":90873,"date":"2020-07-03T15:43:32","date_gmt":"2020-07-03T20:43:32","guid":{"rendered":"https:\/\/www.een.com\/cloud-vms-aplikacja-mobilna\/"},"modified":"2021-04-08T16:00:44","modified_gmt":"2021-04-08T21:00:44","slug":"cloud-vms-aplikacja-mobilna","status":"publish","type":"page","link":"https:\/\/www.een.com\/pl\/cloud-vms-aplikacja-mobilna\/","title":{"rendered":"Aplikacj\u0119 Mobiln\u0105 Cloud VMS"},"content":{"rendered":"\t\t<div data-elementor-type=\"wp-page\" data-elementor-id=\"90873\" class=\"elementor elementor-90873 elementor-90335\" data-elementor-post-type=\"page\">\n\t\t\t\t\t\t<section data-particle_enable=\"false\" data-particle-mobile-disabled=\"false\" class=\"elementor-section elementor-top-section elementor-element elementor-element-5eb67564 elementor-section-boxed elementor-section-height-default elementor-section-height-default\" data-id=\"5eb67564\" data-element_type=\"section\" data-e-type=\"section\">\n\t\t\t\t\t\t<div class=\"elementor-container elementor-column-gap-default\">\n\t\t\t\t\t<div class=\"elementor-column elementor-col-100 elementor-top-column elementor-element elementor-element-4dc182fb\" data-id=\"4dc182fb\" data-element_type=\"column\" data-e-type=\"column\">\n\t\t\t<div class=\"elementor-widget-wrap elementor-element-populated\">\n\t\t\t\t\t\t<div class=\"elementor-element elementor-element-32336390 elementor-widget elementor-widget-heading\" data-id=\"32336390\" data-element_type=\"widget\" data-e-type=\"widget\" data-widget_type=\"heading.default\">\n\t\t\t\t<div class=\"elementor-widget-container\">\n\t\t\t\t\t<h1 class=\"elementor-heading-title elementor-size-default\">Pobierz Eagle Eye Cloud VMS Aplikacj\u0119 Mobiln\u0105<\/h1>\t\t\t\t<\/div>\n\t\t\t\t<\/div>\n\t\t\t\t\t<\/div>\n\t\t<\/div>\n\t\t\t\t\t<\/div>\n\t\t<\/section>\n\t\t\t\t<section data-particle_enable=\"false\" data-particle-mobile-disabled=\"false\" class=\"elementor-section elementor-top-section elementor-element elementor-element-585503e0 elementor-section-boxed elementor-section-height-default elementor-section-height-default\" data-id=\"585503e0\" data-element_type=\"section\" data-e-type=\"section\">\n\t\t\t\t\t\t<div class=\"elementor-container elementor-column-gap-default\">\n\t\t\t\t\t<div class=\"elementor-column elementor-col-50 elementor-top-column elementor-element elementor-element-246cee34\" data-id=\"246cee34\" data-element_type=\"column\" data-e-type=\"column\">\n\t\t\t<div class=\"elementor-widget-wrap elementor-element-populated\">\n\t\t\t\t\t\t<div class=\"elementor-element elementor-element-1a30ffb6 elementor-widget elementor-widget-text-editor\" data-id=\"1a30ffb6\" data-element_type=\"widget\" data-e-type=\"widget\" data-widget_type=\"text-editor.default\">\n\t\t\t\t<div class=\"elementor-widget-container\">\n\t\t\t\t\t\t\t\t\t<p>Eagle Eye Viewer umo\u017cliwia dost\u0119p zar\u00f3wno do nagra\u0144 na \u017cywo, jak i nagranych z systemu Eagle Eye Cloud VMS. Podobnie jak aplikacja internetowa, mo\u017cesz uzyska\u0107 dost\u0119p do wielu lokalizacji w jednym widoku.<\/p>\n<p>Najwa\u017cniejsze to:<\/p>\n<ul>\n<li>Wy\u015bwietl wideo na \u017cywo<\/li>\n<li>Wy\u015bwietl nagrane wideo<\/li>\n<li>Przegl\u0105danie historii ruchu<\/li>\n<li>Aktualizuj uk\u0142ady wideo<\/li>\n<li>Zoom<\/li>\n<li>Mapa lokalizacji kamer<\/li>\n<\/ul>\n<p>Eagle Eye Cloud VMS wsp\u00f3\u0142pracuje z szerok\u0105 gam\u0105 kamer IP oraz kamerami analogowymi. Wszystkie Twoje filmy bezpiecze\u0144stwa s\u0105 bezpiecznie przechowywane w chmurze. Koniec z problemami z zarz\u0105dzaniem pami\u0119ci\u0105 masow\u0105 lub ustawieniami sieciowymi w lokalnych witrynach. Eagle Eye zawiera Restful API do integracji z aplikacjami zewn\u0119trznymi i niestandardowymi.<\/p>\n<p>Eagle Eye Viewer wymaga subskrypcji VMS Eagle Eye Security Camera dla jednej lub wi\u0119cej kamer.<\/p>\n\t\t\t\t\t\t\t\t<\/div>\n\t\t\t\t<\/div>\n\t\t\t\t\t<\/div>\n\t\t<\/div>\n\t\t\t\t<div class=\"elementor-column elementor-col-50 elementor-top-column elementor-element elementor-element-d7d302a\" data-id=\"d7d302a\" data-element_type=\"column\" data-e-type=\"column\">\n\t\t\t<div class=\"elementor-widget-wrap elementor-element-populated\">\n\t\t\t\t\t\t<div class=\"elementor-element elementor-element-17b84622 elementor-widget elementor-widget-image\" data-id=\"17b84622\" data-element_type=\"widget\" data-e-type=\"widget\" data-widget_type=\"image.default\">\n\t\t\t\t<div class=\"elementor-widget-container\">\n\t\t\t\t\t\t\t\t\t\t\t\t\t\t\t<img fetchpriority=\"high\" decoding=\"async\" width=\"1024\" height=\"468\" src=\"https:\/\/www.een.com\/wp-content\/uploads\/2020\/04\/Eagle-Eye-Devices-4-1024x468.png\" class=\"attachment-large size-large wp-image-83654\" alt=\"Eagle-Eye-Devices\" srcset=\"https:\/\/www.een.com\/wp-content\/uploads\/2020\/04\/Eagle-Eye-Devices-4-1024x468.png 1024w, https:\/\/www.een.com\/wp-content\/uploads\/2020\/04\/Eagle-Eye-Devices-4-300x137.png 300w, https:\/\/www.een.com\/wp-content\/uploads\/2020\/04\/Eagle-Eye-Devices-4-1536x702.png 1536w, https:\/\/www.een.com\/wp-content\/uploads\/2020\/04\/Eagle-Eye-Devices-4-200x91.png 200w, https:\/\/www.een.com\/wp-content\/uploads\/2020\/04\/Eagle-Eye-Devices-4-400x183.png 400w, https:\/\/www.een.com\/wp-content\/uploads\/2020\/04\/Eagle-Eye-Devices-4-600x274.png 600w, https:\/\/www.een.com\/wp-content\/uploads\/2020\/04\/Eagle-Eye-Devices-4-800x366.png 800w, https:\/\/www.een.com\/wp-content\/uploads\/2020\/04\/Eagle-Eye-Devices-4-1200x548.png 1200w, https:\/\/www.een.com\/wp-content\/uploads\/2020\/04\/Eagle-Eye-Devices-4-100x46.png 100w, https:\/\/www.een.com\/wp-content\/uploads\/2020\/04\/Eagle-Eye-Devices-4.png 1926w\" sizes=\"(max-width: 1024px) 100vw, 1024px\" \/>\t\t\t\t\t\t\t\t\t\t\t\t\t\t\t<\/div>\n\t\t\t\t<\/div>\n\t\t\t\t\t<\/div>\n\t\t<\/div>\n\t\t\t\t\t<\/div>\n\t\t<\/section>\n\t\t\t\t<section data-particle_enable=\"false\" data-particle-mobile-disabled=\"false\" class=\"elementor-section elementor-top-section elementor-element elementor-element-52803426 elementor-section-boxed elementor-section-height-default elementor-section-height-default\" data-id=\"52803426\" data-element_type=\"section\" data-e-type=\"section\">\n\t\t\t\t\t\t<div class=\"elementor-container elementor-column-gap-default\">\n\t\t\t\t\t<div class=\"elementor-column elementor-col-50 elementor-top-column elementor-element elementor-element-78c9bf7\" data-id=\"78c9bf7\" data-element_type=\"column\" data-e-type=\"column\">\n\t\t\t<div class=\"elementor-widget-wrap elementor-element-populated\">\n\t\t\t\t\t\t<div class=\"elementor-element elementor-element-42801876 elementor-position-top elementor-widget elementor-widget-image-box\" data-id=\"42801876\" data-element_type=\"widget\" data-e-type=\"widget\" data-widget_type=\"image-box.default\">\n\t\t\t\t<div class=\"elementor-widget-container\">\n\t\t\t\t\t<div class=\"elementor-image-box-wrapper\"><figure class=\"elementor-image-box-img\"><a href=\"https:\/\/itunes.apple.com\/us\/app\/eagle-eye-viewer\/id714191733\" target=\"_blank\" tabindex=\"-1\"><img decoding=\"async\" src=\"https:\/\/www.een.com\/wp-content\/uploads\/elementor\/thumbs\/Apple-qnxl21st5wyol5pakq7tne58tl4f21d2p2d8y7ntns.png\" title=\"Apple\" alt=\"Apple\" loading=\"lazy\" \/><\/a><\/figure><div class=\"elementor-image-box-content\"><h3 class=\"elementor-image-box-title\"><a href=\"https:\/\/itunes.apple.com\/us\/app\/eagle-eye-viewer\/id714191733\" target=\"_blank\">DOWNLOAD IOS APP<\/a><\/h3><\/div><\/div>\t\t\t\t<\/div>\n\t\t\t\t<\/div>\n\t\t\t\t\t<\/div>\n\t\t<\/div>\n\t\t\t\t<div class=\"elementor-column elementor-col-50 elementor-top-column elementor-element elementor-element-79cd092c\" data-id=\"79cd092c\" data-element_type=\"column\" data-e-type=\"column\">\n\t\t\t<div class=\"elementor-widget-wrap elementor-element-populated\">\n\t\t\t\t\t\t<div class=\"elementor-element elementor-element-7b4e4f17 elementor-position-top elementor-widget elementor-widget-image-box\" data-id=\"7b4e4f17\" data-element_type=\"widget\" data-e-type=\"widget\" data-widget_type=\"image-box.default\">\n\t\t\t\t<div class=\"elementor-widget-container\">\n\t\t\t\t\t<div class=\"elementor-image-box-wrapper\"><figure class=\"elementor-image-box-img\"><a href=\"https:\/\/play.google.com\/store\/apps\/details?id=com.eagleeye.mobileapp\" target=\"_blank\" tabindex=\"-1\"><img decoding=\"async\" src=\"https:\/\/www.een.com\/wp-content\/uploads\/elementor\/thumbs\/Android-qnxl21st5wyol5pakq7tne58tl4f21d2p2d8y7ntns.png\" title=\"Android\" alt=\"Android\" loading=\"lazy\" \/><\/a><\/figure><div class=\"elementor-image-box-content\"><h3 class=\"elementor-image-box-title\"><a href=\"https:\/\/play.google.com\/store\/apps\/details?id=com.eagleeye.mobileapp\" target=\"_blank\">DOWNLOAD ANDROID APP<\/a><\/h3><\/div><\/div>\t\t\t\t<\/div>\n\t\t\t\t<\/div>\n\t\t\t\t\t<\/div>\n\t\t<\/div>\n\t\t\t\t\t<\/div>\n\t\t<\/section>\n\t\t\t\t<section data-particle_enable=\"false\" data-particle-mobile-disabled=\"false\" class=\"elementor-section elementor-top-section elementor-element elementor-element-29aaa4d0 elementor-section-boxed elementor-section-height-default elementor-section-height-default\" data-id=\"29aaa4d0\" data-element_type=\"section\" data-e-type=\"section\">\n\t\t\t\t\t\t<div class=\"elementor-container elementor-column-gap-default\">\n\t\t\t\t\t<div class=\"elementor-column elementor-col-100 elementor-top-column elementor-element elementor-element-1295c67\" data-id=\"1295c67\" data-element_type=\"column\" data-e-type=\"column\">\n\t\t\t<div class=\"elementor-widget-wrap elementor-element-populated\">\n\t\t\t\t\t\t<div class=\"elementor-element elementor-element-5b9911e9 elementor-align-center elementor-widget elementor-widget-button\" data-id=\"5b9911e9\" data-element_type=\"widget\" data-e-type=\"widget\" data-widget_type=\"button.default\">\n\t\t\t\t<div class=\"elementor-widget-container\">\n\t\t\t\t\t\t\t\t\t<div class=\"elementor-button-wrapper\">\n\t\t\t\t\t<a class=\"elementor-button elementor-button-link elementor-size-sm\" href=\"https:\/\/www.een.com\/pl\/projekts\/\">\n\t\t\t\t\t\t<span class=\"elementor-button-content-wrapper\">\n\t\t\t\t\t\t\t\t\t<span class=\"elementor-button-text\">PRZECZYTAJ O HISTORII SUKCESU KLIENTA EAGLE EYE CLOUD VMS<\/span>\n\t\t\t\t\t<\/span>\n\t\t\t\t\t<\/a>\n\t\t\t\t<\/div>\n\t\t\t\t\t\t\t\t<\/div>\n\t\t\t\t<\/div>\n\t\t\t\t\t<\/div>\n\t\t<\/div>\n\t\t\t\t\t<\/div>\n\t\t<\/section>\n\t\t\t\t<\/div>\n\t\t","protected":false},"excerpt":{"rendered":"<p>Pobierz Eagle Eye Cloud VMS Aplikacj\u0119 Mobiln\u0105 Eagle Eye Viewer umo\u017cliwia dost\u0119p zar\u00f3wno do nagra\u0144 na \u017cywo, jak i nagranych z systemu Eagle Eye Cloud VMS. Podobnie jak aplikacja internetowa, &hellip;<\/p>\n<p class=\"read-more\"> <a class=\"\" href=\"https:\/\/www.een.com\/pl\/cloud-vms-aplikacja-mobilna\/\"> <span class=\"screen-reader-text\">Aplikacj\u0119 Mobiln\u0105 Cloud VMS<\/span> Read More &raquo;<\/a><\/p>\n","protected":false},"author":544,"featured_media":0,"parent":0,"menu_order":592,"comment_status":"closed","ping_status":"closed","template":"elementor_header_footer","meta":{"_acf_changed":false,"_relevanssi_hide_post":"","_relevanssi_hide_content":"","_relevanssi_pin_for_all":"","_relevanssi_pin_keywords":"","_relevanssi_unpin_keywords":"","_relevanssi_related_keywords":"","_relevanssi_related_include_ids":"","_relevanssi_related_exclude_ids":"","_relevanssi_related_no_append":"","_relevanssi_related_not_related":"","_relevanssi_related_posts":"","_relevanssi_noindex_reason":"","footnotes":""},"class_list":["post-90873","page","type-page","status-publish","hentry"],"acf":[],"aioseo_notices":[],"_links":{"self":[{"href":"https:\/\/www.een.com\/pl\/wp-json\/wp\/v2\/pages\/90873","targetHints":{"allow":["GET"]}}],"collection":[{"href":"https:\/\/www.een.com\/pl\/wp-json\/wp\/v2\/pages"}],"about":[{"href":"https:\/\/www.een.com\/pl\/wp-json\/wp\/v2\/types\/page"}],"author":[{"embeddable":true,"href":"https:\/\/www.een.com\/pl\/wp-json\/wp\/v2\/users\/544"}],"replies":[{"embeddable":true,"href":"https:\/\/www.een.com\/pl\/wp-json\/wp\/v2\/comments?post=90873"}],"version-history":[{"count":0,"href":"https:\/\/www.een.com\/pl\/wp-json\/wp\/v2\/pages\/90873\/revisions"}],"wp:attachment":[{"href":"https:\/\/www.een.com\/pl\/wp-json\/wp\/v2\/media?parent=90873"}],"curies":[{"name":"wp","href":"https:\/\/api.w.org\/{rel}","templated":true}]}}