{"id":90807,"date":"2019-03-22T09:09:22","date_gmt":"2019-03-22T14:09:22","guid":{"rendered":"https:\/\/www.een.com\/pomoc\/kamera-kompatybilnosc-cyfrowy-ip\/"},"modified":"2024-10-18T16:54:59","modified_gmt":"2024-10-18T21:54:59","slug":"kompatybilnosc-z-kamera-cyfrowa-ip","status":"publish","type":"page","link":"https:\/\/www.een.com\/pl\/pomoc\/kompatybilnosc-z-kamera-cyfrowa-ip\/","title":{"rendered":"Zgodno\u015b\u0107 kamer &#8211; Cyfrowa sie\u0107 IP"},"content":{"rendered":"\t\t<div data-elementor-type=\"wp-page\" data-elementor-id=\"90807\" class=\"elementor elementor-90807 elementor-89710\" data-elementor-post-type=\"page\">\n\t\t\t\t\t\t<section data-particle_enable=\"false\" data-particle-mobile-disabled=\"false\" class=\"elementor-section elementor-top-section elementor-element elementor-element-4577e6a elementor-section-boxed elementor-section-height-default elementor-section-height-default\" data-id=\"4577e6a\" data-element_type=\"section\" data-e-type=\"section\" data-settings=\"{&quot;background_background&quot;:&quot;classic&quot;}\">\n\t\t\t\t\t\t<div class=\"elementor-container elementor-column-gap-default\">\n\t\t\t\t\t<div class=\"elementor-column elementor-col-100 elementor-top-column elementor-element elementor-element-27c99a0\" data-id=\"27c99a0\" data-element_type=\"column\" data-e-type=\"column\">\n\t\t\t<div class=\"elementor-widget-wrap elementor-element-populated\">\n\t\t\t\t\t\t<div class=\"elementor-element elementor-element-0c9e8ed elementor-widget elementor-widget-heading\" data-id=\"0c9e8ed\" data-element_type=\"widget\" data-e-type=\"widget\" data-widget_type=\"heading.default\">\n\t\t\t\t<div class=\"elementor-widget-container\">\n\t\t\t\t\t<h1 class=\"elementor-heading-title elementor-size-default\">System Eagle Eye Cloud VMS obs\u0142uguje cyfrowe kamery sieciowe, analogowe, HD over COAX i kamery noszone przy ciele<\/h1>\t\t\t\t<\/div>\n\t\t\t\t<\/div>\n\t\t\t\t<section data-particle_enable=\"false\" data-particle-mobile-disabled=\"false\" class=\"elementor-section elementor-inner-section elementor-element elementor-element-4bf714c elementor-section-boxed elementor-section-height-default elementor-section-height-default\" data-id=\"4bf714c\" data-element_type=\"section\" data-e-type=\"section\">\n\t\t\t\t\t\t<div class=\"elementor-container elementor-column-gap-default\">\n\t\t\t\t\t<div class=\"elementor-column elementor-col-25 elementor-inner-column elementor-element elementor-element-fde7237\" data-id=\"fde7237\" data-element_type=\"column\" data-e-type=\"column\">\n\t\t\t<div class=\"elementor-widget-wrap elementor-element-populated\">\n\t\t\t\t\t\t<div class=\"elementor-element elementor-element-09fd810 premium-lq__none elementor-widget elementor-widget-premium-addon-button\" data-id=\"09fd810\" data-element_type=\"widget\" data-e-type=\"widget\" data-settings=\"{&quot;_animation_tablet&quot;:&quot;none&quot;,&quot;_animation_mobile&quot;:&quot;none&quot;}\" data-widget_type=\"premium-addon-button.default\">\n\t\t\t\t<div class=\"elementor-widget-container\">\n\t\t\t\t\t\r\n\r\n\t\t<a class=\"premium-button premium-button-none premium-btn-block premium-button-none\" href=\"https:\/\/www.een.com\/pl\/pomoc\/kompatybilnosc-z-kamera-cyfrowa-ip\/\">\r\n\t\t\t<div class=\"premium-button-text-icon-wrapper\">\r\n\t\t\t\t\r\n\t\t\t\t\t\t\t\t\t<span >\r\n\t\t\t\t\t\tCyfrowy adres IP\t\t\t\t\t<\/span>\r\n\t\t\t\t\t\t\t<\/div>\r\n\r\n\t\t\t\r\n\t\t\t\r\n\t\t\t\r\n\t\t<\/a>\r\n\r\n\r\n\t\t\t\t\t\t<\/div>\n\t\t\t\t<\/div>\n\t\t\t\t\t<\/div>\n\t\t<\/div>\n\t\t\t\t<div class=\"elementor-column elementor-col-25 elementor-inner-column elementor-element elementor-element-93c4e1e\" data-id=\"93c4e1e\" data-element_type=\"column\" data-e-type=\"column\">\n\t\t\t<div class=\"elementor-widget-wrap elementor-element-populated\">\n\t\t\t\t\t\t<div class=\"elementor-element elementor-element-20d4db7 premium-lq__none elementor-widget elementor-widget-premium-addon-button\" data-id=\"20d4db7\" data-element_type=\"widget\" data-e-type=\"widget\" data-settings=\"{&quot;_animation_tablet&quot;:&quot;none&quot;,&quot;_animation_mobile&quot;:&quot;none&quot;}\" data-widget_type=\"premium-addon-button.default\">\n\t\t\t\t<div class=\"elementor-widget-container\">\n\t\t\t\t\t\r\n\r\n\t\t<a class=\"premium-button premium-button-none premium-btn-block premium-button-none\" href=\"https:\/\/www.een.com\/support\/camera-compatibility-analog\/\">\r\n\t\t\t<div class=\"premium-button-text-icon-wrapper\">\r\n\t\t\t\t\r\n\t\t\t\t\t\t\t\t\t<span >\r\n\t\t\t\t\t\tAnalogowy\t\t\t\t\t<\/span>\r\n\t\t\t\t\t\t\t<\/div>\r\n\r\n\t\t\t\r\n\t\t\t\r\n\t\t\t\r\n\t\t<\/a>\r\n\r\n\r\n\t\t\t\t\t\t<\/div>\n\t\t\t\t<\/div>\n\t\t\t\t\t<\/div>\n\t\t<\/div>\n\t\t\t\t<div class=\"elementor-column elementor-col-25 elementor-inner-column elementor-element elementor-element-5feb1bd\" data-id=\"5feb1bd\" data-element_type=\"column\" data-e-type=\"column\">\n\t\t\t<div class=\"elementor-widget-wrap elementor-element-populated\">\n\t\t\t\t\t\t<div class=\"elementor-element elementor-element-e7fb9b3 premium-lq__none elementor-widget elementor-widget-premium-addon-button\" data-id=\"e7fb9b3\" data-element_type=\"widget\" data-e-type=\"widget\" data-settings=\"{&quot;_animation_tablet&quot;:&quot;none&quot;,&quot;_animation_mobile&quot;:&quot;none&quot;}\" data-widget_type=\"premium-addon-button.default\">\n\t\t\t\t<div class=\"elementor-widget-container\">\n\t\t\t\t\t\r\n\r\n\t\t<a class=\"premium-button premium-button-none premium-btn-block premium-button-none\" href=\"https:\/\/www.een.com\/support\/camera-compatibility-hd-over-coax\/\">\r\n\t\t\t<div class=\"premium-button-text-icon-wrapper\">\r\n\t\t\t\t\r\n\t\t\t\t\t\t\t\t\t<span >\r\n\t\t\t\t\t\tHD przez COAX\t\t\t\t\t<\/span>\r\n\t\t\t\t\t\t\t<\/div>\r\n\r\n\t\t\t\r\n\t\t\t\r\n\t\t\t\r\n\t\t<\/a>\r\n\r\n\r\n\t\t\t\t\t\t<\/div>\n\t\t\t\t<\/div>\n\t\t\t\t\t<\/div>\n\t\t<\/div>\n\t\t\t\t<div class=\"elementor-column elementor-col-25 elementor-inner-column elementor-element elementor-element-3773c51\" data-id=\"3773c51\" data-element_type=\"column\" data-e-type=\"column\">\n\t\t\t<div class=\"elementor-widget-wrap elementor-element-populated\">\n\t\t\t\t\t\t<div class=\"elementor-element elementor-element-8a43eab premium-lq__none elementor-widget elementor-widget-premium-addon-button\" data-id=\"8a43eab\" data-element_type=\"widget\" data-e-type=\"widget\" data-settings=\"{&quot;_animation_tablet&quot;:&quot;none&quot;,&quot;_animation_mobile&quot;:&quot;none&quot;}\" data-widget_type=\"premium-addon-button.default\">\n\t\t\t\t<div class=\"elementor-widget-container\">\n\t\t\t\t\t\r\n\r\n\t\t<a class=\"premium-button premium-button-none premium-btn-block premium-button-none\" href=\"https:\/\/www.een.com\/support\/camera-compatibility-mobile-body-worn\/\">\r\n\t\t\t<div class=\"premium-button-text-icon-wrapper\">\r\n\t\t\t\t\r\n\t\t\t\t\t\t\t\t\t<span >\r\n\t\t\t\t\t\tMobilne i noszone na ciele\t\t\t\t\t<\/span>\r\n\t\t\t\t\t\t\t<\/div>\r\n\r\n\t\t\t\r\n\t\t\t\r\n\t\t\t\r\n\t\t<\/a>\r\n\r\n\r\n\t\t\t\t\t\t<\/div>\n\t\t\t\t<\/div>\n\t\t\t\t\t<\/div>\n\t\t<\/div>\n\t\t\t\t\t<\/div>\n\t\t<\/section>\n\t\t\t\t<section data-particle_enable=\"false\" data-particle-mobile-disabled=\"false\" class=\"elementor-section elementor-inner-section elementor-element elementor-element-2bb1cd2 elementor-section-boxed elementor-section-height-default elementor-section-height-default\" data-id=\"2bb1cd2\" data-element_type=\"section\" data-e-type=\"section\">\n\t\t\t\t\t\t<div class=\"elementor-container elementor-column-gap-default\">\n\t\t\t\t\t<div class=\"elementor-column elementor-col-100 elementor-inner-column elementor-element elementor-element-d91134f\" data-id=\"d91134f\" data-element_type=\"column\" data-e-type=\"column\">\n\t\t\t<div class=\"elementor-widget-wrap elementor-element-populated\">\n\t\t\t\t\t\t<div class=\"elementor-element elementor-element-6bde773 elementor-widget elementor-widget-heading\" data-id=\"6bde773\" data-element_type=\"widget\" data-e-type=\"widget\" data-widget_type=\"heading.default\">\n\t\t\t\t<div class=\"elementor-widget-container\">\n\t\t\t\t\t<h2 class=\"elementor-heading-title elementor-size-default\">Cyfrowy adres IP<\/h2>\t\t\t\t<\/div>\n\t\t\t\t<\/div>\n\t\t\t\t<div class=\"elementor-element elementor-element-a79d7c8 elementor-widget elementor-widget-text-editor\" data-id=\"a79d7c8\" data-element_type=\"widget\" data-e-type=\"widget\" data-widget_type=\"text-editor.default\">\n\t\t\t\t<div class=\"elementor-widget-container\">\n\t\t\t\t\t\t\t\t\t<p>System Eagle Eye Cloud VMS jest kompatybilny z szerok\u0105 gam\u0105 cyfrowych kamer IP. System <a href=\"https:\/\/www.een.com\/pl\/produkt\/cloud-vms-system-przeglad\/\">Eagle Eye Networks Cloud VMS<\/a> wykorzystuje ONVIF Profile-S oraz podw\u00f3jny strumie\u0144 kodek\u00f3w (H.264 i MJPEG) do komunikacji z kamerami znajduj\u0105cymi si\u0119 na poni\u017cszej li\u015bcie. W celu wykrycia i dodania kamer do systemu VMS mo\u017ce by\u0107 konieczna dodatkowa konfiguracja na stronie internetowej kamery.<\/p><p>Je\u015bli interesuje Ci\u0119 wsparcie Eagle Eye dla kamery, kt\u00f3ra nie zosta\u0142a wymieniona poni\u017cej, pod\u0142\u0105cz kamer\u0119 do mostka Eagle Eye lub urz\u0105dzenia CMVR i popro\u015b o wsparcie w naszym panelu administracyjnym. Zostanie utworzone zg\u0142oszenie do pomocy technicznej, a u\u017cytkownik zostanie powiadomiony poczt\u0105 elektroniczn\u0105 o post\u0119pach w procesie pomocy technicznej. Je\u015bli potrzebujesz dodatkowej pomocy, prze\u015blij nam pr\u00f3bk\u0119 konkretnego modelu aparatu i <a href=\"https:\/\/www.een.com\/pl\/firma\/skontaktuj\/\">skontaktuj si\u0119 z nami<\/a> w celu jej przetestowania.<\/p><p><strong>Obs\u0142uga oprogramowania sprz\u0119towego: <\/strong>Oprogramowanie sprz\u0119towe podane dla ka\u017cdego modelu jest minimaln\u0105 obs\u0142ugiwan\u0105 wersj\u0105. W przypadku pod\u0142\u0105czenia obs\u0142ugiwanego modelu z nowsz\u0105 wersj\u0105 oprogramowania sprz\u0119towego i wyst\u0105pienia problem\u00f3w prosimy o <a href=\"https:\/\/www.een.com\/pl\/firma\/skontaktuj\/\">kontakt z nami<\/a>, a z przyjemno\u015bci\u0105 udzielimy pomocy.<\/p>\t\t\t\t\t\t\t\t<\/div>\n\t\t\t\t<\/div>\n\t\t\t\t\t<\/div>\n\t\t<\/div>\n\t\t\t\t\t<\/div>\n\t\t<\/section>\n\t\t\t\t\t<\/div>\n\t\t<\/div>\n\t\t\t\t\t<\/div>\n\t\t<\/section>\n\t\t\t\t<section data-particle_enable=\"false\" data-particle-mobile-disabled=\"false\" class=\"elementor-section elementor-top-section elementor-element elementor-element-ff622a8 elementor-section-stretched elementor-section-full_width elementor-section-height-default elementor-section-height-default\" data-id=\"ff622a8\" data-element_type=\"section\" data-e-type=\"section\" data-settings=\"{&quot;stretch_section&quot;:&quot;section-stretched&quot;}\">\n\t\t\t\t\t\t<div class=\"elementor-container elementor-column-gap-default\">\n\t\t\t\t\t<div class=\"elementor-column elementor-col-100 elementor-top-column elementor-element elementor-element-bebe20d\" data-id=\"bebe20d\" data-element_type=\"column\" data-e-type=\"column\">\n\t\t\t<div class=\"elementor-widget-wrap elementor-element-populated\">\n\t\t\t\t\t\t<div class=\"elementor-element elementor-element-1861674 elementor-widget elementor-widget-html\" data-id=\"1861674\" data-element_type=\"widget\" data-e-type=\"widget\" data-widget_type=\"html.default\">\n\t\t\t\t<div class=\"elementor-widget-container\">\n\t\t\t\t\t<iframe height=\"3200\" src=\"https:\/\/cameracompatibility.eagleeyenetworks.com\/#\/\"><\/iframe>\t\t\t\t<\/div>\n\t\t\t\t<\/div>\n\t\t\t\t<div class=\"elementor-element elementor-element-5fa98fd elementor-widget elementor-widget-text-editor\" data-id=\"5fa98fd\" data-element_type=\"widget\" data-e-type=\"widget\" data-widget_type=\"text-editor.default\">\n\t\t\t\t<div class=\"elementor-widget-container\">\n\t\t\t\t\t\t\t\t\t<div class=\"fusion-text\"><p>Firma Eagle Eye Networks oferuje wiele most\u00f3w i rejestrator\u00f3w CMVR przystosowanych do pracy w technologii analogowej. Mosty analogowe firmy Eagle Eye digitalizuj\u0105 obraz z kamer analogowych i zarz\u0105dzaj\u0105 nim w taki sam spos\u00f3b jak kamerami sieciowymi lub kamerami HD przez kabel koncentryczny. Zastosowanie most\u00f3w analogowych firmy Eagle Eye Networks jest op\u0142acalnym rozwi\u0105zaniem dla klient\u00f3w, kt\u00f3rzy chc\u0105 zmodernizowa\u0107 sw\u00f3j system nadzoru wideo, a jednocze\u015bnie nadal korzysta\u0107 z istniej\u0105cych kamer analogowych.<\/p><\/div>\t\t\t\t\t\t\t\t<\/div>\n\t\t\t\t<\/div>\n\t\t\t\t\t<\/div>\n\t\t<\/div>\n\t\t\t\t\t<\/div>\n\t\t<\/section>\n\t\t\t\t<\/div>\n\t\t","protected":false},"excerpt":{"rendered":"<p>System Eagle Eye Cloud VMS obs\u0142uguje cyfrowe kamery sieciowe, analogowe, HD over COAX i kamery noszone przy ciele Cyfrowy adres IP Analogowy HD przez COAX Mobilne i noszone na ciele &hellip;<\/p>\n<p class=\"read-more\"> <a class=\"\" href=\"https:\/\/www.een.com\/pl\/pomoc\/kompatybilnosc-z-kamera-cyfrowa-ip\/\"> <span class=\"screen-reader-text\">Zgodno\u015b\u0107 kamer &#8211; Cyfrowa sie\u0107 IP<\/span> Read More &raquo;<\/a><\/p>\n","protected":false},"author":544,"featured_media":0,"parent":90730,"menu_order":817,"comment_status":"closed","ping_status":"closed","template":"","meta":{"_acf_changed":false,"_relevanssi_hide_post":"","_relevanssi_hide_content":"","_relevanssi_pin_for_all":"","_relevanssi_pin_keywords":"","_relevanssi_unpin_keywords":"","_relevanssi_related_keywords":"","_relevanssi_related_include_ids":"","_relevanssi_related_exclude_ids":"","_relevanssi_related_no_append":"","_relevanssi_related_not_related":"","_relevanssi_related_posts":"","_relevanssi_noindex_reason":"","footnotes":""},"class_list":["post-90807","page","type-page","status-publish","hentry"],"acf":[],"aioseo_notices":[],"_links":{"self":[{"href":"https:\/\/www.een.com\/pl\/wp-json\/wp\/v2\/pages\/90807","targetHints":{"allow":["GET"]}}],"collection":[{"href":"https:\/\/www.een.com\/pl\/wp-json\/wp\/v2\/pages"}],"about":[{"href":"https:\/\/www.een.com\/pl\/wp-json\/wp\/v2\/types\/page"}],"author":[{"embeddable":true,"href":"https:\/\/www.een.com\/pl\/wp-json\/wp\/v2\/users\/544"}],"replies":[{"embeddable":true,"href":"https:\/\/www.een.com\/pl\/wp-json\/wp\/v2\/comments?post=90807"}],"version-history":[{"count":0,"href":"https:\/\/www.een.com\/pl\/wp-json\/wp\/v2\/pages\/90807\/revisions"}],"up":[{"embeddable":true,"href":"https:\/\/www.een.com\/pl\/wp-json\/wp\/v2\/pages\/90730"}],"wp:attachment":[{"href":"https:\/\/www.een.com\/pl\/wp-json\/wp\/v2\/media?parent=90807"}],"curies":[{"name":"wp","href":"https:\/\/api.w.org\/{rel}","templated":true}]}}