{"id":90379,"date":"2014-01-01T06:00:20","date_gmt":"2014-01-01T11:00:20","guid":{"rendered":"https:\/\/www.een.com\/rozwiazania\/"},"modified":"2020-07-05T11:15:33","modified_gmt":"2020-07-05T16:15:33","slug":"rozwiazania","status":"publish","type":"page","link":"https:\/\/www.een.com\/pl\/rozwiazania\/","title":{"rendered":"Rozwi\u0105zania"},"content":{"rendered":"\t\t<div data-elementor-type=\"wp-page\" data-elementor-id=\"90379\" class=\"elementor elementor-90379 elementor-90350\" data-elementor-post-type=\"page\">\n\t\t\t\t\t\t<section data-particle_enable=\"false\" data-particle-mobile-disabled=\"false\" class=\"elementor-section elementor-top-section elementor-element elementor-element-7ea15e2 elementor-section-boxed elementor-section-height-default elementor-section-height-default\" data-id=\"7ea15e2\" data-element_type=\"section\" data-e-type=\"section\">\n\t\t\t\t\t\t<div class=\"elementor-container elementor-column-gap-default\">\n\t\t\t\t\t<div class=\"elementor-column elementor-col-100 elementor-top-column elementor-element elementor-element-135030f\" data-id=\"135030f\" data-element_type=\"column\" data-e-type=\"column\">\n\t\t\t<div class=\"elementor-widget-wrap elementor-element-populated\">\n\t\t\t\t\t\t<div class=\"elementor-element elementor-element-20ab649 elementor-widget elementor-widget-heading\" data-id=\"20ab649\" data-element_type=\"widget\" data-e-type=\"widget\" data-widget_type=\"heading.default\">\n\t\t\t\t<div class=\"elementor-widget-container\">\n\t\t\t\t\t<h1 class=\"elementor-heading-title elementor-size-default\">Rozwi\u0105zania<\/h1>\t\t\t\t<\/div>\n\t\t\t\t<\/div>\n\t\t\t\t<div class=\"elementor-element elementor-element-47abacd elementor-widget elementor-widget-heading\" data-id=\"47abacd\" data-element_type=\"widget\" data-e-type=\"widget\" data-widget_type=\"heading.default\">\n\t\t\t\t<div class=\"elementor-widget-container\">\n\t\t\t\t\t<h2 class=\"elementor-heading-title elementor-size-default\">Jedna platforma - nieograniczone korzystanie<\/h2>\t\t\t\t<\/div>\n\t\t\t\t<\/div>\n\t\t\t\t<div class=\"elementor-element elementor-element-6c3c7a4 elementor-widget elementor-widget-text-editor\" data-id=\"6c3c7a4\" data-element_type=\"widget\" data-e-type=\"widget\" data-widget_type=\"text-editor.default\">\n\t\t\t\t<div class=\"elementor-widget-container\">\n\t\t\t\t\t\t\t\t\t<p>Kamera VMS Eagle Eye Security mo\u017ce by\u0107 u\u017cywana na wiele r\u00f3\u017cnych sposob\u00f3w.<br \/>\nVMS mo\u017ce by\u0107 wykorzystywany do tradycyjnego nadzoru wideo i zapobiegania stratom, a tak\u017ce do osi\u0105gania szerszych cel\u00f3w operacyjnych i biznesowych, takich jak szkolenia, weryfikacja zgodno\u015bci, zmniejszanie ryzyka po\u015blizgni\u0119cia i upadku, optymalizacja lokowania produktu, jako\u015b\u0107 sklepu, podnoszenie poziomu obs\u0142ugi klienta oraz weryfikacja godzin pracy.<\/p>\n<p>U\u017cytkownicy mog\u0105 ogl\u0105da\u0107 wideo na \u017cywo i historyczne, z d\u017awi\u0119kiem, z urz\u0105dze\u0144 mobilnych lub dowolnych g\u0142\u00f3wnych przegl\u0105darek internetowych z dowolnego miejsca na \u015bwiecie. Firmy mog\u0105 konfigurowa\u0107 powiadomienia e-mail i SMS dotycz\u0105ce wa\u017cnych element\u00f3w obejmuj\u0105cych aktywno\u015b\u0107, nieprawid\u0142ow\u0105 aktywno\u015b\u0107, wykrywanie ruchu, awari\u0119 aparatu, sabota\u017c systemu i inne.<\/p>\n<p>Mog\u0105 r\u00f3wnie\u017c \u0142atwo okre\u015bli\u0107 odpowiednie poziomy uprawnie\u0144 dla r\u00f3\u017cnych u\u017cytkownik\u00f3w do przegl\u0105dania i pobierania wideo. System jest oparty na przegl\u0105darce internetowej i zarz\u0105dzaniu opartym na rolach, dlatego dost\u0119p do r\u00f3\u017cnych dzia\u0142\u00f3w biznesowych mo\u017cna uzyska\u0107 zar\u00f3wno w zakresie bezpiecze\u0144stwa, jak i zarz\u0105dzania operacjami.<\/p>\n\t\t\t\t\t\t\t\t<\/div>\n\t\t\t\t<\/div>\n\t\t\t\t\t<\/div>\n\t\t<\/div>\n\t\t\t\t\t<\/div>\n\t\t<\/section>\n\t\t\t\t<section data-particle_enable=\"false\" data-particle-mobile-disabled=\"false\" class=\"elementor-section elementor-top-section elementor-element elementor-element-b00d333 elementor-section-boxed elementor-section-height-default elementor-section-height-default\" data-id=\"b00d333\" data-element_type=\"section\" data-e-type=\"section\">\n\t\t\t\t\t\t<div class=\"elementor-container elementor-column-gap-default\">\n\t\t\t\t\t<div class=\"elementor-column elementor-col-25 elementor-top-column elementor-element elementor-element-765b5d5\" data-id=\"765b5d5\" data-element_type=\"column\" data-e-type=\"column\">\n\t\t\t<div class=\"elementor-widget-wrap elementor-element-populated\">\n\t\t\t\t\t\t<div class=\"elementor-element elementor-element-2d64df7 elementor-widget elementor-widget-image\" data-id=\"2d64df7\" data-element_type=\"widget\" data-e-type=\"widget\" data-widget_type=\"image.default\">\n\t\t\t\t<div class=\"elementor-widget-container\">\n\t\t\t\t\t\t\t\t\t\t\t\t\t\t\t<img fetchpriority=\"high\" decoding=\"async\" width=\"400\" height=\"400\" src=\"https:\/\/www.een.com\/wp-content\/uploads\/2014\/01\/GroceryStoreCheckOut.jpg\" class=\"attachment-large size-large wp-image-90353\" alt=\"GroceryStoreCheckOut\" srcset=\"https:\/\/www.een.com\/wp-content\/uploads\/2014\/01\/GroceryStoreCheckOut.jpg 400w, https:\/\/www.een.com\/wp-content\/uploads\/2014\/01\/GroceryStoreCheckOut-150x150.jpg 150w, https:\/\/www.een.com\/wp-content\/uploads\/2014\/01\/GroceryStoreCheckOut-300x300.jpg 300w, https:\/\/www.een.com\/wp-content\/uploads\/2014\/01\/GroceryStoreCheckOut-100x100.jpg 100w, https:\/\/www.een.com\/wp-content\/uploads\/2014\/01\/GroceryStoreCheckOut-130x130.jpg 130w, https:\/\/www.een.com\/wp-content\/uploads\/2014\/01\/GroceryStoreCheckOut-66x66.jpg 66w, https:\/\/www.een.com\/wp-content\/uploads\/2014\/01\/GroceryStoreCheckOut-45x45.jpg 45w\" sizes=\"(max-width: 400px) 100vw, 400px\" title=\"\" \/>\t\t\t\t\t\t\t\t\t\t\t\t\t\t\t<\/div>\n\t\t\t\t<\/div>\n\t\t\t\t\t<\/div>\n\t\t<\/div>\n\t\t\t\t<div class=\"elementor-column elementor-col-25 elementor-top-column elementor-element elementor-element-24c979c\" data-id=\"24c979c\" data-element_type=\"column\" data-e-type=\"column\">\n\t\t\t<div class=\"elementor-widget-wrap elementor-element-populated\">\n\t\t\t\t\t\t<div class=\"elementor-element elementor-element-26d21ba elementor-widget elementor-widget-image\" data-id=\"26d21ba\" data-element_type=\"widget\" data-e-type=\"widget\" data-widget_type=\"image.default\">\n\t\t\t\t<div class=\"elementor-widget-container\">\n\t\t\t\t\t\t\t\t\t\t\t\t\t\t\t<img decoding=\"async\" width=\"400\" height=\"400\" src=\"https:\/\/www.een.com\/wp-content\/uploads\/2014\/01\/pursesnatch.jpg\" class=\"attachment-large size-large wp-image-90356\" alt=\"pursesnatch\" srcset=\"https:\/\/www.een.com\/wp-content\/uploads\/2014\/01\/pursesnatch.jpg 400w, https:\/\/www.een.com\/wp-content\/uploads\/2014\/01\/pursesnatch-150x150.jpg 150w, https:\/\/www.een.com\/wp-content\/uploads\/2014\/01\/pursesnatch-300x300.jpg 300w, https:\/\/www.een.com\/wp-content\/uploads\/2014\/01\/pursesnatch-100x100.jpg 100w, https:\/\/www.een.com\/wp-content\/uploads\/2014\/01\/pursesnatch-130x130.jpg 130w, https:\/\/www.een.com\/wp-content\/uploads\/2014\/01\/pursesnatch-66x66.jpg 66w, https:\/\/www.een.com\/wp-content\/uploads\/2014\/01\/pursesnatch-45x45.jpg 45w\" sizes=\"(max-width: 400px) 100vw, 400px\" title=\"\" \/>\t\t\t\t\t\t\t\t\t\t\t\t\t\t\t<\/div>\n\t\t\t\t<\/div>\n\t\t\t\t\t<\/div>\n\t\t<\/div>\n\t\t\t\t<div class=\"elementor-column elementor-col-25 elementor-top-column elementor-element elementor-element-59e1181\" data-id=\"59e1181\" data-element_type=\"column\" data-e-type=\"column\">\n\t\t\t<div class=\"elementor-widget-wrap elementor-element-populated\">\n\t\t\t\t\t\t<div class=\"elementor-element elementor-element-d731444 elementor-widget elementor-widget-image\" data-id=\"d731444\" data-element_type=\"widget\" data-e-type=\"widget\" data-widget_type=\"image.default\">\n\t\t\t\t<div class=\"elementor-widget-container\">\n\t\t\t\t\t\t\t\t\t\t\t\t\t\t\t<img decoding=\"async\" width=\"400\" height=\"400\" src=\"https:\/\/www.een.com\/wp-content\/uploads\/2014\/01\/spraypaint.jpg\" class=\"attachment-large size-large wp-image-90359\" alt=\"spraypaint\" srcset=\"https:\/\/www.een.com\/wp-content\/uploads\/2014\/01\/spraypaint.jpg 400w, https:\/\/www.een.com\/wp-content\/uploads\/2014\/01\/spraypaint-150x150.jpg 150w, https:\/\/www.een.com\/wp-content\/uploads\/2014\/01\/spraypaint-300x300.jpg 300w, https:\/\/www.een.com\/wp-content\/uploads\/2014\/01\/spraypaint-100x100.jpg 100w, https:\/\/www.een.com\/wp-content\/uploads\/2014\/01\/spraypaint-130x130.jpg 130w, https:\/\/www.een.com\/wp-content\/uploads\/2014\/01\/spraypaint-66x66.jpg 66w, https:\/\/www.een.com\/wp-content\/uploads\/2014\/01\/spraypaint-45x45.jpg 45w\" sizes=\"(max-width: 400px) 100vw, 400px\" title=\"\" \/>\t\t\t\t\t\t\t\t\t\t\t\t\t\t\t<\/div>\n\t\t\t\t<\/div>\n\t\t\t\t\t<\/div>\n\t\t<\/div>\n\t\t\t\t<div class=\"elementor-column elementor-col-25 elementor-top-column elementor-element elementor-element-cedf896\" data-id=\"cedf896\" data-element_type=\"column\" data-e-type=\"column\">\n\t\t\t<div class=\"elementor-widget-wrap elementor-element-populated\">\n\t\t\t\t\t\t<div class=\"elementor-element elementor-element-a9916b1 elementor-widget elementor-widget-image\" data-id=\"a9916b1\" data-element_type=\"widget\" data-e-type=\"widget\" data-widget_type=\"image.default\">\n\t\t\t\t<div class=\"elementor-widget-container\">\n\t\t\t\t\t\t\t\t\t\t\t\t\t\t\t<img loading=\"lazy\" decoding=\"async\" width=\"400\" height=\"400\" src=\"https:\/\/www.een.com\/wp-content\/uploads\/2014\/01\/Shoplift.jpg\" class=\"attachment-large size-large wp-image-90362\" alt=\"Shoplift\" srcset=\"https:\/\/www.een.com\/wp-content\/uploads\/2014\/01\/Shoplift.jpg 400w, https:\/\/www.een.com\/wp-content\/uploads\/2014\/01\/Shoplift-150x150.jpg 150w, https:\/\/www.een.com\/wp-content\/uploads\/2014\/01\/Shoplift-300x300.jpg 300w, https:\/\/www.een.com\/wp-content\/uploads\/2014\/01\/Shoplift-100x100.jpg 100w, https:\/\/www.een.com\/wp-content\/uploads\/2014\/01\/Shoplift-130x130.jpg 130w, https:\/\/www.een.com\/wp-content\/uploads\/2014\/01\/Shoplift-66x66.jpg 66w, https:\/\/www.een.com\/wp-content\/uploads\/2014\/01\/Shoplift-45x45.jpg 45w\" sizes=\"(max-width: 400px) 100vw, 400px\" title=\"\" \/>\t\t\t\t\t\t\t\t\t\t\t\t\t\t\t<\/div>\n\t\t\t\t<\/div>\n\t\t\t\t\t<\/div>\n\t\t<\/div>\n\t\t\t\t\t<\/div>\n\t\t<\/section>\n\t\t\t\t<\/div>\n\t\t","protected":false},"excerpt":{"rendered":"<p>Rozwi\u0105zania Jedna platforma &#8211; nieograniczone korzystanie Kamera VMS Eagle Eye Security mo\u017ce by\u0107 u\u017cywana na wiele r\u00f3\u017cnych sposob\u00f3w. VMS mo\u017ce by\u0107 wykorzystywany do tradycyjnego nadzoru wideo i zapobiegania stratom, a &hellip;<\/p>\n<p class=\"read-more\"> <a class=\"\" href=\"https:\/\/www.een.com\/pl\/rozwiazania\/\"> <span class=\"screen-reader-text\">Rozwi\u0105zania<\/span> Read More &raquo;<\/a><\/p>\n","protected":false},"author":544,"featured_media":0,"parent":0,"menu_order":1212,"comment_status":"closed","ping_status":"closed","template":"","meta":{"_acf_changed":false,"_relevanssi_hide_post":"","_relevanssi_hide_content":"","_relevanssi_pin_for_all":"","_relevanssi_pin_keywords":"","_relevanssi_unpin_keywords":"","_relevanssi_related_keywords":"","_relevanssi_related_include_ids":"","_relevanssi_related_exclude_ids":"","_relevanssi_related_no_append":"","_relevanssi_related_not_related":"","_relevanssi_related_posts":"","_relevanssi_noindex_reason":"","footnotes":""},"class_list":["post-90379","page","type-page","status-publish","hentry"],"acf":[],"aioseo_notices":[],"_links":{"self":[{"href":"https:\/\/www.een.com\/pl\/wp-json\/wp\/v2\/pages\/90379","targetHints":{"allow":["GET"]}}],"collection":[{"href":"https:\/\/www.een.com\/pl\/wp-json\/wp\/v2\/pages"}],"about":[{"href":"https:\/\/www.een.com\/pl\/wp-json\/wp\/v2\/types\/page"}],"author":[{"embeddable":true,"href":"https:\/\/www.een.com\/pl\/wp-json\/wp\/v2\/users\/544"}],"replies":[{"embeddable":true,"href":"https:\/\/www.een.com\/pl\/wp-json\/wp\/v2\/comments?post=90379"}],"version-history":[{"count":0,"href":"https:\/\/www.een.com\/pl\/wp-json\/wp\/v2\/pages\/90379\/revisions"}],"wp:attachment":[{"href":"https:\/\/www.een.com\/pl\/wp-json\/wp\/v2\/media?parent=90379"}],"curies":[{"name":"wp","href":"https:\/\/api.w.org\/{rel}","templated":true}]}}