{"id":108890,"date":"2020-10-09T18:30:23","date_gmt":"2020-10-09T23:30:23","guid":{"rendered":"https:\/\/www.een.com\/?page_id=108890"},"modified":"2021-01-20T11:04:59","modified_gmt":"2021-01-20T16:04:59","slug":"inteligentnych-miast-pdf","status":"publish","type":"page","link":"https:\/\/www.een.com\/pl\/inteligentnych-miast-pdf\/","title":{"rendered":"Bia\u0142a ksi\u0119ga inteligentnych miast"},"content":{"rendered":"\t\t<div data-elementor-type=\"wp-page\" data-elementor-id=\"108890\" class=\"elementor elementor-108890 elementor-102109\" data-elementor-post-type=\"page\">\n\t\t\t\t\t\t<section data-particle_enable=\"false\" data-particle-mobile-disabled=\"false\" class=\"elementor-section elementor-top-section elementor-element elementor-element-7dc6e886 elementor-section-boxed elementor-section-height-default elementor-section-height-default\" data-id=\"7dc6e886\" data-element_type=\"section\" data-e-type=\"section\">\n\t\t\t\t\t\t<div class=\"elementor-container elementor-column-gap-default\">\n\t\t\t\t\t<div class=\"elementor-column elementor-col-100 elementor-top-column elementor-element elementor-element-7bb5a7b4\" data-id=\"7bb5a7b4\" data-element_type=\"column\" data-e-type=\"column\">\n\t\t\t<div class=\"elementor-widget-wrap elementor-element-populated\">\n\t\t\t\t\t\t<div class=\"elementor-element elementor-element-23686804 elementor-widget elementor-widget-heading\" data-id=\"23686804\" data-element_type=\"widget\" data-e-type=\"widget\" data-widget_type=\"heading.default\">\n\t\t\t\t<div class=\"elementor-widget-container\">\n\t\t\t\t\t<h1 class=\"elementor-heading-title elementor-size-default\">Bia\u0142a ksi\u0119ga inteligentnych miast<\/h1>\t\t\t\t<\/div>\n\t\t\t\t<\/div>\n\t\t\t\t<div class=\"elementor-element elementor-element-4992b165 elementor-widget elementor-widget-text-editor\" data-id=\"4992b165\" data-element_type=\"widget\" data-e-type=\"widget\" data-widget_type=\"text-editor.default\">\n\t\t\t\t<div class=\"elementor-widget-container\">\n\t\t\t\t\t\t\t\t\t<p>Podstawowym celem inicjatyw Smart City jest inteligentne wykorzystanie danych i technologii, aby u\u0142atwi\u0107 i usprawni\u0107 codzienne \u017cycie ludzi, kt\u00f3rzy mieszkaj\u0105, pracuj\u0105 i odwiedzaj\u0105 miasto \u2013 przy jednoczesnym innowacyjnym i efektywnym wykorzystaniu zasob\u00f3w. Bezpiecze\u0144stwo publiczne odgrywa wa\u017cn\u0105 rol\u0119.\u00a0<\/p>\t\t\t\t\t\t\t\t<\/div>\n\t\t\t\t<\/div>\n\t\t\t\t\t<\/div>\n\t\t<\/div>\n\t\t\t\t\t<\/div>\n\t\t<\/section>\n\t\t\t\t<section data-particle_enable=\"false\" data-particle-mobile-disabled=\"false\" class=\"elementor-section elementor-top-section elementor-element elementor-element-2d379835 elementor-section-boxed elementor-section-height-default elementor-section-height-default\" data-id=\"2d379835\" data-element_type=\"section\" data-e-type=\"section\">\n\t\t\t\t\t\t<div class=\"elementor-container elementor-column-gap-default\">\n\t\t\t\t\t<div class=\"elementor-column elementor-col-100 elementor-top-column elementor-element elementor-element-688a2bd6\" data-id=\"688a2bd6\" data-element_type=\"column\" data-e-type=\"column\">\n\t\t\t<div class=\"elementor-widget-wrap elementor-element-populated\">\n\t\t\t\t\t\t<div class=\"elementor-element elementor-element-37bbf860 elementor-widget elementor-widget-shortcode\" data-id=\"37bbf860\" data-element_type=\"widget\" data-e-type=\"widget\" data-widget_type=\"shortcode.default\">\n\t\t\t\t<div class=\"elementor-widget-container\">\n\t\t\t\t\t\t\t<div class=\"elementor-shortcode\"><iframe class=\"wonderplugin-pdf-iframe\" src=\"https:\/\/www.een.com\/wp-content\/plugins\/wonderplugin-pdf-embed\/pdfjslight\/web\/viewer.html?v=2&externallinktarget=2&file=https:\/\/www.een.com\/wp-content\/uploads\/2020\/10\/Smart-Cities-Whitepaper-20201006.pdf\" width=\"100%\" height=\"600px\" style=\"border:0;\"><\/iframe><\/div>\n\t\t\t\t\t\t<\/div>\n\t\t\t\t<\/div>\n\t\t\t\t\t<\/div>\n\t\t<\/div>\n\t\t\t\t\t<\/div>\n\t\t<\/section>\n\t\t\t\t<\/div>\n\t\t","protected":false},"excerpt":{"rendered":"<p>Bia\u0142a ksi\u0119ga inteligentnych miast Podstawowym celem inicjatyw Smart City jest inteligentne wykorzystanie danych i technologii, aby u\u0142atwi\u0107 i usprawni\u0107 codzienne \u017cycie ludzi, kt\u00f3rzy mieszkaj\u0105, pracuj\u0105 i odwiedzaj\u0105 miasto \u2013 przy &hellip;<\/p>\n<p class=\"read-more\"> <a class=\"\" href=\"https:\/\/www.een.com\/pl\/inteligentnych-miast-pdf\/\"> <span class=\"screen-reader-text\">Bia\u0142a ksi\u0119ga inteligentnych miast<\/span> Read More &raquo;<\/a><\/p>\n","protected":false},"author":544,"featured_media":0,"parent":0,"menu_order":493,"comment_status":"closed","ping_status":"closed","template":"elementor_header_footer","meta":{"_acf_changed":false,"_relevanssi_hide_post":"","_relevanssi_hide_content":"","_relevanssi_pin_for_all":"","_relevanssi_pin_keywords":"","_relevanssi_unpin_keywords":"","_relevanssi_related_keywords":"","_relevanssi_related_include_ids":"","_relevanssi_related_exclude_ids":"","_relevanssi_related_no_append":"","_relevanssi_related_not_related":"","_relevanssi_related_posts":"","_relevanssi_noindex_reason":"","footnotes":""},"class_list":["post-108890","page","type-page","status-publish","hentry"],"acf":[],"aioseo_notices":[],"_links":{"self":[{"href":"https:\/\/www.een.com\/pl\/wp-json\/wp\/v2\/pages\/108890","targetHints":{"allow":["GET"]}}],"collection":[{"href":"https:\/\/www.een.com\/pl\/wp-json\/wp\/v2\/pages"}],"about":[{"href":"https:\/\/www.een.com\/pl\/wp-json\/wp\/v2\/types\/page"}],"author":[{"embeddable":true,"href":"https:\/\/www.een.com\/pl\/wp-json\/wp\/v2\/users\/544"}],"replies":[{"embeddable":true,"href":"https:\/\/www.een.com\/pl\/wp-json\/wp\/v2\/comments?post=108890"}],"version-history":[{"count":0,"href":"https:\/\/www.een.com\/pl\/wp-json\/wp\/v2\/pages\/108890\/revisions"}],"wp:attachment":[{"href":"https:\/\/www.een.com\/pl\/wp-json\/wp\/v2\/media?parent=108890"}],"curies":[{"name":"wp","href":"https:\/\/api.w.org\/{rel}","templated":true}]}}