{"id":90375,"date":"2014-01-01T06:00:20","date_gmt":"2014-01-01T11:00:20","guid":{"rendered":"https:\/\/www.een.com\/soluzioni\/"},"modified":"2020-07-05T11:13:01","modified_gmt":"2020-07-05T16:13:01","slug":"soluzioni","status":"publish","type":"page","link":"https:\/\/www.een.com\/it\/soluzioni\/","title":{"rendered":"Soluzioni"},"content":{"rendered":"\t\t<div data-elementor-type=\"wp-page\" data-elementor-id=\"90375\" class=\"elementor elementor-90375 elementor-90350\" data-elementor-post-type=\"page\">\n\t\t\t\t\t\t<section data-particle_enable=\"false\" data-particle-mobile-disabled=\"false\" class=\"elementor-section elementor-top-section elementor-element elementor-element-7ea15e2 elementor-section-boxed elementor-section-height-default elementor-section-height-default\" data-id=\"7ea15e2\" data-element_type=\"section\" data-e-type=\"section\">\n\t\t\t\t\t\t<div class=\"elementor-container elementor-column-gap-default\">\n\t\t\t\t\t<div class=\"elementor-column elementor-col-100 elementor-top-column elementor-element elementor-element-135030f\" data-id=\"135030f\" data-element_type=\"column\" data-e-type=\"column\">\n\t\t\t<div class=\"elementor-widget-wrap elementor-element-populated\">\n\t\t\t\t\t\t<div class=\"elementor-element elementor-element-20ab649 elementor-widget elementor-widget-heading\" data-id=\"20ab649\" data-element_type=\"widget\" data-e-type=\"widget\" data-widget_type=\"heading.default\">\n\t\t\t\t<div class=\"elementor-widget-container\">\n\t\t\t\t\t<h1 class=\"elementor-heading-title elementor-size-default\">Soluzioni<\/h1>\t\t\t\t<\/div>\n\t\t\t\t<\/div>\n\t\t\t\t<div class=\"elementor-element elementor-element-47abacd elementor-widget elementor-widget-heading\" data-id=\"47abacd\" data-element_type=\"widget\" data-e-type=\"widget\" data-widget_type=\"heading.default\">\n\t\t\t\t<div class=\"elementor-widget-container\">\n\t\t\t\t\t<h2 class=\"elementor-heading-title elementor-size-default\">Una piattaforma: uso illimitato<\/h2>\t\t\t\t<\/div>\n\t\t\t\t<\/div>\n\t\t\t\t<div class=\"elementor-element elementor-element-6c3c7a4 elementor-widget elementor-widget-text-editor\" data-id=\"6c3c7a4\" data-element_type=\"widget\" data-e-type=\"widget\" data-widget_type=\"text-editor.default\">\n\t\t\t\t<div class=\"elementor-widget-container\">\n\t\t\t\t\t\t\t\t\t<p>La videocamera Eagle Eye Security VMS pu\u00f2 essere utilizzata in molti modi diversi.<br \/>\nIl VMS pu\u00f2 essere utilizzato per la videosorveglianza tradizionale e la prevenzione delle perdite, nonch\u00e9 per raggiungere operazioni e obiettivi aziendali pi\u00f9 ampi, come formazione, verifica della conformit\u00e0, riduzione del rischio di scivolamento e caduta, ottimizzazione del posizionamento del prodotto, qualit\u00e0 del punto vendita, aumento dei livelli di servizio alla clientela e verifica delle ore operative.<\/p>\n<p>Gli utenti possono visualizzare video dal vivo e storici, con audio, da dispositivi mobili o dai principali browser Web da qualsiasi parte del mondo. Le aziende possono impostare avvisi e-mail e SMS per elementi importanti che comprendono attivit\u00e0, attivit\u00e0 irregolari, rilevamento del movimento, malfunzionamento della fotocamera, manomissione del sistema e altro ancora.<\/p>\n<p>Possono anche specificare facilmente livelli di autorizzazione appropriati per diversi utenti per visualizzare e scaricare video. Il sistema \u00e8 basato su web \/ browser, con gestione basata sui ruoli, pertanto \u00e8 possibile accedere a diversi dipartimenti dell&#8217;azienda sia per la sicurezza che per la gestione delle operazioni.<\/p>\n\t\t\t\t\t\t\t\t<\/div>\n\t\t\t\t<\/div>\n\t\t\t\t\t<\/div>\n\t\t<\/div>\n\t\t\t\t\t<\/div>\n\t\t<\/section>\n\t\t\t\t<section data-particle_enable=\"false\" data-particle-mobile-disabled=\"false\" class=\"elementor-section elementor-top-section elementor-element elementor-element-b00d333 elementor-section-boxed elementor-section-height-default elementor-section-height-default\" data-id=\"b00d333\" data-element_type=\"section\" data-e-type=\"section\">\n\t\t\t\t\t\t<div class=\"elementor-container elementor-column-gap-default\">\n\t\t\t\t\t<div class=\"elementor-column elementor-col-25 elementor-top-column elementor-element elementor-element-765b5d5\" data-id=\"765b5d5\" data-element_type=\"column\" data-e-type=\"column\">\n\t\t\t<div class=\"elementor-widget-wrap elementor-element-populated\">\n\t\t\t\t\t\t<div class=\"elementor-element elementor-element-2d64df7 elementor-widget elementor-widget-image\" data-id=\"2d64df7\" data-element_type=\"widget\" data-e-type=\"widget\" data-widget_type=\"image.default\">\n\t\t\t\t<div class=\"elementor-widget-container\">\n\t\t\t\t\t\t\t\t\t\t\t\t\t\t\t<img fetchpriority=\"high\" decoding=\"async\" width=\"400\" height=\"400\" src=\"https:\/\/www.een.com\/wp-content\/uploads\/2014\/01\/GroceryStoreCheckOut.jpg\" class=\"attachment-large size-large wp-image-25320\" alt=\"GroceryStoreCheckOut\" srcset=\"https:\/\/www.een.com\/wp-content\/uploads\/2014\/01\/GroceryStoreCheckOut.jpg 400w, https:\/\/www.een.com\/wp-content\/uploads\/2014\/01\/GroceryStoreCheckOut-150x150.jpg 150w, https:\/\/www.een.com\/wp-content\/uploads\/2014\/01\/GroceryStoreCheckOut-300x300.jpg 300w, https:\/\/www.een.com\/wp-content\/uploads\/2014\/01\/GroceryStoreCheckOut-100x100.jpg 100w, https:\/\/www.een.com\/wp-content\/uploads\/2014\/01\/GroceryStoreCheckOut-130x130.jpg 130w, https:\/\/www.een.com\/wp-content\/uploads\/2014\/01\/GroceryStoreCheckOut-66x66.jpg 66w, https:\/\/www.een.com\/wp-content\/uploads\/2014\/01\/GroceryStoreCheckOut-45x45.jpg 45w\" sizes=\"(max-width: 400px) 100vw, 400px\" title=\"\" \/>\t\t\t\t\t\t\t\t\t\t\t\t\t\t\t<\/div>\n\t\t\t\t<\/div>\n\t\t\t\t\t<\/div>\n\t\t<\/div>\n\t\t\t\t<div class=\"elementor-column elementor-col-25 elementor-top-column elementor-element elementor-element-24c979c\" data-id=\"24c979c\" data-element_type=\"column\" data-e-type=\"column\">\n\t\t\t<div class=\"elementor-widget-wrap elementor-element-populated\">\n\t\t\t\t\t\t<div class=\"elementor-element elementor-element-26d21ba elementor-widget elementor-widget-image\" data-id=\"26d21ba\" data-element_type=\"widget\" data-e-type=\"widget\" data-widget_type=\"image.default\">\n\t\t\t\t<div class=\"elementor-widget-container\">\n\t\t\t\t\t\t\t\t\t\t\t\t\t\t\t<img decoding=\"async\" width=\"400\" height=\"400\" src=\"https:\/\/www.een.com\/wp-content\/uploads\/2014\/01\/pursesnatch.jpg\" class=\"attachment-large size-large wp-image-25326\" alt=\"pursesnatch\" srcset=\"https:\/\/www.een.com\/wp-content\/uploads\/2014\/01\/pursesnatch.jpg 400w, https:\/\/www.een.com\/wp-content\/uploads\/2014\/01\/pursesnatch-150x150.jpg 150w, https:\/\/www.een.com\/wp-content\/uploads\/2014\/01\/pursesnatch-300x300.jpg 300w, https:\/\/www.een.com\/wp-content\/uploads\/2014\/01\/pursesnatch-100x100.jpg 100w, https:\/\/www.een.com\/wp-content\/uploads\/2014\/01\/pursesnatch-130x130.jpg 130w, https:\/\/www.een.com\/wp-content\/uploads\/2014\/01\/pursesnatch-66x66.jpg 66w, https:\/\/www.een.com\/wp-content\/uploads\/2014\/01\/pursesnatch-45x45.jpg 45w\" sizes=\"(max-width: 400px) 100vw, 400px\" title=\"\" \/>\t\t\t\t\t\t\t\t\t\t\t\t\t\t\t<\/div>\n\t\t\t\t<\/div>\n\t\t\t\t\t<\/div>\n\t\t<\/div>\n\t\t\t\t<div class=\"elementor-column elementor-col-25 elementor-top-column elementor-element elementor-element-59e1181\" data-id=\"59e1181\" data-element_type=\"column\" data-e-type=\"column\">\n\t\t\t<div class=\"elementor-widget-wrap elementor-element-populated\">\n\t\t\t\t\t\t<div class=\"elementor-element elementor-element-d731444 elementor-widget elementor-widget-image\" data-id=\"d731444\" data-element_type=\"widget\" data-e-type=\"widget\" data-widget_type=\"image.default\">\n\t\t\t\t<div class=\"elementor-widget-container\">\n\t\t\t\t\t\t\t\t\t\t\t\t\t\t\t<img decoding=\"async\" width=\"400\" height=\"400\" src=\"https:\/\/www.een.com\/wp-content\/uploads\/2014\/01\/spraypaint.jpg\" class=\"attachment-large size-large wp-image-25338\" alt=\"spraypaint\" srcset=\"https:\/\/www.een.com\/wp-content\/uploads\/2014\/01\/spraypaint.jpg 400w, https:\/\/www.een.com\/wp-content\/uploads\/2014\/01\/spraypaint-150x150.jpg 150w, https:\/\/www.een.com\/wp-content\/uploads\/2014\/01\/spraypaint-300x300.jpg 300w, https:\/\/www.een.com\/wp-content\/uploads\/2014\/01\/spraypaint-100x100.jpg 100w, https:\/\/www.een.com\/wp-content\/uploads\/2014\/01\/spraypaint-130x130.jpg 130w, https:\/\/www.een.com\/wp-content\/uploads\/2014\/01\/spraypaint-66x66.jpg 66w, https:\/\/www.een.com\/wp-content\/uploads\/2014\/01\/spraypaint-45x45.jpg 45w\" sizes=\"(max-width: 400px) 100vw, 400px\" title=\"\" \/>\t\t\t\t\t\t\t\t\t\t\t\t\t\t\t<\/div>\n\t\t\t\t<\/div>\n\t\t\t\t\t<\/div>\n\t\t<\/div>\n\t\t\t\t<div class=\"elementor-column elementor-col-25 elementor-top-column elementor-element elementor-element-cedf896\" data-id=\"cedf896\" data-element_type=\"column\" data-e-type=\"column\">\n\t\t\t<div class=\"elementor-widget-wrap elementor-element-populated\">\n\t\t\t\t\t\t<div class=\"elementor-element elementor-element-a9916b1 elementor-widget elementor-widget-image\" data-id=\"a9916b1\" data-element_type=\"widget\" data-e-type=\"widget\" data-widget_type=\"image.default\">\n\t\t\t\t<div class=\"elementor-widget-container\">\n\t\t\t\t\t\t\t\t\t\t\t\t\t\t\t<img loading=\"lazy\" decoding=\"async\" width=\"400\" height=\"400\" src=\"https:\/\/www.een.com\/wp-content\/uploads\/2014\/01\/Shoplift.jpg\" class=\"attachment-large size-large wp-image-25332\" alt=\"Shoplift\" srcset=\"https:\/\/www.een.com\/wp-content\/uploads\/2014\/01\/Shoplift.jpg 400w, https:\/\/www.een.com\/wp-content\/uploads\/2014\/01\/Shoplift-150x150.jpg 150w, https:\/\/www.een.com\/wp-content\/uploads\/2014\/01\/Shoplift-300x300.jpg 300w, https:\/\/www.een.com\/wp-content\/uploads\/2014\/01\/Shoplift-100x100.jpg 100w, https:\/\/www.een.com\/wp-content\/uploads\/2014\/01\/Shoplift-130x130.jpg 130w, https:\/\/www.een.com\/wp-content\/uploads\/2014\/01\/Shoplift-66x66.jpg 66w, https:\/\/www.een.com\/wp-content\/uploads\/2014\/01\/Shoplift-45x45.jpg 45w\" sizes=\"(max-width: 400px) 100vw, 400px\" title=\"\" \/>\t\t\t\t\t\t\t\t\t\t\t\t\t\t\t<\/div>\n\t\t\t\t<\/div>\n\t\t\t\t\t<\/div>\n\t\t<\/div>\n\t\t\t\t\t<\/div>\n\t\t<\/section>\n\t\t\t\t<\/div>\n\t\t","protected":false},"excerpt":{"rendered":"<p>Soluzioni Una piattaforma: uso illimitato La videocamera Eagle Eye Security VMS pu\u00f2 essere utilizzata in molti modi diversi. Il VMS pu\u00f2 essere utilizzato per la videosorveglianza tradizionale e la prevenzione &hellip;<\/p>\n<p class=\"read-more\"> <a class=\"\" href=\"https:\/\/www.een.com\/it\/soluzioni\/\"> <span class=\"screen-reader-text\">Soluzioni<\/span> Leggi altro &raquo;<\/a><\/p>\n","protected":false},"author":544,"featured_media":0,"parent":0,"menu_order":1210,"comment_status":"closed","ping_status":"closed","template":"","meta":{"_acf_changed":false,"_relevanssi_hide_post":"","_relevanssi_hide_content":"","_relevanssi_pin_for_all":"","_relevanssi_pin_keywords":"","_relevanssi_unpin_keywords":"","_relevanssi_related_keywords":"","_relevanssi_related_include_ids":"","_relevanssi_related_exclude_ids":"","_relevanssi_related_no_append":"","_relevanssi_related_not_related":"","_relevanssi_related_posts":"","_relevanssi_noindex_reason":"","footnotes":""},"class_list":["post-90375","page","type-page","status-publish","hentry"],"acf":[],"aioseo_notices":[],"_links":{"self":[{"href":"https:\/\/www.een.com\/it\/wp-json\/wp\/v2\/pages\/90375","targetHints":{"allow":["GET"]}}],"collection":[{"href":"https:\/\/www.een.com\/it\/wp-json\/wp\/v2\/pages"}],"about":[{"href":"https:\/\/www.een.com\/it\/wp-json\/wp\/v2\/types\/page"}],"author":[{"embeddable":true,"href":"https:\/\/www.een.com\/it\/wp-json\/wp\/v2\/users\/544"}],"replies":[{"embeddable":true,"href":"https:\/\/www.een.com\/it\/wp-json\/wp\/v2\/comments?post=90375"}],"version-history":[{"count":0,"href":"https:\/\/www.een.com\/it\/wp-json\/wp\/v2\/pages\/90375\/revisions"}],"wp:attachment":[{"href":"https:\/\/www.een.com\/it\/wp-json\/wp\/v2\/media?parent=90375"}],"curies":[{"name":"wp","href":"https:\/\/api.w.org\/{rel}","templated":true}]}}