{"id":141981,"date":"2022-05-27T10:56:23","date_gmt":"2022-05-27T15:56:23","guid":{"rendered":"https:\/\/www.een.com\/azienda\/"},"modified":"2023-06-05T14:14:38","modified_gmt":"2023-06-05T19:14:38","slug":"azienda","status":"publish","type":"page","link":"https:\/\/www.een.com\/it\/azienda\/","title":{"rendered":"Chi siamo"},"content":{"rendered":"<div class=\"wp-block-een-industries-slant-block vms\" id=\"een-industries-slant-block-block_4fadccea647c1faeb9d82814a2acb869\"><style>\n  #een-industries-slant-block-block_4fadccea647c1faeb9d82814a2acb869 .content-wysiwyg p,\n  #een-industries-slant-block-block_4fadccea647c1faeb9d82814a2acb869 .content-wysiwyg li {\n    color: #ffffff !important;\n    font-size: 26px;\n  }\n  #een-industries-slant-block-block_4fadccea647c1faeb9d82814a2acb869 .container-fluid.slant .slant_bg {\n    width: 100%;\n    max-height: 400px;\n    min-height: 400px;\n    position: absolute;\n    top: 0;\n    left: 0;\n    -webkit-clip-path: polygon(0 0, 100% 0, 100% 100%, 0 85%);\n    clip-path: polygon(0 0, 100% 0, 100% 100%, 0 85%);\n  }\n\n  #een-industries-slant-block-block_4fadccea647c1faeb9d82814a2acb869 .container-fluid.slant .row {\n    padding: 30px 0;\n  }\n\n  #een-industries-slant-block-block_4fadccea647c1faeb9d82814a2acb869 .container-fluid.slant .container {\n    z-index:5;\n  }\n\n  @media screen and (max-width: 991px){\n    #een-industries-slant-block-block_4fadccea647c1faeb9d82814a2acb869 .content-wysiwyg p {\n        color: #333 !important;\n        margin-top: 20px;\n        text-align: center;\n    }\n  }\n\n  @media screen and (max-width:768px) {\n    #een-industries-slant-block-block_4fadccea647c1faeb9d82814a2acb869 .container-fluid.slant .slant_bg {\n        clip-path: polygon(0 0, 100% 0, 100% 100%, 0 100%);\n        min-height:100%;\n    }\n\n    #een-industries-slant-block-block_4fadccea647c1faeb9d82814a2acb869 .content-wysiwyg p {\n      font-size: 16px !important;\n      margin-top: 20px;\n      color: #fff !important;\n      text-align: center;\n    }\n\n    #een-industries-slant-block-block_4fadccea647c1faeb9d82814a2acb869 img {\n      max-width: 300px;\n      display: block;\n      text-align: center;\n      margin: 0 auto !important;\n    }\n\n  }\n\n  #een-industries-slant-block-block_4fadccea647c1faeb9d82814a2acb869 p {\n    line-height:1.1em;\n  }\n\n<\/style>\n\n<div class=\"vms\">\n  <div class=\"relative\">\n      <section>\n          <div class=\"container-fluid slant d-flex-center\">\n              <div class=\"slant_bg\" style=\"background: #000000;\"><\/div>\n              <div class=\"container\">\n                  <div class=\"row\">\n                      <div class=\"col-lg-6\">\n                        <img decoding=\"async\" src=\"https:\/\/www.een.com\/wp-content\/uploads\/2022\/02\/OwnTexas_Office_Screens-1.png\" style=\"margin-left:15px; margin-top:-8px; transform: scale(1)\" \/>\n                      <\/div>\n\n                      <div class=\"col-lg-6 d-flex-center order-1\" style=\"padding-left: 10px;\">\n                          <div class=\"content-wysiwyg\">\n                            <p>Noi di Eagle Eye Networks crediamo che una vera videosorveglianza in cloud, con le opportune protezioni per la privacy e la cybersecurity, fornisca una sicurezza proattiva e preziosi dati utilizzabili. In definitiva, garantir\u00e0 che le aziende e le comunit\u00e0 siano pi\u00f9 informate, impegnate e sicure.<\/p>\n                          <\/div>\n                      <\/div>\n                  <\/div>\n              <\/div>\n          <\/div>\n      <\/section>\n  <\/div>\n<\/div>\n\n<\/div>\n\n\n<div class=\"wp-block-een-section-header-block vms\" style=\"padding-top:50px;padding-bottom:0\"><div class=\"container text-center\"><div class=\"text-container\" style=\"max-width:1200px;margin:0 auto\"><h2 class=\"title\">I nostri valori condivisi<\/h2><\/div><\/div><\/div>\n\n\n<div class=\"wp-block-een-industries-features-squares\"><style>\n.wp-block-een-industries-features-squares .fbshadow {\n    text-align:left;\n    box-shadow: 0px 34px 35px rgba(0, 0, 0, 0.07);\n    padding:30px;\n}\n\n.wp-block-een-industries-features-squares .fbshadow img {\n    max-width:80px;\n    margin-bottom:10px;\n}\n\n.wp-block-een-industries-features-squares .row.d-flex {\n    justify-content:center\n}\n<\/style>\n\n<section class=\"analytics\">\n  <div class=\"container-fluid content bg-white\" style=\"padding-top:30px, padding-bottom:50px\">\n    <div class=\"container text-center\" style=\"padding: 0px 100px;\">\n<div class=\"row d-flex\">    <div class=\"col-lg-4 col-md-12 fbshadow\">\n      <div class=\"feature-icon\">\n        <img decoding=\"async\" width=\"165\" height=\"156\" src=\"https:\/\/www.een.com\/wp-content\/uploads\/2022\/05\/team-page-icons-01.png\" class=\"attachment-full size-full\" alt=\"chat\" \/>      <\/div>\n      <div class=\"feature-content\">\n          <p><strong>SIAMO UNA SQUADRA<\/strong><\/p>\n<p>Lavoriamo come una squadra, facendo coaching, sostenendoci e fidandoci l&#8217;uno dell&#8217;altro.<\/p>\n      <\/div>\n    <\/div>\n\n        <div class=\"col-lg-4 col-md-12 fbshadow\">\n      <div class=\"feature-icon\">\n        <img decoding=\"async\" width=\"165\" height=\"156\" src=\"https:\/\/www.een.com\/wp-content\/uploads\/2022\/05\/team-page-icons-05.png\" class=\"attachment-full size-full\" alt=\"video surveillance checklist\" \/>      <\/div>\n      <div class=\"feature-content\">\n          <p><strong>CI ASSUMIAMO LA RESPONSABILIT\u00c0<\/strong><\/p>\n<p>Ognuno di noi si assume la responsabilit\u00e0, consegna e risolve. Facciamo in modo che le cose accadano.<\/p>\n      <\/div>\n    <\/div>\n\n        <div class=\"col-lg-4 col-md-12 fbshadow\">\n      <div class=\"feature-icon\">\n        <img decoding=\"async\" width=\"165\" height=\"156\" src=\"https:\/\/www.een.com\/wp-content\/uploads\/2022\/05\/team-page-icons-02.png\" class=\"attachment-full size-full\" alt=\"team\" \/>      <\/div>\n      <div class=\"feature-content\">\n          <p><strong>FACCIAMO CRESCERE LE PERSONE<\/strong><\/p>\n<p>Desideriamo crescita, apprendimento, salute e miglioramento per i nostri dipendenti, clienti, partner, famiglie e comunit\u00e0.<\/p>\n      <\/div>\n    <\/div>\n\n    <\/div><div class=\"row d-flex\">    <div class=\"col-lg-4 col-md-12 fbshadow\">\n      <div class=\"feature-icon\">\n        <img loading=\"lazy\" decoding=\"async\" width=\"165\" height=\"156\" src=\"https:\/\/www.een.com\/wp-content\/uploads\/2022\/05\/team-page-icons-03.png\" class=\"attachment-full size-full\" alt=\"video surveillance partnership\" \/>      <\/div>\n      <div class=\"feature-content\">\n          <p><strong>LAVORIAMO CON INTEGRIT\u00c0<\/strong><\/p>\n<p>L&#8217;onest\u00e0, l&#8217;integrit\u00e0 e la correttezza sono le caratteristiche principali del nostro lavoro.<\/p>\n      <\/div>\n    <\/div>\n\n        <div class=\"col-lg-4 col-md-12 fbshadow\">\n      <div class=\"feature-icon\">\n        <img loading=\"lazy\" decoding=\"async\" width=\"164\" height=\"156\" src=\"https:\/\/www.een.com\/wp-content\/uploads\/2022\/05\/team-page-icons-04.png\" class=\"attachment-full size-full\" alt=\"cloud surveillance\" \/>      <\/div>\n      <div class=\"feature-content\">\n          <p><strong>STUPIAMO I CLIENTI<\/strong><\/p>\n<p>Lo stupore dei clienti e dei partner ci spinge a diventare grandi.<\/p>\n      <\/div>\n    <\/div>\n\n    <\/div>\n    <\/div>\n  <\/div>\n<\/section>\n<\/div>\n\n<div class=\"wp-block-een-industries-bg-block vms\" id=\"een-industries-bg-block-block_40523b23d645ed2bb6c94b86035500b7\"><style>\n  #een-industries-bg-block-block_40523b23d645ed2bb6c94b86035500b7 .content-wysiwyg p,\n  #een-industries-bg-block-block_40523b23d645ed2bb6c94b86035500b7 .content-wysiwyg li {\n    color: #ffffff !important;\n  }\n  \/* Make their chosen tag appear as an h1 *\/\n  #een-industries-bg-block-block_40523b23d645ed2bb6c94b86035500b7 h1.h1,\n  #een-industries-bg-block-block_40523b23d645ed2bb6c94b86035500b7 h2.h1,\n  #een-industries-bg-block-block_40523b23d645ed2bb6c94b86035500b7 h3.h1,\n  #een-industries-bg-block-block_40523b23d645ed2bb6c94b86035500b7 h4.h1 {\n    font-size: 30px !important;\n    padding: 10px !important;\n    margin: 0 !important;\n    line-height: 1.25 !important;\n    color: #ffffff;\n    font-weight: normal !important;\n  }\n\n  #een-industries-bg-block-block_40523b23d645ed2bb6c94b86035500b7 {\n    margin: 50px 0 !important;\n  }\n\n #een-industries-bg-block-block_40523b23d645ed2bb6c94b86035500b7 .container {\n      position: absolute;\n      max-width: 90% !important;\n      background-repeat: no-repeat !important;\n      background-size: cover !important;\n  }\n\n  @media screen and (max-width: 820px) {\n\n    #een-industries-bg-block-block_40523b23d645ed2bb6c94b86035500b7 .container-fluid {\n        height: auto !important;\n    }\n\n    #een-industries-bg-block-block_40523b23d645ed2bb6c94b86035500b7 .container {\n      position: relative;\n      background-image: none !important;\n      text-align: left;\n      overflow: hidden;\n      height: 700px !important;\n      align-items: end;\n    }\n\n    #een-industries-bg-block-block_40523b23d645ed2bb6c94b86035500b7 .container h2 {\n      text-align:left;\n    }\n\n    #een-industries-bg-block-block_40523b23d645ed2bb6c94b86035500b7 img.mobile_img {\n      transform: scale(1) !important;\n      position: absolute !important;\n      top: 0;\n      left: 0;\n      width: 100%;\n    }\n\n    #een-industries-bg-block-block_40523b23d645ed2bb6c94b86035500b7 .row {\n      z-index:1;\n    }\n  }\n<\/style>\n\n<div class=\"relative\" id=\"\">\n  <section>\n    <div class=\"container-fluid\" style=\"height:650px\">\n\n      <div class=\"container d-flex-center\" style=\"background-image:url(https:\/\/www.een.com\/wp-content\/uploads\/2022\/05\/Frame-69v2-min.jpg);background-position:top right; height:100%; padding:50px; left:auto; right:0\">\n        <img decoding=\"async\" class=\"mobile_img\" src=\"https:\/\/www.een.com\/wp-content\/uploads\/2022\/05\/section_image_05-min_.jpg\" alt=\"Team\" title=\"Team\">\n        <div class=\"row\">\n          <div class=\"col-md-12 col-lg-6 order-0\">\n            <div class=\"text-container\">\n              <h2 class=\"h1\">Diversit\u00e0 e inclusione<\/h2>              <div class=\"content-wysiwyg\">\n                <p>In Eagle Eye sappiamo che la diversit\u00e0, l&#8217;inclusione e l&#8217;uguaglianza partono dall&#8217;interno. Diamo valore a prospettive nuove e diverse, sapendo che le idee diverse stimolano l&#8217;innovazione e contribuiscono a creare il futuro che vogliamo. Ci sforziamo di avere un impatto significativo sulla vita dei nostri collaboratori, clienti e partner.<\/p>\n              <\/div>\n            <\/div>\n          <\/div>\n          <div class=\"col-md-12 col-lg-6\">\n          <\/div>\n        <\/div>\n      <\/div>\n    <\/div>\n  <\/section>\n<\/div>\n\n<\/div>\n\n<div class=\"wp-block-een-industries-bg-block vms\" id=\"een-industries-bg-block-block_e30cd91ceb58ad8ed1fa4c4a604977db\"><style>\n  #een-industries-bg-block-block_e30cd91ceb58ad8ed1fa4c4a604977db .content-wysiwyg p,\n  #een-industries-bg-block-block_e30cd91ceb58ad8ed1fa4c4a604977db .content-wysiwyg li {\n    color: #ffffff !important;\n  }\n  \/* Make their chosen tag appear as an h1 *\/\n  #een-industries-bg-block-block_e30cd91ceb58ad8ed1fa4c4a604977db h1.h1,\n  #een-industries-bg-block-block_e30cd91ceb58ad8ed1fa4c4a604977db h2.h1,\n  #een-industries-bg-block-block_e30cd91ceb58ad8ed1fa4c4a604977db h3.h1,\n  #een-industries-bg-block-block_e30cd91ceb58ad8ed1fa4c4a604977db h4.h1 {\n    font-size: 30px !important;\n    padding: 10px !important;\n    margin: 0 !important;\n    line-height: 1.25 !important;\n    color: #ffffff;\n    font-weight: normal !important;\n  }\n\n  #een-industries-bg-block-block_e30cd91ceb58ad8ed1fa4c4a604977db {\n    margin: 50px 0 !important;\n  }\n\n #een-industries-bg-block-block_e30cd91ceb58ad8ed1fa4c4a604977db .container {\n      position: absolute;\n      max-width: 90% !important;\n      background-repeat: no-repeat !important;\n      background-size: cover !important;\n  }\n\n  @media screen and (max-width: 820px) {\n\n    #een-industries-bg-block-block_e30cd91ceb58ad8ed1fa4c4a604977db .container-fluid {\n        height: auto !important;\n    }\n\n    #een-industries-bg-block-block_e30cd91ceb58ad8ed1fa4c4a604977db .container {\n      position: relative;\n      background-image: none !important;\n      text-align: left;\n      overflow: hidden;\n      height: 700px !important;\n      align-items: end;\n    }\n\n    #een-industries-bg-block-block_e30cd91ceb58ad8ed1fa4c4a604977db .container h2 {\n      text-align:left;\n    }\n\n    #een-industries-bg-block-block_e30cd91ceb58ad8ed1fa4c4a604977db img.mobile_img {\n      transform: scale(1) !important;\n      position: absolute !important;\n      top: 0;\n      left: 0;\n      width: 100%;\n    }\n\n    #een-industries-bg-block-block_e30cd91ceb58ad8ed1fa4c4a604977db .row {\n      z-index:1;\n    }\n  }\n<\/style>\n\n<div class=\"relative\" id=\"\">\n  <section>\n    <div class=\"container-fluid\" style=\"height:650px\">\n\n      <div class=\"container d-flex-center\" style=\"background-image:url(https:\/\/www.een.com\/wp-content\/uploads\/2022\/05\/Frame-70v2-min.jpg);background-position:top left; height:100%; padding:50px; left:0; right:auto\">\n        <img decoding=\"async\" class=\"mobile_img\" src=\"https:\/\/www.een.com\/wp-content\/uploads\/2022\/05\/section_image_04v2-min.jpg\" alt=\"\" title=\"\">\n        <div class=\"row\">\n          <div class=\"col-md-12 col-lg-6 order-1\">\n            <div class=\"text-container\">\n              <h2 class=\"h1\">Sostenibilit\u00e0 del prodotto<\/h2>              <div class=\"content-wysiwyg\">\n                <p>Prendiamo sul serio il nostro ruolo nella sicurezza, cercando di risolvere le sfide globali con un&#8217;attenzione particolare all&#8217;innovazione significativa che migliorer\u00e0 le comunit\u00e0 che serviamo in tutto il mondo. Pur rimanendo fedeli alla nostra missione, cerchiamo di avere un impatto positivo sull&#8217;ambiente attraverso un progresso coscienzioso. Abbracciamo lo spirito imprenditoriale su cui \u00e8 stata fondata la nostra azienda, cercando il cambiamento e nuovi modi per innovare il nostro settore.<\/p>\n              <\/div>\n            <\/div>\n          <\/div>\n          <div class=\"col-md-12 col-lg-6\">\n          <\/div>\n        <\/div>\n      <\/div>\n    <\/div>\n  <\/section>\n<\/div>\n\n<\/div>\n\n<div class=\"wp-block-een-industries-bg-block vms\" id=\"een-industries-bg-block-block_403ac4c1dde7dace5d620e38e9047b2e\"><style>\n  #een-industries-bg-block-block_403ac4c1dde7dace5d620e38e9047b2e .content-wysiwyg p,\n  #een-industries-bg-block-block_403ac4c1dde7dace5d620e38e9047b2e .content-wysiwyg li {\n    color: #ffffff !important;\n  }\n  \/* Make their chosen tag appear as an h1 *\/\n  #een-industries-bg-block-block_403ac4c1dde7dace5d620e38e9047b2e h1.h1,\n  #een-industries-bg-block-block_403ac4c1dde7dace5d620e38e9047b2e h2.h1,\n  #een-industries-bg-block-block_403ac4c1dde7dace5d620e38e9047b2e h3.h1,\n  #een-industries-bg-block-block_403ac4c1dde7dace5d620e38e9047b2e h4.h1 {\n    font-size: 30px !important;\n    padding: 10px !important;\n    margin: 0 !important;\n    line-height: 1.25 !important;\n    color: #ffffff;\n    font-weight: normal !important;\n  }\n\n  #een-industries-bg-block-block_403ac4c1dde7dace5d620e38e9047b2e {\n    margin: 50px 0 !important;\n  }\n\n #een-industries-bg-block-block_403ac4c1dde7dace5d620e38e9047b2e .container {\n      position: absolute;\n      max-width: 90% !important;\n      background-repeat: no-repeat !important;\n      background-size: cover !important;\n  }\n\n  @media screen and (max-width: 820px) {\n\n    #een-industries-bg-block-block_403ac4c1dde7dace5d620e38e9047b2e .container-fluid {\n        height: auto !important;\n    }\n\n    #een-industries-bg-block-block_403ac4c1dde7dace5d620e38e9047b2e .container {\n      position: relative;\n      background-image: none !important;\n      text-align: left;\n      overflow: hidden;\n      height: 700px !important;\n      align-items: end;\n    }\n\n    #een-industries-bg-block-block_403ac4c1dde7dace5d620e38e9047b2e .container h2 {\n      text-align:left;\n    }\n\n    #een-industries-bg-block-block_403ac4c1dde7dace5d620e38e9047b2e img.mobile_img {\n      transform: scale(1) !important;\n      position: absolute !important;\n      top: 0;\n      left: 0;\n      width: 100%;\n    }\n\n    #een-industries-bg-block-block_403ac4c1dde7dace5d620e38e9047b2e .row {\n      z-index:1;\n    }\n  }\n<\/style>\n\n<div class=\"relative\" id=\"\">\n  <section>\n    <div class=\"container-fluid\" style=\"height:650px\">\n\n      <div class=\"container d-flex-center\" style=\"background-image:url(https:\/\/www.een.com\/wp-content\/uploads\/2022\/05\/Frame-71-min_.jpg);background-position:top right; height:100%; padding:50px; left:auto; right:0\">\n        <img decoding=\"async\" class=\"mobile_img\" src=\"https:\/\/www.een.com\/wp-content\/uploads\/2022\/05\/section_image_05-1-min_.jpg\" alt=\"Video Surveillance 2\" title=\"Video Surveillance 2\">\n        <div class=\"row\">\n          <div class=\"col-md-12 col-lg-6 order-0\">\n            <div class=\"text-container\">\n              <h2 class=\"h1\">Concentrarsi sull&#8217;impatto immediato<\/h2>              <div class=\"content-wysiwyg\">\n                <p>Pur essendo ancora all&#8217;inizio del nostro percorso climatico, Eagle Eye ha in corso diverse iniziative per misurare e ridurre il consumo di energia nei nostri uffici, magazzini e centri dati globali. Eagle Eye \u00e8 costantemente impegnata a migliorare l&#8217;efficienza energetica e le emissioni di anidride carbonica con prodotti come l&#8217;acquisto di soluzioni di sicurezza &#8220;green tech&#8221; come telecamere a energia solare e sensori energetici integrati.<\/p>\n              <\/div>\n            <\/div>\n          <\/div>\n          <div class=\"col-md-12 col-lg-6\">\n          <\/div>\n        <\/div>\n      <\/div>\n    <\/div>\n  <\/section>\n<\/div>\n\n<\/div>\n\n\n<div class=\"wp-block-een-section-header-block vms\" style=\"padding-top:30px;padding-bottom:0\"><div class=\"container text-center\"><div class=\"text-container\" style=\"max-width:1200px;margin:0 auto\"><h2 class=\"title\">Dare indietro<\/h2><p>Attraverso i nostri programmi d&#8217;impatto, contribuiamo a migliorare la sicurezza delle organizzazioni che operano nella comunit\u00e0, compensando i costi della sicurezza con l&#8217;implementazione di moderne attrezzature di sicurezza e servizi di registrazione in cloud. <\/p><\/div><\/div><\/div>\n\n\n\n<div class=\"vms\"><section><div class=\"container-fluid content bg-white\" style=\"padding-top:50px\"><div class=\"container text-center\" style=\"padding:0px 100px\"><div class=\"row\"><div class=\"col-lg-6 col-md-12\"><div class=\"cntrl intel d-flex\" style=\"background:url(https:\/\/www.een.com\/wp-content\/uploads\/2022\/05\/Frame-47v2-min.jpg) !important;background-size:cover !important;align-items:flex-end;webkit-align-items:flex-end\"><div><h4 class=\"sub_title white pb\">BORSA DI STUDIO PER LA SCUOLA DRAKO<\/h4><p class=\"white lg-text\">&#8220;Aumentando l&#8217;accesso alla videosorveglianza cloud di alta qualit\u00e0, stiamo creando un ambiente pi\u00f9 sicuro per i nostri studenti, genitori e personale. Crediamo che il futuro della videosorveglianza sia nel cloud e le nostre scuole meritano una soluzione flessibile, sicura e a basso costo che solo la migrazione a un VMS cloud pu\u00f2 garantire&#8221;, ha dichiarato Dean Drako, CEO di Eagle Eye Networks.<\/p><\/div><\/div><\/div><div class=\"col-lg-6 col-md-12\"><div class=\"cntrl alerts d-flex\" style=\"background:url(https:\/\/www.een.com\/wp-content\/uploads\/2022\/06\/Frame-48v2-min.jpg);align-items:start;webkit-align-items:start\"><div><h4 class=\"sub_title white pb\">CASA RONALD MCDONALD<\/h4><p class=\"white lg-text\">&#8220;Quando una mamma alle prime armi con un bambino in terapia intensiva neonatale resta a casa e il padre deve tornare al lavoro, il nostro sistema Eagle Eye ci permette di dare al padre la certezza e la tranquillit\u00e0 che la sua famiglia \u00e8 al sicuro&#8221;, ha detto. &#8220;Non c&#8217;\u00e8 niente di pi\u00f9 importante di questo&#8221;. <\/p><\/div><\/div><\/div><\/div><\/div><\/div><\/section><\/div>\n\n\n\n<div style=\"height:100px\" aria-hidden=\"true\" class=\"wp-block-spacer\"><\/div>\n\n\n<div class=\"wp-block-een-industries-hero-block\"><style>\n  #een-industries-hero-block-block_a9bb3ec0ed346bf760ce74630b52b4fa .hero-wysiwyg p {\n    color: #ffffff !important;\n  }\n  \/* Make their chosen tag appear as an h1 *\/\n  #een-industries-hero-block-block_a9bb3ec0ed346bf760ce74630b52b4fa h1.h1,\n  #een-industries-hero-block-block_a9bb3ec0ed346bf760ce74630b52b4fa h2.h1,\n  #een-industries-hero-block-block_a9bb3ec0ed346bf760ce74630b52b4fa h3.h1,\n  #een-industries-hero-block-block_a9bb3ec0ed346bf760ce74630b52b4fa h4.h1 {\n    font-size: 40px !important;\n    padding: 10px !important;\n    margin: 0 !important;\n    line-height: 1.25 !important;\n    color: #fff;\n    font-weight: bold !important;\n  }\n\n\n  @media screen and (max-width:600px) {\n\n    .wp-block-een-industries-hero-block .vms .een-atf .h1 {\n      font-size: 30px !important;\n    }\n    .wp-block-een-industries-hero-block a {\n      display: block;\n      text-align: center;\n    }\n    .wp-block-een-industries-hero-block .h1,\n    .wp-block-een-industries-hero-block p {\n      text-align: center !important;\n      margin: 0 auto !important;\n    }\n    .wp-block-een-industries-hero-block section.een-atf .container-fluid {\n      z-index: 1;\n    }\n\n    .wp-block-een-industries-hero-block.mobile_background .mobile_image {\n      width:100%;\n      height:100%;\n      position:absolute;\n      background-repeat: no-repeat !important;\n      background-size:cover !important;\n      background-position:bottom center !important;\n    }\n  }\n\n\n  .wp-block-een-industries-hero-block section.een-atf {\n    display: flex;\n    align-items: center;\n  }\n\n\n<\/style>\n\n<div class=\"vms main-container\" id=\"een-industries-hero-block-block_a9bb3ec0ed346bf760ce74630b52b4fa\">\n  <section class=\"een-atf\" url=\"https:\/\/www.een.com\/wp-content\/uploads\/2022\/02\/education_hero_image.jpg\" style=\"background-image:url(https:\/\/www.een.com\/wp-content\/uploads\/2022\/02\/education_hero_image.jpg);height:auto\">\n    <div class=\"container-fluid\">\n      <div class=\"container\" style=\"height:auto\">\n        <div class=\"row\">\n          <div class=\"col-md-12 center\" style=\"text-align:center\">\n            <h2 class=\"h1\" style=\"color:#ffffff\">Unisciti al nostro team globale in continua crescita<\/h2>            <div class=\"hero-wysiwyg\">\n              <p>Se siete pronti a far crescere la vostra carriera, siete nel posto giusto. Noi di Eagle Eye Networks stiamo portando la tecnologia di videosorveglianza a un livello superiore. Non ci limitiamo a far progredire la sorveglianza e la sicurezza, ma forniamo anche ai clienti preziose informazioni commerciali per aiutarli a migliorare le operazioni, ridurre i costi e garantire che il loro personale sia il pi\u00f9 efficiente ed efficace possibile.<\/p>\n            <\/div>\n            <a href=\"\/careers\/#job\"><button type=\"button\" class=\"btn btn-een\">Visualizza le posizioni aperte<\/button><\/a>          <\/div>\n          <div class=\"col-md-6\">\n          <\/div>\n        <\/div>\n      <\/div>\n    <\/div>\n    <div class=\"mobile_image\" style=\"background-image:url();\"><\/div>\n  <\/section>\n<\/div>\n\n<\/div>","protected":false},"excerpt":{"rendered":"","protected":false},"author":1633,"featured_media":0,"parent":0,"menu_order":163,"comment_status":"closed","ping_status":"closed","template":"","meta":{"_acf_changed":false,"_relevanssi_hide_post":"","_relevanssi_hide_content":"","_relevanssi_pin_for_all":"","_relevanssi_pin_keywords":"","_relevanssi_unpin_keywords":"","_relevanssi_related_keywords":"","_relevanssi_related_include_ids":"","_relevanssi_related_exclude_ids":"","_relevanssi_related_no_append":"","_relevanssi_related_not_related":"","_relevanssi_related_posts":"119522,24480,109360,36406,40099,38962","_relevanssi_noindex_reason":"","footnotes":""},"class_list":["post-141981","page","type-page","status-publish","hentry"],"acf":[],"aioseo_notices":[],"_links":{"self":[{"href":"https:\/\/www.een.com\/it\/wp-json\/wp\/v2\/pages\/141981","targetHints":{"allow":["GET"]}}],"collection":[{"href":"https:\/\/www.een.com\/it\/wp-json\/wp\/v2\/pages"}],"about":[{"href":"https:\/\/www.een.com\/it\/wp-json\/wp\/v2\/types\/page"}],"author":[{"embeddable":true,"href":"https:\/\/www.een.com\/it\/wp-json\/wp\/v2\/users\/1633"}],"replies":[{"embeddable":true,"href":"https:\/\/www.een.com\/it\/wp-json\/wp\/v2\/comments?post=141981"}],"version-history":[{"count":0,"href":"https:\/\/www.een.com\/it\/wp-json\/wp\/v2\/pages\/141981\/revisions"}],"wp:attachment":[{"href":"https:\/\/www.een.com\/it\/wp-json\/wp\/v2\/media?parent=141981"}],"curies":[{"name":"wp","href":"https:\/\/api.w.org\/{rel}","templated":true}]}}