{"id":95280,"date":"2020-07-03T09:31:27","date_gmt":"2020-07-03T14:31:27","guid":{"rendered":"https:\/\/www.een.com\/trouver-revendeur-jevousremercie\/"},"modified":"2020-07-20T09:34:20","modified_gmt":"2020-07-20T14:34:20","slug":"trouver-revendeur-jevousremercie","status":"publish","type":"page","link":"https:\/\/www.een.com\/fr\/revendeur\/trouver-revendeur-jevousremercie\/","title":{"rendered":"Demander un devis aujourd\u2019hui \u2013 Je Vous Remercie"},"content":{"rendered":"\t\t<div data-elementor-type=\"wp-page\" data-elementor-id=\"95280\" class=\"elementor elementor-95280 elementor-95275\" data-elementor-post-type=\"page\">\n\t\t\t\t\t\t<section data-particle_enable=\"false\" data-particle-mobile-disabled=\"false\" class=\"elementor-section elementor-top-section elementor-element elementor-element-093c6e0 elementor-section-boxed elementor-section-height-default elementor-section-height-default\" data-id=\"093c6e0\" data-element_type=\"section\" data-e-type=\"section\">\n\t\t\t\t\t\t<div class=\"elementor-container elementor-column-gap-default\">\n\t\t\t\t\t<div class=\"elementor-column elementor-col-100 elementor-top-column elementor-element elementor-element-e0c02f0\" data-id=\"e0c02f0\" data-element_type=\"column\" data-e-type=\"column\">\n\t\t\t<div class=\"elementor-widget-wrap elementor-element-populated\">\n\t\t\t\t\t\t<div class=\"elementor-element elementor-element-11deb5f elementor-widget elementor-widget-heading\" data-id=\"11deb5f\" data-element_type=\"widget\" data-e-type=\"widget\" data-widget_type=\"heading.default\">\n\t\t\t\t<div class=\"elementor-widget-container\">\n\t\t\t\t\t<h1 class=\"elementor-heading-title elementor-size-default\">Demander un devis aujourd\u2019hui \u2013 Je Vous Remercie<\/h1>\t\t\t\t<\/div>\n\t\t\t\t<\/div>\n\t\t\t\t\t<\/div>\n\t\t<\/div>\n\t\t\t\t\t<\/div>\n\t\t<\/section>\n\t\t\t\t<section data-particle_enable=\"false\" data-particle-mobile-disabled=\"false\" class=\"elementor-section elementor-top-section elementor-element elementor-element-46e02b6 elementor-section-boxed elementor-section-height-default elementor-section-height-default\" data-id=\"46e02b6\" data-element_type=\"section\" data-e-type=\"section\">\n\t\t\t\t\t\t<div class=\"elementor-container elementor-column-gap-default\">\n\t\t\t\t\t<div class=\"elementor-column elementor-col-100 elementor-top-column elementor-element elementor-element-d1033d0\" data-id=\"d1033d0\" data-element_type=\"column\" data-e-type=\"column\">\n\t\t\t<div class=\"elementor-widget-wrap elementor-element-populated\">\n\t\t\t\t\t\t<div class=\"elementor-element elementor-element-dbea129 elementor-widget elementor-widget-text-editor\" data-id=\"dbea129\" data-element_type=\"widget\" data-e-type=\"widget\" data-widget_type=\"text-editor.default\">\n\t\t\t\t<div class=\"elementor-widget-container\">\n\t\t\t\t\t\t\t\t\t<p>Nous vous remercions de l\u2019int\u00e9r\u00eat que vous nous portez. Nous vous contacterons dans les plus brefs d\u00e9lais. Pour b\u00e9n\u00e9ficier d\u2019une assistance imm\u00e9diate, veuillez nous appeler au +31 20 26 10 460.<\/p>\n\t\t\t\t\t\t\t\t<\/div>\n\t\t\t\t<\/div>\n\t\t\t\t\t<\/div>\n\t\t<\/div>\n\t\t\t\t\t<\/div>\n\t\t<\/section>\n\t\t\t\t<\/div>\n\t\t","protected":false},"excerpt":{"rendered":"<p>Demander un devis aujourd\u2019hui \u2013 Je Vous Remercie Nous vous remercions de l\u2019int\u00e9r\u00eat que vous nous portez. Nous vous contacterons dans les plus brefs d\u00e9lais. Pour b\u00e9n\u00e9ficier d\u2019une assistance imm\u00e9diate, &hellip;<\/p>\n<p class=\"read-more\"> <a class=\"\" href=\"https:\/\/www.een.com\/fr\/revendeur\/trouver-revendeur-jevousremercie\/\"> <span class=\"screen-reader-text\">Demander un devis aujourd\u2019hui \u2013 Je Vous Remercie<\/span> Lire la suite\u00a0\u00bb<\/a><\/p>\n","protected":false},"author":544,"featured_media":0,"parent":90163,"menu_order":620,"comment_status":"closed","ping_status":"closed","template":"","meta":{"_acf_changed":false,"_relevanssi_hide_post":"","_relevanssi_hide_content":"","_relevanssi_pin_for_all":"","_relevanssi_pin_keywords":"","_relevanssi_unpin_keywords":"","_relevanssi_related_keywords":"","_relevanssi_related_include_ids":"","_relevanssi_related_exclude_ids":"","_relevanssi_related_no_append":"","_relevanssi_related_not_related":"","_relevanssi_related_posts":"","_relevanssi_noindex_reason":"","footnotes":""},"class_list":["post-95280","page","type-page","status-publish","hentry"],"acf":[],"aioseo_notices":[],"_links":{"self":[{"href":"https:\/\/www.een.com\/fr\/wp-json\/wp\/v2\/pages\/95280","targetHints":{"allow":["GET"]}}],"collection":[{"href":"https:\/\/www.een.com\/fr\/wp-json\/wp\/v2\/pages"}],"about":[{"href":"https:\/\/www.een.com\/fr\/wp-json\/wp\/v2\/types\/page"}],"author":[{"embeddable":true,"href":"https:\/\/www.een.com\/fr\/wp-json\/wp\/v2\/users\/544"}],"replies":[{"embeddable":true,"href":"https:\/\/www.een.com\/fr\/wp-json\/wp\/v2\/comments?post=95280"}],"version-history":[{"count":0,"href":"https:\/\/www.een.com\/fr\/wp-json\/wp\/v2\/pages\/95280\/revisions"}],"up":[{"embeddable":true,"href":"https:\/\/www.een.com\/fr\/wp-json\/wp\/v2\/pages\/90163"}],"wp:attachment":[{"href":"https:\/\/www.een.com\/fr\/wp-json\/wp\/v2\/media?parent=95280"}],"curies":[{"name":"wp","href":"https:\/\/api.w.org\/{rel}","templated":true}]}}