{"id":95263,"date":"2020-07-03T09:22:23","date_gmt":"2020-07-03T14:22:23","guid":{"rendered":"https:\/\/www.een.com\/presentation-programme-revendeurs-jevousremercie\/"},"modified":"2020-07-20T09:26:19","modified_gmt":"2020-07-20T14:26:19","slug":"presentation-programme-revendeurs-jevousremercie","status":"publish","type":"page","link":"https:\/\/www.een.com\/fr\/revendeur\/presentation-programme-revendeurs-jevousremercie\/","title":{"rendered":"Join Our Channel Partner Team \u2013 Thank You"},"content":{"rendered":"\t\t<div data-elementor-type=\"wp-page\" data-elementor-id=\"95263\" class=\"elementor elementor-95263 elementor-95257\" data-elementor-post-type=\"page\">\n\t\t\t\t\t\t<section data-particle_enable=\"false\" data-particle-mobile-disabled=\"false\" class=\"elementor-section elementor-top-section elementor-element elementor-element-c423e46 elementor-section-boxed elementor-section-height-default elementor-section-height-default\" data-id=\"c423e46\" data-element_type=\"section\" data-e-type=\"section\">\n\t\t\t\t\t\t<div class=\"elementor-container elementor-column-gap-default\">\n\t\t\t\t\t<div class=\"elementor-column elementor-col-100 elementor-top-column elementor-element elementor-element-9d9aaf3\" data-id=\"9d9aaf3\" data-element_type=\"column\" data-e-type=\"column\">\n\t\t\t<div class=\"elementor-widget-wrap elementor-element-populated\">\n\t\t\t\t\t\t<div class=\"elementor-element elementor-element-f932f54 elementor-widget elementor-widget-heading\" data-id=\"f932f54\" data-element_type=\"widget\" data-e-type=\"widget\" data-widget_type=\"heading.default\">\n\t\t\t\t<div class=\"elementor-widget-container\">\n\t\t\t\t\t<h1 class=\"elementor-heading-title elementor-size-default\">Join Our Channel Partner Team \u2013 Thank You<\/h1>\t\t\t\t<\/div>\n\t\t\t\t<\/div>\n\t\t\t\t\t<\/div>\n\t\t<\/div>\n\t\t\t\t\t<\/div>\n\t\t<\/section>\n\t\t\t\t<section data-particle_enable=\"false\" data-particle-mobile-disabled=\"false\" class=\"elementor-section elementor-top-section elementor-element elementor-element-69ba6e1 elementor-section-boxed elementor-section-height-default elementor-section-height-default\" data-id=\"69ba6e1\" data-element_type=\"section\" data-e-type=\"section\">\n\t\t\t\t\t\t<div class=\"elementor-container elementor-column-gap-default\">\n\t\t\t\t\t<div class=\"elementor-column elementor-col-100 elementor-top-column elementor-element elementor-element-27be8b6\" data-id=\"27be8b6\" data-element_type=\"column\" data-e-type=\"column\">\n\t\t\t<div class=\"elementor-widget-wrap elementor-element-populated\">\n\t\t\t\t\t\t<div class=\"elementor-element elementor-element-0ea2928 elementor-widget elementor-widget-text-editor\" data-id=\"0ea2928\" data-element_type=\"widget\" data-e-type=\"widget\" data-widget_type=\"text-editor.default\">\n\t\t\t\t<div class=\"elementor-widget-container\">\n\t\t\t\t\t\t\t\t\t<p>Nous vous remercions de l\u2019int\u00e9r\u00eat que vous nous portez. Nous avons h\u00e2te de pouvoir conclure un partenariat avec vous. Un repr\u00e9sentant de notre \u00e9quipe de partenariat vous contactera sous peu. Pour b\u00e9n\u00e9ficier d\u2019une assistance imm\u00e9diate, veuillez note appeler au +31 20 26 10 460.<\/p>\n\t\t\t\t\t\t\t\t<\/div>\n\t\t\t\t<\/div>\n\t\t\t\t\t<\/div>\n\t\t<\/div>\n\t\t\t\t\t<\/div>\n\t\t<\/section>\n\t\t\t\t<\/div>\n\t\t","protected":false},"excerpt":{"rendered":"<p>Join Our Channel Partner Team \u2013 Thank You Nous vous remercions de l\u2019int\u00e9r\u00eat que vous nous portez. Nous avons h\u00e2te de pouvoir conclure un partenariat avec vous. Un repr\u00e9sentant de &hellip;<\/p>\n<p class=\"read-more\"> <a class=\"\" href=\"https:\/\/www.een.com\/fr\/revendeur\/presentation-programme-revendeurs-jevousremercie\/\"> <span class=\"screen-reader-text\">Join Our Channel Partner Team \u2013 Thank You<\/span> Lire la suite\u00a0\u00bb<\/a><\/p>\n","protected":false},"author":544,"featured_media":0,"parent":90163,"menu_order":628,"comment_status":"closed","ping_status":"closed","template":"elementor_header_footer","meta":{"_acf_changed":false,"_relevanssi_hide_post":"","_relevanssi_hide_content":"","_relevanssi_pin_for_all":"","_relevanssi_pin_keywords":"","_relevanssi_unpin_keywords":"","_relevanssi_related_keywords":"","_relevanssi_related_include_ids":"","_relevanssi_related_exclude_ids":"","_relevanssi_related_no_append":"","_relevanssi_related_not_related":"","_relevanssi_related_posts":"","_relevanssi_noindex_reason":"","footnotes":""},"class_list":["post-95263","page","type-page","status-publish","hentry"],"acf":[],"aioseo_notices":[],"_links":{"self":[{"href":"https:\/\/www.een.com\/fr\/wp-json\/wp\/v2\/pages\/95263","targetHints":{"allow":["GET"]}}],"collection":[{"href":"https:\/\/www.een.com\/fr\/wp-json\/wp\/v2\/pages"}],"about":[{"href":"https:\/\/www.een.com\/fr\/wp-json\/wp\/v2\/types\/page"}],"author":[{"embeddable":true,"href":"https:\/\/www.een.com\/fr\/wp-json\/wp\/v2\/users\/544"}],"replies":[{"embeddable":true,"href":"https:\/\/www.een.com\/fr\/wp-json\/wp\/v2\/comments?post=95263"}],"version-history":[{"count":0,"href":"https:\/\/www.een.com\/fr\/wp-json\/wp\/v2\/pages\/95263\/revisions"}],"up":[{"embeddable":true,"href":"https:\/\/www.een.com\/fr\/wp-json\/wp\/v2\/pages\/90163"}],"wp:attachment":[{"href":"https:\/\/www.een.com\/fr\/wp-json\/wp\/v2\/media?parent=95263"}],"curies":[{"name":"wp","href":"https:\/\/api.w.org\/{rel}","templated":true}]}}