{"id":91769,"date":"2017-08-21T08:27:05","date_gmt":"2017-08-21T13:27:05","guid":{"rendered":"https:\/\/www.een.com\/produit\/cloud-vms-souscriptions\/"},"modified":"2020-11-17T11:11:56","modified_gmt":"2020-11-17T16:11:56","slug":"cloud-vms-souscriptions","status":"publish","type":"page","link":"https:\/\/www.een.com\/fr\/produit\/cloud-vms-souscriptions\/","title":{"rendered":"Cloud VMS Souscriptions"},"content":{"rendered":"\t\t<div data-elementor-type=\"wp-page\" data-elementor-id=\"91769\" class=\"elementor elementor-91769 elementor-91744\" data-elementor-post-type=\"page\">\n\t\t\t\t\t\t<section data-particle_enable=\"false\" data-particle-mobile-disabled=\"false\" class=\"elementor-section elementor-top-section elementor-element elementor-element-841e6d0 elementor-section-boxed elementor-section-height-default elementor-section-height-default\" data-id=\"841e6d0\" data-element_type=\"section\" data-e-type=\"section\">\n\t\t\t\t\t\t<div class=\"elementor-container elementor-column-gap-default\">\n\t\t\t\t\t<div class=\"elementor-column elementor-col-100 elementor-top-column elementor-element elementor-element-9573aae\" data-id=\"9573aae\" data-element_type=\"column\" data-e-type=\"column\">\n\t\t\t<div class=\"elementor-widget-wrap elementor-element-populated\">\n\t\t\t\t\t\t<div class=\"elementor-element elementor-element-aac3b57 elementor-widget elementor-widget-heading\" data-id=\"aac3b57\" data-element_type=\"widget\" data-e-type=\"widget\" data-widget_type=\"heading.default\">\n\t\t\t\t<div class=\"elementor-widget-container\">\n\t\t\t\t\t<h1 class=\"elementor-heading-title elementor-size-default\">Souscriptions de Vid\u00e9osurveillance Eagle Eye Cloud<\/h1>\t\t\t\t<\/div>\n\t\t\t\t<\/div>\n\t\t\t\t\t<\/div>\n\t\t<\/div>\n\t\t\t\t\t<\/div>\n\t\t<\/section>\n\t\t\t\t<section data-particle_enable=\"false\" data-particle-mobile-disabled=\"false\" class=\"elementor-section elementor-top-section elementor-element elementor-element-f93c938 elementor-section-boxed elementor-section-height-default elementor-section-height-default\" data-id=\"f93c938\" data-element_type=\"section\" data-e-type=\"section\">\n\t\t\t\t\t\t<div class=\"elementor-container elementor-column-gap-default\">\n\t\t\t\t\t<div class=\"elementor-column elementor-col-100 elementor-top-column elementor-element elementor-element-72b8ba4\" data-id=\"72b8ba4\" data-element_type=\"column\" data-e-type=\"column\">\n\t\t\t<div class=\"elementor-widget-wrap elementor-element-populated\">\n\t\t\t\t\t\t<div class=\"elementor-element elementor-element-4d52198 elementor-widget elementor-widget-heading\" data-id=\"4d52198\" data-element_type=\"widget\" data-e-type=\"widget\" data-widget_type=\"heading.default\">\n\t\t\t\t<div class=\"elementor-widget-container\">\n\t\t\t\t\t<h3 class=\"elementor-heading-title elementor-size-default\">Stockage sur le Cloud<\/h3>\t\t\t\t<\/div>\n\t\t\t\t<\/div>\n\t\t\t\t\t<\/div>\n\t\t<\/div>\n\t\t\t\t\t<\/div>\n\t\t<\/section>\n\t\t\t\t<section data-particle_enable=\"false\" data-particle-mobile-disabled=\"false\" class=\"elementor-section elementor-top-section elementor-element elementor-element-b6caf83 elementor-section-boxed elementor-section-height-default elementor-section-height-default\" data-id=\"b6caf83\" data-element_type=\"section\" data-e-type=\"section\">\n\t\t\t\t\t\t<div class=\"elementor-container elementor-column-gap-default\">\n\t\t\t\t\t<div class=\"elementor-column elementor-col-100 elementor-top-column elementor-element elementor-element-5f70fcc\" data-id=\"5f70fcc\" data-element_type=\"column\" data-e-type=\"column\">\n\t\t\t<div class=\"elementor-widget-wrap elementor-element-populated\">\n\t\t\t\t\t\t<div class=\"elementor-element elementor-element-6e3f930 elementor-widget elementor-widget-text-editor\" data-id=\"6e3f930\" data-element_type=\"widget\" data-e-type=\"widget\" data-widget_type=\"text-editor.default\">\n\t\t\t\t<div class=\"elementor-widget-container\">\n\t\t\t\t\t\t\t\t\t<p>Le VMS de la Cam\u00e9ra de S\u00e9curit\u00e9 Eagle Eye est fourni par souscription aux formules Eagle Eye. L\u2019acquisition d\u2019un Pont Eagle Eye ou un CMVR Eagle Eye est requis.<\/p>\n<p>Les formules de souscription sont calcul\u00e9es par cam\u00e9ra et par mois, et peuvent varier en fonction de la r\u00e9solution de la cam\u00e9ra et de la p\u00e9riode de r\u00e9tention souhait\u00e9e. Toutes les formules incluent l\u2019acc\u00e8s via le web et par mobile, un suivi op\u00e9rationnel 24\/7 et un nombre illimit\u00e9 d\u2019alertes.<\/p>\n<p>Les formules suivantes comptent parmi les plus populaires, mais des r\u00e9solutions plus \u00e9lev\u00e9es et\/ou des p\u00e9riodes de r\u00e9tention diff\u00e9rentes sont \u00e9galement disponibles. Veuillez\u00a0<a href=\"https:\/\/www.een.com\/fr\/entreprise\/contactez\/\">nous contacter<\/a>\u00a0pour plus de d\u00e9tails.<\/p>\n\t\t\t\t\t\t\t\t<\/div>\n\t\t\t\t<\/div>\n\t\t\t\t\t<\/div>\n\t\t<\/div>\n\t\t\t\t\t<\/div>\n\t\t<\/section>\n\t\t\t\t<section data-particle_enable=\"false\" data-particle-mobile-disabled=\"false\" class=\"elementor-section elementor-top-section elementor-element elementor-element-26ad5da elementor-section-boxed elementor-section-height-default elementor-section-height-default\" data-id=\"26ad5da\" data-element_type=\"section\" data-e-type=\"section\">\n\t\t\t\t\t\t<div class=\"elementor-container elementor-column-gap-default\">\n\t\t\t\t\t<div class=\"elementor-column elementor-col-100 elementor-top-column elementor-element elementor-element-d380c6f\" data-id=\"d380c6f\" data-element_type=\"column\" data-e-type=\"column\">\n\t\t\t<div class=\"elementor-widget-wrap elementor-element-populated\">\n\t\t\t\t\t\t<div class=\"elementor-element elementor-element-4024d36 elementor-widget elementor-widget-html\" data-id=\"4024d36\" data-element_type=\"widget\" data-e-type=\"widget\" data-widget_type=\"html.default\">\n\t\t\t\t<div class=\"elementor-widget-container\">\n\t\t\t\t\t<div class=\"table-subscriptions\">\r\n<table width=\"100%\">\r\n<thead>\r\n<tr>\r\n<th class=\"col\">R\u00e9tention<\/th>\r\n<th class=\"col\">SD\/Analog<\/th>\r\n<th class=\"col\">1 MP<\/th>\t\r\n<th class=\"col\">2 MP<\/th>\t\r\n<th class=\"col\">3 MP<\/th>\t\r\n<th class=\"col\">4 MP<\/th>\t\r\n<th class=\"col\">5 MP<\/th>\t\r\n<th class=\"col\">> 5 MP<\/th>\r\n<\/tr>\r\n<\/thead>\r\n<tbody>\r\n<tr>\r\n<th class=\"leftTableHdr\">7 Jours<\/th>\r\n<td>EN-SD1-D7<\/td>\r\n<td>EN-HD1-D7<\/td>\r\n<td>EN-HD2-D7<\/td>\r\n<td>EN-HD3-D7<\/td>\r\n<td>EN-HD4-D7<\/td>\r\n<td>EN-HD5-D7<\/td>\r\n<td>EN-HD10-D7<\/td>\r\n<\/tr>\r\n<tr>\r\n<th class=\"leftTableHdr\">30 Jours<\/th>\r\n<td>EN-SD1-D30<\/td>\r\n<td>EN-HD1-D30<\/td>\r\n<td>EN-HD2-D30<\/td>\r\n<td>EN-HD3-D30<\/td>\r\n<td>EN-HD4-D30<\/td>\r\n<td>EN-HD5-D30<\/td>\r\n<td>EN-HD10-D30<\/td>\r\n<\/tr>\r\n<tr>\r\n<th class=\"leftTableHdr\">90 Jours<\/th>\r\n<td>EN-SD1-D90<\/td>\r\n<td>EN-HD1-D90<\/td>\r\n<td>EN-HD2-D90<\/td>\r\n<td>EN-HD3-D90<\/td>\r\n<td>EN-HD4-D90<\/td>\r\n<td>EN-HD5-D90<\/td>\r\n<td>EN-HD10-D90<\/td>\r\n<\/tr>\r\n<tr>\r\n<th class=\"leftTableHdr\">180 Jours<\/th>\r\n<td>EN-SD1-D180<\/td>\r\n<td>EN-HD1-D180<\/td>\r\n<td>EN-HD2-D180<\/td>\r\n<td>EN-HD3-D180<\/td>\r\n<td>EN-HD4-D180<\/td>\r\n<td>EN-HD5-D180<\/td>\r\n<td>EN-HD10-D180<\/td>\r\n<\/tr>\r\n<tr>\r\n<th class=\"leftTableHdr\">1 Ans<\/th>\r\n<td>EN-SD1-D365<\/td>\r\n<td>EN-HD1-D365<\/td>\r\n<td>EN-HD2-D365<\/td>\r\n<td>EN-HD3-D365<\/td>\r\n<td>EN-HD4-D365<\/td>\r\n<td>EN-HD5-D365<\/td>\r\n<td>EN-HD10-D365<\/td>\r\n<\/tr>\r\n<tr>\r\n<th class=\"leftTableHdr\">2 Ans<\/th>\r\n<td>EN-SD1-D730<\/td>\r\n<td>EN-HD1-D730<\/td>\r\n<td>EN-HD2-D730<\/td>\r\n<td>EN-HD3-D730<\/td>\r\n<td>EN-HD4-D730\t<\/td>\r\n<td>EN-HD5-D730<\/td>\r\n<td>EN-HD10-D730<\/td>\r\n<\/tr>\r\n<tr>\r\n<th class=\"leftTableHdr\">3 Ans<\/th>\r\n<td>EN-SD1-D1095<\/td>\r\n<td>EN-HD1-D1095<\/td>\r\n<td>EN-HD2-D1095<\/td>\r\n<td>EN-HD3-D1095<\/td>\r\n<td>EN-HD4-D1095<\/td>\r\n<td>EN-HD5-D1095<\/td>\r\n<td>EN-HD10-D1095<\/td>\r\n<\/tr>\r\n<th class=\"leftTableHdr\">5 Ans<\/th>\r\n<td>EN-SD1-D1825<\/td>\r\n<td>EN-HD1-D1825<\/td>\r\n<td>EN-HD2-D1825<\/td>\r\n<td>EN-HD3-D1825<\/td>\r\n<td>EN-HD4-D1825<\/td>\r\n<td>EN-HD5-D1825<\/td>\r\n<td>EN-HD10-D1825<\/td>\r\n<\/tr>\r\n<\/tbody>\r\n<\/table>\r\n<\/div>\r\n\t\t\t\t<\/div>\n\t\t\t\t<\/div>\n\t\t\t\t\t<\/div>\n\t\t<\/div>\n\t\t\t\t\t<\/div>\n\t\t<\/section>\n\t\t\t\t<section data-particle_enable=\"false\" data-particle-mobile-disabled=\"false\" class=\"elementor-section elementor-top-section elementor-element elementor-element-fac921a elementor-section-boxed elementor-section-height-default elementor-section-height-default\" data-id=\"fac921a\" data-element_type=\"section\" data-e-type=\"section\">\n\t\t\t\t\t\t<div class=\"elementor-container elementor-column-gap-default\">\n\t\t\t\t\t<div class=\"elementor-column elementor-col-100 elementor-top-column elementor-element elementor-element-605b8f6\" data-id=\"605b8f6\" data-element_type=\"column\" data-e-type=\"column\">\n\t\t\t<div class=\"elementor-widget-wrap elementor-element-populated\">\n\t\t\t\t\t\t<div class=\"elementor-element elementor-element-b6868a5 elementor-widget elementor-widget-heading\" data-id=\"b6868a5\" data-element_type=\"widget\" data-e-type=\"widget\" data-widget_type=\"heading.default\">\n\t\t\t\t<div class=\"elementor-widget-container\">\n\t\t\t\t\t<h3 class=\"elementor-heading-title elementor-size-default\">Stockage dans vos Locaux<\/h3>\t\t\t\t<\/div>\n\t\t\t\t<\/div>\n\t\t\t\t\t<\/div>\n\t\t<\/div>\n\t\t\t\t\t<\/div>\n\t\t<\/section>\n\t\t\t\t<section data-particle_enable=\"false\" data-particle-mobile-disabled=\"false\" class=\"elementor-section elementor-top-section elementor-element elementor-element-e456f5b elementor-section-boxed elementor-section-height-default elementor-section-height-default\" data-id=\"e456f5b\" data-element_type=\"section\" data-e-type=\"section\">\n\t\t\t\t\t\t<div class=\"elementor-container elementor-column-gap-default\">\n\t\t\t\t\t<div class=\"elementor-column elementor-col-100 elementor-top-column elementor-element elementor-element-8074fa5\" data-id=\"8074fa5\" data-element_type=\"column\" data-e-type=\"column\">\n\t\t\t<div class=\"elementor-widget-wrap elementor-element-populated\">\n\t\t\t\t\t\t<div class=\"elementor-element elementor-element-1eafdcf elementor-widget elementor-widget-text-editor\" data-id=\"1eafdcf\" data-element_type=\"widget\" data-e-type=\"widget\" data-widget_type=\"text-editor.default\">\n\t\t\t\t<div class=\"elementor-widget-container\">\n\t\t\t\t\t\t\t\t\t<p>Eagle Eye Networks vous propose \u00e9galement une formule pour le stockage dans vos locaux. Vous devrez souscrire \u00e0 un CMVR Eagle Eye; mais cette formule NE FONCTIONNERA PAS avec un Pont Eagle Eye. La p\u00e9riode de r\u00e9tention d\u00e9pend du volume de stockage que votre mat\u00e9riel supporte.<\/p>\n<p>Bien que les vid\u00e9os soient stock\u00e9es dans vos locaux, vous recevrez tout de m\u00eame un acc\u00e8s \u00e0 notre syst\u00e8me de gestion cloud; qui vous permet de visionner vos enregistrement.<\/p>\n\t\t\t\t\t\t\t\t<\/div>\n\t\t\t\t<\/div>\n\t\t\t\t\t<\/div>\n\t\t<\/div>\n\t\t\t\t\t<\/div>\n\t\t<\/section>\n\t\t\t\t<section data-particle_enable=\"false\" data-particle-mobile-disabled=\"false\" class=\"elementor-section elementor-top-section elementor-element elementor-element-55dd574 elementor-section-boxed elementor-section-height-default elementor-section-height-default\" data-id=\"55dd574\" data-element_type=\"section\" data-e-type=\"section\">\n\t\t\t\t\t\t<div class=\"elementor-container elementor-column-gap-default\">\n\t\t\t\t\t<div class=\"elementor-column elementor-col-100 elementor-top-column elementor-element elementor-element-68fbe71\" data-id=\"68fbe71\" data-element_type=\"column\" data-e-type=\"column\">\n\t\t\t<div class=\"elementor-widget-wrap elementor-element-populated\">\n\t\t\t\t\t\t<div class=\"elementor-element elementor-element-60af9ab elementor-widget elementor-widget-html\" data-id=\"60af9ab\" data-element_type=\"widget\" data-e-type=\"widget\" data-widget_type=\"html.default\">\n\t\t\t\t<div class=\"elementor-widget-container\">\n\t\t\t\t\t<div class=\"table-subscriptions\">\r\n<table width=\"100%\">\r\n<thead>\r\n<tr>\r\n<th><\/th>\r\n<th class=\"col\">SD\/Analogue<\/th>\r\n<th class=\"col\">HD 720P<\/th>\r\n<th class=\"col\">HD 1080P<\/th>\r\n<\/tr>\r\n<\/thead>\r\n<tbody>\r\n<tr>\r\n<th class=\"leftTableHdr\">Dans vos Locaux<\/th>\r\n<td>M10<\/td>\r\n<td>M10<\/td>\r\n<td>M10<\/td>\r\n<\/tr>\r\n<\/tbody>\r\n<\/table>\r\n<\/div>\t\t\t\t<\/div>\n\t\t\t\t<\/div>\n\t\t\t\t\t<\/div>\n\t\t<\/div>\n\t\t\t\t\t<\/div>\n\t\t<\/section>\n\t\t\t\t<section data-particle_enable=\"false\" data-particle-mobile-disabled=\"false\" class=\"elementor-section elementor-top-section elementor-element elementor-element-bf448b8 elementor-section-boxed elementor-section-height-default elementor-section-height-default\" data-id=\"bf448b8\" data-element_type=\"section\" data-e-type=\"section\">\n\t\t\t\t\t\t<div class=\"elementor-container elementor-column-gap-default\">\n\t\t\t\t\t<div class=\"elementor-column elementor-col-100 elementor-top-column elementor-element elementor-element-cd26bf8\" data-id=\"cd26bf8\" data-element_type=\"column\" data-e-type=\"column\">\n\t\t\t<div class=\"elementor-widget-wrap elementor-element-populated\">\n\t\t\t\t\t\t<div class=\"elementor-element elementor-element-50fd564 elementor-align-center elementor-widget elementor-widget-button\" data-id=\"50fd564\" data-element_type=\"widget\" data-e-type=\"widget\" data-widget_type=\"button.default\">\n\t\t\t\t<div class=\"elementor-widget-container\">\n\t\t\t\t\t\t\t\t\t<div class=\"elementor-button-wrapper\">\n\t\t\t\t\t<a class=\"elementor-button elementor-button-link elementor-size-sm\" href=\"https:\/\/www.een.com\/fr\/produit\/presentation-systeme-vms-cloud\/\">\n\t\t\t\t\t\t<span class=\"elementor-button-content-wrapper\">\n\t\t\t\t\t\t\t\t\t<span class=\"elementor-button-text\">EN SAVOIR PLUS : EAGLE EYE CLOUD VMS PR\u00c9SENTATION DU SYST\u00c8ME<\/span>\n\t\t\t\t\t<\/span>\n\t\t\t\t\t<\/a>\n\t\t\t\t<\/div>\n\t\t\t\t\t\t\t\t<\/div>\n\t\t\t\t<\/div>\n\t\t\t\t\t<\/div>\n\t\t<\/div>\n\t\t\t\t\t<\/div>\n\t\t<\/section>\n\t\t\t\t<\/div>\n\t\t","protected":false},"excerpt":{"rendered":"<p>Souscriptions de Vid\u00e9osurveillance Eagle Eye Cloud Stockage sur le Cloud Le VMS de la Cam\u00e9ra de S\u00e9curit\u00e9 Eagle Eye est fourni par souscription aux formules Eagle Eye. L\u2019acquisition d\u2019un Pont &hellip;<\/p>\n<p class=\"read-more\"> <a class=\"\" href=\"https:\/\/www.een.com\/fr\/produit\/cloud-vms-souscriptions\/\"> <span class=\"screen-reader-text\">Cloud VMS Souscriptions<\/span> Lire la suite\u00a0\u00bb<\/a><\/p>\n","protected":false},"author":544,"featured_media":0,"parent":91106,"menu_order":961,"comment_status":"closed","ping_status":"closed","template":"elementor_header_footer","meta":{"_acf_changed":false,"_relevanssi_hide_post":"","_relevanssi_hide_content":"","_relevanssi_pin_for_all":"","_relevanssi_pin_keywords":"","_relevanssi_unpin_keywords":"","_relevanssi_related_keywords":"","_relevanssi_related_include_ids":"","_relevanssi_related_exclude_ids":"","_relevanssi_related_no_append":"","_relevanssi_related_not_related":"","_relevanssi_related_posts":"","_relevanssi_noindex_reason":"","footnotes":""},"class_list":["post-91769","page","type-page","status-publish","hentry"],"acf":[],"aioseo_notices":[],"_links":{"self":[{"href":"https:\/\/www.een.com\/fr\/wp-json\/wp\/v2\/pages\/91769","targetHints":{"allow":["GET"]}}],"collection":[{"href":"https:\/\/www.een.com\/fr\/wp-json\/wp\/v2\/pages"}],"about":[{"href":"https:\/\/www.een.com\/fr\/wp-json\/wp\/v2\/types\/page"}],"author":[{"embeddable":true,"href":"https:\/\/www.een.com\/fr\/wp-json\/wp\/v2\/users\/544"}],"replies":[{"embeddable":true,"href":"https:\/\/www.een.com\/fr\/wp-json\/wp\/v2\/comments?post=91769"}],"version-history":[{"count":0,"href":"https:\/\/www.een.com\/fr\/wp-json\/wp\/v2\/pages\/91769\/revisions"}],"up":[{"embeddable":true,"href":"https:\/\/www.een.com\/fr\/wp-json\/wp\/v2\/pages\/91106"}],"wp:attachment":[{"href":"https:\/\/www.een.com\/fr\/wp-json\/wp\/v2\/media?parent=91769"}],"curies":[{"name":"wp","href":"https:\/\/api.w.org\/{rel}","templated":true}]}}