{"id":91145,"date":"2017-08-21T18:10:14","date_gmt":"2017-08-21T23:10:14","guid":{"rendered":"https:\/\/www.een.com\/produit\/cm-architecture\/"},"modified":"2020-07-10T19:36:15","modified_gmt":"2020-07-11T00:36:15","slug":"cm-architecture","status":"publish","type":"page","link":"https:\/\/www.een.com\/fr\/produit\/cm-architecture\/","title":{"rendered":"Architecture CameraManager"},"content":{"rendered":"\t\t<div data-elementor-type=\"wp-page\" data-elementor-id=\"91145\" class=\"elementor elementor-91145 elementor-91140\" data-elementor-post-type=\"page\">\n\t\t\t\t\t\t<section data-particle_enable=\"false\" data-particle-mobile-disabled=\"false\" class=\"elementor-section elementor-top-section elementor-element elementor-element-91f3682 elementor-section-boxed elementor-section-height-default elementor-section-height-default\" data-id=\"91f3682\" data-element_type=\"section\" data-e-type=\"section\">\n\t\t\t\t\t\t<div class=\"elementor-container elementor-column-gap-default\">\n\t\t\t\t\t<div class=\"elementor-column elementor-col-100 elementor-top-column elementor-element elementor-element-1fa8baa\" data-id=\"1fa8baa\" data-element_type=\"column\" data-e-type=\"column\">\n\t\t\t<div class=\"elementor-widget-wrap elementor-element-populated\">\n\t\t\t\t\t\t<div class=\"elementor-element elementor-element-0573851 elementor-widget elementor-widget-heading\" data-id=\"0573851\" data-element_type=\"widget\" data-e-type=\"widget\" data-widget_type=\"heading.default\">\n\t\t\t\t<div class=\"elementor-widget-container\">\n\t\t\t\t\t<h1 class=\"elementor-heading-title elementor-size-default\">Architecture CameraManager Eagle Eye<\/h1>\t\t\t\t<\/div>\n\t\t\t\t<\/div>\n\t\t\t\t\t<\/div>\n\t\t<\/div>\n\t\t\t\t\t<\/div>\n\t\t<\/section>\n\t\t\t\t<section data-particle_enable=\"false\" data-particle-mobile-disabled=\"false\" class=\"elementor-section elementor-top-section elementor-element elementor-element-33c7fe5 elementor-section-boxed elementor-section-height-default elementor-section-height-default\" data-id=\"33c7fe5\" data-element_type=\"section\" data-e-type=\"section\">\n\t\t\t\t\t\t<div class=\"elementor-container elementor-column-gap-default\">\n\t\t\t\t\t<div class=\"elementor-column elementor-col-100 elementor-top-column elementor-element elementor-element-9652c74\" data-id=\"9652c74\" data-element_type=\"column\" data-e-type=\"column\">\n\t\t\t<div class=\"elementor-widget-wrap elementor-element-populated\">\n\t\t\t\t\t\t<section data-particle_enable=\"false\" data-particle-mobile-disabled=\"false\" class=\"elementor-section elementor-inner-section elementor-element elementor-element-7f47656 elementor-section-boxed elementor-section-height-default elementor-section-height-default\" data-id=\"7f47656\" data-element_type=\"section\" data-e-type=\"section\">\n\t\t\t\t\t\t<div class=\"elementor-container elementor-column-gap-default\">\n\t\t\t\t\t<div class=\"elementor-column elementor-col-50 elementor-inner-column elementor-element elementor-element-30fe2e2\" data-id=\"30fe2e2\" data-element_type=\"column\" data-e-type=\"column\">\n\t\t\t<div class=\"elementor-widget-wrap elementor-element-populated\">\n\t\t\t\t\t\t<div class=\"elementor-element elementor-element-6ffbb5e elementor-widget elementor-widget-heading\" data-id=\"6ffbb5e\" data-element_type=\"widget\" data-e-type=\"widget\" data-widget_type=\"heading.default\">\n\t\t\t\t<div class=\"elementor-widget-container\">\n\t\t\t\t\t<h3 class=\"elementor-heading-title elementor-size-default\">Architecture Cloud \u00e0 la Demande<\/h3>\t\t\t\t<\/div>\n\t\t\t\t<\/div>\n\t\t\t\t<div class=\"elementor-element elementor-element-786f1b7 elementor-widget elementor-widget-heading\" data-id=\"786f1b7\" data-element_type=\"widget\" data-e-type=\"widget\" data-widget_type=\"heading.default\">\n\t\t\t\t<div class=\"elementor-widget-container\">\n\t\t\t\t\t<h4 class=\"elementor-heading-title elementor-size-default\">Le futur de la gestion de vid\u00e9o, c\u2019est maintenant !<\/h4>\t\t\t\t<\/div>\n\t\t\t\t<\/div>\n\t\t\t\t<div class=\"elementor-element elementor-element-425d712 elementor-widget elementor-widget-text-editor\" data-id=\"425d712\" data-element_type=\"widget\" data-e-type=\"widget\" data-widget_type=\"text-editor.default\">\n\t\t\t\t<div class=\"elementor-widget-container\">\n\t\t\t\t\t\t\t\t\t<div>CameraManager a \u00e9t\u00e9 con\u00e7u pour fonctionner comme plateforme en tant que service \u00e0 l\u2019image d\u2019Amazon ou Interoute VDC (Centre de Donn\u00e9es virtuel).<\/div>\n<div><\/div>\n<ul>\n<li><b>S\u00e9curit\u00e9\u00a0<\/b>: Con\u00e7u pour fournir l\u2019infrastructure qui permet \u00e0 Eagle Eye Networks de conserver le contr\u00f4le absolu sur les autorisation d\u2019acc\u00e8s aux donn\u00e9es.<\/li>\n<li><b>Fiable\u00a0<\/b>: Stocke vos donn\u00e9es avec une garantie de durabilit\u00e9 prolong\u00e9e et de disponibilit\u00e9 imm\u00e9diate.<\/li>\n<li><b>Accro\u00eessement d\u2019Echelle\u00a0<\/b>: Nos serveurs virtuels peuvent augmenter d\u2019\u00e9chelle en termes de stockage, de fr\u00e9quence de requ\u00eates, d\u2019utilisateurs \u00e0 supporter et un nombre illimit\u00e9 d\u2019applications \u00e0 l\u2019\u00e9chelle du web.<\/li>\n<li><b>Rapide\u00a0<\/b>: Nos serveurs virtuels sont assez rapides pour supporter les applications de haute performance.<\/li>\n<\/ul>\n\t\t\t\t\t\t\t\t<\/div>\n\t\t\t\t<\/div>\n\t\t\t\t\t<\/div>\n\t\t<\/div>\n\t\t\t\t<div class=\"elementor-column elementor-col-50 elementor-inner-column elementor-element elementor-element-acdb93c\" data-id=\"acdb93c\" data-element_type=\"column\" data-e-type=\"column\">\n\t\t\t<div class=\"elementor-widget-wrap elementor-element-populated\">\n\t\t\t\t\t\t<div class=\"elementor-element elementor-element-42a9c2f elementor-widget elementor-widget-image\" data-id=\"42a9c2f\" data-element_type=\"widget\" data-e-type=\"widget\" data-widget_type=\"image.default\">\n\t\t\t\t<div class=\"elementor-widget-container\">\n\t\t\t\t\t\t\t\t\t\t\t\t\t\t\t<img fetchpriority=\"high\" decoding=\"async\" width=\"1024\" height=\"708\" src=\"https:\/\/www.een.com\/wp-content\/uploads\/2017\/08\/cameramanagerarchitecture-1-1024x708.png\" class=\"attachment-large size-large wp-image-34089\" alt=\"Architecture CameraManager\" srcset=\"https:\/\/www.een.com\/wp-content\/uploads\/2017\/08\/cameramanagerarchitecture-1-1024x708.png 1024w, https:\/\/www.een.com\/wp-content\/uploads\/2017\/08\/cameramanagerarchitecture-1-300x207.png 300w, https:\/\/www.een.com\/wp-content\/uploads\/2017\/08\/cameramanagerarchitecture-1-100x69.png 100w, https:\/\/www.een.com\/wp-content\/uploads\/2017\/08\/cameramanagerarchitecture-1-188x130.png 188w, https:\/\/www.een.com\/wp-content\/uploads\/2017\/08\/cameramanagerarchitecture-1-200x138.png 200w, https:\/\/www.een.com\/wp-content\/uploads\/2017\/08\/cameramanagerarchitecture-1-400x277.png 400w, https:\/\/www.een.com\/wp-content\/uploads\/2017\/08\/cameramanagerarchitecture-1-600x415.png 600w, https:\/\/www.een.com\/wp-content\/uploads\/2017\/08\/cameramanagerarchitecture-1-800x553.png 800w, https:\/\/www.een.com\/wp-content\/uploads\/2017\/08\/cameramanagerarchitecture-1-1200x830.png 1200w\" sizes=\"(max-width: 1024px) 100vw, 1024px\" \/>\t\t\t\t\t\t\t\t\t\t\t\t\t\t\t<\/div>\n\t\t\t\t<\/div>\n\t\t\t\t\t<\/div>\n\t\t<\/div>\n\t\t\t\t\t<\/div>\n\t\t<\/section>\n\t\t\t\t\t<\/div>\n\t\t<\/div>\n\t\t\t\t\t<\/div>\n\t\t<\/section>\n\t\t\t\t<section data-particle_enable=\"false\" data-particle-mobile-disabled=\"false\" class=\"elementor-section elementor-top-section elementor-element elementor-element-62a8ae9 elementor-section-stretched elementor-section-boxed elementor-section-height-default elementor-section-height-default\" data-id=\"62a8ae9\" data-element_type=\"section\" data-e-type=\"section\" data-settings=\"{&quot;stretch_section&quot;:&quot;section-stretched&quot;,&quot;background_background&quot;:&quot;classic&quot;}\">\n\t\t\t\t\t\t<div class=\"elementor-container elementor-column-gap-default\">\n\t\t\t\t\t<div class=\"elementor-column elementor-col-100 elementor-top-column elementor-element elementor-element-b84d0df\" data-id=\"b84d0df\" data-element_type=\"column\" data-e-type=\"column\">\n\t\t\t<div class=\"elementor-widget-wrap elementor-element-populated\">\n\t\t\t\t\t\t<section data-particle_enable=\"false\" data-particle-mobile-disabled=\"false\" class=\"elementor-section elementor-inner-section elementor-element elementor-element-fdb7284 elementor-section-boxed elementor-section-height-default elementor-section-height-default\" data-id=\"fdb7284\" data-element_type=\"section\" data-e-type=\"section\">\n\t\t\t\t\t\t<div class=\"elementor-container elementor-column-gap-default\">\n\t\t\t\t\t<div class=\"elementor-column elementor-col-50 elementor-inner-column elementor-element elementor-element-fda57b0\" data-id=\"fda57b0\" data-element_type=\"column\" data-e-type=\"column\">\n\t\t\t<div class=\"elementor-widget-wrap elementor-element-populated\">\n\t\t\t\t\t\t<div class=\"elementor-element elementor-element-f897608 elementor-widget elementor-widget-image\" data-id=\"f897608\" data-element_type=\"widget\" data-e-type=\"widget\" data-widget_type=\"image.default\">\n\t\t\t\t<div class=\"elementor-widget-container\">\n\t\t\t\t\t\t\t\t\t\t\t\t\t\t\t<img decoding=\"async\" width=\"1024\" height=\"452\" src=\"https:\/\/www.een.com\/wp-content\/uploads\/2017\/08\/CM-header-Cams-EENcom-1024x452.png\" class=\"attachment-large size-large wp-image-33753\" alt=\"Architecture CameraManager\" srcset=\"https:\/\/www.een.com\/wp-content\/uploads\/2017\/08\/CM-header-Cams-EENcom-1024x452.png 1024w, https:\/\/www.een.com\/wp-content\/uploads\/2017\/08\/CM-header-Cams-EENcom-300x132.png 300w, https:\/\/www.een.com\/wp-content\/uploads\/2017\/08\/CM-header-Cams-EENcom-100x44.png 100w, https:\/\/www.een.com\/wp-content\/uploads\/2017\/08\/CM-header-Cams-EENcom-200x88.png 200w, https:\/\/www.een.com\/wp-content\/uploads\/2017\/08\/CM-header-Cams-EENcom-400x176.png 400w, https:\/\/www.een.com\/wp-content\/uploads\/2017\/08\/CM-header-Cams-EENcom-600x265.png 600w, https:\/\/www.een.com\/wp-content\/uploads\/2017\/08\/CM-header-Cams-EENcom-800x353.png 800w, https:\/\/www.een.com\/wp-content\/uploads\/2017\/08\/CM-header-Cams-EENcom-1200x529.png 1200w, https:\/\/www.een.com\/wp-content\/uploads\/2017\/08\/CM-header-Cams-EENcom.png 1360w\" sizes=\"(max-width: 1024px) 100vw, 1024px\" \/>\t\t\t\t\t\t\t\t\t\t\t\t\t\t\t<\/div>\n\t\t\t\t<\/div>\n\t\t\t\t\t<\/div>\n\t\t<\/div>\n\t\t\t\t<div class=\"elementor-column elementor-col-50 elementor-inner-column elementor-element elementor-element-81da338\" data-id=\"81da338\" data-element_type=\"column\" data-e-type=\"column\">\n\t\t\t<div class=\"elementor-widget-wrap elementor-element-populated\">\n\t\t\t\t\t\t<div class=\"elementor-element elementor-element-ef5f052 elementor-widget elementor-widget-heading\" data-id=\"ef5f052\" data-element_type=\"widget\" data-e-type=\"widget\" data-widget_type=\"heading.default\">\n\t\t\t\t<div class=\"elementor-widget-container\">\n\t\t\t\t\t<h3 class=\"elementor-heading-title elementor-size-default\">Cam\u00e9ras<\/h3>\t\t\t\t<\/div>\n\t\t\t\t<\/div>\n\t\t\t\t<div class=\"elementor-element elementor-element-3e4240a elementor-widget elementor-widget-heading\" data-id=\"3e4240a\" data-element_type=\"widget\" data-e-type=\"widget\" data-widget_type=\"heading.default\">\n\t\t\t\t<div class=\"elementor-widget-container\">\n\t\t\t\t\t<h4 class=\"elementor-heading-title elementor-size-default\">Cam\u00e9ras Compatibles au Plug N\u2019 Play<\/h4>\t\t\t\t<\/div>\n\t\t\t\t<\/div>\n\t\t\t\t<div class=\"elementor-element elementor-element-45a5852 elementor-widget elementor-widget-text-editor\" data-id=\"45a5852\" data-element_type=\"widget\" data-e-type=\"widget\" data-widget_type=\"text-editor.default\">\n\t\t\t\t<div class=\"elementor-widget-container\">\n\t\t\t\t\t\t\t\t\t<p>Oubliez les manuels. Branchez vos cam\u00e9ras, connectez-les au r\u00e9seau WiFi et t\u00e9l\u00e9chargez l\u2019application CameraManager Eagle Eye. Vous pouvez op\u00e9rer le suivi de plusieurs emplacements \u00e0 un moment pr\u00e9cis, synchroniser et optimiser vos enregistrements avec les analyses de vid\u00e9o. Les cam\u00e9ras stockent automatiquement vos enregistrements sur le Cloud.<\/p>\n\t\t\t\t\t\t\t\t<\/div>\n\t\t\t\t<\/div>\n\t\t\t\t\t<\/div>\n\t\t<\/div>\n\t\t\t\t\t<\/div>\n\t\t<\/section>\n\t\t\t\t\t<\/div>\n\t\t<\/div>\n\t\t\t\t\t<\/div>\n\t\t<\/section>\n\t\t\t\t<section data-particle_enable=\"false\" data-particle-mobile-disabled=\"false\" class=\"elementor-section elementor-top-section elementor-element elementor-element-d156783 elementor-section-boxed elementor-section-height-default elementor-section-height-default\" data-id=\"d156783\" data-element_type=\"section\" data-e-type=\"section\">\n\t\t\t\t\t\t<div class=\"elementor-container elementor-column-gap-default\">\n\t\t\t\t\t<div class=\"elementor-column elementor-col-100 elementor-top-column elementor-element elementor-element-d7d13e6\" data-id=\"d7d13e6\" data-element_type=\"column\" data-e-type=\"column\">\n\t\t\t<div class=\"elementor-widget-wrap elementor-element-populated\">\n\t\t\t\t\t\t<section data-particle_enable=\"false\" data-particle-mobile-disabled=\"false\" class=\"elementor-section elementor-inner-section elementor-element elementor-element-7394a2e elementor-section-boxed elementor-section-height-default elementor-section-height-default\" data-id=\"7394a2e\" data-element_type=\"section\" data-e-type=\"section\">\n\t\t\t\t\t\t<div class=\"elementor-container elementor-column-gap-default\">\n\t\t\t\t\t<div class=\"elementor-column elementor-col-50 elementor-inner-column elementor-element elementor-element-47aa1bc\" data-id=\"47aa1bc\" data-element_type=\"column\" data-e-type=\"column\">\n\t\t\t<div class=\"elementor-widget-wrap elementor-element-populated\">\n\t\t\t\t\t\t<div class=\"elementor-element elementor-element-29169a3 elementor-widget elementor-widget-heading\" data-id=\"29169a3\" data-element_type=\"widget\" data-e-type=\"widget\" data-widget_type=\"heading.default\">\n\t\t\t\t<div class=\"elementor-widget-container\">\n\t\t\t\t\t<h3 class=\"elementor-heading-title elementor-size-default\">Des Centres de Donn\u00e9es S\u00e9curis\u00e9s de Haute Disponibilit\u00e9 de Niveau 4<\/h3>\t\t\t\t<\/div>\n\t\t\t\t<\/div>\n\t\t\t\t<div class=\"elementor-element elementor-element-9e9923e elementor-widget elementor-widget-heading\" data-id=\"9e9923e\" data-element_type=\"widget\" data-e-type=\"widget\" data-widget_type=\"heading.default\">\n\t\t\t\t<div class=\"elementor-widget-container\">\n\t\t\t\t\t<h4 class=\"elementor-heading-title elementor-size-default\">Ultra s\u00e9curis\u00e9, ultra fiable<\/h4>\t\t\t\t<\/div>\n\t\t\t\t<\/div>\n\t\t\t\t<div class=\"elementor-element elementor-element-f548648 elementor-widget elementor-widget-text-editor\" data-id=\"f548648\" data-element_type=\"widget\" data-e-type=\"widget\" data-widget_type=\"text-editor.default\">\n\t\t\t\t<div class=\"elementor-widget-container\">\n\t\t\t\t\t\t\t\t\t<div>Tous les \u00e9quipements de refroidissement sont rattach\u00e9s \u00e0 une double alimentation d\u00e9pendante, y compris les syst\u00e8mes de refroidissement, de chauffage, de ventilation et d\u2019air conditionn\u00e9 (HVAC)<\/div>\n<div>Une infrastructure de site r\u00e9sistante aux failles avec un stockage d\u2019\u00e9nergie \u00e9lectrique et des sites de distribution de haute disponibilit\u00e9. La fiabilit\u00e9 et redondance sont de tr\u00e8s haut niveau. Ce sont vos donn\u00e9es. Nous y mettons tout notre s\u00e9rieux.<\/div>\n\t\t\t\t\t\t\t\t<\/div>\n\t\t\t\t<\/div>\n\t\t\t\t\t<\/div>\n\t\t<\/div>\n\t\t\t\t<div class=\"elementor-column elementor-col-50 elementor-inner-column elementor-element elementor-element-857e41d\" data-id=\"857e41d\" data-element_type=\"column\" data-e-type=\"column\">\n\t\t\t<div class=\"elementor-widget-wrap elementor-element-populated\">\n\t\t\t\t\t\t<div class=\"elementor-element elementor-element-65f3b82 elementor-widget elementor-widget-image\" data-id=\"65f3b82\" data-element_type=\"widget\" data-e-type=\"widget\" data-widget_type=\"image.default\">\n\t\t\t\t<div class=\"elementor-widget-container\">\n\t\t\t\t\t\t\t\t\t\t\t\t\t\t\t<img decoding=\"async\" src=\"https:\/\/www.een.com\/wp-content\/uploads\/elementor\/thumbs\/data-centers-qnxl27fw0ra3yslzuchvvm8eobdhwgzfcfe6ap1zaw.png\" title=\"data-centers\" alt=\"High Availability Data Centers\" loading=\"lazy\" \/>\t\t\t\t\t\t\t\t\t\t\t\t\t\t\t<\/div>\n\t\t\t\t<\/div>\n\t\t\t\t\t<\/div>\n\t\t<\/div>\n\t\t\t\t\t<\/div>\n\t\t<\/section>\n\t\t\t\t\t<\/div>\n\t\t<\/div>\n\t\t\t\t\t<\/div>\n\t\t<\/section>\n\t\t\t\t<section data-particle_enable=\"false\" data-particle-mobile-disabled=\"false\" class=\"elementor-section elementor-top-section elementor-element elementor-element-da28b4d elementor-section-boxed elementor-section-height-default elementor-section-height-default\" data-id=\"da28b4d\" data-element_type=\"section\" data-e-type=\"section\">\n\t\t\t\t\t\t<div class=\"elementor-container elementor-column-gap-default\">\n\t\t\t\t\t<div class=\"elementor-column elementor-col-100 elementor-top-column elementor-element elementor-element-48c4303\" data-id=\"48c4303\" data-element_type=\"column\" data-e-type=\"column\">\n\t\t\t<div class=\"elementor-widget-wrap elementor-element-populated\">\n\t\t\t\t\t\t<section data-particle_enable=\"false\" data-particle-mobile-disabled=\"false\" class=\"elementor-section elementor-inner-section elementor-element elementor-element-649247e elementor-section-boxed elementor-section-height-default elementor-section-height-default\" data-id=\"649247e\" data-element_type=\"section\" data-e-type=\"section\">\n\t\t\t\t\t\t<div class=\"elementor-container elementor-column-gap-default\">\n\t\t\t\t\t<div class=\"elementor-column elementor-col-50 elementor-inner-column elementor-element elementor-element-964b437\" data-id=\"964b437\" data-element_type=\"column\" data-e-type=\"column\">\n\t\t\t<div class=\"elementor-widget-wrap elementor-element-populated\">\n\t\t\t\t\t\t<div class=\"elementor-element elementor-element-eb12ac6 elementor-align-center elementor-widget elementor-widget-button\" data-id=\"eb12ac6\" data-element_type=\"widget\" data-e-type=\"widget\" data-widget_type=\"button.default\">\n\t\t\t\t<div class=\"elementor-widget-container\">\n\t\t\t\t\t\t\t\t\t<div class=\"elementor-button-wrapper\">\n\t\t\t\t\t<a class=\"elementor-button elementor-button-link elementor-size-sm\" href=\"https:\/\/www.een.com\/fr\/entreprise\/contactez\/\">\n\t\t\t\t\t\t<span class=\"elementor-button-content-wrapper\">\n\t\t\t\t\t\t\t\t\t<span class=\"elementor-button-text\">CONTACTER L\u2019\u00c9QUIPE DE VENTES<\/span>\n\t\t\t\t\t<\/span>\n\t\t\t\t\t<\/a>\n\t\t\t\t<\/div>\n\t\t\t\t\t\t\t\t<\/div>\n\t\t\t\t<\/div>\n\t\t\t\t\t<\/div>\n\t\t<\/div>\n\t\t\t\t<div class=\"elementor-column elementor-col-50 elementor-inner-column elementor-element elementor-element-fd9a13a\" data-id=\"fd9a13a\" data-element_type=\"column\" data-e-type=\"column\">\n\t\t\t<div class=\"elementor-widget-wrap elementor-element-populated\">\n\t\t\t\t\t\t<div class=\"elementor-element elementor-element-596dd42 elementor-align-center elementor-widget elementor-widget-button\" data-id=\"596dd42\" data-element_type=\"widget\" data-e-type=\"widget\" data-widget_type=\"button.default\">\n\t\t\t\t<div class=\"elementor-widget-container\">\n\t\t\t\t\t\t\t\t\t<div class=\"elementor-button-wrapper\">\n\t\t\t\t\t<a class=\"elementor-button elementor-button-link elementor-size-sm\" href=\"https:\/\/www.een.com\/fr\/produit\/cm-fonctionnalites\/\">\n\t\t\t\t\t\t<span class=\"elementor-button-content-wrapper\">\n\t\t\t\t\t\t\t\t\t<span class=\"elementor-button-text\"> EN SAVOIR PLUS : EAGLE EYE CAMERAMANAGER FONCTIONNALIT\u00c9S &amp; AVANTAGES<\/span>\n\t\t\t\t\t<\/span>\n\t\t\t\t\t<\/a>\n\t\t\t\t<\/div>\n\t\t\t\t\t\t\t\t<\/div>\n\t\t\t\t<\/div>\n\t\t\t\t\t<\/div>\n\t\t<\/div>\n\t\t\t\t\t<\/div>\n\t\t<\/section>\n\t\t\t\t\t<\/div>\n\t\t<\/div>\n\t\t\t\t\t<\/div>\n\t\t<\/section>\n\t\t\t\t<\/div>\n\t\t","protected":false},"excerpt":{"rendered":"<p>Architecture CameraManager Eagle Eye Architecture Cloud \u00e0 la Demande Le futur de la gestion de vid\u00e9o, c\u2019est maintenant ! CameraManager a \u00e9t\u00e9 con\u00e7u pour fonctionner comme plateforme en tant que &hellip;<\/p>\n<p class=\"read-more\"> <a class=\"\" href=\"https:\/\/www.een.com\/fr\/produit\/cm-architecture\/\"> <span class=\"screen-reader-text\">Architecture CameraManager<\/span> Lire la suite\u00a0\u00bb<\/a><\/p>\n","protected":false},"author":544,"featured_media":0,"parent":91106,"menu_order":934,"comment_status":"closed","ping_status":"closed","template":"elementor_header_footer","meta":{"_acf_changed":false,"_relevanssi_hide_post":"","_relevanssi_hide_content":"","_relevanssi_pin_for_all":"","_relevanssi_pin_keywords":"","_relevanssi_unpin_keywords":"","_relevanssi_related_keywords":"","_relevanssi_related_include_ids":"","_relevanssi_related_exclude_ids":"","_relevanssi_related_no_append":"","_relevanssi_related_not_related":"","_relevanssi_related_posts":"","_relevanssi_noindex_reason":"","footnotes":""},"class_list":["post-91145","page","type-page","status-publish","hentry"],"acf":[],"aioseo_notices":[],"_links":{"self":[{"href":"https:\/\/www.een.com\/fr\/wp-json\/wp\/v2\/pages\/91145","targetHints":{"allow":["GET"]}}],"collection":[{"href":"https:\/\/www.een.com\/fr\/wp-json\/wp\/v2\/pages"}],"about":[{"href":"https:\/\/www.een.com\/fr\/wp-json\/wp\/v2\/types\/page"}],"author":[{"embeddable":true,"href":"https:\/\/www.een.com\/fr\/wp-json\/wp\/v2\/users\/544"}],"replies":[{"embeddable":true,"href":"https:\/\/www.een.com\/fr\/wp-json\/wp\/v2\/comments?post=91145"}],"version-history":[{"count":0,"href":"https:\/\/www.een.com\/fr\/wp-json\/wp\/v2\/pages\/91145\/revisions"}],"up":[{"embeddable":true,"href":"https:\/\/www.een.com\/fr\/wp-json\/wp\/v2\/pages\/91106"}],"wp:attachment":[{"href":"https:\/\/www.een.com\/fr\/wp-json\/wp\/v2\/media?parent=91145"}],"curies":[{"name":"wp","href":"https:\/\/api.w.org\/{rel}","templated":true}]}}