{"id":90799,"date":"2019-03-22T09:09:22","date_gmt":"2019-03-22T14:09:22","guid":{"rendered":"https:\/\/www.een.com\/soutien\/cameras-compatibilite-numerique-ip\/"},"modified":"2024-10-18T16:43:06","modified_gmt":"2024-10-18T21:43:06","slug":"camera-compatibilite-digital-ip","status":"publish","type":"page","link":"https:\/\/www.een.com\/fr\/soutien\/camera-compatibilite-digital-ip\/","title":{"rendered":"Compatibilit\u00e9 des cam\u00e9ras &#8211; Digital IP"},"content":{"rendered":"\t\t<div data-elementor-type=\"wp-page\" data-elementor-id=\"90799\" class=\"elementor elementor-90799 elementor-89710\" data-elementor-post-type=\"page\">\n\t\t\t\t\t\t<section data-particle_enable=\"false\" data-particle-mobile-disabled=\"false\" class=\"elementor-section elementor-top-section elementor-element elementor-element-4577e6a elementor-section-boxed elementor-section-height-default elementor-section-height-default\" data-id=\"4577e6a\" data-element_type=\"section\" data-e-type=\"section\" data-settings=\"{&quot;background_background&quot;:&quot;classic&quot;}\">\n\t\t\t\t\t\t<div class=\"elementor-container elementor-column-gap-default\">\n\t\t\t\t\t<div class=\"elementor-column elementor-col-100 elementor-top-column elementor-element elementor-element-27c99a0\" data-id=\"27c99a0\" data-element_type=\"column\" data-e-type=\"column\">\n\t\t\t<div class=\"elementor-widget-wrap elementor-element-populated\">\n\t\t\t\t\t\t<div class=\"elementor-element elementor-element-0c9e8ed elementor-widget elementor-widget-heading\" data-id=\"0c9e8ed\" data-element_type=\"widget\" data-e-type=\"widget\" data-widget_type=\"heading.default\">\n\t\t\t\t<div class=\"elementor-widget-container\">\n\t\t\t\t\t<h1 class=\"elementor-heading-title elementor-size-default\">Eagle Eye Cloud VMS prend en charge les cam\u00e9ras IP num\u00e9riques, analogiques, HD sur COAX et les cam\u00e9ras corporelles.<\/h1>\t\t\t\t<\/div>\n\t\t\t\t<\/div>\n\t\t\t\t<section data-particle_enable=\"false\" data-particle-mobile-disabled=\"false\" class=\"elementor-section elementor-inner-section elementor-element elementor-element-4bf714c elementor-section-boxed elementor-section-height-default elementor-section-height-default\" data-id=\"4bf714c\" data-element_type=\"section\" data-e-type=\"section\">\n\t\t\t\t\t\t<div class=\"elementor-container elementor-column-gap-default\">\n\t\t\t\t\t<div class=\"elementor-column elementor-col-25 elementor-inner-column elementor-element elementor-element-fde7237\" data-id=\"fde7237\" data-element_type=\"column\" data-e-type=\"column\">\n\t\t\t<div class=\"elementor-widget-wrap elementor-element-populated\">\n\t\t\t\t\t\t<div class=\"elementor-element elementor-element-09fd810 premium-lq__none elementor-widget elementor-widget-premium-addon-button\" data-id=\"09fd810\" data-element_type=\"widget\" data-e-type=\"widget\" data-settings=\"{&quot;_animation_tablet&quot;:&quot;none&quot;,&quot;_animation_mobile&quot;:&quot;none&quot;}\" data-widget_type=\"premium-addon-button.default\">\n\t\t\t\t<div class=\"elementor-widget-container\">\n\t\t\t\t\t\r\n\r\n\t\t<a class=\"premium-button premium-button-none premium-btn-block premium-button-none\" href=\"https:\/\/www.een.com\/fr\/soutien\/camera-compatibilite-digital-ip\/\">\r\n\t\t\t<div class=\"premium-button-text-icon-wrapper\">\r\n\t\t\t\t\r\n\t\t\t\t\t\t\t\t\t<span >\r\n\t\t\t\t\t\tIP num\u00e9rique\t\t\t\t\t<\/span>\r\n\t\t\t\t\t\t\t<\/div>\r\n\r\n\t\t\t\r\n\t\t\t\r\n\t\t\t\r\n\t\t<\/a>\r\n\r\n\r\n\t\t\t\t\t\t<\/div>\n\t\t\t\t<\/div>\n\t\t\t\t\t<\/div>\n\t\t<\/div>\n\t\t\t\t<div class=\"elementor-column elementor-col-25 elementor-inner-column elementor-element elementor-element-93c4e1e\" data-id=\"93c4e1e\" data-element_type=\"column\" data-e-type=\"column\">\n\t\t\t<div class=\"elementor-widget-wrap elementor-element-populated\">\n\t\t\t\t\t\t<div class=\"elementor-element elementor-element-20d4db7 premium-lq__none elementor-widget elementor-widget-premium-addon-button\" data-id=\"20d4db7\" data-element_type=\"widget\" data-e-type=\"widget\" data-settings=\"{&quot;_animation_tablet&quot;:&quot;none&quot;,&quot;_animation_mobile&quot;:&quot;none&quot;}\" data-widget_type=\"premium-addon-button.default\">\n\t\t\t\t<div class=\"elementor-widget-container\">\n\t\t\t\t\t\r\n\r\n\t\t<a class=\"premium-button premium-button-none premium-btn-block premium-button-none\" href=\"https:\/\/www.een.com\/fr\/soutien\/compatibilite-avec-les-cameras-analogique\/\">\r\n\t\t\t<div class=\"premium-button-text-icon-wrapper\">\r\n\t\t\t\t\r\n\t\t\t\t\t\t\t\t\t<span >\r\n\t\t\t\t\t\tAnalogique\t\t\t\t\t<\/span>\r\n\t\t\t\t\t\t\t<\/div>\r\n\r\n\t\t\t\r\n\t\t\t\r\n\t\t\t\r\n\t\t<\/a>\r\n\r\n\r\n\t\t\t\t\t\t<\/div>\n\t\t\t\t<\/div>\n\t\t\t\t\t<\/div>\n\t\t<\/div>\n\t\t\t\t<div class=\"elementor-column elementor-col-25 elementor-inner-column elementor-element elementor-element-5feb1bd\" data-id=\"5feb1bd\" data-element_type=\"column\" data-e-type=\"column\">\n\t\t\t<div class=\"elementor-widget-wrap elementor-element-populated\">\n\t\t\t\t\t\t<div class=\"elementor-element elementor-element-e7fb9b3 premium-lq__none elementor-widget elementor-widget-premium-addon-button\" data-id=\"e7fb9b3\" data-element_type=\"widget\" data-e-type=\"widget\" data-settings=\"{&quot;_animation_tablet&quot;:&quot;none&quot;,&quot;_animation_mobile&quot;:&quot;none&quot;}\" data-widget_type=\"premium-addon-button.default\">\n\t\t\t\t<div class=\"elementor-widget-container\">\n\t\t\t\t\t\r\n\r\n\t\t<a class=\"premium-button premium-button-none premium-btn-block premium-button-none\" href=\"https:\/\/www.een.com\/support\/camera-compatibility-hd-over-coax\/\">\r\n\t\t\t<div class=\"premium-button-text-icon-wrapper\">\r\n\t\t\t\t\r\n\t\t\t\t\t\t\t\t\t<span >\r\n\t\t\t\t\t\tHD sur COAX\t\t\t\t\t<\/span>\r\n\t\t\t\t\t\t\t<\/div>\r\n\r\n\t\t\t\r\n\t\t\t\r\n\t\t\t\r\n\t\t<\/a>\r\n\r\n\r\n\t\t\t\t\t\t<\/div>\n\t\t\t\t<\/div>\n\t\t\t\t\t<\/div>\n\t\t<\/div>\n\t\t\t\t<div class=\"elementor-column elementor-col-25 elementor-inner-column elementor-element elementor-element-3773c51\" data-id=\"3773c51\" data-element_type=\"column\" data-e-type=\"column\">\n\t\t\t<div class=\"elementor-widget-wrap elementor-element-populated\">\n\t\t\t\t\t\t<div class=\"elementor-element elementor-element-8a43eab premium-lq__none elementor-widget elementor-widget-premium-addon-button\" data-id=\"8a43eab\" data-element_type=\"widget\" data-e-type=\"widget\" data-settings=\"{&quot;_animation_tablet&quot;:&quot;none&quot;,&quot;_animation_mobile&quot;:&quot;none&quot;}\" data-widget_type=\"premium-addon-button.default\">\n\t\t\t\t<div class=\"elementor-widget-container\">\n\t\t\t\t\t\r\n\r\n\t\t<a class=\"premium-button premium-button-none premium-btn-block premium-button-none\" href=\"https:\/\/www.een.com\/support\/camera-compatibility-mobile-body-worn\/\">\r\n\t\t\t<div class=\"premium-button-text-icon-wrapper\">\r\n\t\t\t\t\r\n\t\t\t\t\t\t\t\t\t<span >\r\n\t\t\t\t\t\tMobile et corporel\t\t\t\t\t<\/span>\r\n\t\t\t\t\t\t\t<\/div>\r\n\r\n\t\t\t\r\n\t\t\t\r\n\t\t\t\r\n\t\t<\/a>\r\n\r\n\r\n\t\t\t\t\t\t<\/div>\n\t\t\t\t<\/div>\n\t\t\t\t\t<\/div>\n\t\t<\/div>\n\t\t\t\t\t<\/div>\n\t\t<\/section>\n\t\t\t\t<section data-particle_enable=\"false\" data-particle-mobile-disabled=\"false\" class=\"elementor-section elementor-inner-section elementor-element elementor-element-2bb1cd2 elementor-section-boxed elementor-section-height-default elementor-section-height-default\" data-id=\"2bb1cd2\" data-element_type=\"section\" data-e-type=\"section\">\n\t\t\t\t\t\t<div class=\"elementor-container elementor-column-gap-default\">\n\t\t\t\t\t<div class=\"elementor-column elementor-col-100 elementor-inner-column elementor-element elementor-element-d91134f\" data-id=\"d91134f\" data-element_type=\"column\" data-e-type=\"column\">\n\t\t\t<div class=\"elementor-widget-wrap elementor-element-populated\">\n\t\t\t\t\t\t<div class=\"elementor-element elementor-element-6bde773 elementor-widget elementor-widget-heading\" data-id=\"6bde773\" data-element_type=\"widget\" data-e-type=\"widget\" data-widget_type=\"heading.default\">\n\t\t\t\t<div class=\"elementor-widget-container\">\n\t\t\t\t\t<h2 class=\"elementor-heading-title elementor-size-default\">IP num\u00e9rique<\/h2>\t\t\t\t<\/div>\n\t\t\t\t<\/div>\n\t\t\t\t<div class=\"elementor-element elementor-element-a79d7c8 elementor-widget elementor-widget-text-editor\" data-id=\"a79d7c8\" data-element_type=\"widget\" data-e-type=\"widget\" data-widget_type=\"text-editor.default\">\n\t\t\t\t<div class=\"elementor-widget-container\">\n\t\t\t\t\t\t\t\t\t<p>Le VMS Eagle Eye Cloud est compatible avec une grande vari\u00e9t\u00e9 de cam\u00e9ras IP num\u00e9riques. Le <a href=\"https:\/\/www.een.com\/fr\/produit\/presentation-systeme-vms-cloud\/\">Cloud VMS d&rsquo;Eagle Eye Networks<\/a> utilise le profil ONVIF-S et le double codec (H.264 et MJPEG) en double flux pour communiquer avec les cam\u00e9ras figurant dans la liste ci-dessous. Une configuration suppl\u00e9mentaire dans la page Web de la cam\u00e9ra peut \u00eatre n\u00e9cessaire pour d\u00e9couvrir et ajouter des cam\u00e9ras au VMS.<\/p><p>Si vous souhaitez qu&rsquo;Eagle Eye prenne en charge une cam\u00e9ra qui ne figure pas dans la liste ci-dessous, veuillez connecter la cam\u00e9ra \u00e0 une passerelle Eagle Eye ou \u00e0 un CMVR et demander une assistance dans notre tableau de bord. Un ticket d&rsquo;assistance sera cr\u00e9\u00e9 et vous serez inform\u00e9 par e-mail de l&rsquo;avancement de la proc\u00e9dure d&rsquo;assistance. Si vous avez besoin d&rsquo;une assistance suppl\u00e9mentaire, veuillez nous envoyer un \u00e9chantillon du mod\u00e8le de cam\u00e9ra sp\u00e9cifique et <a href=\"https:\/\/www.een.com\/fr\/entreprise\/contactez\/\">nous contacter<\/a> pour le tester.<\/p><p><strong>Support du micrologiciel : <\/strong>Le micrologiciel indiqu\u00e9 pour chaque mod\u00e8le est la version minimale prise en charge. Si vous avez connect\u00e9 un mod\u00e8le support\u00e9 utilisant une version de firmware plus r\u00e9cente et que vous rencontrez des probl\u00e8mes, veuillez <a href=\"https:\/\/www.een.com\/fr\/entreprise\/contactez\/\">nous contacter<\/a> et nous serons heureux de vous aider.<\/p>\t\t\t\t\t\t\t\t<\/div>\n\t\t\t\t<\/div>\n\t\t\t\t\t<\/div>\n\t\t<\/div>\n\t\t\t\t\t<\/div>\n\t\t<\/section>\n\t\t\t\t\t<\/div>\n\t\t<\/div>\n\t\t\t\t\t<\/div>\n\t\t<\/section>\n\t\t\t\t<section data-particle_enable=\"false\" data-particle-mobile-disabled=\"false\" class=\"elementor-section elementor-top-section elementor-element elementor-element-ff622a8 elementor-section-stretched elementor-section-full_width elementor-section-height-default elementor-section-height-default\" data-id=\"ff622a8\" data-element_type=\"section\" data-e-type=\"section\" data-settings=\"{&quot;stretch_section&quot;:&quot;section-stretched&quot;}\">\n\t\t\t\t\t\t<div class=\"elementor-container elementor-column-gap-default\">\n\t\t\t\t\t<div class=\"elementor-column elementor-col-100 elementor-top-column elementor-element elementor-element-bebe20d\" data-id=\"bebe20d\" data-element_type=\"column\" data-e-type=\"column\">\n\t\t\t<div class=\"elementor-widget-wrap elementor-element-populated\">\n\t\t\t\t\t\t<div class=\"elementor-element elementor-element-d821a79 elementor-widget elementor-widget-html\" data-id=\"d821a79\" data-element_type=\"widget\" data-e-type=\"widget\" data-widget_type=\"html.default\">\n\t\t\t\t<div class=\"elementor-widget-container\">\n\t\t\t\t\t<iframe height=\"3200\" src=\"https:\/\/cameracompatibility.eagleeyenetworks.com\/#\/\"><\/iframe>\t\t\t\t<\/div>\n\t\t\t\t<\/div>\n\t\t\t\t<div class=\"elementor-element elementor-element-5fa98fd elementor-widget elementor-widget-text-editor\" data-id=\"5fa98fd\" data-element_type=\"widget\" data-e-type=\"widget\" data-widget_type=\"text-editor.default\">\n\t\t\t\t<div class=\"elementor-widget-container\">\n\t\t\t\t\t\t\t\t\t<div class=\"fusion-text\"><p>Eagle Eye Networks propose de nombreux ponts et CMVR pr\u00eats pour l&rsquo;analogique. Les ponts analogiques d&rsquo;Eagle Eye num\u00e9risent la vid\u00e9o provenant de cam\u00e9ras analogiques et la g\u00e8rent exactement de la m\u00eame mani\u00e8re que les cam\u00e9ras IP ou HD sur coaxial. L&rsquo;utilisation des ponts analogiques d&rsquo;Eagle Eye Networks est une solution rentable pour les clients qui souhaitent mettre \u00e0 niveau leur syst\u00e8me de vid\u00e9osurveillance tout en continuant \u00e0 utiliser leurs cam\u00e9ras analogiques existantes.<\/p><\/div>\t\t\t\t\t\t\t\t<\/div>\n\t\t\t\t<\/div>\n\t\t\t\t\t<\/div>\n\t\t<\/div>\n\t\t\t\t\t<\/div>\n\t\t<\/section>\n\t\t\t\t<\/div>\n\t\t","protected":false},"excerpt":{"rendered":"<p>Eagle Eye Cloud VMS prend en charge les cam\u00e9ras IP num\u00e9riques, analogiques, HD sur COAX et les cam\u00e9ras corporelles. IP num\u00e9rique Analogique HD sur COAX Mobile et corporel IP num\u00e9rique &hellip;<\/p>\n<p class=\"read-more\"> <a class=\"\" href=\"https:\/\/www.een.com\/fr\/soutien\/camera-compatibilite-digital-ip\/\"> <span class=\"screen-reader-text\">Compatibilit\u00e9 des cam\u00e9ras &#8211; Digital IP<\/span> Lire la suite\u00a0\u00bb<\/a><\/p>\n","protected":false},"author":544,"featured_media":0,"parent":90722,"menu_order":817,"comment_status":"closed","ping_status":"closed","template":"","meta":{"_acf_changed":false,"_relevanssi_hide_post":"","_relevanssi_hide_content":"","_relevanssi_pin_for_all":"","_relevanssi_pin_keywords":"","_relevanssi_unpin_keywords":"","_relevanssi_related_keywords":"","_relevanssi_related_include_ids":"","_relevanssi_related_exclude_ids":"","_relevanssi_related_no_append":"","_relevanssi_related_not_related":"","_relevanssi_related_posts":"","_relevanssi_noindex_reason":"","footnotes":""},"class_list":["post-90799","page","type-page","status-publish","hentry"],"acf":[],"aioseo_notices":[],"_links":{"self":[{"href":"https:\/\/www.een.com\/fr\/wp-json\/wp\/v2\/pages\/90799","targetHints":{"allow":["GET"]}}],"collection":[{"href":"https:\/\/www.een.com\/fr\/wp-json\/wp\/v2\/pages"}],"about":[{"href":"https:\/\/www.een.com\/fr\/wp-json\/wp\/v2\/types\/page"}],"author":[{"embeddable":true,"href":"https:\/\/www.een.com\/fr\/wp-json\/wp\/v2\/users\/544"}],"replies":[{"embeddable":true,"href":"https:\/\/www.een.com\/fr\/wp-json\/wp\/v2\/comments?post=90799"}],"version-history":[{"count":0,"href":"https:\/\/www.een.com\/fr\/wp-json\/wp\/v2\/pages\/90799\/revisions"}],"up":[{"embeddable":true,"href":"https:\/\/www.een.com\/fr\/wp-json\/wp\/v2\/pages\/90722"}],"wp:attachment":[{"href":"https:\/\/www.een.com\/fr\/wp-json\/wp\/v2\/media?parent=90799"}],"curies":[{"name":"wp","href":"https:\/\/api.w.org\/{rel}","templated":true}]}}