{"id":89047,"date":"2020-06-29T13:22:04","date_gmt":"2020-06-29T18:22:04","guid":{"rendered":"https:\/\/www.een.com\/blog-categories-new\/"},"modified":"2020-07-12T09:29:10","modified_gmt":"2020-07-12T14:29:10","slug":"blog-categories","status":"publish","type":"page","link":"https:\/\/www.een.com\/fr\/blog-categories\/","title":{"rendered":"Cat\u00e9gories de Blog"},"content":{"rendered":"\t\t<div data-elementor-type=\"wp-page\" data-elementor-id=\"89047\" class=\"elementor elementor-89047 elementor-89034\" data-elementor-post-type=\"page\">\n\t\t\t\t\t\t<section data-particle_enable=\"false\" data-particle-mobile-disabled=\"false\" class=\"elementor-section elementor-top-section elementor-element elementor-element-2d8cd203 elementor-section-boxed elementor-section-height-default elementor-section-height-default\" data-id=\"2d8cd203\" data-element_type=\"section\" data-e-type=\"section\">\n\t\t\t\t\t\t<div class=\"elementor-container elementor-column-gap-default\">\n\t\t\t\t\t<div class=\"elementor-column elementor-col-100 elementor-top-column elementor-element elementor-element-1396426b\" data-id=\"1396426b\" data-element_type=\"column\" data-e-type=\"column\">\n\t\t\t<div class=\"elementor-widget-wrap elementor-element-populated\">\n\t\t\t\t\t\t<div class=\"elementor-element elementor-element-1a5a2be5 elementor-widget elementor-widget-heading\" data-id=\"1a5a2be5\" data-element_type=\"widget\" data-e-type=\"widget\" data-widget_type=\"heading.default\">\n\t\t\t\t<div class=\"elementor-widget-container\">\n\t\t\t\t\t<h1 class=\"elementor-heading-title elementor-size-default\">Eagle Eye Blogs<\/h1>\t\t\t\t<\/div>\n\t\t\t\t<\/div>\n\t\t\t\t\t<\/div>\n\t\t<\/div>\n\t\t\t\t\t<\/div>\n\t\t<\/section>\n\t\t\t\t<section data-particle_enable=\"false\" data-particle-mobile-disabled=\"false\" class=\"elementor-section elementor-top-section elementor-element elementor-element-5f37d802 elementor-section-boxed elementor-section-height-default elementor-section-height-default\" data-id=\"5f37d802\" data-element_type=\"section\" data-e-type=\"section\">\n\t\t\t\t\t\t<div class=\"elementor-container elementor-column-gap-default\">\n\t\t\t\t\t<div class=\"elementor-column elementor-col-25 elementor-top-column elementor-element elementor-element-25c48f37\" data-id=\"25c48f37\" data-element_type=\"column\" data-e-type=\"column\">\n\t\t\t<div class=\"elementor-widget-wrap elementor-element-populated\">\n\t\t\t\t\t\t<div class=\"elementor-element elementor-element-7b0842d0 elementor-position-top elementor-widget elementor-widget-image-box\" data-id=\"7b0842d0\" data-element_type=\"widget\" data-e-type=\"widget\" data-widget_type=\"image-box.default\">\n\t\t\t\t<div class=\"elementor-widget-container\">\n\t\t\t\t\t<div class=\"elementor-image-box-wrapper\"><figure class=\"elementor-image-box-img\"><a href=\"https:\/\/www.een.com\/fr\/eagle-eye-cloud-vms-produit-blog\/\" tabindex=\"-1\"><img fetchpriority=\"high\" decoding=\"async\" width=\"669\" height=\"460\" src=\"https:\/\/www.een.com\/wp-content\/uploads\/2018\/04\/Product-Update-Blog-Category.jpg\" class=\"attachment-full size-full wp-image-49168\" alt=\"Cat\u00e9gorie de blog de mise \u00e0 jour du produit\" title=\"\" srcset=\"https:\/\/www.een.com\/wp-content\/uploads\/2018\/04\/Product-Update-Blog-Category.jpg 669w, https:\/\/www.een.com\/wp-content\/uploads\/2018\/04\/Product-Update-Blog-Category-300x206.jpg 300w, https:\/\/www.een.com\/wp-content\/uploads\/2018\/04\/Product-Update-Blog-Category-100x69.jpg 100w, https:\/\/www.een.com\/wp-content\/uploads\/2018\/04\/Product-Update-Blog-Category-189x130.jpg 189w, https:\/\/www.een.com\/wp-content\/uploads\/2018\/04\/Product-Update-Blog-Category-200x138.jpg 200w, https:\/\/www.een.com\/wp-content\/uploads\/2018\/04\/Product-Update-Blog-Category-400x275.jpg 400w, https:\/\/www.een.com\/wp-content\/uploads\/2018\/04\/Product-Update-Blog-Category-600x413.jpg 600w\" sizes=\"(max-width: 669px) 100vw, 669px\" \/><\/a><\/figure><div class=\"elementor-image-box-content\"><h3 class=\"elementor-image-box-title\"><a href=\"https:\/\/www.een.com\/fr\/eagle-eye-cloud-vms-produit-blog\/\">Produit Mettre<\/a><\/h3><p class=\"elementor-image-box-description\">Des derni\u00e8res et meilleures informations sur nos am\u00e9liorations de produits Cloud VMS.<\/p><\/div><\/div>\t\t\t\t<\/div>\n\t\t\t\t<\/div>\n\t\t\t\t\t<\/div>\n\t\t<\/div>\n\t\t\t\t<div class=\"elementor-column elementor-col-25 elementor-top-column elementor-element elementor-element-685305e9\" data-id=\"685305e9\" data-element_type=\"column\" data-e-type=\"column\">\n\t\t\t<div class=\"elementor-widget-wrap elementor-element-populated\">\n\t\t\t\t\t\t<div class=\"elementor-element elementor-element-71c0b0ac elementor-position-top elementor-widget elementor-widget-image-box\" data-id=\"71c0b0ac\" data-element_type=\"widget\" data-e-type=\"widget\" data-widget_type=\"image-box.default\">\n\t\t\t\t<div class=\"elementor-widget-container\">\n\t\t\t\t\t<div class=\"elementor-image-box-wrapper\"><figure class=\"elementor-image-box-img\"><a href=\"\/?page_id=90491\" tabindex=\"-1\"><img decoding=\"async\" width=\"669\" height=\"460\" src=\"https:\/\/www.een.com\/wp-content\/uploads\/2018\/04\/Cloud-Tech-Blog-Category.jpg\" class=\"attachment-full size-full wp-image-49177\" alt=\"Cat\u00e9gorie de blog Cloud Tech\" title=\"\" srcset=\"https:\/\/www.een.com\/wp-content\/uploads\/2018\/04\/Cloud-Tech-Blog-Category.jpg 669w, https:\/\/www.een.com\/wp-content\/uploads\/2018\/04\/Cloud-Tech-Blog-Category-300x206.jpg 300w, https:\/\/www.een.com\/wp-content\/uploads\/2018\/04\/Cloud-Tech-Blog-Category-100x69.jpg 100w, https:\/\/www.een.com\/wp-content\/uploads\/2018\/04\/Cloud-Tech-Blog-Category-189x130.jpg 189w, https:\/\/www.een.com\/wp-content\/uploads\/2018\/04\/Cloud-Tech-Blog-Category-200x138.jpg 200w, https:\/\/www.een.com\/wp-content\/uploads\/2018\/04\/Cloud-Tech-Blog-Category-400x275.jpg 400w, https:\/\/www.een.com\/wp-content\/uploads\/2018\/04\/Cloud-Tech-Blog-Category-600x413.jpg 600w\" sizes=\"(max-width: 669px) 100vw, 669px\" \/><\/a><\/figure><div class=\"elementor-image-box-content\"><h3 class=\"elementor-image-box-title\"><a href=\"\/?page_id=90491\">Cloud Tech<\/a><\/h3><p class=\"elementor-image-box-description\">La technologie cloud, pr\u00e9sent\u00e9e par notre \u00e9quipe d'ing\u00e9nieurs.<\/p><\/div><\/div>\t\t\t\t<\/div>\n\t\t\t\t<\/div>\n\t\t\t\t\t<\/div>\n\t\t<\/div>\n\t\t\t\t<div class=\"elementor-column elementor-col-25 elementor-top-column elementor-element elementor-element-294b7221\" data-id=\"294b7221\" data-element_type=\"column\" data-e-type=\"column\">\n\t\t\t<div class=\"elementor-widget-wrap elementor-element-populated\">\n\t\t\t\t\t\t<div class=\"elementor-element elementor-element-e5d57cc elementor-position-top elementor-widget elementor-widget-image-box\" data-id=\"e5d57cc\" data-element_type=\"widget\" data-e-type=\"widget\" data-widget_type=\"image-box.default\">\n\t\t\t\t<div class=\"elementor-widget-container\">\n\t\t\t\t\t<div class=\"elementor-image-box-wrapper\"><figure class=\"elementor-image-box-img\"><a href=\"https:\/\/www.een.com\/fr\/eagle-eye-cybersecurite-blog\/\" tabindex=\"-1\"><img decoding=\"async\" width=\"669\" height=\"460\" src=\"https:\/\/www.een.com\/wp-content\/uploads\/2018\/04\/Cyber-Security-Blog-Category.jpg\" class=\"attachment-full size-full wp-image-49185\" alt=\"Cat\u00e9gorie du blog sur la cybers\u00e9curit\u00e9\" title=\"\" srcset=\"https:\/\/www.een.com\/wp-content\/uploads\/2018\/04\/Cyber-Security-Blog-Category.jpg 669w, https:\/\/www.een.com\/wp-content\/uploads\/2018\/04\/Cyber-Security-Blog-Category-300x206.jpg 300w, https:\/\/www.een.com\/wp-content\/uploads\/2018\/04\/Cyber-Security-Blog-Category-100x69.jpg 100w, https:\/\/www.een.com\/wp-content\/uploads\/2018\/04\/Cyber-Security-Blog-Category-189x130.jpg 189w, https:\/\/www.een.com\/wp-content\/uploads\/2018\/04\/Cyber-Security-Blog-Category-200x138.jpg 200w, https:\/\/www.een.com\/wp-content\/uploads\/2018\/04\/Cyber-Security-Blog-Category-400x275.jpg 400w, https:\/\/www.een.com\/wp-content\/uploads\/2018\/04\/Cyber-Security-Blog-Category-600x413.jpg 600w\" sizes=\"(max-width: 669px) 100vw, 669px\" \/><\/a><\/figure><div class=\"elementor-image-box-content\"><h3 class=\"elementor-image-box-title\"><a href=\"https:\/\/www.een.com\/fr\/eagle-eye-cybersecurite-blog\/\">Cybers\u00e9curit\u00e9<\/a><\/h3><p class=\"elementor-image-box-description\">Des meilleures pratiques en mati\u00e8re de cybers\u00e9curit\u00e9 dans l\u2019industrie de la s\u00e9curit\u00e9 physique.<\/p><\/div><\/div>\t\t\t\t<\/div>\n\t\t\t\t<\/div>\n\t\t\t\t\t<\/div>\n\t\t<\/div>\n\t\t\t\t<div class=\"elementor-column elementor-col-25 elementor-top-column elementor-element elementor-element-3243908a\" data-id=\"3243908a\" data-element_type=\"column\" data-e-type=\"column\">\n\t\t\t<div class=\"elementor-widget-wrap elementor-element-populated\">\n\t\t\t\t\t\t<div class=\"elementor-element elementor-element-ef4ff1b elementor-position-top elementor-widget elementor-widget-image-box\" data-id=\"ef4ff1b\" data-element_type=\"widget\" data-e-type=\"widget\" data-widget_type=\"image-box.default\">\n\t\t\t\t<div class=\"elementor-widget-container\">\n\t\t\t\t\t<div class=\"elementor-image-box-wrapper\"><figure class=\"elementor-image-box-img\"><a href=\"https:\/\/www.een.com\/fr\/eagle-eye-cloud-vms-tech-blog\/\" tabindex=\"-1\"><img loading=\"lazy\" decoding=\"async\" width=\"669\" height=\"460\" src=\"https:\/\/www.een.com\/wp-content\/uploads\/2018\/04\/Tech-Support-Blog-Category.jpg\" class=\"attachment-full size-full wp-image-49193\" alt=\"Cat\u00e9gorie du blog du Soutien technique\" title=\"\" srcset=\"https:\/\/www.een.com\/wp-content\/uploads\/2018\/04\/Tech-Support-Blog-Category.jpg 669w, https:\/\/www.een.com\/wp-content\/uploads\/2018\/04\/Tech-Support-Blog-Category-300x206.jpg 300w, https:\/\/www.een.com\/wp-content\/uploads\/2018\/04\/Tech-Support-Blog-Category-100x69.jpg 100w, https:\/\/www.een.com\/wp-content\/uploads\/2018\/04\/Tech-Support-Blog-Category-189x130.jpg 189w, https:\/\/www.een.com\/wp-content\/uploads\/2018\/04\/Tech-Support-Blog-Category-200x138.jpg 200w, https:\/\/www.een.com\/wp-content\/uploads\/2018\/04\/Tech-Support-Blog-Category-400x275.jpg 400w, https:\/\/www.een.com\/wp-content\/uploads\/2018\/04\/Tech-Support-Blog-Category-600x413.jpg 600w\" sizes=\"(max-width: 669px) 100vw, 669px\" \/><\/a><\/figure><div class=\"elementor-image-box-content\"><h3 class=\"elementor-image-box-title\"><a href=\"https:\/\/www.een.com\/fr\/eagle-eye-cloud-vms-tech-blog\/\">Soutien Technique<\/a><\/h3><p class=\"elementor-image-box-description\">Les derniers conseils techniques et astuces pour le Eagle Eye VMS.<\/p><\/div><\/div>\t\t\t\t<\/div>\n\t\t\t\t<\/div>\n\t\t\t\t\t<\/div>\n\t\t<\/div>\n\t\t\t\t\t<\/div>\n\t\t<\/section>\n\t\t\t\t<section data-particle_enable=\"false\" data-particle-mobile-disabled=\"false\" class=\"elementor-section elementor-top-section elementor-element elementor-element-3374b1d elementor-section-boxed elementor-section-height-default elementor-section-height-default\" data-id=\"3374b1d\" data-element_type=\"section\" data-e-type=\"section\">\n\t\t\t\t\t\t<div class=\"elementor-container elementor-column-gap-default\">\n\t\t\t\t\t<div class=\"elementor-column elementor-col-33 elementor-top-column elementor-element elementor-element-c7f332e\" data-id=\"c7f332e\" data-element_type=\"column\" data-e-type=\"column\">\n\t\t\t<div class=\"elementor-widget-wrap\">\n\t\t\t\t\t\t\t<\/div>\n\t\t<\/div>\n\t\t\t\t<div class=\"elementor-column elementor-col-33 elementor-top-column elementor-element elementor-element-b8a6989\" data-id=\"b8a6989\" data-element_type=\"column\" data-e-type=\"column\">\n\t\t\t<div class=\"elementor-widget-wrap elementor-element-populated\">\n\t\t\t\t\t\t<div class=\"elementor-element elementor-element-cddd933 elementor-search-form--skin-classic elementor-search-form--button-type-icon elementor-search-form--icon-search elementor-widget elementor-widget-search-form\" data-id=\"cddd933\" data-element_type=\"widget\" data-e-type=\"widget\" data-settings=\"{&quot;skin&quot;:&quot;classic&quot;}\" data-widget_type=\"search-form.default\">\n\t\t\t\t<div class=\"elementor-widget-container\">\n\t\t\t\t\t\t\t<search role=\"search\">\n\t\t\t<form class=\"elementor-search-form\" action=\"https:\/\/www.een.com\/fr\/\" method=\"get\">\n\t\t\t\t\t\t\t\t\t\t\t\t<div class=\"elementor-search-form__container\">\n\t\t\t\t\t<label class=\"elementor-screen-only\" for=\"elementor-search-form-cddd933\">Rechercher <\/label>\n\n\t\t\t\t\t\n\t\t\t\t\t<input id=\"elementor-search-form-cddd933\" placeholder=\"Chercher...\" class=\"elementor-search-form__input\" type=\"search\" name=\"s\" value=\"\">\n\t\t\t\t\t<input type='hidden' name='lang' value='fr' \/>\n\t\t\t\t\t\t\t\t\t\t\t<button class=\"elementor-search-form__submit\" type=\"submit\" aria-label=\"Rechercher \">\n\t\t\t\t\t\t\t\t\t\t\t\t\t\t\t<i aria-hidden=\"true\" class=\"fas fa-search\"><\/i>\t\t\t\t\t\t\t\t\t\t\t\t\t<\/button>\n\t\t\t\t\t\n\t\t\t\t\t\t\t\t\t<\/div>\n\t\t\t<\/form>\n\t\t<\/search>\n\t\t\t\t\t\t<\/div>\n\t\t\t\t<\/div>\n\t\t\t\t\t<\/div>\n\t\t<\/div>\n\t\t\t\t<div class=\"elementor-column elementor-col-33 elementor-top-column elementor-element elementor-element-a4266b6\" data-id=\"a4266b6\" data-element_type=\"column\" data-e-type=\"column\">\n\t\t\t<div class=\"elementor-widget-wrap\">\n\t\t\t\t\t\t\t<\/div>\n\t\t<\/div>\n\t\t\t\t\t<\/div>\n\t\t<\/section>\n\t\t\t\t<\/div>\n\t\t","protected":false},"excerpt":{"rendered":"<p>Eagle Eye Blogs Produit Mettre Des derni\u00e8res et meilleures informations sur nos am\u00e9liorations de produits Cloud VMS. Cloud Tech La technologie cloud, pr\u00e9sent\u00e9e par notre \u00e9quipe d&rsquo;ing\u00e9nieurs. Cybers\u00e9curit\u00e9 Des meilleures &hellip;<\/p>\n<p class=\"read-more\"> <a class=\"\" href=\"https:\/\/www.een.com\/fr\/blog-categories\/\"> <span class=\"screen-reader-text\">Cat\u00e9gories de Blog<\/span> Lire la suite\u00a0\u00bb<\/a><\/p>\n","protected":false},"author":544,"featured_media":0,"parent":0,"menu_order":660,"comment_status":"closed","ping_status":"closed","template":"elementor_header_footer","meta":{"_acf_changed":false,"_relevanssi_hide_post":"","_relevanssi_hide_content":"","_relevanssi_pin_for_all":"","_relevanssi_pin_keywords":"","_relevanssi_unpin_keywords":"","_relevanssi_related_keywords":"","_relevanssi_related_include_ids":"","_relevanssi_related_exclude_ids":"","_relevanssi_related_no_append":"","_relevanssi_related_not_related":"","_relevanssi_related_posts":"","_relevanssi_noindex_reason":"","footnotes":""},"class_list":["post-89047","page","type-page","status-publish","hentry"],"acf":[],"aioseo_notices":[],"_links":{"self":[{"href":"https:\/\/www.een.com\/fr\/wp-json\/wp\/v2\/pages\/89047","targetHints":{"allow":["GET"]}}],"collection":[{"href":"https:\/\/www.een.com\/fr\/wp-json\/wp\/v2\/pages"}],"about":[{"href":"https:\/\/www.een.com\/fr\/wp-json\/wp\/v2\/types\/page"}],"author":[{"embeddable":true,"href":"https:\/\/www.een.com\/fr\/wp-json\/wp\/v2\/users\/544"}],"replies":[{"embeddable":true,"href":"https:\/\/www.een.com\/fr\/wp-json\/wp\/v2\/comments?post=89047"}],"version-history":[{"count":0,"href":"https:\/\/www.een.com\/fr\/wp-json\/wp\/v2\/pages\/89047\/revisions"}],"wp:attachment":[{"href":"https:\/\/www.een.com\/fr\/wp-json\/wp\/v2\/media?parent=89047"}],"curies":[{"name":"wp","href":"https:\/\/api.w.org\/{rel}","templated":true}]}}