{"id":88639,"date":"2020-06-12T18:22:16","date_gmt":"2020-06-12T23:22:16","guid":{"rendered":"https:\/\/www.een.com\/docs\/"},"modified":"2025-10-15T11:58:36","modified_gmt":"2025-10-15T16:58:36","slug":"docs","status":"publish","type":"page","link":"https:\/\/www.een.com\/fr\/docs\/","title":{"rendered":"Documents Eagle Eye"},"content":{"rendered":"\t\t<div data-elementor-type=\"wp-page\" data-elementor-id=\"88639\" class=\"elementor elementor-88639 elementor-88513\" data-elementor-post-type=\"page\">\n\t\t\t\t\t\t<section data-particle_enable=\"false\" data-particle-mobile-disabled=\"false\" class=\"elementor-section elementor-top-section elementor-element elementor-element-556f66aa elementor-section-boxed elementor-section-height-default elementor-section-height-default\" data-id=\"556f66aa\" data-element_type=\"section\" data-e-type=\"section\" data-settings=\"{&quot;background_background&quot;:&quot;classic&quot;}\">\n\t\t\t\t\t\t<div class=\"elementor-container elementor-column-gap-default\">\n\t\t\t\t\t<div class=\"elementor-column elementor-col-100 elementor-top-column elementor-element elementor-element-31df7b79\" data-id=\"31df7b79\" data-element_type=\"column\" data-e-type=\"column\">\n\t\t\t<div class=\"elementor-widget-wrap elementor-element-populated\">\n\t\t\t\t\t\t<div class=\"elementor-element elementor-element-325ec42 premium-header-inline premium-lq__none premium-box-lq__none elementor-widget elementor-widget-premium-addon-dual-header\" data-id=\"325ec42\" data-element_type=\"widget\" data-e-type=\"widget\" data-widget_type=\"premium-addon-dual-header.default\">\n\t\t\t\t\t\n\t\t<div class=\"elementor-widget-container\">\n\t\t\t\t\t<h1 class=\"premium-dual-header-first-header \"><span class=\"premium-dual-header-first-span\">Eagle Eye Networks <\/span><span class=\"premium-dual-header-second-header \">Documents<\/span><\/h1> \t\t\t\t<\/div>\n\n\t\t\t\t\t\t<\/div>\n\t\t\t\t<div class=\"elementor-element elementor-element-125d5c75 elementor-widget elementor-widget-spacer\" data-id=\"125d5c75\" data-element_type=\"widget\" data-e-type=\"widget\" data-widget_type=\"spacer.default\">\n\t\t\t\t<div class=\"elementor-widget-container\">\n\t\t\t\t\t\t\t<div class=\"elementor-spacer\">\n\t\t\t<div class=\"elementor-spacer-inner\"><\/div>\n\t\t<\/div>\n\t\t\t\t\t\t<\/div>\n\t\t\t\t<\/div>\n\t\t\t\t<section data-particle_enable=\"false\" data-particle-mobile-disabled=\"false\" class=\"elementor-section elementor-inner-section elementor-element elementor-element-12504884 elementor-section-boxed elementor-section-height-default elementor-section-height-default\" data-id=\"12504884\" data-element_type=\"section\" data-e-type=\"section\">\n\t\t\t\t\t\t<div class=\"elementor-container elementor-column-gap-default\">\n\t\t\t\t\t<div class=\"elementor-column elementor-col-33 elementor-inner-column elementor-element elementor-element-10e0e72d\" data-id=\"10e0e72d\" data-element_type=\"column\" data-e-type=\"column\" data-settings=\"{&quot;background_background&quot;:&quot;classic&quot;}\">\n\t\t\t<div class=\"elementor-widget-wrap elementor-element-populated\">\n\t\t\t\t\t\t<div class=\"elementor-element elementor-element-23bad4a9 elementor-widget elementor-widget-premium-addon-banner\" data-id=\"23bad4a9\" data-element_type=\"widget\" data-e-type=\"widget\" data-widget_type=\"premium-addon-banner.default\">\n\t\t\t\t<div class=\"elementor-widget-container\">\n\t\t\t\t\t\t\t<div class=\"premium-banner-ib premium-banner-min-height premium-banner-animation1 blur premium-banner__effect-type2\">\r\n\t\t\t\t\t\t\t\t\t\t<img decoding=\"async\" src=\"https:\/\/www.een.com\/wp-content\/uploads\/elementor\/thumbs\/product-catalogs-v2_docs-01-540w-qnxl18nyn0hkueayi7rqu76bjfecike6s0ejwh2oio.png\" title=\"Catalogue des produits\" alt=\"Catalogue des produits\" loading=\"lazy\" \/>\t\t\t\t\t\t\t\t\t<div class=\"premium-banner-ib-desc\">\r\n\t\t\t\t\r\n\t\t\t\t\t\t\t\t\t<h2 class=\"premium-banner-ib-title premium_banner_title\">\r\n\t\t\t\t\t\tCatalogues de Produits\t\t\t\t\t<\/h2>\r\n\t\t\t\t\r\n\t\t\t\t\t\t\t\t\t<div class=\"premium-banner-ib-content premium_banner_content\">\r\n\t\t\t\t\t\t<p>Eagle Eye Networks offre une vari\u00e9t\u00e9 de Bridges, de CMVR et de commutateurs PoE g\u00e9r\u00e9s<\/p>\t\t\t\t\t<\/div>\r\n\t\t\t\t\r\n\t\t\t\t\r\n\t\t\t\t\t\t\t<\/div>\r\n\t\t\t\t\t\t\t<a href=\"https:\/\/www.een.com\/wp-content\/uploads\/2025\/05\/Eagle-Eye-Product-Catalog.pdf\" target=\"_blank\" class=\"premium-banner-ib-link\"><\/a>\r\n\t\t\t\t\t<\/div>\r\n\r\n\t\t\t\t\t\t<\/div>\n\t\t\t\t<\/div>\n\t\t\t\t\t<\/div>\n\t\t<\/div>\n\t\t\t\t<div class=\"elementor-column elementor-col-33 elementor-inner-column elementor-element elementor-element-525cff2a\" data-id=\"525cff2a\" data-element_type=\"column\" data-e-type=\"column\">\n\t\t\t<div class=\"elementor-widget-wrap elementor-element-populated\">\n\t\t\t\t\t\t<div class=\"elementor-element elementor-element-117d4dc3 elementor-widget elementor-widget-premium-addon-banner\" data-id=\"117d4dc3\" data-element_type=\"widget\" data-e-type=\"widget\" data-widget_type=\"premium-addon-banner.default\">\n\t\t\t\t<div class=\"elementor-widget-container\">\n\t\t\t\t\t\t\t<div class=\"premium-banner-ib premium-banner-min-height premium-banner-animation1 zoomin premium-banner__effect-type2\">\r\n\t\t\t\t\t\t\t\t\t\t<img decoding=\"async\" src=\"https:\/\/www.een.com\/wp-content\/uploads\/elementor\/thumbs\/data-sheets-v3_docs-01-540w-qnxl17q4g6gaiscbnpd49peuy1izavagfvr2f742ow.png\" title=\"Fiches Techniques\" alt=\"Fiches Techniques\" loading=\"lazy\" \/>\t\t\t\t\t\t\t\t\t<div class=\"premium-banner-ib-desc\">\r\n\t\t\t\t\r\n\t\t\t\t\t\t\t\t\t<h2 class=\"premium-banner-ib-title premium_banner_title\">\r\n\t\t\t\t\t\tBridge, CMVR &amp; Switch Fiches Techniques\t\t\t\t\t<\/h2>\r\n\t\t\t\t\r\n\t\t\t\t\t\t\t\t\t<div class=\"premium-banner-ib-content premium_banner_content\">\r\n\t\t\t\t\t\t<p>Voir les sp\u00e9cifications de tous les \u00e9quipements Eagle Eye sur site<\/p>\t\t\t\t\t<\/div>\r\n\t\t\t\t\r\n\t\t\t\t\r\n\t\t\t\t\t\t\t<\/div>\r\n\t\t\t\t\t\t\t<a href=\"https:\/\/www.een.com\/fr\/docs\/data-sheets\/\" class=\"premium-banner-ib-link\"><\/a>\r\n\t\t\t\t\t<\/div>\r\n\r\n\t\t\t\t\t\t<\/div>\n\t\t\t\t<\/div>\n\t\t\t\t\t<\/div>\n\t\t<\/div>\n\t\t\t\t<div class=\"elementor-column elementor-col-33 elementor-inner-column elementor-element elementor-element-666a7c9a\" data-id=\"666a7c9a\" data-element_type=\"column\" data-e-type=\"column\">\n\t\t\t<div class=\"elementor-widget-wrap elementor-element-populated\">\n\t\t\t\t\t\t<div class=\"elementor-element elementor-element-4e1dce16 elementor-widget elementor-widget-premium-addon-banner\" data-id=\"4e1dce16\" data-element_type=\"widget\" data-e-type=\"widget\" data-widget_type=\"premium-addon-banner.default\">\n\t\t\t\t<div class=\"elementor-widget-container\">\n\t\t\t\t\t\t\t<div class=\"premium-banner-ib premium-banner-min-height premium-banner-animation1 zoomin premium-banner__effect-type2\">\r\n\t\t\t\t\t\t\t\t\t\t<img decoding=\"async\" src=\"https:\/\/www.een.com\/wp-content\/uploads\/elementor\/thumbs\/product-catalogs-v3_docs-01-540w-qnxl18nyn0hkueayi7rqu76bjfecike6s0ejwh2oio.png\" title=\"Catalogue des produits\" alt=\"Catalogue des produits\" loading=\"lazy\" \/>\t\t\t\t\t\t\t\t\t<div class=\"premium-banner-ib-desc\">\r\n\t\t\t\t\r\n\t\t\t\t\t\t\t\t\t<h2 class=\"premium-banner-ib-title premium_banner_title\">\r\n\t\t\t\t\t\tFiches techniques des cam\u00e9ras\t\t\t\t\t<\/h2>\r\n\t\t\t\t\r\n\t\t\t\t\t\t\t\t\t<div class=\"premium-banner-ib-content premium_banner_content\">\r\n\t\t\t\t\t\t<p>Afficher les sp\u00e9cifications de toutes les cam\u00e9ras vendues par Eagle Eye Networks<\/p>\t\t\t\t\t<\/div>\r\n\t\t\t\t\r\n\t\t\t\t\r\n\t\t\t\t\t\t\t<\/div>\r\n\t\t\t\t\t\t\t<a href=\"https:\/\/www.een.com\/fr\/docs\/camera-datasheets\/\" class=\"premium-banner-ib-link\"><\/a>\r\n\t\t\t\t\t<\/div>\r\n\r\n\t\t\t\t\t\t<\/div>\n\t\t\t\t<\/div>\n\t\t\t\t\t<\/div>\n\t\t<\/div>\n\t\t\t\t\t<\/div>\n\t\t<\/section>\n\t\t\t\t<section data-particle_enable=\"false\" data-particle-mobile-disabled=\"false\" class=\"elementor-section elementor-inner-section elementor-element elementor-element-754888e8 elementor-section-boxed elementor-section-height-default elementor-section-height-default\" data-id=\"754888e8\" data-element_type=\"section\" data-e-type=\"section\">\n\t\t\t\t\t\t<div class=\"elementor-container elementor-column-gap-default\">\n\t\t\t\t\t<div class=\"elementor-column elementor-col-33 elementor-inner-column elementor-element elementor-element-72351ebf\" data-id=\"72351ebf\" data-element_type=\"column\" data-e-type=\"column\" data-settings=\"{&quot;background_background&quot;:&quot;classic&quot;}\">\n\t\t\t<div class=\"elementor-widget-wrap elementor-element-populated\">\n\t\t\t\t\t\t<div class=\"elementor-element elementor-element-47933ccd elementor-widget elementor-widget-premium-addon-banner\" data-id=\"47933ccd\" data-element_type=\"widget\" data-e-type=\"widget\" data-widget_type=\"premium-addon-banner.default\">\n\t\t\t\t<div class=\"elementor-widget-container\">\n\t\t\t\t\t\t\t<div class=\"premium-banner-ib premium-banner-min-height premium-banner-animation1 zoomin premium-banner__effect-type2\">\r\n\t\t\t\t\t\t\t\t\t\t<img decoding=\"async\" src=\"https:\/\/www.een.com\/wp-content\/uploads\/elementor\/thumbs\/whitepapers_docs-01-540w-qnxl18nyn0hkueayi7rqu76bjfecike6s0ejwh2oio.png\" title=\"Livre Blanc\" alt=\"Livre Blanc\" loading=\"lazy\" \/>\t\t\t\t\t\t\t\t\t<div class=\"premium-banner-ib-desc\">\r\n\t\t\t\t\r\n\t\t\t\t\t\t\t\t\t<h2 class=\"premium-banner-ib-title premium_banner_title\">\r\n\t\t\t\t\t\tLivre Blanc\t\t\t\t\t<\/h2>\r\n\t\t\t\t\r\n\t\t\t\t\t\t\t\t\t<div class=\"premium-banner-ib-content premium_banner_content\">\r\n\t\t\t\t\t\t<p>Pour en savoir plus sur la cybers\u00e9curit\u00e9, la r\u00e9plication des vid\u00e9os sur le Cloud, les cam\u00e9ras thermiques et autres<\/p>\t\t\t\t\t<\/div>\r\n\t\t\t\t\r\n\t\t\t\t\r\n\t\t\t\t\t\t\t<\/div>\r\n\t\t\t\t\t\t\t<a href=\"https:\/\/www.een.com\/fr\/docs\/white-papers\/\" class=\"premium-banner-ib-link\"><\/a>\r\n\t\t\t\t\t<\/div>\r\n\r\n\t\t\t\t\t\t<\/div>\n\t\t\t\t<\/div>\n\t\t\t\t\t<\/div>\n\t\t<\/div>\n\t\t\t\t<div class=\"elementor-column elementor-col-33 elementor-inner-column elementor-element elementor-element-f130e90\" data-id=\"f130e90\" data-element_type=\"column\" data-e-type=\"column\">\n\t\t\t<div class=\"elementor-widget-wrap elementor-element-populated\">\n\t\t\t\t\t\t<div class=\"elementor-element elementor-element-72e9e3f elementor-widget elementor-widget-premium-addon-banner\" data-id=\"72e9e3f\" data-element_type=\"widget\" data-e-type=\"widget\" data-widget_type=\"premium-addon-banner.default\">\n\t\t\t\t<div class=\"elementor-widget-container\">\n\t\t\t\t\t\t\t<div class=\"premium-banner-ib premium-banner-min-height premium-banner-animation1 blur premium-banner__effect-type2\">\r\n\t\t\t\t\t\t\t\t\t\t<img decoding=\"async\" src=\"https:\/\/www.een.com\/wp-content\/uploads\/elementor\/thumbs\/product-features_docs-01-540w-qnxl18nyn0hkueayi7rqu76bjfecike6s0ejwh2oio.png\" title=\"Caract\u00e9ristiques du produit\" alt=\"Caract\u00e9ristiques du produit\" loading=\"lazy\" \/>\t\t\t\t\t\t\t\t\t<div class=\"premium-banner-ib-desc\">\r\n\t\t\t\t\r\n\t\t\t\t\t\t\t\t\t<h2 class=\"premium-banner-ib-title premium_banner_title\">\r\n\t\t\t\t\t\tCaract\u00e9ristiques du produit\t\t\t\t\t<\/h2>\r\n\t\t\t\t\r\n\t\t\t\t\t\t\t\t\t<div class=\"premium-banner-ib-content premium_banner_content\">\r\n\t\t\t\t\t\t<p>En savoir plus sur la large gamme de fonctionnalit\u00e9s du Cloud VMS Eagle Eye<\/p>\t\t\t\t\t<\/div>\r\n\t\t\t\t\r\n\t\t\t\t\r\n\t\t\t\t\t\t\t<\/div>\r\n\t\t\t\t\t\t\t<a href=\"https:\/\/www.een.com\/fr\/docs\/produits-fonctionnalites\/\" class=\"premium-banner-ib-link\"><\/a>\r\n\t\t\t\t\t<\/div>\r\n\r\n\t\t\t\t\t\t<\/div>\n\t\t\t\t<\/div>\n\t\t\t\t\t<\/div>\n\t\t<\/div>\n\t\t\t\t<div class=\"elementor-column elementor-col-33 elementor-inner-column elementor-element elementor-element-4cdf9416\" data-id=\"4cdf9416\" data-element_type=\"column\" data-e-type=\"column\">\n\t\t\t<div class=\"elementor-widget-wrap elementor-element-populated\">\n\t\t\t\t\t\t<div class=\"elementor-element elementor-element-3c456829 elementor-widget elementor-widget-premium-addon-banner\" data-id=\"3c456829\" data-element_type=\"widget\" data-e-type=\"widget\" data-widget_type=\"premium-addon-banner.default\">\n\t\t\t\t<div class=\"elementor-widget-container\">\n\t\t\t\t\t\t\t<div class=\"premium-banner-ib premium-banner-min-height premium-banner-animation1 zoomin premium-banner__effect-type2\">\r\n\t\t\t\t\t\t\t\t\t\t<img decoding=\"async\" src=\"https:\/\/www.een.com\/wp-content\/uploads\/elementor\/thumbs\/solutions_docs-01-540w-qnxl18nyn0hkueayi7rqu76bjfecike6s0ejwh2oio.png\" title=\"solutions\" alt=\"solutions\" loading=\"lazy\" \/>\t\t\t\t\t\t\t\t\t<div class=\"premium-banner-ib-desc\">\r\n\t\t\t\t\r\n\t\t\t\t\t\t\t\t\t<h2 class=\"premium-banner-ib-title premium_banner_title\">\r\n\t\t\t\t\t\tSolutions pour l'industrie\t\t\t\t\t<\/h2>\r\n\t\t\t\t\r\n\t\t\t\t\t\t\t\t\t<div class=\"premium-banner-ib-content premium_banner_content\">\r\n\t\t\t\t\t\t<p>D\u00e9couvrez comment le commerce de d\u00e9tail, les restaurants et d&rsquo;autres industries mettent en \u0153uvre avec succ\u00e8s le Cloud VMS Eagle Eye<\/p>\t\t\t\t\t<\/div>\r\n\t\t\t\t\r\n\t\t\t\t\r\n\t\t\t\t\t\t\t<\/div>\r\n\t\t\t\t\t\t\t<a href=\"https:\/\/www.een.com\/fr\/docs\/industrie-solutions\/\" class=\"premium-banner-ib-link\"><\/a>\r\n\t\t\t\t\t<\/div>\r\n\r\n\t\t\t\t\t\t<\/div>\n\t\t\t\t<\/div>\n\t\t\t\t\t<\/div>\n\t\t<\/div>\n\t\t\t\t\t<\/div>\n\t\t<\/section>\n\t\t\t\t<section data-particle_enable=\"false\" data-particle-mobile-disabled=\"false\" class=\"elementor-section elementor-inner-section elementor-element elementor-element-382499e0 elementor-section-boxed elementor-section-height-default elementor-section-height-default\" data-id=\"382499e0\" data-element_type=\"section\" data-e-type=\"section\">\n\t\t\t\t\t\t<div class=\"elementor-container elementor-column-gap-default\">\n\t\t\t\t\t<div class=\"elementor-column elementor-col-33 elementor-inner-column elementor-element elementor-element-56a86a78\" data-id=\"56a86a78\" data-element_type=\"column\" data-e-type=\"column\" data-settings=\"{&quot;background_background&quot;:&quot;classic&quot;}\">\n\t\t\t<div class=\"elementor-widget-wrap elementor-element-populated\">\n\t\t\t\t\t\t<div class=\"elementor-element elementor-element-4802cf60 elementor-widget elementor-widget-premium-addon-banner\" data-id=\"4802cf60\" data-element_type=\"widget\" data-e-type=\"widget\" data-widget_type=\"premium-addon-banner.default\">\n\t\t\t\t<div class=\"elementor-widget-container\">\n\t\t\t\t\t\t\t<div class=\"premium-banner-ib premium-banner-min-height premium-banner-animation1 zoomin premium-banner__effect-type2\">\r\n\t\t\t\t\t\t\t\t\t\t<img decoding=\"async\" src=\"https:\/\/www.een.com\/wp-content\/uploads\/elementor\/thumbs\/Tech-Partners-Doc-Tile-qozfeijpx5rs3vb1jt01hamhv3he9dqfjkxq775nkw.png\" title=\"Tech-Partners-Doc-Tile\" alt=\"Tech-Partners-Doc-Tile\" loading=\"lazy\" \/>\t\t\t\t\t\t\t\t\t<div class=\"premium-banner-ib-desc\">\r\n\t\t\t\t\r\n\t\t\t\t\t\t\t\t\t<h2 class=\"premium-banner-ib-title premium_banner_title\">\r\n\t\t\t\t\t\tArticles\t\t\t\t\t<\/h2>\r\n\t\t\t\t\r\n\t\t\t\t\t\t\t\t\t<div class=\"premium-banner-ib-content premium_banner_content\">\r\n\t\t\t\t\t\t<p>En savoir plus sur le cloud, le secteur de la s\u00e9curit\u00e9 et bien d&rsquo;autres sujets<\/p>\t\t\t\t\t<\/div>\r\n\t\t\t\t\r\n\t\t\t\t\r\n\t\t\t\t\t\t\t<\/div>\r\n\t\t\t\t\t\t\t<a href=\"https:\/\/www.een.com\/docs\/tech-partners-brochures\/\" class=\"premium-banner-ib-link\"><\/a>\r\n\t\t\t\t\t<\/div>\r\n\r\n\t\t\t\t\t\t<\/div>\n\t\t\t\t<\/div>\n\t\t\t\t\t<\/div>\n\t\t<\/div>\n\t\t\t\t<div class=\"elementor-column elementor-col-33 elementor-inner-column elementor-element elementor-element-46aad8c1\" data-id=\"46aad8c1\" data-element_type=\"column\" data-e-type=\"column\">\n\t\t\t<div class=\"elementor-widget-wrap elementor-element-populated\">\n\t\t\t\t\t\t<div class=\"elementor-element elementor-element-b5c1ffa elementor-widget elementor-widget-premium-addon-banner\" data-id=\"b5c1ffa\" data-element_type=\"widget\" data-e-type=\"widget\" data-widget_type=\"premium-addon-banner.default\">\n\t\t\t\t<div class=\"elementor-widget-container\">\n\t\t\t\t\t\t\t<div class=\"premium-banner-ib premium-banner-min-height premium-banner-animation1 zoomin premium-banner__effect-type2\">\r\n\t\t\t\t\t\t\t\t\t\t<img decoding=\"async\" width=\"300\" height=\"151\" src=\"https:\/\/www.een.com\/wp-content\/uploads\/2021\/10\/app-notes-bg-300x151.png\" class=\"attachment-medium size-medium wp-image-132086\" alt=\"App Notes\" title=\"\" srcset=\"https:\/\/www.een.com\/wp-content\/uploads\/2021\/10\/app-notes-bg-300x151.png 300w, https:\/\/www.een.com\/wp-content\/uploads\/2021\/10\/app-notes-bg.png 403w\" sizes=\"(max-width: 300px) 100vw, 300px\" \/>\t\t\t\t\t\t\t\t\t<div class=\"premium-banner-ib-desc\">\r\n\t\t\t\t\r\n\t\t\t\t\t\t\t\t\t<h2 class=\"premium-banner-ib-title premium_banner_title\">\r\n\t\t\t\t\t\tApp Notes\t\t\t\t\t<\/h2>\r\n\t\t\t\t\r\n\t\t\t\t\t\t\t\t\t<div class=\"premium-banner-ib-content premium_banner_content\">\r\n\t\t\t\t\t\t<p><span style=\"color: #ffffff;\">Read Eagle Eye Application Features\u00a0<\/span><\/p>\t\t\t\t\t<\/div>\r\n\t\t\t\t\r\n\t\t\t\t\r\n\t\t\t\t\t\t\t<\/div>\r\n\t\t\t\t\t\t\t<a href=\"https:\/\/www.een.com\/fr\/docs\/app-notes\/\" class=\"premium-banner-ib-link\"><\/a>\r\n\t\t\t\t\t<\/div>\r\n\r\n\t\t\t\t\t\t<\/div>\n\t\t\t\t<\/div>\n\t\t\t\t\t<\/div>\n\t\t<\/div>\n\t\t\t\t<div class=\"elementor-column elementor-col-33 elementor-inner-column elementor-element elementor-element-207dc613\" data-id=\"207dc613\" data-element_type=\"column\" data-e-type=\"column\">\n\t\t\t<div class=\"elementor-widget-wrap\">\n\t\t\t\t\t\t\t<\/div>\n\t\t<\/div>\n\t\t\t\t\t<\/div>\n\t\t<\/section>\n\t\t\t\t\t<\/div>\n\t\t<\/div>\n\t\t\t\t\t<\/div>\n\t\t<\/section>\n\t\t\t\t<\/div>\n\t\t","protected":false},"excerpt":{"rendered":"<p>Eagle Eye Networks Documents Catalogues de Produits Eagle Eye Networks offre une vari\u00e9t\u00e9 de Bridges, de CMVR et de commutateurs PoE g\u00e9r\u00e9s Bridge, CMVR &amp; Switch Fiches Techniques Voir les &hellip;<\/p>\n<p class=\"read-more\"> <a class=\"\" href=\"https:\/\/www.een.com\/fr\/docs\/\"> <span class=\"screen-reader-text\">Documents Eagle Eye<\/span> Lire la suite\u00a0\u00bb<\/a><\/p>\n","protected":false},"author":544,"featured_media":0,"parent":0,"menu_order":667,"comment_status":"closed","ping_status":"closed","template":"","meta":{"_acf_changed":false,"_relevanssi_hide_post":"","_relevanssi_hide_content":"","_relevanssi_pin_for_all":"","_relevanssi_pin_keywords":"","_relevanssi_unpin_keywords":"","_relevanssi_related_keywords":"","_relevanssi_related_include_ids":"","_relevanssi_related_exclude_ids":"","_relevanssi_related_no_append":"","_relevanssi_related_not_related":"","_relevanssi_related_posts":"","_relevanssi_noindex_reason":"","footnotes":""},"class_list":["post-88639","page","type-page","status-publish","hentry"],"acf":[],"aioseo_notices":[],"_links":{"self":[{"href":"https:\/\/www.een.com\/fr\/wp-json\/wp\/v2\/pages\/88639","targetHints":{"allow":["GET"]}}],"collection":[{"href":"https:\/\/www.een.com\/fr\/wp-json\/wp\/v2\/pages"}],"about":[{"href":"https:\/\/www.een.com\/fr\/wp-json\/wp\/v2\/types\/page"}],"author":[{"embeddable":true,"href":"https:\/\/www.een.com\/fr\/wp-json\/wp\/v2\/users\/544"}],"replies":[{"embeddable":true,"href":"https:\/\/www.een.com\/fr\/wp-json\/wp\/v2\/comments?post=88639"}],"version-history":[{"count":0,"href":"https:\/\/www.een.com\/fr\/wp-json\/wp\/v2\/pages\/88639\/revisions"}],"wp:attachment":[{"href":"https:\/\/www.een.com\/fr\/wp-json\/wp\/v2\/media?parent=88639"}],"curies":[{"name":"wp","href":"https:\/\/api.w.org\/{rel}","templated":true}]}}