{"id":141977,"date":"2022-05-27T10:56:23","date_gmt":"2022-05-27T15:56:23","guid":{"rendered":"https:\/\/www.een.com\/entreprise\/"},"modified":"2023-06-05T14:12:43","modified_gmt":"2023-06-05T19:12:43","slug":"entreprise","status":"publish","type":"page","link":"https:\/\/www.een.com\/fr\/entreprise\/","title":{"rendered":"A propos de nous"},"content":{"rendered":"<div class=\"wp-block-een-industries-slant-block vms\" id=\"een-industries-slant-block-block_af774735799c75b0f60ac46833b460a5\"><style>\n  #een-industries-slant-block-block_af774735799c75b0f60ac46833b460a5 .content-wysiwyg p,\n  #een-industries-slant-block-block_af774735799c75b0f60ac46833b460a5 .content-wysiwyg li {\n    color: #ffffff !important;\n    font-size: 26px;\n  }\n  #een-industries-slant-block-block_af774735799c75b0f60ac46833b460a5 .container-fluid.slant .slant_bg {\n    width: 100%;\n    max-height: 400px;\n    min-height: 400px;\n    position: absolute;\n    top: 0;\n    left: 0;\n    -webkit-clip-path: polygon(0 0, 100% 0, 100% 100%, 0 85%);\n    clip-path: polygon(0 0, 100% 0, 100% 100%, 0 85%);\n  }\n\n  #een-industries-slant-block-block_af774735799c75b0f60ac46833b460a5 .container-fluid.slant .row {\n    padding: 30px 0;\n  }\n\n  #een-industries-slant-block-block_af774735799c75b0f60ac46833b460a5 .container-fluid.slant .container {\n    z-index:5;\n  }\n\n  @media screen and (max-width: 991px){\n    #een-industries-slant-block-block_af774735799c75b0f60ac46833b460a5 .content-wysiwyg p {\n        color: #333 !important;\n        margin-top: 20px;\n        text-align: center;\n    }\n  }\n\n  @media screen and (max-width:768px) {\n    #een-industries-slant-block-block_af774735799c75b0f60ac46833b460a5 .container-fluid.slant .slant_bg {\n        clip-path: polygon(0 0, 100% 0, 100% 100%, 0 100%);\n        min-height:100%;\n    }\n\n    #een-industries-slant-block-block_af774735799c75b0f60ac46833b460a5 .content-wysiwyg p {\n      font-size: 16px !important;\n      margin-top: 20px;\n      color: #fff !important;\n      text-align: center;\n    }\n\n    #een-industries-slant-block-block_af774735799c75b0f60ac46833b460a5 img {\n      max-width: 300px;\n      display: block;\n      text-align: center;\n      margin: 0 auto !important;\n    }\n\n  }\n\n  #een-industries-slant-block-block_af774735799c75b0f60ac46833b460a5 p {\n    line-height:1.1em;\n  }\n\n<\/style>\n\n<div class=\"vms\">\n  <div class=\"relative\">\n      <section>\n          <div class=\"container-fluid slant d-flex-center\">\n              <div class=\"slant_bg\" style=\"background: #000000;\"><\/div>\n              <div class=\"container\">\n                  <div class=\"row\">\n                      <div class=\"col-lg-6\">\n                        <img decoding=\"async\" src=\"https:\/\/www.een.com\/wp-content\/uploads\/2022\/02\/OwnTexas_Office_Screens-1.png\" style=\"margin-left:15px; margin-top:-8px; transform: scale(1)\" \/>\n                      <\/div>\n\n                      <div class=\"col-lg-6 d-flex-center order-1\" style=\"padding-left: 10px;\">\n                          <div class=\"content-wysiwyg\">\n                            <p>Chez Eagle Eye Networks, nous pensons qu&rsquo;une v\u00e9ritable vid\u00e9osurveillance en nuage, assortie de protections appropri\u00e9es en mati\u00e8re de confidentialit\u00e9 et de cybers\u00e9curit\u00e9, offre une s\u00e9curit\u00e9 proactive et des donn\u00e9es exploitables pr\u00e9cieuses. En fin de compte, il permettra aux entreprises et aux communaut\u00e9s d&rsquo;\u00eatre mieux inform\u00e9es, plus engag\u00e9es et plus s\u00fbres.<\/p>\n                          <\/div>\n                      <\/div>\n                  <\/div>\n              <\/div>\n          <\/div>\n      <\/section>\n  <\/div>\n<\/div>\n\n<\/div>\n\n\n<div class=\"wp-block-een-section-header-block vms\" style=\"padding-top:50px;padding-bottom:0\"><div class=\"container text-center\"><div class=\"text-container\" style=\"max-width:1200px;margin:0 auto\"><h2 class=\"title\">Nos valeurs partag\u00e9es<\/h2><\/div><\/div><\/div>\n\n\n<div class=\"wp-block-een-industries-features-squares\"><style>\n.wp-block-een-industries-features-squares .fbshadow {\n    text-align:left;\n    box-shadow: 0px 34px 35px rgba(0, 0, 0, 0.07);\n    padding:30px;\n}\n\n.wp-block-een-industries-features-squares .fbshadow img {\n    max-width:80px;\n    margin-bottom:10px;\n}\n\n.wp-block-een-industries-features-squares .row.d-flex {\n    justify-content:center\n}\n<\/style>\n\n<section class=\"analytics\">\n  <div class=\"container-fluid content bg-white\" style=\"padding-top:30px, padding-bottom:50px\">\n    <div class=\"container text-center\" style=\"padding: 0px 100px;\">\n<div class=\"row d-flex\">    <div class=\"col-lg-4 col-md-12 fbshadow\">\n      <div class=\"feature-icon\">\n        <img decoding=\"async\" width=\"165\" height=\"156\" src=\"https:\/\/www.een.com\/wp-content\/uploads\/2022\/05\/team-page-icons-01.png\" class=\"attachment-full size-full\" alt=\"chat\" \/>      <\/div>\n      <div class=\"feature-content\">\n          <p><strong>NOUS SOMMES UNE \u00c9QUIPE<\/strong><\/p>\n<p>Nous travaillons en \u00e9quipe, en nous soutenant mutuellement et en nous faisant confiance.<\/p>\n      <\/div>\n    <\/div>\n\n        <div class=\"col-lg-4 col-md-12 fbshadow\">\n      <div class=\"feature-icon\">\n        <img decoding=\"async\" width=\"165\" height=\"156\" src=\"https:\/\/www.een.com\/wp-content\/uploads\/2022\/05\/team-page-icons-05.png\" class=\"attachment-full size-full\" alt=\"video surveillance checklist\" \/>      <\/div>\n      <div class=\"feature-content\">\n          <p><strong>NOUS ASSUMONS LA RESPONSABILIT\u00c9<\/strong><\/p>\n<p>Chacun d&rsquo;entre nous s&rsquo;approprie le projet, le met en \u0153uvre et le r\u00e9sout. Nous faisons bouger les choses.<\/p>\n      <\/div>\n    <\/div>\n\n        <div class=\"col-lg-4 col-md-12 fbshadow\">\n      <div class=\"feature-icon\">\n        <img decoding=\"async\" width=\"165\" height=\"156\" src=\"https:\/\/www.een.com\/wp-content\/uploads\/2022\/05\/team-page-icons-02.png\" class=\"attachment-full size-full\" alt=\"team\" \/>      <\/div>\n      <div class=\"feature-content\">\n          <p><strong>NOUS FAISONS GRANDIR LES PERSONNES<\/strong><\/p>\n<p>Nous souhaitons la croissance, l&rsquo;apprentissage, la sant\u00e9 et l&rsquo;am\u00e9lioration de nos employ\u00e9s, de nos clients, de nos partenaires, de nos familles et de nos communaut\u00e9s.<\/p>\n      <\/div>\n    <\/div>\n\n    <\/div><div class=\"row d-flex\">    <div class=\"col-lg-4 col-md-12 fbshadow\">\n      <div class=\"feature-icon\">\n        <img loading=\"lazy\" decoding=\"async\" width=\"165\" height=\"156\" src=\"https:\/\/www.een.com\/wp-content\/uploads\/2022\/05\/team-page-icons-03.png\" class=\"attachment-full size-full\" alt=\"video surveillance partnership\" \/>      <\/div>\n      <div class=\"feature-content\">\n          <p><strong>NOUS TRAVAILLONS AVEC INT\u00c9GRIT\u00c9<\/strong><\/p>\n<p>L&rsquo;honn\u00eatet\u00e9, l&rsquo;int\u00e9grit\u00e9 et l&rsquo;\u00e9quit\u00e9 sont au c\u0153ur de notre identit\u00e9.<\/p>\n      <\/div>\n    <\/div>\n\n        <div class=\"col-lg-4 col-md-12 fbshadow\">\n      <div class=\"feature-icon\">\n        <img loading=\"lazy\" decoding=\"async\" width=\"164\" height=\"156\" src=\"https:\/\/www.een.com\/wp-content\/uploads\/2022\/05\/team-page-icons-04.png\" class=\"attachment-full size-full\" alt=\"cloud surveillance\" \/>      <\/div>\n      <div class=\"feature-content\">\n          <p><strong>NOUS SURPRENONS NOS CLIENTS<\/strong><\/p>\n<p>L&rsquo;\u00e9merveillement des clients et des partenaires nous pousse \u00e0 la grandeur.<\/p>\n      <\/div>\n    <\/div>\n\n    <\/div>\n    <\/div>\n  <\/div>\n<\/section>\n<\/div>\n\n<div class=\"wp-block-een-industries-bg-block vms\" id=\"een-industries-bg-block-block_d3ba2ac905d22dfb0ee9223ea7037bfe\"><style>\n  #een-industries-bg-block-block_d3ba2ac905d22dfb0ee9223ea7037bfe .content-wysiwyg p,\n  #een-industries-bg-block-block_d3ba2ac905d22dfb0ee9223ea7037bfe .content-wysiwyg li {\n    color: #ffffff !important;\n  }\n  \/* Make their chosen tag appear as an h1 *\/\n  #een-industries-bg-block-block_d3ba2ac905d22dfb0ee9223ea7037bfe h1.h1,\n  #een-industries-bg-block-block_d3ba2ac905d22dfb0ee9223ea7037bfe h2.h1,\n  #een-industries-bg-block-block_d3ba2ac905d22dfb0ee9223ea7037bfe h3.h1,\n  #een-industries-bg-block-block_d3ba2ac905d22dfb0ee9223ea7037bfe h4.h1 {\n    font-size: 36px !important;\n    padding: 10px !important;\n    margin: 0 !important;\n    line-height: 1.25 !important;\n    color: #ffffff;\n    font-weight: normal !important;\n  }\n\n  #een-industries-bg-block-block_d3ba2ac905d22dfb0ee9223ea7037bfe {\n    margin: 50px 0 !important;\n  }\n\n #een-industries-bg-block-block_d3ba2ac905d22dfb0ee9223ea7037bfe .container {\n      position: absolute;\n      max-width: 90% !important;\n      background-repeat: no-repeat !important;\n      background-size: cover !important;\n  }\n\n  @media screen and (max-width: 820px) {\n\n    #een-industries-bg-block-block_d3ba2ac905d22dfb0ee9223ea7037bfe .container-fluid {\n        height: auto !important;\n    }\n\n    #een-industries-bg-block-block_d3ba2ac905d22dfb0ee9223ea7037bfe .container {\n      position: relative;\n      background-image: none !important;\n      text-align: left;\n      overflow: hidden;\n      height: 700px !important;\n      align-items: end;\n    }\n\n    #een-industries-bg-block-block_d3ba2ac905d22dfb0ee9223ea7037bfe .container h2 {\n      text-align:left;\n    }\n\n    #een-industries-bg-block-block_d3ba2ac905d22dfb0ee9223ea7037bfe img.mobile_img {\n      transform: scale(1) !important;\n      position: absolute !important;\n      top: 0;\n      left: 0;\n      width: 100%;\n    }\n\n    #een-industries-bg-block-block_d3ba2ac905d22dfb0ee9223ea7037bfe .row {\n      z-index:1;\n    }\n  }\n<\/style>\n\n<div class=\"relative\" id=\"\">\n  <section>\n    <div class=\"container-fluid\" style=\"height:650px\">\n\n      <div class=\"container d-flex-center\" style=\"background-image:url(https:\/\/www.een.com\/wp-content\/uploads\/2022\/05\/Frame-69v2-min.jpg);background-position:top right; height:100%; padding:50px; left:auto; right:0\">\n        <img decoding=\"async\" class=\"mobile_img\" src=\"https:\/\/www.een.com\/wp-content\/uploads\/2022\/05\/section_image_05-min_.jpg\" alt=\"\" title=\"\">\n        <div class=\"row\">\n          <div class=\"col-md-12 col-lg-6 order-0\">\n            <div class=\"text-container\">\n              <h2 class=\"h1\">Diversit\u00e9 et inclusion<\/h2>              <div class=\"content-wysiwyg\">\n                <p>Chez Eagle Eye, nous savons que la diversit\u00e9, l&rsquo;inclusion et l&rsquo;\u00e9galit\u00e9 commencent de l&rsquo;int\u00e9rieur. Nous appr\u00e9cions les perspectives nouvelles et diff\u00e9rentes, sachant que les id\u00e9es diverses suscitent l&rsquo;innovation et contribuent \u00e0 cr\u00e9er l&rsquo;avenir que nous souhaitons. Nous nous effor\u00e7ons d&rsquo;avoir un impact significatif sur la vie de nos coll\u00e8gues, de nos clients et de nos partenaires.<\/p>\n              <\/div>\n            <\/div>\n          <\/div>\n          <div class=\"col-md-12 col-lg-6\">\n          <\/div>\n        <\/div>\n      <\/div>\n    <\/div>\n  <\/section>\n<\/div>\n\n<\/div>\n\n<div class=\"wp-block-een-industries-bg-block vms\" id=\"een-industries-bg-block-block_976914a53c2ee5a7be67a59693b9e9c0\"><style>\n  #een-industries-bg-block-block_976914a53c2ee5a7be67a59693b9e9c0 .content-wysiwyg p,\n  #een-industries-bg-block-block_976914a53c2ee5a7be67a59693b9e9c0 .content-wysiwyg li {\n    color: #ffffff !important;\n  }\n  \/* Make their chosen tag appear as an h1 *\/\n  #een-industries-bg-block-block_976914a53c2ee5a7be67a59693b9e9c0 h1.h1,\n  #een-industries-bg-block-block_976914a53c2ee5a7be67a59693b9e9c0 h2.h1,\n  #een-industries-bg-block-block_976914a53c2ee5a7be67a59693b9e9c0 h3.h1,\n  #een-industries-bg-block-block_976914a53c2ee5a7be67a59693b9e9c0 h4.h1 {\n    font-size: 40px !important;\n    padding: 10px !important;\n    margin: 0 !important;\n    line-height: 1.25 !important;\n    color: #ffffff;\n    font-weight: normal !important;\n  }\n\n  #een-industries-bg-block-block_976914a53c2ee5a7be67a59693b9e9c0 {\n    margin: 50px 0 !important;\n  }\n\n #een-industries-bg-block-block_976914a53c2ee5a7be67a59693b9e9c0 .container {\n      position: absolute;\n      max-width: 90% !important;\n      background-repeat: no-repeat !important;\n      background-size: cover !important;\n  }\n\n  @media screen and (max-width: 820px) {\n\n    #een-industries-bg-block-block_976914a53c2ee5a7be67a59693b9e9c0 .container-fluid {\n        height: auto !important;\n    }\n\n    #een-industries-bg-block-block_976914a53c2ee5a7be67a59693b9e9c0 .container {\n      position: relative;\n      background-image: none !important;\n      text-align: left;\n      overflow: hidden;\n      height: 700px !important;\n      align-items: end;\n    }\n\n    #een-industries-bg-block-block_976914a53c2ee5a7be67a59693b9e9c0 .container h2 {\n      text-align:left;\n    }\n\n    #een-industries-bg-block-block_976914a53c2ee5a7be67a59693b9e9c0 img.mobile_img {\n      transform: scale(1) !important;\n      position: absolute !important;\n      top: 0;\n      left: 0;\n      width: 100%;\n    }\n\n    #een-industries-bg-block-block_976914a53c2ee5a7be67a59693b9e9c0 .row {\n      z-index:1;\n    }\n  }\n<\/style>\n\n<div class=\"relative\" id=\"\">\n  <section>\n    <div class=\"container-fluid\" style=\"height:650px\">\n\n      <div class=\"container d-flex-center\" style=\"background-image:url(https:\/\/www.een.com\/wp-content\/uploads\/2022\/05\/Frame-70v2-min.jpg);background-position:top left; height:100%; padding:50px; left:0; right:auto\">\n        <img decoding=\"async\" class=\"mobile_img\" src=\"https:\/\/www.een.com\/wp-content\/uploads\/2022\/05\/section_image_04v2-min.jpg\" alt=\"\" title=\"\">\n        <div class=\"row\">\n          <div class=\"col-md-12 col-lg-6 order-1\">\n            <div class=\"text-container\">\n              <h2 class=\"h1\">Durabilit\u00e9 des produits<\/h2>              <div class=\"content-wysiwyg\">\n                <p>Nous prenons notre r\u00f4le dans la s\u00e9curit\u00e9 au s\u00e9rieux, en nous effor\u00e7ant de r\u00e9soudre les d\u00e9fis mondiaux en mettant l&rsquo;accent sur une innovation significative qui am\u00e9liorera les communaut\u00e9s que nous servons dans le monde entier. Tout en restant fid\u00e8les \u00e0 notre mission, nous nous effor\u00e7ons d&rsquo;avoir un impact positif sur l&rsquo;environnement en progressant de mani\u00e8re consciencieuse. Nous embrassons l&rsquo;esprit d&rsquo;entreprise sur lequel notre soci\u00e9t\u00e9 a \u00e9t\u00e9 fond\u00e9e, en recherchant le changement et de nouvelles fa\u00e7ons d&rsquo;innover dans notre secteur.<\/p>\n              <\/div>\n            <\/div>\n          <\/div>\n          <div class=\"col-md-12 col-lg-6\">\n          <\/div>\n        <\/div>\n      <\/div>\n    <\/div>\n  <\/section>\n<\/div>\n\n<\/div>\n\n<div class=\"wp-block-een-industries-bg-block vms\" id=\"een-industries-bg-block-block_c98d4f4bf113049d9ccd5bcb0c5fbeb8\"><style>\n  #een-industries-bg-block-block_c98d4f4bf113049d9ccd5bcb0c5fbeb8 .content-wysiwyg p,\n  #een-industries-bg-block-block_c98d4f4bf113049d9ccd5bcb0c5fbeb8 .content-wysiwyg li {\n    color: #ffffff !important;\n  }\n  \/* Make their chosen tag appear as an h1 *\/\n  #een-industries-bg-block-block_c98d4f4bf113049d9ccd5bcb0c5fbeb8 h1.h1,\n  #een-industries-bg-block-block_c98d4f4bf113049d9ccd5bcb0c5fbeb8 h2.h1,\n  #een-industries-bg-block-block_c98d4f4bf113049d9ccd5bcb0c5fbeb8 h3.h1,\n  #een-industries-bg-block-block_c98d4f4bf113049d9ccd5bcb0c5fbeb8 h4.h1 {\n    font-size: 30px !important;\n    padding: 10px !important;\n    margin: 0 !important;\n    line-height: 1.25 !important;\n    color: #ffffff;\n    font-weight: normal !important;\n  }\n\n  #een-industries-bg-block-block_c98d4f4bf113049d9ccd5bcb0c5fbeb8 {\n    margin: 50px 0 !important;\n  }\n\n #een-industries-bg-block-block_c98d4f4bf113049d9ccd5bcb0c5fbeb8 .container {\n      position: absolute;\n      max-width: 90% !important;\n      background-repeat: no-repeat !important;\n      background-size: cover !important;\n  }\n\n  @media screen and (max-width: 820px) {\n\n    #een-industries-bg-block-block_c98d4f4bf113049d9ccd5bcb0c5fbeb8 .container-fluid {\n        height: auto !important;\n    }\n\n    #een-industries-bg-block-block_c98d4f4bf113049d9ccd5bcb0c5fbeb8 .container {\n      position: relative;\n      background-image: none !important;\n      text-align: left;\n      overflow: hidden;\n      height: 700px !important;\n      align-items: end;\n    }\n\n    #een-industries-bg-block-block_c98d4f4bf113049d9ccd5bcb0c5fbeb8 .container h2 {\n      text-align:left;\n    }\n\n    #een-industries-bg-block-block_c98d4f4bf113049d9ccd5bcb0c5fbeb8 img.mobile_img {\n      transform: scale(1) !important;\n      position: absolute !important;\n      top: 0;\n      left: 0;\n      width: 100%;\n    }\n\n    #een-industries-bg-block-block_c98d4f4bf113049d9ccd5bcb0c5fbeb8 .row {\n      z-index:1;\n    }\n  }\n<\/style>\n\n<div class=\"relative\" id=\"\">\n  <section>\n    <div class=\"container-fluid\" style=\"height:650px\">\n\n      <div class=\"container d-flex-center\" style=\"background-image:url(https:\/\/www.een.com\/wp-content\/uploads\/2022\/05\/Frame-71-min_.jpg);background-position:top right; height:100%; padding:50px; left:auto; right:0\">\n        <img decoding=\"async\" class=\"mobile_img\" src=\"https:\/\/www.een.com\/wp-content\/uploads\/2022\/05\/section_image_05-1-min_.jpg\" alt=\"Video Surveillance 2\" title=\"Video Surveillance 2\">\n        <div class=\"row\">\n          <div class=\"col-md-12 col-lg-6 order-0\">\n            <div class=\"text-container\">\n              <h2 class=\"h1\">Se concentrer sur l&rsquo;impact imm\u00e9diat<\/h2>              <div class=\"content-wysiwyg\">\n                <p>Bien que nous n&rsquo;en soyons qu&rsquo;au d\u00e9but de notre d\u00e9marche en faveur du climat, Eagle Eye a lanc\u00e9 de nombreuses initiatives pour mesurer et r\u00e9duire la consommation d&rsquo;\u00e9nergie de ses bureaux, entrep\u00f4ts et centres de donn\u00e9es dans le monde entier. Eagle Eye ouvre constamment la voie \u00e0 l&rsquo;am\u00e9lioration de l&rsquo;efficacit\u00e9 \u00e9nerg\u00e9tique et des \u00e9missions de carbone gr\u00e2ce \u00e0 des produits tels que des solutions de s\u00e9curit\u00e9 \u00ab\u00a0vertes\u00a0\u00bb, comme des cam\u00e9ras \u00e0 \u00e9nergie solaire et des capteurs d&rsquo;\u00e9nergie int\u00e9gr\u00e9s.<\/p>\n              <\/div>\n            <\/div>\n          <\/div>\n          <div class=\"col-md-12 col-lg-6\">\n          <\/div>\n        <\/div>\n      <\/div>\n    <\/div>\n  <\/section>\n<\/div>\n\n<\/div>\n\n\n<div class=\"wp-block-een-section-header-block vms\" style=\"padding-top:30px;padding-bottom:0\"><div class=\"container text-center\"><div class=\"text-container\" style=\"max-width:1200px;margin:0 auto\"><h2 class=\"title\">Redonner<\/h2><p>Gr\u00e2ce \u00e0 nos programmes d&rsquo;impact, nous contribuons \u00e0 am\u00e9liorer la s\u00e9curit\u00e9 des organisations communautaires en compensant les co\u00fbts de s\u00e9curit\u00e9 par la mise en place d&rsquo;\u00e9quipements de s\u00e9curit\u00e9 modernes et de services d&rsquo;enregistrement en nuage. <\/p><\/div><\/div><\/div>\n\n\n\n<div class=\"vms\"><section><div class=\"container-fluid content bg-white\" style=\"padding-top:50px\"><div class=\"container text-center\" style=\"padding:0px 100px\"><div class=\"row\"><div class=\"col-lg-6 col-md-12\"><div class=\"cntrl intel d-flex\" style=\"background:url(https:\/\/www.een.com\/wp-content\/uploads\/2022\/05\/Frame-47v2-min.jpg) !important;background-size:cover !important;align-items:flex-end;webkit-align-items:flex-end\"><div><h4 class=\"sub_title white pb\">SUBVENTION POUR L&rsquo;\u00c9COLE DE DRAKO<\/h4><p class=\"white lg-text\">\u00ab\u00a0En augmentant l&rsquo;acc\u00e8s \u00e0 la vid\u00e9osurveillance en nuage de haute qualit\u00e9, nous cultivons un environnement plus s\u00fbr pour nos \u00e9tudiants, nos parents et notre personnel. Nous sommes convaincus que l&rsquo;avenir de la vid\u00e9osurveillance est dans le cloud et nos \u00e9coles m\u00e9ritent une solution flexible, s\u00e9curis\u00e9e et peu co\u00fbteuse que seule la migration vers un VMS cloud peut garantir\u00a0\u00bb, a d\u00e9clar\u00e9 Dean Drako, PDG d&rsquo;Eagle Eye Networks.<\/p><\/div><\/div><\/div><div class=\"col-lg-6 col-md-12\"><div class=\"cntrl alerts d-flex\" style=\"background:url(https:\/\/www.een.com\/wp-content\/uploads\/2022\/06\/Frame-48v2-min.jpg);align-items:start;webkit-align-items:start\"><div><h4 class=\"sub_title white pb\">MAISON RONALD MCDONALD<\/h4><p class=\"white lg-text\">\u00ab\u00a0Lorsque vous avez une maman pour la premi\u00e8re fois avec un b\u00e9b\u00e9 en USIN qui reste \u00e0 la maison, et que le p\u00e8re doit retourner au travail, notre syst\u00e8me Eagle Eye nous permet de donner au p\u00e8re la confiance et la tranquillit\u00e9 d&rsquo;esprit que sa famille est en s\u00e9curit\u00e9\u00a0\u00bb, a-t-il d\u00e9clar\u00e9. \u00ab\u00a0Il n&rsquo;y a rien de plus important que \u00e7a.\u00a0\u00bb <\/p><\/div><\/div><\/div><\/div><\/div><\/div><\/section><\/div>\n\n\n\n<div style=\"height:100px\" aria-hidden=\"true\" class=\"wp-block-spacer\"><\/div>\n\n\n<div class=\"wp-block-een-industries-hero-block\"><style>\n  #een-industries-hero-block-block_9457a7f796284b0c82bc55900bf70ad4 .hero-wysiwyg p {\n    color: #ffffff !important;\n  }\n  \/* Make their chosen tag appear as an h1 *\/\n  #een-industries-hero-block-block_9457a7f796284b0c82bc55900bf70ad4 h1.h1,\n  #een-industries-hero-block-block_9457a7f796284b0c82bc55900bf70ad4 h2.h1,\n  #een-industries-hero-block-block_9457a7f796284b0c82bc55900bf70ad4 h3.h1,\n  #een-industries-hero-block-block_9457a7f796284b0c82bc55900bf70ad4 h4.h1 {\n    font-size: 40px !important;\n    padding: 10px !important;\n    margin: 0 !important;\n    line-height: 1.25 !important;\n    color: #fff;\n    font-weight: bold !important;\n  }\n\n\n  @media screen and (max-width:600px) {\n\n    .wp-block-een-industries-hero-block .vms .een-atf .h1 {\n      font-size: 30px !important;\n    }\n    .wp-block-een-industries-hero-block a {\n      display: block;\n      text-align: center;\n    }\n    .wp-block-een-industries-hero-block .h1,\n    .wp-block-een-industries-hero-block p {\n      text-align: center !important;\n      margin: 0 auto !important;\n    }\n    .wp-block-een-industries-hero-block section.een-atf .container-fluid {\n      z-index: 1;\n    }\n\n    .wp-block-een-industries-hero-block.mobile_background .mobile_image {\n      width:100%;\n      height:100%;\n      position:absolute;\n      background-repeat: no-repeat !important;\n      background-size:cover !important;\n      background-position:bottom center !important;\n    }\n  }\n\n\n  .wp-block-een-industries-hero-block section.een-atf {\n    display: flex;\n    align-items: center;\n  }\n\n\n<\/style>\n\n<div class=\"vms main-container\" id=\"een-industries-hero-block-block_9457a7f796284b0c82bc55900bf70ad4\">\n  <section class=\"een-atf\" url=\"https:\/\/www.een.com\/wp-content\/uploads\/2022\/05\/Frame-72-1-scaled.jpg\" style=\"background-image:url(https:\/\/www.een.com\/wp-content\/uploads\/2022\/05\/Frame-72-1-scaled.jpg);height:auto\">\n    <div class=\"container-fluid\">\n      <div class=\"container\" style=\"height:auto\">\n        <div class=\"row\">\n          <div class=\"col-md-12 center\" style=\"text-align:center\">\n            <h2 class=\"h1\" style=\"color:#ffffff\">Rejoignez notre \u00e9quipe mondiale en pleine expansion<\/h2>            <div class=\"hero-wysiwyg\">\n              <p>Si vous \u00eates pr\u00eat \u00e0 faire \u00e9voluer votre carri\u00e8re, vous \u00eates au bon endroit. Chez Eagle Eye Networks, nous faisons passer la technologie de vid\u00e9osurveillance au niveau sup\u00e9rieur. Nous ne nous contentons pas de faire progresser la surveillance et la s\u00e9curit\u00e9, nous fournissons \u00e9galement \u00e0 nos clients de pr\u00e9cieuses informations commerciales pour les aider \u00e0 am\u00e9liorer leurs op\u00e9rations, \u00e0 r\u00e9duire leurs co\u00fbts et \u00e0 s&rsquo;assurer que leur personnel est aussi efficace que possible.<\/p>\n            <\/div>\n            <a href=\"\/careers\/#job\"><button type=\"button\" class=\"btn btn-een\">Voir les postes ouverts<\/button><\/a>          <\/div>\n          <div class=\"col-md-6\">\n          <\/div>\n        <\/div>\n      <\/div>\n    <\/div>\n    <div class=\"mobile_image\" style=\"background-image:url(https:\/\/www.een.com\/wp-content\/uploads\/2022\/05\/Frame-72-1-scaled.jpg);\"><\/div>\n  <\/section>\n<\/div>\n\n<\/div>","protected":false},"excerpt":{"rendered":"","protected":false},"author":1633,"featured_media":0,"parent":0,"menu_order":163,"comment_status":"closed","ping_status":"closed","template":"","meta":{"_acf_changed":false,"_relevanssi_hide_post":"","_relevanssi_hide_content":"","_relevanssi_pin_for_all":"","_relevanssi_pin_keywords":"","_relevanssi_unpin_keywords":"","_relevanssi_related_keywords":"","_relevanssi_related_include_ids":"","_relevanssi_related_exclude_ids":"","_relevanssi_related_no_append":"","_relevanssi_related_not_related":"","_relevanssi_related_posts":"125150,116940,134220,99248,130491,109362","_relevanssi_noindex_reason":"","footnotes":""},"class_list":["post-141977","page","type-page","status-publish","hentry"],"acf":[],"aioseo_notices":[],"_links":{"self":[{"href":"https:\/\/www.een.com\/fr\/wp-json\/wp\/v2\/pages\/141977","targetHints":{"allow":["GET"]}}],"collection":[{"href":"https:\/\/www.een.com\/fr\/wp-json\/wp\/v2\/pages"}],"about":[{"href":"https:\/\/www.een.com\/fr\/wp-json\/wp\/v2\/types\/page"}],"author":[{"embeddable":true,"href":"https:\/\/www.een.com\/fr\/wp-json\/wp\/v2\/users\/1633"}],"replies":[{"embeddable":true,"href":"https:\/\/www.een.com\/fr\/wp-json\/wp\/v2\/comments?post=141977"}],"version-history":[{"count":0,"href":"https:\/\/www.een.com\/fr\/wp-json\/wp\/v2\/pages\/141977\/revisions"}],"wp:attachment":[{"href":"https:\/\/www.een.com\/fr\/wp-json\/wp\/v2\/media?parent=141977"}],"curies":[{"name":"wp","href":"https:\/\/api.w.org\/{rel}","templated":true}]}}