{"id":136888,"date":"2021-12-16T09:39:52","date_gmt":"2021-12-16T14:39:52","guid":{"rendered":"https:\/\/www.een.com\/surveillance-assessment\/"},"modified":"2022-08-19T11:09:56","modified_gmt":"2022-08-19T16:09:56","slug":"surveillance-assessment","status":"publish","type":"page","link":"https:\/\/www.een.com\/fr\/surveillance-assessment\/","title":{"rendered":"Surveillance System Quiz: How Secure Is Your Business?"},"content":{"rendered":"<div class=\"container-fluid surveillance-assessment\">\n\n    <h2>Votre syst\u00e8me de surveillance assure-t-il la s\u00e9curit\u00e9 et la protection de votre entreprise ?<\/h2>\n    <h3 class=\"text-center\">R\u00e9pondez \u00e0 notre questionnaire de s\u00e9curit\u00e9 en 3 minutes pour savoir si votre syst\u00e8me actuel est \u00e0 la hauteur.<\/h3>\n\n    <div class=\"progress_bar\">\n        <div class=\"bar_container\">\n            <div class=\"bar\">\n                <span><\/span>\n            <\/div>\n        <\/div>\n        <p class=\"count\"><span class=\"current_question\">1<\/span>\/<span class=\"total_questions\"><\/span><\/p>\n    <\/div>\n\n    <div class=\"container questions-container\">\n\n        <div class=\"question single\">\n\n            <h3>Merci de compl\u00e9ter le formulaire pour d\u00e9marrer le questionnaire. <\/h3>\n\n            <form id=\"assessment\">\n\n                <div class=\"form-group\">\n                    <label for=\"first_name\">Pr\u00e9nom<\/label>\n                    <input required type=\"text\" name=\"first_name\" class=\"form-control\" id=\"first_name\" aria-describedby=\"first_name_help\" placeholder=\"Pr\u00e9nom\">\n                <\/div>\n\n                <div class=\"form-group\">\n                    <label for=\"last_name\">Nom<\/label>\n                    <input required type=\"text\" name=\"last_name\" class=\"form-control\" id=\"last_name\" aria-describedby=\"last_name_help\" placeholder=\"Nom\">\n                <\/div>\n\n                <div class=\"form-group\">\n                    <label for=\"email_address\">Adresse e-mail<\/label>\n                    <input required type=\"email\" name=\"email_address\" class=\"form-control\" id=\"email\" aria-describedby=\"email_help\" placeholder=\"Adresse e-mail\">\n                <\/div>\n\n                <!-- <div class=\"form-group\">\n                    <label for=\"company_name\">Nom de la Compagnie<\/label>\n                    <input required type=\"text\" name=\"company_name\" class=\"form-control\" id=\"company_name\" aria-describedby=\"compnay_name_help\" placeholder=\"Nom de la Compagnie\">\n                <\/div> -->\n\n                <div class=\"form-group\">\n                    <label for=\"phone_number\">Num\u00e9ro de t\u00e9l\u00e9phone<\/label>\n                    <input required type=\"text\" name=\"phone_number\" class=\"form-control\" id=\"phone_number\" aria-describedby=\"phone_help\" placeholder=\"Num\u00e9ro de t\u00e9l\u00e9phone\">\n                <\/div>\n\n                <!-- <div class=\"form-group\">\n                    <label for=\"country\">Ville<\/label>\n\n                    <select required name=\"country\" id=\"country\" tabindex=\"9\" aria-required=\"false\"><option value=\"\" selected=\"selected\">Ville<\/option><option value=\"AF\">Afghanistan<\/option><option value=\"AL\">Albania<\/option><option value=\"DZ\">Algeria<\/option><option value=\"AS\">American Samoa<\/option><option value=\"AD\">Andorra<\/option><option value=\"AO\">Angola<\/option><option value=\"AI\">Anguilla<\/option><option value=\"AQ\">Antarctica<\/option><option value=\"AG\">Antigua and Barbuda<\/option><option value=\"AR\">Argentina<\/option><option value=\"AM\">Armenia<\/option><option value=\"AW\">Aruba<\/option><option value=\"AU\">Australia<\/option><option value=\"AT\">Austria<\/option><option value=\"AZ\">Azerbaijan<\/option><option value=\"BS\">Bahamas<\/option><option value=\"BH\">Bahrain<\/option><option value=\"BD\">Bangladesh<\/option><option value=\"BB\">Barbados<\/option><option value=\"BY\">Belarus<\/option><option value=\"BE\">Belgium<\/option><option value=\"BZ\">Belize<\/option><option value=\"BJ\">Benin<\/option><option value=\"BM\">Bermuda<\/option><option value=\"BT\">Bhutan<\/option><option value=\"BO\">Bolivia<\/option><option value=\"BQ\">Bonaire, Sint Eustatius and Saba<\/option><option value=\"BA\">Bosnia and Herzegovina<\/option><option value=\"BW\">Botswana<\/option><option value=\"BV\">Bouvet Island<\/option><option value=\"BR\">Brazil<\/option><option value=\"IO\">British Indian Ocean Territory<\/option><option value=\"BN\">Brunei Darussalam<\/option><option value=\"BG\">Bulgaria<\/option><option value=\"BF\">Burkina Faso<\/option><option value=\"BI\">Burundi<\/option><option value=\"KH\">Cambodia<\/option><option value=\"CM\">Cameroon<\/option><option value=\"CA\">Canada<\/option><option value=\"CV\">Cape Verde<\/option><option value=\"KY\">Cayman Islands<\/option><option value=\"CF\">Central African Republic<\/option><option value=\"TD\">Chad<\/option><option value=\"CL\">Chile<\/option><option value=\"CN\">China<\/option><option value=\"CX\">Christmas Island<\/option><option value=\"CC\">Cocos Islands<\/option><option value=\"CO\">Colombia<\/option><option value=\"KM\">Comoros<\/option><option value=\"CD\">Congo, Democratic Republic of the<\/option><option value=\"CG\">Congo, Republic of the<\/option><option value=\"CK\">Cook Islands<\/option><option value=\"CR\">Costa Rica<\/option><option value=\"HR\">Croatia<\/option><option value=\"CU\">Cuba<\/option><option value=\"CW\">Cura\u00e7ao<\/option><option value=\"CY\">Cyprus<\/option><option value=\"CZ\">Czech Republic<\/option><option value=\"CI\">C\u00f4te d'Ivoire<\/option><option value=\"DK\">Denmark<\/option><option value=\"DJ\">Djibouti<\/option><option value=\"DM\">Dominica<\/option><option value=\"DO\">Dominican Republic<\/option><option value=\"EC\">Ecuador<\/option><option value=\"EG\">Egypt<\/option><option value=\"SV\">El Salvador<\/option><option value=\"GQ\">Equatorial Guinea<\/option><option value=\"ER\">Eritrea<\/option><option value=\"EE\">Estonia<\/option><option value=\"SZ\">Eswatini (Swaziland)<\/option><option value=\"ET\">Ethiopia<\/option><option value=\"FK\">Falkland Islands<\/option><option value=\"FO\">Faroe Islands<\/option><option value=\"FJ\">Fiji<\/option><option value=\"FI\">Finland<\/option><option value=\"FR\">France<\/option><option value=\"GF\">French Guiana<\/option><option value=\"PF\">French Polynesia<\/option><option value=\"TF\">French Southern Territories<\/option><option value=\"GA\">Gabon<\/option><option value=\"GM\">Gambia<\/option><option value=\"GE\">Georgia<\/option><option value=\"DE\">Germany<\/option><option value=\"GH\">Ghana<\/option><option value=\"GI\">Gibraltar<\/option><option value=\"GR\">Greece<\/option><option value=\"GL\">Greenland<\/option><option value=\"GD\">Grenada<\/option><option value=\"GP\">Guadeloupe<\/option><option value=\"GU\">Guam<\/option><option value=\"GT\">Guatemala<\/option><option value=\"GG\">Guernsey<\/option><option value=\"GN\">Guinea<\/option><option value=\"GW\">Guinea-Bissau<\/option><option value=\"GY\">Guyana<\/option><option value=\"HT\">Haiti<\/option><option value=\"HM\">Heard and McDonald Islands<\/option><option value=\"VA\">Holy See<\/option><option value=\"HN\">Honduras<\/option><option value=\"HK\">Hong Kong<\/option><option value=\"HU\">Hungary<\/option><option value=\"IS\">Iceland<\/option><option value=\"IN\">India<\/option><option value=\"ID\">Indonesia<\/option><option value=\"IR\">Iran<\/option><option value=\"IQ\">Iraq<\/option><option value=\"IE\">Ireland<\/option><option value=\"IM\">Isle of Man<\/option><option value=\"IL\">Israel<\/option><option value=\"IT\">Italy<\/option><option value=\"JM\">Jamaica<\/option><option value=\"JP\">Japan<\/option><option value=\"JE\">Jersey<\/option><option value=\"JO\">Jordan<\/option><option value=\"KZ\">Kazakhstan<\/option><option value=\"KE\">Kenya<\/option><option value=\"KI\">Kiribati<\/option><option value=\"KW\">Kuwait<\/option><option value=\"KG\">Kyrgyzstan<\/option><option value=\"LA\">Lao People's Democratic Republic<\/option><option value=\"LV\">Latvia<\/option><option value=\"LB\">Lebanon<\/option><option value=\"LS\">Lesotho<\/option><option value=\"LR\">Liberia<\/option><option value=\"LY\">Libya<\/option><option value=\"LI\">Liechtenstein<\/option><option value=\"LT\">Lithuania<\/option><option value=\"LU\">Luxembourg<\/option><option value=\"MO\">Macau<\/option><option value=\"MK\">Macedonia<\/option><option value=\"MG\">Madagascar<\/option><option value=\"MW\">Malawi<\/option><option value=\"MY\">Malaysia<\/option><option value=\"MV\">Maldives<\/option><option value=\"ML\">Mali<\/option><option value=\"MT\">Malta<\/option><option value=\"MH\">Marshall Islands<\/option><option value=\"MQ\">Martinique<\/option><option value=\"MR\">Mauritania<\/option><option value=\"MU\">Mauritius<\/option><option value=\"YT\">Mayotte<\/option><option value=\"MX\">Mexico<\/option><option value=\"FM\">Micronesia<\/option><option value=\"MD\">Moldova<\/option><option value=\"MC\">Monaco<\/option><option value=\"MN\">Mongolia<\/option><option value=\"ME\">Montenegro<\/option><option value=\"MS\">Montserrat<\/option><option value=\"MA\">Morocco<\/option><option value=\"MZ\">Mozambique<\/option><option value=\"MM\">Myanmar<\/option><option value=\"NA\">Namibia<\/option><option value=\"NR\">Nauru<\/option><option value=\"NP\">Nepal<\/option><option value=\"NL\">Netherlands<\/option><option value=\"NC\">New Caledonia<\/option><option value=\"NZ\">New Zealand<\/option><option value=\"NI\">Nicaragua<\/option><option value=\"NE\">Niger<\/option><option value=\"NG\">Nigeria<\/option><option value=\"NU\">Niue<\/option><option value=\"NF\">Norfolk Island<\/option><option value=\"KP\">North Korea<\/option><option value=\"MP\">Northern Mariana Islands<\/option><option value=\"NO\">Norway<\/option><option value=\"OM\">Oman<\/option><option value=\"PK\">Pakistan<\/option><option value=\"PW\">Palau<\/option><option value=\"PS\">Palestine, State of<\/option><option value=\"PA\">Panama<\/option><option value=\"PG\">Papua New Guinea<\/option><option value=\"PY\">Paraguay<\/option><option value=\"PE\">Peru<\/option><option value=\"PH\">Philippines<\/option><option value=\"PN\">Pitcairn<\/option><option value=\"PL\">Poland<\/option><option value=\"PT\">Portugal<\/option><option value=\"PR\">Puerto Rico<\/option><option value=\"QA\">Qatar<\/option><option value=\"RO\">Romania<\/option><option value=\"RU\">Russia<\/option><option value=\"RW\">Rwanda<\/option><option value=\"RE\">R\u00e9union<\/option><option value=\"BL\">Saint Barth\u00e9lemy<\/option><option value=\"SH\">Saint Helena<\/option><option value=\"KN\">Saint Kitts and Nevis<\/option><option value=\"LC\">Saint Lucia<\/option><option value=\"MF\">Saint Martin<\/option><option value=\"PM\">Saint Pierre and Miquelon<\/option><option value=\"VC\">Saint Vincent and the Grenadines<\/option><option value=\"WS\">Samoa<\/option><option value=\"SM\">San Marino<\/option><option value=\"ST\">Sao Tome and Principe<\/option><option value=\"SA\">Saudi Arabia<\/option><option value=\"SN\">Senegal<\/option><option value=\"RS\">Serbia<\/option><option value=\"SC\">Seychelles<\/option><option value=\"SL\">Sierra Leone<\/option><option value=\"SG\">Singapore<\/option><option value=\"SX\">Sint Maarten<\/option><option value=\"SK\">Slovakia<\/option><option value=\"SI\">Slovenia<\/option><option value=\"SB\">Solomon Islands<\/option><option value=\"SO\">Somalia<\/option><option value=\"ZA\">South Africa<\/option><option value=\"GS\">South Georgia<\/option><option value=\"KR\">South Korea<\/option><option value=\"SS\">South Sudan<\/option><option value=\"ES\">Spain<\/option><option value=\"LK\">Sri Lanka<\/option><option value=\"SD\">Sudan<\/option><option value=\"SR\">Suriname<\/option><option value=\"SJ\">Svalbard and Jan Mayen Islands<\/option><option value=\"SE\">Sweden<\/option><option value=\"CH\">Switzerland<\/option><option value=\"SY\">Syria<\/option><option value=\"TW\">Taiwan<\/option><option value=\"TJ\">Tajikistan<\/option><option value=\"TZ\">Tanzania<\/option><option value=\"TH\">Thailand<\/option><option value=\"TL\">Timor-Leste<\/option><option value=\"TG\">Togo<\/option><option value=\"TK\">Tokelau<\/option><option value=\"TO\">Tonga<\/option><option value=\"TT\">Trinidad and Tobago<\/option><option value=\"TN\">Tunisia<\/option><option value=\"TR\">Turkey<\/option><option value=\"TM\">Turkmenistan<\/option><option value=\"TC\">Turks and Caicos Islands<\/option><option value=\"TV\">Tuvalu<\/option><option value=\"UM\">US Minor Outlying Islands<\/option><option value=\"UG\">Uganda<\/option><option value=\"UA\">Ukraine<\/option><option value=\"AE\">United Arab Emirates<\/option><option value=\"UK\">United Kingdom<\/option><option value=\"US\">United States<\/option><option value=\"UY\">Uruguay<\/option><option value=\"UZ\">Uzbekistan<\/option><option value=\"VU\">Vanuatu<\/option><option value=\"VE\">Venezuela<\/option><option value=\"VN\">Vietnam<\/option><option value=\"VG\">Virgin Islands, British<\/option><option value=\"VI\">Virgin Islands, U.S.<\/option><option value=\"WF\">Wallis and Futuna<\/option><option value=\"EH\">Western Sahara<\/option><option value=\"YE\">Yemen<\/option><option value=\"ZM\">Zambia<\/option><option value=\"ZW\">Zimbabwe<\/option><option value=\"AX\">\u00c5land Islands<\/option><\/select>\n\n                <\/div> -->\n\n                <input type=\"hidden\" name=\"i_can_easily_predict_and_budget_for_the_cost_of_my_video_surveillance_system\">\n                <input type=\"hidden\" name=\"i_can_view_and_access_my_video_surveillance_footage\">\n                <input type=\"hidden\" name=\"i_mainly_use_my_system\">\n                <input type=\"hidden\" name=\"if_i_have_a_problem_with_my_equipment_or_system\">\n                <input type=\"hidden\" name=\"if_i_need_to_add_or_replace_a_camera\">\n                <input type=\"hidden\" name=\"my_current_video_surveillance_footage_is_stored\">\n                <input type=\"hidden\" name=\"my_video_surveillance_system_can\">\n                <input type=\"hidden\" name=\"who_makes_updates_to_your_system_\">\n                <input type=\"hidden\" name=\"my_video_surveillance_system_works_with\">\n\n                <div class=\"form-group submit\">\n                    <button type=\"button\" class=\"btn btn-een next\" disabled>Suivant<\/button>\n                <\/div>\n                <!-- <div class=\"form-group submit\">\n                    <button type=\"submit\" class=\"btn\">Obtenir mes r\u00e9sultats<\/button>\n                <\/div> -->\n\n            <\/form>\n        <\/div>\n\n        <div class=\"question single\" data-question=\"my_current_video_surveillance_footage_is_stored\">\n\n            <img decoding=\"async\" src=\"\/wp-content\/uploads\/2021\/09\/20210916-Devices-with-Camera_Logistics-min.png\">\n            <h3>Mes vid\u00e9os de surveillance actuelles sont stock\u00e9es<\/h3>\n            <div class=\"answers\">\n                <ul>\n                    <li data-value=\"3\"><i class=\"fas fa-circle\"><\/i> En un seul endroit sur un enregistreur vid\u00e9o num\u00e9rique (DVR) ou un enregistreur vid\u00e9o sur r\u00e9seau (NVR) traditionnel<\/li>\n                    <li data-value=\"6\"><i class=\"fas fa-circle\"><\/i> J\u2019utilise une approche hybride, stock\u00e9e \u00e0 la fois sur mes cam\u00e9ras de s\u00e9curit\u00e9 et dans le cloud<\/li>\n                    <li data-value=\"10\"><i class=\"fas fa-circle\"><\/i> Crypt\u00e9s, sauvegard\u00e9s et s\u00e9curis\u00e9s \u00e0 100 % dans le cloud<\/li>\n                    <li data-value=\"1\"><i class=\"fas fa-circle\"><\/i> Je ne sais pas<\/li>\n                <\/ul>\n            <\/div>\n        <\/div>\n\n        <div class=\"question single\" data-question=\"i_can_view_and_access_my_video_surveillance_footage\">\n            <div class=\"controls\">\n                <button class=\"prev_btn\"><i class=\"fal fa-chevron-circle-left\"><\/i> Retour<\/button>\n            <\/div>\n\n            <img decoding=\"async\" src=\"\/wp-content\/uploads\/2021\/09\/20210916-Devices-with-Camera_Logistics-min.png\">\n            <h3>Je peux visualiser et acc\u00e9der \u00e0 mes images de vid\u00e9osurveillance<\/h3>\n            <div class=\"answers\">\n                <ul>\n                    <li data-value=\"2\"><i class=\"fas fa-circle\"><\/i>\u00c0 l\u2019emplacement o\u00f9 la vid\u00e9o est stock\u00e9e<\/li>\n                    <li data-value=\"10\"><i class=\"fas fa-circle\"><\/i>Sur mon t\u00e9l\u00e9phone ou mon ordinateur portable partout dans le monde<\/li>\n                    <li data-value=\"5\"><i class=\"fas fa-circle\"><\/i>Seul mon fournisseur de services de s\u00e9curit\u00e9 peut acc\u00e9der \u00e0 mes images de surveillance<\/li>\n                <\/ul>\n            <\/div>\n        <\/div>\n\n        <div class=\"question single\" data-question=\"my_video_surveillance_system_works_with\">\n            <div class=\"controls\">\n                <button class=\"prev_btn\"><i class=\"fal fa-chevron-circle-left\"><\/i> Retour<\/button>\n            <\/div>\n\n            <img decoding=\"async\" src=\"\/wp-content\/uploads\/2021\/09\/20210916-Devices-with-Camera_Logistics-min.png\">\n            <h3>Mon syst\u00e8me de vid\u00e9osurveillance fonctionne avec<\/h3>\n            <div class=\"answers\">\n                <ul>\n                    <li data-value=\"7\"><i class=\"fas fa-circle\"><\/i> Uniquement les syst\u00e8mes de contr\u00f4le d'acc\u00e8s pour les entr\u00e9es<\/li>\n                    <li data-value=\"10\"><i class=\"fas fa-circle\"><\/i> Les syst\u00e8mes de contr\u00f4le d'acc\u00e8s et autres outils tiers, tels que les caisses enregistreuses, les capteurs, les alarmes et les rapports d'entreprise<\/li>\n                    <li data-value=\"1\"><i class=\"fas fa-circle\"><\/i> Il ne fonctionne avec aucun de mes autres syst\u00e8mes d\u2019entreprise<\/li>\n                    <li data-value=\"3\"><i class=\"fas fa-circle\"><\/i> Je ne suis pas s\u00fbr<\/li>\n                <\/ul>\n            <\/div>\n        <\/div>\n\n        <div class=\"question single\" data-question=\"i_can_easily_predict_and_budget_for_the_cost_of_my_video_surveillance_system\">\n            <div class=\"controls\">\n                <button class=\"prev_btn\"><i class=\"fal fa-chevron-circle-left\"><\/i> Retour<\/button>\n            <\/div>\n\n            <img decoding=\"async\" src=\"\/wp-content\/uploads\/2021\/09\/20210916-Devices-with-Camera_Logistics-min.png\">\n            <h3>Je peux facilement pr\u00e9voir et budg\u00e9tiser le co\u00fbt de mon syst\u00e8me de vid\u00e9osurveillance<\/h3>\n            <div class=\"answers\">\n                <ul>\n                    <li data-value=\"10\"><i class=\"fas fa-circle\"><\/i> Oui, ma facturation est constante chaque mois<\/li>\n                    <li data-value=\"2\"><i class=\"fas fa-circle\"><\/i> Non, ma facture fluctue beaucoup chaque mois<\/li>\n                    <li data-value=\"6\"><i class=\"fas fa-circle\"><\/i> J'ai pay\u00e9 d'avance l'ensemble de mon syst\u00e8me et je ne paie que pour les nouveaux \u00e9quipements et les mises \u00e0 jour.<\/li>\n                <\/ul>\n            <\/div>\n        <\/div>\n\n        <div class=\"question multi-select\" data-question=\"my_video_surveillance_system_can\">\n            <div class=\"controls\">\n                <button class=\"prev_btn\"><i class=\"fal fa-chevron-circle-left\"><\/i> Retour<\/button>\n            <\/div>\n\n            <img decoding=\"async\" src=\"\/wp-content\/uploads\/2021\/09\/20210916-Devices-with-Camera_Logistics-min.png\">\n            <h3>Mon syst\u00e8me de vid\u00e9osurveillance peut <\/h3>\n            <small>S\u00e9lectionnez tous les \u00e9l\u00e9ments qui s'appliquent<\/small>\n            <div class=\"answers\">\n                <ul>\n                    <li data-value=\"2\"><i class=\"fas fa-circle\"><\/i> D\u00e9tecter les intrusions<\/li>\n                    <li data-value=\"2\"><i class=\"fas fa-circle\"><\/i> Compter les objets et les personnes<\/li>\n                    <li data-value=\"2\"><i class=\"fas fa-circle\"><\/i> Reconna\u00eetre les plaques d'immatriculation<\/li>\n                    <li data-value=\"2\"><i class=\"fas fa-circle\"><\/i> Pr\u00e9venez-moi lorsqu'une zone vuln\u00e9rable a \u00e9t\u00e9 viol\u00e9e<\/li>\n                    <li data-value=\"2\"><i class=\"fas fa-circle\"><\/i> Trouver des mod\u00e8les dans les donn\u00e9es et recommander des solutions<\/li>\n                    <li data-value=\"2\"><i class=\"fas fa-circle\"><\/i> Prot\u00e9ger contre les attaques \u00e0 la cybers\u00e9curit\u00e9<\/li>\n                <\/ul>\n            <\/div>\n            <button type=\"button\" class=\"btn btn-een next\">Suivant<\/button>\n        <\/div>\n\n        <div class=\"question single\" data-question=\"if_i_have_a_problem_with_my_equipment_or_system\">\n            <div class=\"controls\">\n                <button class=\"prev_btn\"><i class=\"fal fa-chevron-circle-left\"><\/i> Retour<\/button>\n            <\/div>\n\n            <img decoding=\"async\" src=\"\/wp-content\/uploads\/2021\/09\/20210916-Devices-with-Camera_Logistics-min.png\">\n            <h3>Si j'ai un probl\u00e8me avec mon \u00e9quipement ou mon syst\u00e8me<\/h3>\n            <div class=\"answers\">\n                <ul>\n                    <li data-value=\"0\"><i class=\"fas fa-circle\"><\/i> Je ne le saurai que lorsque quelque chose arrivera ou que j'aurai besoin d'acc\u00e9der \u00e0 la vid\u00e9o<\/li>\n                    <li data-value=\"10\"><i class=\"fas fa-circle\"><\/i> Mon syst\u00e8me me pr\u00e9vient imm\u00e9diatement et je peux g\u00e9n\u00e9ralement r\u00e9soudre le probl\u00e8me le jour m\u00eame<\/li>\n                    <li data-value=\"5\"><i class=\"fas fa-circle\"><\/i> Je le sais g\u00e9n\u00e9ralement dans les deux jours qui suivent et mon fournisseur peut r\u00e9gler le probl\u00e8me dans la semaine<\/li>\n                    <li data-value=\"3\"><i class=\"fas fa-circle\"><\/i> Je dois le r\u00e9parer moi-m\u00eame<\/li>\n                <\/ul>\n            <\/div>\n        <\/div>\n\n        <div class=\"question single\" data-question=\"i_mainly_use_my_system\">\n            <div class=\"controls\">\n                <button class=\"prev_btn\"><i class=\"fal fa-chevron-circle-left\"><\/i> Retour<\/button>\n            <\/div>\n\n            <img decoding=\"async\" src=\"\/wp-content\/uploads\/2021\/09\/20210916-Devices-with-Camera_Logistics-min.png\">\n            <h3>J'utilise principalement mon syst\u00e8me  <\/h3>\n            <div class=\"answers\">\n                <ul>\n                    <li data-value=\"5\"><i class=\"fas fa-circle\"><\/i> Comme moyen de dissuasion du vol et de d\u00e9tection des intrusions<\/li>\n                    <li data-value=\"7\"><i class=\"fas fa-circle\"><\/i> Former et contr\u00f4ler les employ\u00e9s<\/li>\n                    <li data-value=\"10\"><i class=\"fas fa-circle\"><\/i> Pour des analyses avanc\u00e9es visant \u00e0 am\u00e9liorer les op\u00e9rations et le service \u00e0 la client\u00e8le<\/li>\n                    <li data-value=\"3\"><i class=\"fas fa-circle\"><\/i> J'utilise rarement mon syst\u00e8me actuel<\/li>\n                <\/ul>\n            <\/div>\n        <\/div>\n\n        <div class=\"question single\" data-question=\"who_makes_updates_to_your_system_\">\n            <div class=\"controls\">\n                <button class=\"prev_btn\"><i class=\"fal fa-chevron-circle-left\"><\/i> Retour<\/button>\n            <\/div>\n\n            <img decoding=\"async\" src=\"\/wp-content\/uploads\/2021\/09\/20210916-Devices-with-Camera_Logistics-min.png\">\n            <h3>Qui effectue les mises \u00e0 jour de votre syst\u00e8me ?<\/h3>\n            <div class=\"answers\">\n                <ul>\n                    <li data-value=\"7\"><i class=\"fas fa-circle\"><\/i> Je le fais ou un membre de mon \u00e9quipe le fait<\/li>\n                    <li data-value=\"5\"><i class=\"fas fa-circle\"><\/i> Mon fournisseur de s\u00e9curit\u00e9<\/li>\n                    <li data-value=\"0\"><i class=\"fas fa-circle\"><\/i> Le syst\u00e8me a besoin d'\u00eatre mis \u00e0 jour ? !?!<\/li>\n                <\/ul>\n            <\/div>\n        <\/div>\n\n        <div class=\"question single last\" data-question=\"if_i_need_to_add_or_replace_a_camera\">\n            <div class=\"controls\">\n                <button class=\"prev_btn\"><i class=\"fal fa-chevron-circle-left\"><\/i> Retour<\/button>\n            <\/div>\n\n            <img decoding=\"async\" src=\"\/wp-content\/uploads\/2021\/09\/20210916-Devices-with-Camera_Logistics-min.png\">\n            <h3>Si je dois ajouter ou remplacer une cam\u00e9ra<\/h3>\n            <div class=\"answers\">\n                <ul>\n                    <li data-value=\"2\"><i class=\"fas fa-circle\"><\/i> Je dois choisir dans une liste tr\u00e8s restreinte de cam\u00e9ras pour qu'elle fonctionne avec mon VMS<\/li>\n                    <li data-value=\"10\"><i class=\"fas fa-circle\"><\/i> Je suis libre d'ajouter presque toutes les marques et tous les mod\u00e8les de cam\u00e9ras qui correspondent \u00e0 mes besoins actuels<\/li>\n                    <li data-value=\"5\"><i class=\"fas fa-circle\"><\/i> Je dispose d'une gamme de mod\u00e8les parmi lesquels je peux choisir, mais ils doivent r\u00e9pondre \u00e0 des exigences sp\u00e9cifiques<\/li>\n                <\/ul>\n            <\/div>\n\n            <div class=\"form-group submit\">\n                <button type=\"submit\" class=\"btn\" id=\"finalSubmitBtn\">Obtenir mes r\u00e9sultats<\/button>\n                <p style=\"padding-top: 15px;color:#a9a9a9;\"><em>By submitting this form, I agree to be bound by your <a href=\"\/privacy-policy\">Privacy Policy<\/a><\/em><\/p>\n            <\/div>\n        <\/div>\n\n\n\n        <div class=\"results\">\n\n            <h3 class=\"thank_you\">Merci ! V\u00e9rifiez votre email pour vos r\u00e9sultats et votre rapport de vid\u00e9osurveillance personnalis\u00e9.<\/h3>\n\n        <\/div>\n\n    <\/div>\n<\/div>\n","protected":false},"excerpt":{"rendered":"","protected":false},"author":3175,"featured_media":0,"parent":0,"menu_order":220,"comment_status":"closed","ping_status":"closed","template":"","meta":{"_acf_changed":false,"_relevanssi_hide_post":"","_relevanssi_hide_content":"","_relevanssi_pin_for_all":"","_relevanssi_pin_keywords":"","_relevanssi_unpin_keywords":"","_relevanssi_related_keywords":"","_relevanssi_related_include_ids":"","_relevanssi_related_exclude_ids":"","_relevanssi_related_no_append":"","_relevanssi_related_not_related":"","_relevanssi_related_posts":"134220,132861,132535,131443,130491,130440","_relevanssi_noindex_reason":"","footnotes":""},"class_list":["post-136888","page","type-page","status-publish","hentry"],"acf":[],"aioseo_notices":[],"_links":{"self":[{"href":"https:\/\/www.een.com\/fr\/wp-json\/wp\/v2\/pages\/136888","targetHints":{"allow":["GET"]}}],"collection":[{"href":"https:\/\/www.een.com\/fr\/wp-json\/wp\/v2\/pages"}],"about":[{"href":"https:\/\/www.een.com\/fr\/wp-json\/wp\/v2\/types\/page"}],"author":[{"embeddable":true,"href":"https:\/\/www.een.com\/fr\/wp-json\/wp\/v2\/users\/3175"}],"replies":[{"embeddable":true,"href":"https:\/\/www.een.com\/fr\/wp-json\/wp\/v2\/comments?post=136888"}],"version-history":[{"count":0,"href":"https:\/\/www.een.com\/fr\/wp-json\/wp\/v2\/pages\/136888\/revisions"}],"wp:attachment":[{"href":"https:\/\/www.een.com\/fr\/wp-json\/wp\/v2\/media?parent=136888"}],"curies":[{"name":"wp","href":"https:\/\/api.w.org\/{rel}","templated":true}]}}