{"id":125994,"date":"2020-05-20T21:23:00","date_gmt":"2020-05-21T02:23:00","guid":{"rendered":"https:\/\/www.een.com\/?page_id=125994"},"modified":"2021-07-06T17:56:34","modified_gmt":"2021-07-06T22:56:34","slug":"cout-total-de-possession","status":"publish","type":"page","link":"https:\/\/www.een.com\/fr\/cout-total-de-possession\/","title":{"rendered":"Co\u00fbt Total de Possession"},"content":{"rendered":"<h1>Co\u00fbt Total de Possession<\/h1>\n<h3>Livre Blanc de Dean Drako, CEO de Eagle Eye Networks<\/h3>\n<p><a href=\"https:\/\/www.een.com\/fr\/cout-total-de-possession\/#download\" role=\"button\"><br \/>\nT\u00c9L\u00c9CHARGER LE PDF DU LIVRE BLANC<br \/>\n<\/a><\/p>\n<p>La version PDF comprend du contenu suppl\u00e9mentaire; t\u00e9l\u00e9charger pour plus sur ce sujet.<\/p>\n<h3>Comment le cloud aide les entreprises \u00e0 r\u00e9duire les co\u00fbts de la s\u00e9curit\u00e9 vid\u00e9o<\/h3>\n<p>Il peut \u00eatre surprenant de constater \u00e0 quel point les co\u00fbts op\u00e9rationnels d&rsquo;une technologie, dont beaucoup ne sont pas visibles, font grimper le co\u00fbt de possession d&rsquo;une technologie au double (typique pour de nombreuses technologies) et parfois m\u00eame au quadruple (typique pour les serveurs informatiques) du prix d&rsquo;achat initial. Cependant, le cloud computing a consid\u00e9rablement modifi\u00e9 le paysage du TCO pour les d\u00e9ploiements de vid\u00e9osurveillance. Le transfert de l&rsquo;infrastructure de calcul et de stockage vid\u00e9o dans le cloud permet de r\u00e9aliser d&rsquo;importantes \u00e9conomies d&rsquo;\u00e9chelle. En outre, la fiabilit\u00e9 des syst\u00e8mes sur le cloud, l&rsquo;acc\u00e8s \u00e0 distance \u00e0 grande \u00e9chelle et la cybers\u00e9curit\u00e9 des syst\u00e8mes d\u00e9passent ce qui est r\u00e9alisable en termes de co\u00fbts pour les d\u00e9ploiements typiques de serveurs de centres de donn\u00e9es.<\/p>\n<h3>Objectifs D&rsquo;achat et de D\u00e9ploiement<\/h3>\n<p>L&rsquo;achat, le d\u00e9ploiement et l&rsquo;exploitation des technologies de s\u00e9curit\u00e9 comportent \u00e0 la fois des risques et des objectifs financiers, qui se refl\u00e8tent dans ces objectifs d&rsquo;achat communs:<\/p>\n<ul>\n<li>Acqu\u00e9rir la meilleure valeur technologique pour obtenir la r\u00e9duction des risques de s\u00e9curit\u00e9 souhait\u00e9e.<\/li>\n<li>\u00c9vitez d&rsquo;\u00eatre pris au d\u00e9pourvu par des co\u00fbts d&rsquo;exploitation et de services technologiques non planifi\u00e9s.<\/li>\n<\/ul>\n<p>Atteindre ces deux objectifs est le seul but d&rsquo;une analyse du co\u00fbt total de possession (TCO).<\/p>\n<p>En \u00e9valuant tous les co\u00fbts de possession et d&rsquo;exploitation des serveurs du syst\u00e8me de gestion vid\u00e9o (par opposition au seul prix d&rsquo;achat), il est possible de s\u00e9lectionner un syst\u00e8me sur le cloud dont le co\u00fbt total de possession est consid\u00e9rablement inf\u00e9rieur \u00e0 celui d&rsquo;un syst\u00e8me sur site typique. Les \u00e9conomies r\u00e9alis\u00e9es sont g\u00e9n\u00e9ralement comprises entre 20 et 50 % par rapport aux co\u00fbts d&rsquo;h\u00e9bergement des applications VMS dans un centre de donn\u00e9es d&rsquo;entreprise (qu&rsquo;il soit g\u00e9r\u00e9 en interne ou par un tiers).<\/p>\n<h4>Un Exemple Simple de TCO<\/h4>\n<p>Le TCO est une analyse destin\u00e9e \u00e0 mettre en \u00e9vidence tous les co\u00fbts li\u00e9s \u00e0 la possession de certains types d&rsquo;actifs pendant toute leur dur\u00e9e de vie. Par cons\u00e9quent, le TCO est parfois appel\u00e9 \u00ab\u00a0analyse du co\u00fbt du cycle de vie\u00a0\u00bb. Le TCO tente de d\u00e9couvrir \u00e0 la fois les co\u00fbts \u00e9vidents et les co\u00fbts \u00ab\u00a0cach\u00e9s\u00a0\u00bb de la propri\u00e9t\u00e9 au fil du temps. La plupart des co\u00fbts li\u00e9s \u00e0 la possession d&rsquo;une automobile sont faciles \u00e0 voir. Par exemple, une voiture de $ 31,000 peut co\u00fbter plus de $ 62,000 sur cinq ans, m\u00eame en tenant compte de la valeur de reprise.<\/p>\n<h4>Tableau 1. Co\u00fbt R\u00e9el de Possession\u00ae d&rsquo;Edmund pour une Automobile de $ 31,252<\/h4>\n<p>La d\u00e9pr\u00e9ciation, les taxes et les frais, ainsi que les co\u00fbts de financement sont probablement comparables pour des v\u00e9hicules de prix similaire. En revanche, les frais de carburant, d&rsquo;assurance et d&rsquo;entretien varient en fonction de la cat\u00e9gorie, de la marque et du mod\u00e8le de l&rsquo;automobile. Ces variations de co\u00fbts font qu&rsquo;une analyse du co\u00fbt total de possession d&rsquo;un v\u00e9hicule vaut la peine d&rsquo;\u00eatre effectu\u00e9e. En effectuant ce type d&rsquo;analyse sur plusieurs v\u00e9hicules, vous d\u00e9couvrirez lequel est vraiment le meilleur achat.<\/p>\n<table width=\"100%\">\n<thead>\n<tr>\n<th style=\"font-weight: bold;\" align=\"left\">Cost Factor<\/th>\n<th align=\"left\">Year 1<\/th>\n<th align=\"left\">Year 2<\/th>\n<th align=\"left\">Year 3<\/th>\n<th align=\"left\">Year 4<\/th>\n<th align=\"left\">Year 5<\/th>\n<th align=\"left\">5-Year Total<\/th>\n<\/tr>\n<\/thead>\n<tbody>\n<tr>\n<td style=\"font-weight: bold;\" align=\"left\">Depreciation<\/td>\n<td align=\"left\">$6,837<\/td>\n<td align=\"left\">$2,990<\/td>\n<td align=\"left\">$2,633<\/td>\n<td align=\"left\">$2,332<\/td>\n<td align=\"left\">$2,094<\/td>\n<td align=\"left\">$16,886<\/td>\n<\/tr>\n<tr>\n<td style=\"font-weight: bold;\" align=\"left\">Taxes &amp; Fees<\/td>\n<td align=\"left\">$2,620<\/td>\n<td align=\"left\">$211<\/td>\n<td align=\"left\">$191<\/td>\n<td align=\"left\">$174<\/td>\n<td align=\"left\">$159<\/td>\n<td align=\"left\">$3,355<\/td>\n<\/tr>\n<tr>\n<td style=\"font-weight: bold;\" align=\"left\">Financing<\/td>\n<td align=\"left\">$1,694<\/td>\n<td align=\"left\">$1,362<\/td>\n<td align=\"left\">$1,009<\/td>\n<td align=\"left\">$631<\/td>\n<td align=\"left\">$229<\/td>\n<td align=\"left\">$4,925<\/td>\n<\/tr>\n<tr>\n<td style=\"font-weight: bold;\" align=\"left\">Fuel<\/td>\n<td align=\"left\">$3,096<\/td>\n<td align=\"left\">$3,189<\/td>\n<td align=\"left\">$3,284<\/td>\n<td align=\"left\">$3,383<\/td>\n<td align=\"left\">$3,484<\/td>\n<td align=\"left\">$16,436<\/td>\n<\/tr>\n<tr>\n<td style=\"font-weight: bold;\" align=\"left\">Insurance<\/td>\n<td align=\"left\">$1,812<\/td>\n<td align=\"left\">$1,866<\/td>\n<td align=\"left\">$1,922<\/td>\n<td align=\"left\">$1,980<\/td>\n<td align=\"left\">$2,039<\/td>\n<td align=\"left\">$9,619<\/td>\n<\/tr>\n<tr>\n<td style=\"font-weight: bold;\" align=\"left\">Maintenance<\/td>\n<td align=\"left\">$2,411<\/td>\n<td align=\"left\">$665<\/td>\n<td align=\"left\">$1,207<\/td>\n<td align=\"left\">$493<\/td>\n<td align=\"left\">$3,120<\/td>\n<td align=\"left\">$7,896<\/td>\n<\/tr>\n<tr>\n<td style=\"font-weight: bold;\" align=\"left\">Repairs<\/td>\n<td align=\"left\">$414<\/td>\n<td align=\"left\">$484<\/td>\n<td align=\"left\">$564<\/td>\n<td align=\"left\">$658<\/td>\n<td align=\"left\">$767<\/td>\n<td align=\"left\">$2,887<\/td>\n<\/tr>\n<tr>\n<td style=\"font-weight: bold;\" align=\"left\">True Cost to Own<\/td>\n<td style=\"font-weight: bold;\" align=\"left\">$18,884<\/td>\n<td style=\"font-weight: bold;\" align=\"left\">$10,767<\/td>\n<td style=\"font-weight: bold;\" align=\"left\">$10,810<\/td>\n<td style=\"font-weight: bold;\" align=\"left\">$9,651<\/td>\n<td style=\"font-weight: bold;\" align=\"left\">$11,892<\/td>\n<td style=\"font-weight: bold;\" align=\"left\">$62,004<\/td>\n<\/tr>\n<\/tbody>\n<\/table>\n<p>Le tableau 1 ci-dessus pr\u00e9sente l&rsquo;analyse du co\u00fbt r\u00e9el de possession sur 5 ans de l&rsquo;Edmund pour un appareil de $ 31,252 <a href=\"https:\/\/www.edmunds.com\/dodge\/charger\/2014\/cost-to-own\/#style=200477069\" target=\"_blank\" rel=\"noopener noreferrer\">2014 Dodge Charger SRT8<\/a> conduit 15,000 miles par an. Dans ce cas, le co\u00fbt d&rsquo;exploitation et de maintenance du v\u00e9hicule double le prix de la voiture. Il est typique pour de nombreux types de technologies que les co\u00fbts d&rsquo;exploitation et de maintenance soient importants, y compris pour les technologies de syst\u00e8mes de s\u00e9curit\u00e9 \u00e9lectronique, c&rsquo;est pourquoi l&rsquo;analyse du co\u00fbt total de possession est n\u00e9cessaire pour avoir une vue d&rsquo;ensemble.<\/p>\n<p>Veuillez t\u00e9l\u00e9charger le fichier PDF pour en savoir plus.<\/p>\n","protected":false},"excerpt":{"rendered":"<p>Co\u00fbt Total de Possession Livre Blanc de Dean Drako, CEO de Eagle Eye Networks T\u00c9L\u00c9CHARGER LE PDF DU LIVRE BLANC La version PDF comprend du contenu suppl\u00e9mentaire; t\u00e9l\u00e9charger pour plus &hellip;<\/p>\n<p class=\"read-more\"> <a class=\"\" href=\"https:\/\/www.een.com\/fr\/cout-total-de-possession\/\"> <span class=\"screen-reader-text\">Co\u00fbt Total de Possession<\/span> Lire la suite\u00a0\u00bb<\/a><\/p>\n","protected":false},"author":3155,"featured_media":169335,"parent":0,"menu_order":710,"comment_status":"closed","ping_status":"closed","template":"","meta":{"_acf_changed":false,"_relevanssi_hide_post":"","_relevanssi_hide_content":"","_relevanssi_pin_for_all":"","_relevanssi_pin_keywords":"","_relevanssi_unpin_keywords":"","_relevanssi_related_keywords":"","_relevanssi_related_include_ids":"","_relevanssi_related_exclude_ids":"","_relevanssi_related_no_append":"","_relevanssi_related_not_related":"","_relevanssi_related_posts":"24278,24313,36476,36578,36762,37115","_relevanssi_noindex_reason":"","footnotes":""},"class_list":["post-125994","page","type-page","status-publish","has-post-thumbnail","hentry"],"acf":[],"aioseo_notices":[],"_links":{"self":[{"href":"https:\/\/www.een.com\/fr\/wp-json\/wp\/v2\/pages\/125994","targetHints":{"allow":["GET"]}}],"collection":[{"href":"https:\/\/www.een.com\/fr\/wp-json\/wp\/v2\/pages"}],"about":[{"href":"https:\/\/www.een.com\/fr\/wp-json\/wp\/v2\/types\/page"}],"author":[{"embeddable":true,"href":"https:\/\/www.een.com\/fr\/wp-json\/wp\/v2\/users\/3155"}],"replies":[{"embeddable":true,"href":"https:\/\/www.een.com\/fr\/wp-json\/wp\/v2\/comments?post=125994"}],"version-history":[{"count":0,"href":"https:\/\/www.een.com\/fr\/wp-json\/wp\/v2\/pages\/125994\/revisions"}],"wp:featuredmedia":[{"embeddable":true,"href":"https:\/\/www.een.com\/fr\/wp-json\/wp\/v2\/media\/169335"}],"wp:attachment":[{"href":"https:\/\/www.een.com\/fr\/wp-json\/wp\/v2\/media?parent=125994"}],"curies":[{"name":"wp","href":"https:\/\/api.w.org\/{rel}","templated":true}]}}