{"id":117875,"date":"2021-04-12T14:05:07","date_gmt":"2021-04-12T19:05:07","guid":{"rendered":"https:\/\/www.een.com\/?page_id=117875"},"modified":"2021-04-22T09:12:50","modified_gmt":"2021-04-22T14:12:50","slug":"optimisez-votre-activite-grace-a-lanalyse-video-et-ai-pdf","status":"publish","type":"page","link":"https:\/\/www.een.com\/fr\/optimisez-votre-activite-grace-a-lanalyse-video-et-ai-pdf\/","title":{"rendered":"Optimisez votre activit\u00e9 gr\u00e2ce \u00e0 l\u2019analyse vid\u00e9o et AI"},"content":{"rendered":"\t\t<div data-elementor-type=\"wp-page\" data-elementor-id=\"117875\" class=\"elementor elementor-117875 elementor-117862\" data-elementor-post-type=\"page\">\n\t\t\t\t\t\t<section data-particle_enable=\"false\" data-particle-mobile-disabled=\"false\" class=\"elementor-section elementor-top-section elementor-element elementor-element-edaa4c0 elementor-section-boxed elementor-section-height-default elementor-section-height-default\" data-id=\"edaa4c0\" data-element_type=\"section\" data-e-type=\"section\">\n\t\t\t\t\t\t<div class=\"elementor-container elementor-column-gap-default\">\n\t\t\t\t\t<div class=\"elementor-column elementor-col-100 elementor-top-column elementor-element elementor-element-5ea2e36\" data-id=\"5ea2e36\" data-element_type=\"column\" data-e-type=\"column\">\n\t\t\t<div class=\"elementor-widget-wrap elementor-element-populated\">\n\t\t\t\t\t\t<div class=\"elementor-element elementor-element-ba125a1 elementor-widget elementor-widget-heading\" data-id=\"ba125a1\" data-element_type=\"widget\" data-e-type=\"widget\" data-widget_type=\"heading.default\">\n\t\t\t\t<div class=\"elementor-widget-container\">\n\t\t\t\t\t<h1 class=\"elementor-heading-title elementor-size-default\">Optimisez votre activit\u00e9 gr\u00e2ce \u00e0 l\u2019analyse vid\u00e9o et AI<\/h1>\t\t\t\t<\/div>\n\t\t\t\t<\/div>\n\t\t\t\t<div class=\"elementor-element elementor-element-0773021 elementor-widget elementor-widget-text-editor\" data-id=\"0773021\" data-element_type=\"widget\" data-e-type=\"widget\" data-widget_type=\"text-editor.default\">\n\t\t\t\t<div class=\"elementor-widget-container\">\n\t\t\t\t\t\t\t\t\t<p>Lorsque nous faisons r\u00e9f\u00e9rence \u00e0\u00a0l\u2019analyse vid\u00e9o en relation avec la\u00a0s\u00e9curit\u00e9 vid\u00e9o, nous parlons de la\u00a0mise en \u0153uvre de logiciels ou de\u00a0mat\u00e9riel pour cr\u00e9er des syst\u00e8mes\u00a0de s\u00e9curit\u00e9 vid\u00e9o plus intelligents\u00a0et plus rationnels. Gr\u00e2ce \u00e0 l\u2019analyse\u00a0vid\u00e9o, les entreprises peuvent\u00a0d\u00e9tecter et suivre des personnes\u00a0ou des objets, ainsi que signaler\u00a0et analyser les activit\u00e9s qui se\u00a0d\u00e9roulent dans la vid\u00e9o. Il s\u2019agit\u00a0d\u2019un outil essentiel pour la mise en\u00a0place d\u2019une s\u00e9curit\u00e9 commerciale\u00a0intelligente.<\/p>\t\t\t\t\t\t\t\t<\/div>\n\t\t\t\t<\/div>\n\t\t\t\t\t<\/div>\n\t\t<\/div>\n\t\t\t\t\t<\/div>\n\t\t<\/section>\n\t\t\t\t<section data-particle_enable=\"false\" data-particle-mobile-disabled=\"false\" class=\"elementor-section elementor-top-section elementor-element elementor-element-3d80771 elementor-section-boxed elementor-section-height-default elementor-section-height-default\" data-id=\"3d80771\" data-element_type=\"section\" data-e-type=\"section\">\n\t\t\t\t\t\t<div class=\"elementor-container elementor-column-gap-default\">\n\t\t\t\t\t<div class=\"elementor-column elementor-col-100 elementor-top-column elementor-element elementor-element-84af8b7\" data-id=\"84af8b7\" data-element_type=\"column\" data-e-type=\"column\">\n\t\t\t<div class=\"elementor-widget-wrap elementor-element-populated\">\n\t\t\t\t\t\t<div class=\"elementor-element elementor-element-180ae54 elementor-widget elementor-widget-shortcode\" data-id=\"180ae54\" data-element_type=\"widget\" data-e-type=\"widget\" data-widget_type=\"shortcode.default\">\n\t\t\t\t<div class=\"elementor-widget-container\">\n\t\t\t\t\t\t\t<div class=\"elementor-shortcode\"><div class=\"_df_book df-container df-loading \" id=\"df_117874\"  data-title=\"optimisez-votre-activite-grace-a-lanalyse-video-et-ai\" _slug=\"optimisez-votre-activite-grace-a-lanalyse-video-et-ai\" wpoptions=\"true\" thumbtype=\"bg\" ><\/div><script class=\"df-shortcode-script\" type=\"application\/javascript\">window.option_df_117874 = {\"outline\":[],\"forceFit\":\"true\",\"autoEnableOutline\":\"false\",\"autoEnableThumbnail\":\"false\",\"overwritePDFOutline\":\"false\",\"direction\":\"1\",\"pageSize\":\"0\",\"source\":\"https:\\\/\\\/www.een.com\\\/wp-content\\\/uploads\\\/2020\\\/11\\\/Analytics-Brochure-FR-20201123.pdf\",\"wpOptions\":\"true\"}; if(window.DFLIP && window.DFLIP.parseBooks){window.DFLIP.parseBooks();}<\/script><\/div>\n\t\t\t\t\t\t<\/div>\n\t\t\t\t<\/div>\n\t\t\t\t\t<\/div>\n\t\t<\/div>\n\t\t\t\t\t<\/div>\n\t\t<\/section>\n\t\t\t\t<\/div>\n\t\t","protected":false},"excerpt":{"rendered":"<p>Optimisez votre activit\u00e9 gr\u00e2ce \u00e0 l\u2019analyse vid\u00e9o et AI Lorsque nous faisons r\u00e9f\u00e9rence \u00e0\u00a0l\u2019analyse vid\u00e9o en relation avec la\u00a0s\u00e9curit\u00e9 vid\u00e9o, nous parlons de la\u00a0mise en \u0153uvre de logiciels ou de\u00a0mat\u00e9riel &hellip;<\/p>\n<p class=\"read-more\"> <a class=\"\" href=\"https:\/\/www.een.com\/fr\/optimisez-votre-activite-grace-a-lanalyse-video-et-ai-pdf\/\"> <span class=\"screen-reader-text\">Optimisez votre activit\u00e9 gr\u00e2ce \u00e0 l\u2019analyse vid\u00e9o et AI<\/span> Lire la suite\u00a0\u00bb<\/a><\/p>\n","protected":false},"author":544,"featured_media":0,"parent":0,"menu_order":374,"comment_status":"closed","ping_status":"closed","template":"","meta":{"_acf_changed":false,"_relevanssi_hide_post":"","_relevanssi_hide_content":"","_relevanssi_pin_for_all":"","_relevanssi_pin_keywords":"","_relevanssi_unpin_keywords":"","_relevanssi_related_keywords":"","_relevanssi_related_include_ids":"","_relevanssi_related_exclude_ids":"","_relevanssi_related_no_append":"","_relevanssi_related_not_related":"","_relevanssi_related_posts":"24278,24313,36476,36578,36762,37115","_relevanssi_noindex_reason":"","footnotes":""},"class_list":["post-117875","page","type-page","status-publish","hentry"],"acf":[],"aioseo_notices":[],"_links":{"self":[{"href":"https:\/\/www.een.com\/fr\/wp-json\/wp\/v2\/pages\/117875","targetHints":{"allow":["GET"]}}],"collection":[{"href":"https:\/\/www.een.com\/fr\/wp-json\/wp\/v2\/pages"}],"about":[{"href":"https:\/\/www.een.com\/fr\/wp-json\/wp\/v2\/types\/page"}],"author":[{"embeddable":true,"href":"https:\/\/www.een.com\/fr\/wp-json\/wp\/v2\/users\/544"}],"replies":[{"embeddable":true,"href":"https:\/\/www.een.com\/fr\/wp-json\/wp\/v2\/comments?post=117875"}],"version-history":[{"count":0,"href":"https:\/\/www.een.com\/fr\/wp-json\/wp\/v2\/pages\/117875\/revisions"}],"wp:attachment":[{"href":"https:\/\/www.een.com\/fr\/wp-json\/wp\/v2\/media?parent=117875"}],"curies":[{"name":"wp","href":"https:\/\/api.w.org\/{rel}","templated":true}]}}