{"id":91779,"date":"2017-08-21T08:27:05","date_gmt":"2017-08-21T13:27:05","guid":{"rendered":"https:\/\/www.een.com\/producto\/nube-vms-suscripciones\/"},"modified":"2020-11-17T12:03:45","modified_gmt":"2020-11-17T17:03:45","slug":"cloud-vms-suscripciones","status":"publish","type":"page","link":"https:\/\/www.een.com\/es\/producto\/cloud-vms-suscripciones\/","title":{"rendered":"Suscripciones de VMS en la Cloud"},"content":{"rendered":"\t\t<div data-elementor-type=\"wp-page\" data-elementor-id=\"91779\" class=\"elementor elementor-91779 elementor-91744\" data-elementor-post-type=\"page\">\n\t\t\t\t\t\t<section data-particle_enable=\"false\" data-particle-mobile-disabled=\"false\" class=\"elementor-section elementor-top-section elementor-element elementor-element-841e6d0 elementor-section-boxed elementor-section-height-default elementor-section-height-default\" data-id=\"841e6d0\" data-element_type=\"section\" data-e-type=\"section\">\n\t\t\t\t\t\t<div class=\"elementor-container elementor-column-gap-default\">\n\t\t\t\t\t<div class=\"elementor-column elementor-col-100 elementor-top-column elementor-element elementor-element-9573aae\" data-id=\"9573aae\" data-element_type=\"column\" data-e-type=\"column\">\n\t\t\t<div class=\"elementor-widget-wrap elementor-element-populated\">\n\t\t\t\t\t\t<div class=\"elementor-element elementor-element-aac3b57 elementor-widget elementor-widget-heading\" data-id=\"aac3b57\" data-element_type=\"widget\" data-e-type=\"widget\" data-widget_type=\"heading.default\">\n\t\t\t\t<div class=\"elementor-widget-container\">\n\t\t\t\t\t<h1 class=\"elementor-heading-title elementor-size-default\">Suscripciones de Eagle Eye de Videovigilancia en la Nube<\/h1>\t\t\t\t<\/div>\n\t\t\t\t<\/div>\n\t\t\t\t\t<\/div>\n\t\t<\/div>\n\t\t\t\t\t<\/div>\n\t\t<\/section>\n\t\t\t\t<section data-particle_enable=\"false\" data-particle-mobile-disabled=\"false\" class=\"elementor-section elementor-top-section elementor-element elementor-element-f93c938 elementor-section-boxed elementor-section-height-default elementor-section-height-default\" data-id=\"f93c938\" data-element_type=\"section\" data-e-type=\"section\">\n\t\t\t\t\t\t<div class=\"elementor-container elementor-column-gap-default\">\n\t\t\t\t\t<div class=\"elementor-column elementor-col-100 elementor-top-column elementor-element elementor-element-72b8ba4\" data-id=\"72b8ba4\" data-element_type=\"column\" data-e-type=\"column\">\n\t\t\t<div class=\"elementor-widget-wrap elementor-element-populated\">\n\t\t\t\t\t\t<div class=\"elementor-element elementor-element-4d52198 elementor-widget elementor-widget-heading\" data-id=\"4d52198\" data-element_type=\"widget\" data-e-type=\"widget\" data-widget_type=\"heading.default\">\n\t\t\t\t<div class=\"elementor-widget-container\">\n\t\t\t\t\t<h3 class=\"elementor-heading-title elementor-size-default\">Almacenamiento en la nube<\/h3>\t\t\t\t<\/div>\n\t\t\t\t<\/div>\n\t\t\t\t\t<\/div>\n\t\t<\/div>\n\t\t\t\t\t<\/div>\n\t\t<\/section>\n\t\t\t\t<section data-particle_enable=\"false\" data-particle-mobile-disabled=\"false\" class=\"elementor-section elementor-top-section elementor-element elementor-element-b6caf83 elementor-section-boxed elementor-section-height-default elementor-section-height-default\" data-id=\"b6caf83\" data-element_type=\"section\" data-e-type=\"section\">\n\t\t\t\t\t\t<div class=\"elementor-container elementor-column-gap-default\">\n\t\t\t\t\t<div class=\"elementor-column elementor-col-100 elementor-top-column elementor-element elementor-element-5f70fcc\" data-id=\"5f70fcc\" data-element_type=\"column\" data-e-type=\"column\">\n\t\t\t<div class=\"elementor-widget-wrap elementor-element-populated\">\n\t\t\t\t\t\t<div class=\"elementor-element elementor-element-6e3f930 elementor-widget elementor-widget-text-editor\" data-id=\"6e3f930\" data-element_type=\"widget\" data-e-type=\"widget\" data-widget_type=\"text-editor.default\">\n\t\t\t\t<div class=\"elementor-widget-container\">\n\t\t\t\t\t\t\t\t\t<p>Eagle Eye C\u00e1mara de seguridad VMS se entrega a trav\u00e9s de los planes de suscripci\u00f3n de Eagle Eye. Se requiere un Eagle Eye Bridge o un Eagle Eye CMVR.<\/p>\n<p>Los planes de suscripci\u00f3n tienen un precio por c\u00e1mara por mes y var\u00edan seg\u00fan la resoluci\u00f3n de la c\u00e1mara y el per\u00edodo de retenci\u00f3n deseado. Todos los planes incluyen acceso web y m\u00f3vil, monitoreo operacional 24\/7 y alertas ilimitadas.<\/p>\n<p>Los siguientes planes son los m\u00e1s populares, pero tambi\u00e9n tenemos disponibles planes con mayor resoluci\u00f3n y\/o diferentes per\u00edodos de retenci\u00f3n. Por favor\u00a0<a href=\"https:\/\/www.een.com\/es\/compania\/contacto\/\">cont\u00e1ctenos<\/a>\u00a0para m\u00e1s detalles.<\/p>\n\t\t\t\t\t\t\t\t<\/div>\n\t\t\t\t<\/div>\n\t\t\t\t\t<\/div>\n\t\t<\/div>\n\t\t\t\t\t<\/div>\n\t\t<\/section>\n\t\t\t\t<section data-particle_enable=\"false\" data-particle-mobile-disabled=\"false\" class=\"elementor-section elementor-top-section elementor-element elementor-element-26ad5da elementor-section-boxed elementor-section-height-default elementor-section-height-default\" data-id=\"26ad5da\" data-element_type=\"section\" data-e-type=\"section\">\n\t\t\t\t\t\t<div class=\"elementor-container elementor-column-gap-default\">\n\t\t\t\t\t<div class=\"elementor-column elementor-col-100 elementor-top-column elementor-element elementor-element-d380c6f\" data-id=\"d380c6f\" data-element_type=\"column\" data-e-type=\"column\">\n\t\t\t<div class=\"elementor-widget-wrap elementor-element-populated\">\n\t\t\t\t\t\t<div class=\"elementor-element elementor-element-4024d36 elementor-widget elementor-widget-html\" data-id=\"4024d36\" data-element_type=\"widget\" data-e-type=\"widget\" data-widget_type=\"html.default\">\n\t\t\t\t<div class=\"elementor-widget-container\">\n\t\t\t\t\t<div class=\"table-subscriptions\">\r\n<table width=\"100%\">\r\n<thead>\r\n<tr>\r\n<th class=\"col\">Retencion<\/th>\r\n<th class=\"col\">SD\/Analog<\/th>\r\n<th class=\"col\">1 MP<\/th>\t\r\n<th class=\"col\">2 MP<\/th>\t\r\n<th class=\"col\">3 MP<\/th>\t\r\n<th class=\"col\">4 MP<\/th>\t\r\n<th class=\"col\">5 MP<\/th>\t\r\n<th class=\"col\">> 5 MP<\/th>\r\n<\/tr>\r\n<\/thead>\r\n<tbody>\r\n<tr>\r\n<th class=\"leftTableHdr\">7 D\u00edas<\/th>\r\n<td>EN-SD1-D7<\/td>\r\n<td>EN-HD1-D7<\/td>\r\n<td>EN-HD2-D7<\/td>\r\n<td>EN-HD3-D7<\/td>\r\n<td>EN-HD4-D7<\/td>\r\n<td>EN-HD5-D7<\/td>\r\n<td>EN-HD10-D7<\/td>\r\n<\/tr>\r\n<tr>\r\n<th class=\"leftTableHdr\">30 D\u00edas<\/th>\r\n<td>EN-SD1-D30<\/td>\r\n<td>EN-HD1-D30<\/td>\r\n<td>EN-HD2-D30<\/td>\r\n<td>EN-HD3-D30<\/td>\r\n<td>EN-HD4-D30<\/td>\r\n<td>EN-HD5-D30<\/td>\r\n<td>EN-HD10-D30<\/td>\r\n<\/tr>\r\n<tr>\r\n<th class=\"leftTableHdr\">90 D\u00edas<\/th>\r\n<td>EN-SD1-D90<\/td>\r\n<td>EN-HD1-D90<\/td>\r\n<td>EN-HD2-D90<\/td>\r\n<td>EN-HD3-D90<\/td>\r\n<td>EN-HD4-D90<\/td>\r\n<td>EN-HD5-D90<\/td>\r\n<td>EN-HD10-D90<\/td>\r\n<\/tr>\r\n<tr>\r\n<th class=\"leftTableHdr\">180 D\u00edas<\/th>\r\n<td>EN-SD1-D180<\/td>\r\n<td>EN-HD1-D180<\/td>\r\n<td>EN-HD2-D180<\/td>\r\n<td>EN-HD3-D180<\/td>\r\n<td>EN-HD4-D180<\/td>\r\n<td>EN-HD5-D180<\/td>\r\n<td>EN-HD10-D180<\/td>\r\n<\/tr>\r\n<tr>\r\n<th class=\"leftTableHdr\">1 A\u00f1os<\/th>\r\n<td>EN-SD1-D365<\/td>\r\n<td>EN-HD1-D365<\/td>\r\n<td>EN-HD2-D365<\/td>\r\n<td>EN-HD3-D365<\/td>\r\n<td>EN-HD4-D365<\/td>\r\n<td>EN-HD5-D365<\/td>\r\n<td>EN-HD10-D365<\/td>\r\n<\/tr>\r\n<tr>\r\n<th class=\"leftTableHdr\">2 A\u00f1os<\/th>\r\n<td>EN-SD1-D730<\/td>\r\n<td>EN-HD1-D730<\/td>\r\n<td>EN-HD2-D730<\/td>\r\n<td>EN-HD3-D730<\/td>\r\n<td>EN-HD4-D730\t<\/td>\r\n<td>EN-HD5-D730<\/td>\r\n<td>EN-HD10-D730<\/td>\r\n<\/tr>\r\n<tr>\r\n<th class=\"leftTableHdr\">3 A\u00f1os<\/th>\r\n<td>EN-SD1-D1095<\/td>\r\n<td>EN-HD1-D1095<\/td>\r\n<td>EN-HD2-D1095<\/td>\r\n<td>EN-HD3-D1095<\/td>\r\n<td>EN-HD4-D1095<\/td>\r\n<td>EN-HD5-D1095<\/td>\r\n<td>EN-HD10-D1095<\/td>\r\n<\/tr>\r\n<th class=\"leftTableHdr\">5 A\u00f1os<\/th>\r\n<td>EN-SD1-D1825<\/td>\r\n<td>EN-HD1-D1825<\/td>\r\n<td>EN-HD2-D1825<\/td>\r\n<td>EN-HD3-D1825<\/td>\r\n<td>EN-HD4-D1825<\/td>\r\n<td>EN-HD5-D1825<\/td>\r\n<td>EN-HD10-D1825<\/td>\r\n<\/tr>\r\n<\/tbody>\r\n<\/table>\r\n<\/div>\r\n\t\t\t\t<\/div>\n\t\t\t\t<\/div>\n\t\t\t\t\t<\/div>\n\t\t<\/div>\n\t\t\t\t\t<\/div>\n\t\t<\/section>\n\t\t\t\t<section data-particle_enable=\"false\" data-particle-mobile-disabled=\"false\" class=\"elementor-section elementor-top-section elementor-element elementor-element-fac921a elementor-section-boxed elementor-section-height-default elementor-section-height-default\" data-id=\"fac921a\" data-element_type=\"section\" data-e-type=\"section\">\n\t\t\t\t\t\t<div class=\"elementor-container elementor-column-gap-default\">\n\t\t\t\t\t<div class=\"elementor-column elementor-col-100 elementor-top-column elementor-element elementor-element-605b8f6\" data-id=\"605b8f6\" data-element_type=\"column\" data-e-type=\"column\">\n\t\t\t<div class=\"elementor-widget-wrap elementor-element-populated\">\n\t\t\t\t\t\t<div class=\"elementor-element elementor-element-b6868a5 elementor-widget elementor-widget-heading\" data-id=\"b6868a5\" data-element_type=\"widget\" data-e-type=\"widget\" data-widget_type=\"heading.default\">\n\t\t\t\t<div class=\"elementor-widget-container\">\n\t\t\t\t\t<h3 class=\"elementor-heading-title elementor-size-default\">Almacenamiento local<\/h3>\t\t\t\t<\/div>\n\t\t\t\t<\/div>\n\t\t\t\t\t<\/div>\n\t\t<\/div>\n\t\t\t\t\t<\/div>\n\t\t<\/section>\n\t\t\t\t<section data-particle_enable=\"false\" data-particle-mobile-disabled=\"false\" class=\"elementor-section elementor-top-section elementor-element elementor-element-e456f5b elementor-section-boxed elementor-section-height-default elementor-section-height-default\" data-id=\"e456f5b\" data-element_type=\"section\" data-e-type=\"section\">\n\t\t\t\t\t\t<div class=\"elementor-container elementor-column-gap-default\">\n\t\t\t\t\t<div class=\"elementor-column elementor-col-100 elementor-top-column elementor-element elementor-element-8074fa5\" data-id=\"8074fa5\" data-element_type=\"column\" data-e-type=\"column\">\n\t\t\t<div class=\"elementor-widget-wrap elementor-element-populated\">\n\t\t\t\t\t\t<div class=\"elementor-element elementor-element-1eafdcf elementor-widget elementor-widget-text-editor\" data-id=\"1eafdcf\" data-element_type=\"widget\" data-e-type=\"widget\" data-widget_type=\"text-editor.default\">\n\t\t\t\t<div class=\"elementor-widget-container\">\n\t\t\t\t\t\t\t\t\t<p>Eagle Eye Networks tambi\u00e9n ofrece un plan para el almacenamiento en las instalaciones. Deber\u00e1 comprar un Eagle Eye CMVR; este plan NO funciona con un Eagle Eye Bridge. El per\u00edodo de retenci\u00f3n variar\u00e1 dependiendo de la cantidad de almacenamiento que soporte el hardware.<\/p>\n<p>Aunque su v\u00eddeo se almacenar\u00e1 de forma local, seguir\u00e1 teniendo acceso a nuestro sistema de gesti\u00f3n de la nube, que le permite ver sus grabaciones.<\/p>\n\t\t\t\t\t\t\t\t<\/div>\n\t\t\t\t<\/div>\n\t\t\t\t\t<\/div>\n\t\t<\/div>\n\t\t\t\t\t<\/div>\n\t\t<\/section>\n\t\t\t\t<section data-particle_enable=\"false\" data-particle-mobile-disabled=\"false\" class=\"elementor-section elementor-top-section elementor-element elementor-element-55dd574 elementor-section-boxed elementor-section-height-default elementor-section-height-default\" data-id=\"55dd574\" data-element_type=\"section\" data-e-type=\"section\">\n\t\t\t\t\t\t<div class=\"elementor-container elementor-column-gap-default\">\n\t\t\t\t\t<div class=\"elementor-column elementor-col-100 elementor-top-column elementor-element elementor-element-68fbe71\" data-id=\"68fbe71\" data-element_type=\"column\" data-e-type=\"column\">\n\t\t\t<div class=\"elementor-widget-wrap elementor-element-populated\">\n\t\t\t\t\t\t<div class=\"elementor-element elementor-element-60af9ab elementor-widget elementor-widget-html\" data-id=\"60af9ab\" data-element_type=\"widget\" data-e-type=\"widget\" data-widget_type=\"html.default\">\n\t\t\t\t<div class=\"elementor-widget-container\">\n\t\t\t\t\t<div class=\"table-subscriptions\">\r\n<table width=\"100%\">\r\n<thead>\r\n<tr>\r\n<th><\/th>\r\n<th class=\"col\">SD\/Analog<\/th>\r\n<th class=\"col\">HD 720P<\/th>\r\n<th class=\"col\">HD 1080P<\/th>\r\n<\/tr>\r\n<\/thead>\r\n<tbody>\r\n<tr>\r\n<th class=\"leftTableHdr\">On-Premise<\/th>\r\n<td>M10<\/td>\r\n<td>M10<\/td>\r\n<td>M10<\/td>\r\n<\/tr>\r\n<\/tbody>\r\n<\/table>\r\n<\/div>\t\t\t\t<\/div>\n\t\t\t\t<\/div>\n\t\t\t\t\t<\/div>\n\t\t<\/div>\n\t\t\t\t\t<\/div>\n\t\t<\/section>\n\t\t\t\t<section data-particle_enable=\"false\" data-particle-mobile-disabled=\"false\" class=\"elementor-section elementor-top-section elementor-element elementor-element-bf448b8 elementor-section-boxed elementor-section-height-default elementor-section-height-default\" data-id=\"bf448b8\" data-element_type=\"section\" data-e-type=\"section\">\n\t\t\t\t\t\t<div class=\"elementor-container elementor-column-gap-default\">\n\t\t\t\t\t<div class=\"elementor-column elementor-col-100 elementor-top-column elementor-element elementor-element-cd26bf8\" data-id=\"cd26bf8\" data-element_type=\"column\" data-e-type=\"column\">\n\t\t\t<div class=\"elementor-widget-wrap elementor-element-populated\">\n\t\t\t\t\t\t<div class=\"elementor-element elementor-element-50fd564 elementor-align-center elementor-widget elementor-widget-button\" data-id=\"50fd564\" data-element_type=\"widget\" data-e-type=\"widget\" data-widget_type=\"button.default\">\n\t\t\t\t<div class=\"elementor-widget-container\">\n\t\t\t\t\t\t\t\t\t<div class=\"elementor-button-wrapper\">\n\t\t\t\t\t<a class=\"elementor-button elementor-button-link elementor-size-sm\" href=\"https:\/\/www.een.com\/es\/producto\/cloud-vms-system-overview\/\">\n\t\t\t\t\t\t<span class=\"elementor-button-content-wrapper\">\n\t\t\t\t\t\t\t\t\t<span class=\"elementor-button-text\">M\u00c1S INFORMACI\u00d3N: EAGLE EYE CLOUD VMS DESCRIPCI\u00d3N GENERAL DEL SISTEMA<\/span>\n\t\t\t\t\t<\/span>\n\t\t\t\t\t<\/a>\n\t\t\t\t<\/div>\n\t\t\t\t\t\t\t\t<\/div>\n\t\t\t\t<\/div>\n\t\t\t\t\t<\/div>\n\t\t<\/div>\n\t\t\t\t\t<\/div>\n\t\t<\/section>\n\t\t\t\t<\/div>\n\t\t","protected":false},"excerpt":{"rendered":"<p>Suscripciones de Eagle Eye de Videovigilancia en la Nube Almacenamiento en la nube Eagle Eye C\u00e1mara de seguridad VMS se entrega a trav\u00e9s de los planes de suscripci\u00f3n de Eagle &hellip;<\/p>\n<p class=\"read-more\"> <a class=\"\" href=\"https:\/\/www.een.com\/es\/producto\/cloud-vms-suscripciones\/\"> <span class=\"screen-reader-text\">Suscripciones de VMS en la Cloud<\/span> Leer m\u00e1s &raquo;<\/a><\/p>\n","protected":false},"author":544,"featured_media":0,"parent":91114,"menu_order":966,"comment_status":"closed","ping_status":"closed","template":"elementor_header_footer","meta":{"_acf_changed":false,"_relevanssi_hide_post":"","_relevanssi_hide_content":"","_relevanssi_pin_for_all":"","_relevanssi_pin_keywords":"","_relevanssi_unpin_keywords":"","_relevanssi_related_keywords":"","_relevanssi_related_include_ids":"","_relevanssi_related_exclude_ids":"","_relevanssi_related_no_append":"","_relevanssi_related_not_related":"","_relevanssi_related_posts":"","_relevanssi_noindex_reason":"","footnotes":""},"class_list":["post-91779","page","type-page","status-publish","hentry"],"acf":[],"aioseo_notices":[],"_links":{"self":[{"href":"https:\/\/www.een.com\/es\/wp-json\/wp\/v2\/pages\/91779","targetHints":{"allow":["GET"]}}],"collection":[{"href":"https:\/\/www.een.com\/es\/wp-json\/wp\/v2\/pages"}],"about":[{"href":"https:\/\/www.een.com\/es\/wp-json\/wp\/v2\/types\/page"}],"author":[{"embeddable":true,"href":"https:\/\/www.een.com\/es\/wp-json\/wp\/v2\/users\/544"}],"replies":[{"embeddable":true,"href":"https:\/\/www.een.com\/es\/wp-json\/wp\/v2\/comments?post=91779"}],"version-history":[{"count":0,"href":"https:\/\/www.een.com\/es\/wp-json\/wp\/v2\/pages\/91779\/revisions"}],"up":[{"embeddable":true,"href":"https:\/\/www.een.com\/es\/wp-json\/wp\/v2\/pages\/91114"}],"wp:attachment":[{"href":"https:\/\/www.een.com\/es\/wp-json\/wp\/v2\/media?parent=91779"}],"curies":[{"name":"wp","href":"https:\/\/api.w.org\/{rel}","templated":true}]}}