{"id":91445,"date":"2017-08-21T19:40:48","date_gmt":"2017-08-22T00:40:48","guid":{"rendered":"https:\/\/www.een.com\/producto\/cm-suscripciones\/"},"modified":"2020-07-09T08:48:36","modified_gmt":"2020-07-09T13:48:36","slug":"cm-suscripciones","status":"publish","type":"page","link":"https:\/\/www.een.com\/es\/producto\/cm-suscripciones\/","title":{"rendered":"CameraManager Suscripciones"},"content":{"rendered":"\t\t<div data-elementor-type=\"wp-page\" data-elementor-id=\"91445\" class=\"elementor elementor-91445 elementor-91421\" data-elementor-post-type=\"page\">\n\t\t\t\t\t\t<section data-particle_enable=\"false\" data-particle-mobile-disabled=\"false\" class=\"elementor-section elementor-top-section elementor-element elementor-element-77de9e2 elementor-section-boxed elementor-section-height-default elementor-section-height-default\" data-id=\"77de9e2\" data-element_type=\"section\" data-e-type=\"section\">\n\t\t\t\t\t\t<div class=\"elementor-container elementor-column-gap-default\">\n\t\t\t\t\t<div class=\"elementor-column elementor-col-100 elementor-top-column elementor-element elementor-element-e559c5f\" data-id=\"e559c5f\" data-element_type=\"column\" data-e-type=\"column\">\n\t\t\t<div class=\"elementor-widget-wrap elementor-element-populated\">\n\t\t\t\t\t\t<div class=\"elementor-element elementor-element-171dad0 elementor-widget elementor-widget-heading\" data-id=\"171dad0\" data-element_type=\"widget\" data-e-type=\"widget\" data-widget_type=\"heading.default\">\n\t\t\t\t<div class=\"elementor-widget-container\">\n\t\t\t\t\t<h1 class=\"elementor-heading-title elementor-size-default\">Eagle Eye CameraManager Suscripciones<\/h1>\t\t\t\t<\/div>\n\t\t\t\t<\/div>\n\t\t\t\t\t<\/div>\n\t\t<\/div>\n\t\t\t\t\t<\/div>\n\t\t<\/section>\n\t\t\t\t<section data-particle_enable=\"false\" data-particle-mobile-disabled=\"false\" class=\"elementor-section elementor-top-section elementor-element elementor-element-3b7f8b9 elementor-section-boxed elementor-section-height-default elementor-section-height-default\" data-id=\"3b7f8b9\" data-element_type=\"section\" data-e-type=\"section\">\n\t\t\t\t\t\t<div class=\"elementor-container elementor-column-gap-default\">\n\t\t\t\t\t<div class=\"elementor-column elementor-col-100 elementor-top-column elementor-element elementor-element-e6a44d9\" data-id=\"e6a44d9\" data-element_type=\"column\" data-e-type=\"column\">\n\t\t\t<div class=\"elementor-widget-wrap elementor-element-populated\">\n\t\t\t\t\t\t<div class=\"elementor-element elementor-element-a0e5b2f elementor-widget elementor-widget-heading\" data-id=\"a0e5b2f\" data-element_type=\"widget\" data-e-type=\"widget\" data-widget_type=\"heading.default\">\n\t\t\t\t<div class=\"elementor-widget-container\">\n\t\t\t\t\t<h3 class=\"elementor-heading-title elementor-size-default\">Almacenamiento en la Nube<\/h3>\t\t\t\t<\/div>\n\t\t\t\t<\/div>\n\t\t\t\t\t<\/div>\n\t\t<\/div>\n\t\t\t\t\t<\/div>\n\t\t<\/section>\n\t\t\t\t<section data-particle_enable=\"false\" data-particle-mobile-disabled=\"false\" class=\"elementor-section elementor-top-section elementor-element elementor-element-33fe14e elementor-section-boxed elementor-section-height-default elementor-section-height-default\" data-id=\"33fe14e\" data-element_type=\"section\" data-e-type=\"section\">\n\t\t\t\t\t\t<div class=\"elementor-container elementor-column-gap-default\">\n\t\t\t\t\t<div class=\"elementor-column elementor-col-100 elementor-top-column elementor-element elementor-element-46059ba\" data-id=\"46059ba\" data-element_type=\"column\" data-e-type=\"column\">\n\t\t\t<div class=\"elementor-widget-wrap elementor-element-populated\">\n\t\t\t\t\t\t<div class=\"elementor-element elementor-element-e1fa912 elementor-widget elementor-widget-text-editor\" data-id=\"e1fa912\" data-element_type=\"widget\" data-e-type=\"widget\" data-widget_type=\"text-editor.default\">\n\t\t\t\t<div class=\"elementor-widget-container\">\n\t\t\t\t\t\t\t\t\t<p>Eagle Eye CameraManager se entrega a trav\u00e9s de los planes de suscripci\u00f3n.<\/p>\n<p>Los planes de suscripci\u00f3n tienen un precio por c\u00e1mara por mes y var\u00edan seg\u00fan la resoluci\u00f3n de la c\u00e1mara y el per\u00edodo de retenci\u00f3n deseado. Todos los planes incluyen acceso web y m\u00f3vil, monitoreo operacional 24\/7 y alertas ilimitadas.<\/p>\n<p>Los siguientes planes son los m\u00e1s populares, pero tambi\u00e9n tenemos disponibles planes con mayor resoluci\u00f3n y\/o diferentes per\u00edodos de retenci\u00f3n. Por favor\u00a0<a href=\"https:\/\/www.een.com\/es\/compania\/contacto\/\">cont\u00e1ctenos<\/a>\u00a0para m\u00e1s detalles.<\/p>\n\t\t\t\t\t\t\t\t<\/div>\n\t\t\t\t<\/div>\n\t\t\t\t\t<\/div>\n\t\t<\/div>\n\t\t\t\t\t<\/div>\n\t\t<\/section>\n\t\t\t\t<section data-particle_enable=\"false\" data-particle-mobile-disabled=\"false\" class=\"elementor-section elementor-top-section elementor-element elementor-element-f58b0aa elementor-section-boxed elementor-section-height-default elementor-section-height-default\" data-id=\"f58b0aa\" data-element_type=\"section\" data-e-type=\"section\">\n\t\t\t\t\t\t<div class=\"elementor-container elementor-column-gap-default\">\n\t\t\t\t\t<div class=\"elementor-column elementor-col-100 elementor-top-column elementor-element elementor-element-e08d25e\" data-id=\"e08d25e\" data-element_type=\"column\" data-e-type=\"column\">\n\t\t\t<div class=\"elementor-widget-wrap elementor-element-populated\">\n\t\t\t\t\t\t<div class=\"elementor-element elementor-element-b458db4 elementor-widget elementor-widget-html\" data-id=\"b458db4\" data-element_type=\"widget\" data-e-type=\"widget\" data-widget_type=\"html.default\">\n\t\t\t\t<div class=\"elementor-widget-container\">\n\t\t\t\t\t<div class=\"table-subscriptions\">\r\n<table width=\"100%\">\r\n<thead>\r\n<tr>\r\n<th><\/th>\r\n<th class=\"col\">SD<\/th>\r\n<th class=\"col\">HD 720P<\/th>\r\n<th class=\"col\">HD 1080P<\/th>\r\n<\/tr>\r\n<\/thead>\r\n<tbody>\r\n<tr>\r\n<th class=\"leftTableHdr\">7 Dias<\/th>\r\n<td>SD1-D7<\/td>\r\n<td>HD1-D7<\/td>\r\n<td>HD2-D7<\/td>\r\n<\/tr>\r\n<tr>\r\n<th class=\"leftTableHdr\">30 Dias<\/th>\r\n<td>SD1-D30<\/td>\r\n<td>HD1-D30<\/td>\r\n<td>HD2-30<\/td>\r\n<\/tr>\r\n<tr>\r\n<th class=\"leftTableHdr\">90 Dias<\/th>\r\n<td>SD1-90<\/td>\r\n<td>HD1-90<\/td>\r\n<td>HD2-90<\/td>\r\n<\/tr>\r\n<tr>\r\n<th class=\"leftTableHdr\">180 Dias<\/th>\r\n<td>SD1-180<\/td>\r\n<td>HD1-180<\/td>\r\n<td>HD2-180<\/td>\r\n<\/tr>\r\n<tr>\r\n<th class=\"leftTableHdr\">365 Dias<\/th>\r\n<td>SD1-365<\/td>\r\n<td>HD1-365<\/td>\r\n<td>HD2-365<\/td>\r\n<\/tr>\r\n<\/tbody>\r\n<\/table>\r\n<\/div>\t\t\t\t<\/div>\n\t\t\t\t<\/div>\n\t\t\t\t\t<\/div>\n\t\t<\/div>\n\t\t\t\t\t<\/div>\n\t\t<\/section>\n\t\t\t\t<section data-particle_enable=\"false\" data-particle-mobile-disabled=\"false\" class=\"elementor-section elementor-top-section elementor-element elementor-element-6baafe7 elementor-section-boxed elementor-section-height-default elementor-section-height-default\" data-id=\"6baafe7\" data-element_type=\"section\" data-e-type=\"section\">\n\t\t\t\t\t\t<div class=\"elementor-container elementor-column-gap-default\">\n\t\t\t\t\t<div class=\"elementor-column elementor-col-100 elementor-top-column elementor-element elementor-element-b53936d\" data-id=\"b53936d\" data-element_type=\"column\" data-e-type=\"column\">\n\t\t\t<div class=\"elementor-widget-wrap elementor-element-populated\">\n\t\t\t\t\t\t<div class=\"elementor-element elementor-element-e6bea47 elementor-widget elementor-widget-heading\" data-id=\"e6bea47\" data-element_type=\"widget\" data-e-type=\"widget\" data-widget_type=\"heading.default\">\n\t\t\t\t<div class=\"elementor-widget-container\">\n\t\t\t\t\t<h3 class=\"elementor-heading-title elementor-size-default\">\u00bfC\u00f3mo me puedo suscribir a Eagle Eye CameraManager?<\/h3>\t\t\t\t<\/div>\n\t\t\t\t<\/div>\n\t\t\t\t\t<\/div>\n\t\t<\/div>\n\t\t\t\t\t<\/div>\n\t\t<\/section>\n\t\t\t\t<section data-particle_enable=\"false\" data-particle-mobile-disabled=\"false\" class=\"elementor-section elementor-top-section elementor-element elementor-element-9658878 elementor-section-boxed elementor-section-height-default elementor-section-height-default\" data-id=\"9658878\" data-element_type=\"section\" data-e-type=\"section\">\n\t\t\t\t\t\t<div class=\"elementor-container elementor-column-gap-default\">\n\t\t\t\t\t<div class=\"elementor-column elementor-col-100 elementor-top-column elementor-element elementor-element-c4c4df6\" data-id=\"c4c4df6\" data-element_type=\"column\" data-e-type=\"column\">\n\t\t\t<div class=\"elementor-widget-wrap elementor-element-populated\">\n\t\t\t\t\t\t<div class=\"elementor-element elementor-element-fcbd755 elementor-widget elementor-widget-text-editor\" data-id=\"fcbd755\" data-element_type=\"widget\" data-e-type=\"widget\" data-widget_type=\"text-editor.default\">\n\t\t\t\t<div class=\"elementor-widget-container\">\n\t\t\t\t\t\t\t\t\t<p>Puede comprar una suscripci\u00f3n a Eagle Eye CameraManager en uno de nuestros vendedores certificados.\u00a0<a href=\"https:\/\/www.een.com\/es\/compania\/contacto\/\" target=\"_blank\" rel=\"noopener noreferrer\">Contacte con nosotros<\/a>\u00a0y le informaremos sobre el vendedor m\u00e1s cercano a usted.<\/p>\n\t\t\t\t\t\t\t\t<\/div>\n\t\t\t\t<\/div>\n\t\t\t\t\t<\/div>\n\t\t<\/div>\n\t\t\t\t\t<\/div>\n\t\t<\/section>\n\t\t\t\t<section data-particle_enable=\"false\" data-particle-mobile-disabled=\"false\" class=\"elementor-section elementor-top-section elementor-element elementor-element-8af9956 elementor-section-boxed elementor-section-height-default elementor-section-height-default\" data-id=\"8af9956\" data-element_type=\"section\" data-e-type=\"section\">\n\t\t\t\t\t\t<div class=\"elementor-container elementor-column-gap-default\">\n\t\t\t\t\t<div class=\"elementor-column elementor-col-50 elementor-top-column elementor-element elementor-element-47cb006\" data-id=\"47cb006\" data-element_type=\"column\" data-e-type=\"column\">\n\t\t\t<div class=\"elementor-widget-wrap elementor-element-populated\">\n\t\t\t\t\t\t<div class=\"elementor-element elementor-element-0805f0e elementor-align-center elementor-widget elementor-widget-button\" data-id=\"0805f0e\" data-element_type=\"widget\" data-e-type=\"widget\" data-widget_type=\"button.default\">\n\t\t\t\t<div class=\"elementor-widget-container\">\n\t\t\t\t\t\t\t\t\t<div class=\"elementor-button-wrapper\">\n\t\t\t\t\t<a class=\"elementor-button elementor-button-link elementor-size-sm\" href=\"https:\/\/www.een.com\/es\/compania\/contacto\/\">\n\t\t\t\t\t\t<span class=\"elementor-button-content-wrapper\">\n\t\t\t\t\t\t\t\t\t<span class=\"elementor-button-text\">CONTACTO DE VENTAS<\/span>\n\t\t\t\t\t<\/span>\n\t\t\t\t\t<\/a>\n\t\t\t\t<\/div>\n\t\t\t\t\t\t\t\t<\/div>\n\t\t\t\t<\/div>\n\t\t\t\t\t<\/div>\n\t\t<\/div>\n\t\t\t\t<div class=\"elementor-column elementor-col-50 elementor-top-column elementor-element elementor-element-dae9482\" data-id=\"dae9482\" data-element_type=\"column\" data-e-type=\"column\">\n\t\t\t<div class=\"elementor-widget-wrap elementor-element-populated\">\n\t\t\t\t\t\t<div class=\"elementor-element elementor-element-75bbb5d elementor-align-center elementor-widget elementor-widget-button\" data-id=\"75bbb5d\" data-element_type=\"widget\" data-e-type=\"widget\" data-widget_type=\"button.default\">\n\t\t\t\t<div class=\"elementor-widget-container\">\n\t\t\t\t\t\t\t\t\t<div class=\"elementor-button-wrapper\">\n\t\t\t\t\t<a class=\"elementor-button elementor-button-link elementor-size-sm\" href=\"https:\/\/www.een.com\/es\/cameramanager-mobile-app\/\">\n\t\t\t\t\t\t<span class=\"elementor-button-content-wrapper\">\n\t\t\t\t\t\t\t\t\t<span class=\"elementor-button-text\">SABER M\u00c1S: EAGLE EYE CAMERAMANAGER MOBILE APP<\/span>\n\t\t\t\t\t<\/span>\n\t\t\t\t\t<\/a>\n\t\t\t\t<\/div>\n\t\t\t\t\t\t\t\t<\/div>\n\t\t\t\t<\/div>\n\t\t\t\t\t<\/div>\n\t\t<\/div>\n\t\t\t\t\t<\/div>\n\t\t<\/section>\n\t\t\t\t<\/div>\n\t\t","protected":false},"excerpt":{"rendered":"<p>Eagle Eye CameraManager Suscripciones Almacenamiento en la Cloud Eagle Eye CameraManager se entrega a trav\u00e9s de los planes de suscripci\u00f3n. Los planes de suscripci\u00f3n tienen un precio por c\u00e1mara por &hellip;<\/p>\n<p class=\"read-more\"> <a class=\"\" href=\"https:\/\/www.een.com\/es\/producto\/cm-suscripciones\/\"> <span class=\"screen-reader-text\">CameraManager Suscripciones<\/span> Leer m\u00e1s &raquo;<\/a><\/p>\n","protected":false},"author":544,"featured_media":0,"parent":91114,"menu_order":930,"comment_status":"closed","ping_status":"closed","template":"elementor_header_footer","meta":{"_acf_changed":false,"_relevanssi_hide_post":"","_relevanssi_hide_content":"","_relevanssi_pin_for_all":"","_relevanssi_pin_keywords":"","_relevanssi_unpin_keywords":"","_relevanssi_related_keywords":"","_relevanssi_related_include_ids":"","_relevanssi_related_exclude_ids":"","_relevanssi_related_no_append":"","_relevanssi_related_not_related":"","_relevanssi_related_posts":"","_relevanssi_noindex_reason":"","footnotes":""},"class_list":["post-91445","page","type-page","status-publish","hentry"],"acf":[],"aioseo_notices":[],"_links":{"self":[{"href":"https:\/\/www.een.com\/es\/wp-json\/wp\/v2\/pages\/91445","targetHints":{"allow":["GET"]}}],"collection":[{"href":"https:\/\/www.een.com\/es\/wp-json\/wp\/v2\/pages"}],"about":[{"href":"https:\/\/www.een.com\/es\/wp-json\/wp\/v2\/types\/page"}],"author":[{"embeddable":true,"href":"https:\/\/www.een.com\/es\/wp-json\/wp\/v2\/users\/544"}],"replies":[{"embeddable":true,"href":"https:\/\/www.een.com\/es\/wp-json\/wp\/v2\/comments?post=91445"}],"version-history":[{"count":0,"href":"https:\/\/www.een.com\/es\/wp-json\/wp\/v2\/pages\/91445\/revisions"}],"up":[{"embeddable":true,"href":"https:\/\/www.een.com\/es\/wp-json\/wp\/v2\/pages\/91114"}],"wp:attachment":[{"href":"https:\/\/www.een.com\/es\/wp-json\/wp\/v2\/media?parent=91445"}],"curies":[{"name":"wp","href":"https:\/\/api.w.org\/{rel}","templated":true}]}}