{"id":90809,"date":"2019-03-22T09:09:22","date_gmt":"2019-03-22T14:09:22","guid":{"rendered":"https:\/\/www.een.com\/soporte\/camara-compatibilidad-digital-ip\/"},"modified":"2024-10-18T16:58:36","modified_gmt":"2024-10-18T21:58:36","slug":"camara-compatibilidad-digital-ip","status":"publish","type":"page","link":"https:\/\/www.een.com\/es\/soporte\/camara-compatibilidad-digital-ip\/","title":{"rendered":"Compatibilidad de la c\u00e1mara &#8211; IP digital"},"content":{"rendered":"\t\t<div data-elementor-type=\"wp-page\" data-elementor-id=\"90809\" class=\"elementor elementor-90809 elementor-89710\" data-elementor-post-type=\"page\">\n\t\t\t\t\t\t<section data-particle_enable=\"false\" data-particle-mobile-disabled=\"false\" class=\"elementor-section elementor-top-section elementor-element elementor-element-4577e6a elementor-section-boxed elementor-section-height-default elementor-section-height-default\" data-id=\"4577e6a\" data-element_type=\"section\" data-e-type=\"section\" data-settings=\"{&quot;background_background&quot;:&quot;classic&quot;}\">\n\t\t\t\t\t\t<div class=\"elementor-container elementor-column-gap-default\">\n\t\t\t\t\t<div class=\"elementor-column elementor-col-100 elementor-top-column elementor-element elementor-element-27c99a0\" data-id=\"27c99a0\" data-element_type=\"column\" data-e-type=\"column\">\n\t\t\t<div class=\"elementor-widget-wrap elementor-element-populated\">\n\t\t\t\t\t\t<div class=\"elementor-element elementor-element-0c9e8ed elementor-widget elementor-widget-heading\" data-id=\"0c9e8ed\" data-element_type=\"widget\" data-e-type=\"widget\" data-widget_type=\"heading.default\">\n\t\t\t\t<div class=\"elementor-widget-container\">\n\t\t\t\t\t<h1 class=\"elementor-heading-title elementor-size-default\">Eagle Eye Cloud VMS es compatible con c\u00e1maras digitales IP, anal\u00f3gicas, HD sobre COAX y Body Worn<\/h1>\t\t\t\t<\/div>\n\t\t\t\t<\/div>\n\t\t\t\t<section data-particle_enable=\"false\" data-particle-mobile-disabled=\"false\" class=\"elementor-section elementor-inner-section elementor-element elementor-element-4bf714c elementor-section-boxed elementor-section-height-default elementor-section-height-default\" data-id=\"4bf714c\" data-element_type=\"section\" data-e-type=\"section\">\n\t\t\t\t\t\t<div class=\"elementor-container elementor-column-gap-default\">\n\t\t\t\t\t<div class=\"elementor-column elementor-col-25 elementor-inner-column elementor-element elementor-element-fde7237\" data-id=\"fde7237\" data-element_type=\"column\" data-e-type=\"column\">\n\t\t\t<div class=\"elementor-widget-wrap elementor-element-populated\">\n\t\t\t\t\t\t<div class=\"elementor-element elementor-element-09fd810 premium-lq__none elementor-widget elementor-widget-premium-addon-button\" data-id=\"09fd810\" data-element_type=\"widget\" data-e-type=\"widget\" data-settings=\"{&quot;_animation_tablet&quot;:&quot;none&quot;,&quot;_animation_mobile&quot;:&quot;none&quot;}\" data-widget_type=\"premium-addon-button.default\">\n\t\t\t\t<div class=\"elementor-widget-container\">\n\t\t\t\t\t\r\n\r\n\t\t<a class=\"premium-button premium-button-none premium-btn-block premium-button-none\" href=\"https:\/\/www.een.com\/es\/soporte\/camara-compatibilidad-digital-ip\/\">\r\n\t\t\t<div class=\"premium-button-text-icon-wrapper\">\r\n\t\t\t\t\r\n\t\t\t\t\t\t\t\t\t<span >\r\n\t\t\t\t\t\tIP digital\t\t\t\t\t<\/span>\r\n\t\t\t\t\t\t\t<\/div>\r\n\r\n\t\t\t\r\n\t\t\t\r\n\t\t\t\r\n\t\t<\/a>\r\n\r\n\r\n\t\t\t\t\t\t<\/div>\n\t\t\t\t<\/div>\n\t\t\t\t\t<\/div>\n\t\t<\/div>\n\t\t\t\t<div class=\"elementor-column elementor-col-25 elementor-inner-column elementor-element elementor-element-93c4e1e\" data-id=\"93c4e1e\" data-element_type=\"column\" data-e-type=\"column\">\n\t\t\t<div class=\"elementor-widget-wrap elementor-element-populated\">\n\t\t\t\t\t\t<div class=\"elementor-element elementor-element-20d4db7 premium-lq__none elementor-widget elementor-widget-premium-addon-button\" data-id=\"20d4db7\" data-element_type=\"widget\" data-e-type=\"widget\" data-settings=\"{&quot;_animation_tablet&quot;:&quot;none&quot;,&quot;_animation_mobile&quot;:&quot;none&quot;}\" data-widget_type=\"premium-addon-button.default\">\n\t\t\t\t<div class=\"elementor-widget-container\">\n\t\t\t\t\t\r\n\r\n\t\t<a class=\"premium-button premium-button-none premium-btn-block premium-button-none\" href=\"https:\/\/www.een.com\/support\/camera-compatibility-analog\/\">\r\n\t\t\t<div class=\"premium-button-text-icon-wrapper\">\r\n\t\t\t\t\r\n\t\t\t\t\t\t\t\t\t<span >\r\n\t\t\t\t\t\tAnal\u00f3gico\t\t\t\t\t<\/span>\r\n\t\t\t\t\t\t\t<\/div>\r\n\r\n\t\t\t\r\n\t\t\t\r\n\t\t\t\r\n\t\t<\/a>\r\n\r\n\r\n\t\t\t\t\t\t<\/div>\n\t\t\t\t<\/div>\n\t\t\t\t\t<\/div>\n\t\t<\/div>\n\t\t\t\t<div class=\"elementor-column elementor-col-25 elementor-inner-column elementor-element elementor-element-5feb1bd\" data-id=\"5feb1bd\" data-element_type=\"column\" data-e-type=\"column\">\n\t\t\t<div class=\"elementor-widget-wrap elementor-element-populated\">\n\t\t\t\t\t\t<div class=\"elementor-element elementor-element-e7fb9b3 premium-lq__none elementor-widget elementor-widget-premium-addon-button\" data-id=\"e7fb9b3\" data-element_type=\"widget\" data-e-type=\"widget\" data-settings=\"{&quot;_animation_tablet&quot;:&quot;none&quot;,&quot;_animation_mobile&quot;:&quot;none&quot;}\" data-widget_type=\"premium-addon-button.default\">\n\t\t\t\t<div class=\"elementor-widget-container\">\n\t\t\t\t\t\r\n\r\n\t\t<a class=\"premium-button premium-button-none premium-btn-block premium-button-none\" href=\"https:\/\/www.een.com\/support\/camera-compatibility-hd-over-coax\/\">\r\n\t\t\t<div class=\"premium-button-text-icon-wrapper\">\r\n\t\t\t\t\r\n\t\t\t\t\t\t\t\t\t<span >\r\n\t\t\t\t\t\tHD sobre COAX\t\t\t\t\t<\/span>\r\n\t\t\t\t\t\t\t<\/div>\r\n\r\n\t\t\t\r\n\t\t\t\r\n\t\t\t\r\n\t\t<\/a>\r\n\r\n\r\n\t\t\t\t\t\t<\/div>\n\t\t\t\t<\/div>\n\t\t\t\t\t<\/div>\n\t\t<\/div>\n\t\t\t\t<div class=\"elementor-column elementor-col-25 elementor-inner-column elementor-element elementor-element-3773c51\" data-id=\"3773c51\" data-element_type=\"column\" data-e-type=\"column\">\n\t\t\t<div class=\"elementor-widget-wrap elementor-element-populated\">\n\t\t\t\t\t\t<div class=\"elementor-element elementor-element-8a43eab premium-lq__none elementor-widget elementor-widget-premium-addon-button\" data-id=\"8a43eab\" data-element_type=\"widget\" data-e-type=\"widget\" data-settings=\"{&quot;_animation_tablet&quot;:&quot;none&quot;,&quot;_animation_mobile&quot;:&quot;none&quot;}\" data-widget_type=\"premium-addon-button.default\">\n\t\t\t\t<div class=\"elementor-widget-container\">\n\t\t\t\t\t\r\n\r\n\t\t<a class=\"premium-button premium-button-none premium-btn-block premium-button-none\" href=\"https:\/\/www.een.com\/support\/camera-compatibility-mobile-body-worn\/\">\r\n\t\t\t<div class=\"premium-button-text-icon-wrapper\">\r\n\t\t\t\t\r\n\t\t\t\t\t\t\t\t\t<span >\r\n\t\t\t\t\t\tM\u00f3viles y cuerpos\t\t\t\t\t<\/span>\r\n\t\t\t\t\t\t\t<\/div>\r\n\r\n\t\t\t\r\n\t\t\t\r\n\t\t\t\r\n\t\t<\/a>\r\n\r\n\r\n\t\t\t\t\t\t<\/div>\n\t\t\t\t<\/div>\n\t\t\t\t\t<\/div>\n\t\t<\/div>\n\t\t\t\t\t<\/div>\n\t\t<\/section>\n\t\t\t\t<section data-particle_enable=\"false\" data-particle-mobile-disabled=\"false\" class=\"elementor-section elementor-inner-section elementor-element elementor-element-2bb1cd2 elementor-section-boxed elementor-section-height-default elementor-section-height-default\" data-id=\"2bb1cd2\" data-element_type=\"section\" data-e-type=\"section\">\n\t\t\t\t\t\t<div class=\"elementor-container elementor-column-gap-default\">\n\t\t\t\t\t<div class=\"elementor-column elementor-col-100 elementor-inner-column elementor-element elementor-element-d91134f\" data-id=\"d91134f\" data-element_type=\"column\" data-e-type=\"column\">\n\t\t\t<div class=\"elementor-widget-wrap elementor-element-populated\">\n\t\t\t\t\t\t<div class=\"elementor-element elementor-element-6bde773 elementor-widget elementor-widget-heading\" data-id=\"6bde773\" data-element_type=\"widget\" data-e-type=\"widget\" data-widget_type=\"heading.default\">\n\t\t\t\t<div class=\"elementor-widget-container\">\n\t\t\t\t\t<h2 class=\"elementor-heading-title elementor-size-default\">IP digital<\/h2>\t\t\t\t<\/div>\n\t\t\t\t<\/div>\n\t\t\t\t<div class=\"elementor-element elementor-element-a79d7c8 elementor-widget elementor-widget-text-editor\" data-id=\"a79d7c8\" data-element_type=\"widget\" data-e-type=\"widget\" data-widget_type=\"text-editor.default\">\n\t\t\t\t<div class=\"elementor-widget-container\">\n\t\t\t\t\t\t\t\t\t<p>El Eagle Eye Cloud VMS es compatible con una amplia variedad de c\u00e1maras digitales IP. El <a href=\"https:\/\/www.een.com\/es\/producto\/cloud-vms-system-overview\/\">VMS en la nube de Eagle Eye Networks<\/a> utiliza el perfil S de ONVIF y el flujo dual de c\u00f3decs (H.264 y MJPEG) para comunicarse con las c\u00e1maras incluidas en la lista siguiente. Puede ser necesaria una configuraci\u00f3n adicional en la p\u00e1gina web de la c\u00e1mara para descubrir y a\u00f1adir c\u00e1maras al VMS.<\/p><p>Si est\u00e1 interesado en que Eagle Eye de soporte a una c\u00e1mara que no aparece en la lista, conecte la c\u00e1mara a un Eagle Eye Bridge o CMVR y solicite soporte dentro de nuestro tablero. Se crear\u00e1 un ticket de asistencia y se le notificar\u00e1 por correo electr\u00f3nico el progreso del proceso de asistencia. Si necesita ayuda adicional, env\u00edenos una muestra del modelo de c\u00e1mara espec\u00edfico y <a href=\"https:\/\/www.een.com\/es\/empresa\/contacto\/\">p\u00f3ngase en contacto con nosotros<\/a> para probarlo.<\/p><p><strong>Soporte de firmware: <\/strong>El firmware indicado para cada modelo es la versi\u00f3n m\u00ednima soportada. Si ha conectado un modelo compatible con una versi\u00f3n de firmware m\u00e1s reciente y tiene problemas, <a href=\"https:\/\/www.een.com\/es\/empresa\/contacto\/\">p\u00f3ngase en contacto con nosotros<\/a> y estaremos encantados de ayudarle.<\/p>\t\t\t\t\t\t\t\t<\/div>\n\t\t\t\t<\/div>\n\t\t\t\t\t<\/div>\n\t\t<\/div>\n\t\t\t\t\t<\/div>\n\t\t<\/section>\n\t\t\t\t\t<\/div>\n\t\t<\/div>\n\t\t\t\t\t<\/div>\n\t\t<\/section>\n\t\t\t\t<section data-particle_enable=\"false\" data-particle-mobile-disabled=\"false\" class=\"elementor-section elementor-top-section elementor-element elementor-element-ff622a8 elementor-section-stretched elementor-section-full_width elementor-section-height-default elementor-section-height-default\" data-id=\"ff622a8\" data-element_type=\"section\" data-e-type=\"section\" data-settings=\"{&quot;stretch_section&quot;:&quot;section-stretched&quot;}\">\n\t\t\t\t\t\t<div class=\"elementor-container elementor-column-gap-default\">\n\t\t\t\t\t<div class=\"elementor-column elementor-col-100 elementor-top-column elementor-element elementor-element-bebe20d\" data-id=\"bebe20d\" data-element_type=\"column\" data-e-type=\"column\">\n\t\t\t<div class=\"elementor-widget-wrap elementor-element-populated\">\n\t\t\t\t\t\t<div class=\"elementor-element elementor-element-bcc7e39 elementor-widget elementor-widget-html\" data-id=\"bcc7e39\" data-element_type=\"widget\" data-e-type=\"widget\" data-widget_type=\"html.default\">\n\t\t\t\t<div class=\"elementor-widget-container\">\n\t\t\t\t\t<iframe height=\"3200\" src=\"https:\/\/cameracompatibility.eagleeyenetworks.com\/#\/\"><\/iframe>\t\t\t\t<\/div>\n\t\t\t\t<\/div>\n\t\t\t\t<div class=\"elementor-element elementor-element-5fa98fd elementor-widget elementor-widget-text-editor\" data-id=\"5fa98fd\" data-element_type=\"widget\" data-e-type=\"widget\" data-widget_type=\"text-editor.default\">\n\t\t\t\t<div class=\"elementor-widget-container\">\n\t\t\t\t\t\t\t\t\t<div class=\"fusion-text\"><p>Eagle Eye Networks ofrece muchos puentes y CMVRs preparados para el uso anal\u00f3gico. Los puentes anal\u00f3gicos de Eagle Eye digitalizar\u00e1n el v\u00eddeo procedente de las c\u00e1maras anal\u00f3gicas y gestionar\u00e1n el v\u00eddeo de la misma manera que las c\u00e1maras IP o HD sobre coaxial. El uso de los puentes anal\u00f3gicos de Eagle Eye Networks es una soluci\u00f3n rentable para los clientes que desean actualizar su sistema de videovigilancia sin dejar de utilizar sus c\u00e1maras anal\u00f3gicas existentes.<\/p><\/div>\t\t\t\t\t\t\t\t<\/div>\n\t\t\t\t<\/div>\n\t\t\t\t\t<\/div>\n\t\t<\/div>\n\t\t\t\t\t<\/div>\n\t\t<\/section>\n\t\t\t\t<\/div>\n\t\t","protected":false},"excerpt":{"rendered":"<p>Eagle Eye Cloud VMS es compatible con c\u00e1maras digitales IP, anal\u00f3gicas, HD sobre COAX y Body Worn IP digital Anal\u00f3gico HD sobre COAX M\u00f3viles y cuerpos IP digital El Eagle &hellip;<\/p>\n<p class=\"read-more\"> <a class=\"\" href=\"https:\/\/www.een.com\/es\/soporte\/camara-compatibilidad-digital-ip\/\"> <span class=\"screen-reader-text\">Compatibilidad de la c\u00e1mara &#8211; IP digital<\/span> Leer m\u00e1s &raquo;<\/a><\/p>\n","protected":false},"author":544,"featured_media":0,"parent":90732,"menu_order":817,"comment_status":"closed","ping_status":"closed","template":"","meta":{"_acf_changed":false,"_relevanssi_hide_post":"","_relevanssi_hide_content":"","_relevanssi_pin_for_all":"","_relevanssi_pin_keywords":"","_relevanssi_unpin_keywords":"","_relevanssi_related_keywords":"","_relevanssi_related_include_ids":"","_relevanssi_related_exclude_ids":"","_relevanssi_related_no_append":"","_relevanssi_related_not_related":"","_relevanssi_related_posts":"86448,39852,114916,40845,39913,79669","_relevanssi_noindex_reason":"","footnotes":""},"class_list":["post-90809","page","type-page","status-publish","hentry"],"acf":[],"aioseo_notices":[],"_links":{"self":[{"href":"https:\/\/www.een.com\/es\/wp-json\/wp\/v2\/pages\/90809","targetHints":{"allow":["GET"]}}],"collection":[{"href":"https:\/\/www.een.com\/es\/wp-json\/wp\/v2\/pages"}],"about":[{"href":"https:\/\/www.een.com\/es\/wp-json\/wp\/v2\/types\/page"}],"author":[{"embeddable":true,"href":"https:\/\/www.een.com\/es\/wp-json\/wp\/v2\/users\/544"}],"replies":[{"embeddable":true,"href":"https:\/\/www.een.com\/es\/wp-json\/wp\/v2\/comments?post=90809"}],"version-history":[{"count":0,"href":"https:\/\/www.een.com\/es\/wp-json\/wp\/v2\/pages\/90809\/revisions"}],"up":[{"embeddable":true,"href":"https:\/\/www.een.com\/es\/wp-json\/wp\/v2\/pages\/90732"}],"wp:attachment":[{"href":"https:\/\/www.een.com\/es\/wp-json\/wp\/v2\/media?parent=90809"}],"curies":[{"name":"wp","href":"https:\/\/api.w.org\/{rel}","templated":true}]}}