{"id":90318,"date":"2020-07-03T13:46:10","date_gmt":"2020-07-03T18:46:10","guid":{"rendered":"https:\/\/www.een.com\/cameramanager-mobile-app\/"},"modified":"2020-11-16T10:10:00","modified_gmt":"2020-11-16T15:10:00","slug":"cameramanager-mobile-app","status":"publish","type":"page","link":"https:\/\/www.een.com\/es\/cameramanager-mobile-app\/","title":{"rendered":"Descargar la aplicaci\u00f3n CameraManager"},"content":{"rendered":"\t\t<div data-elementor-type=\"wp-page\" data-elementor-id=\"90318\" class=\"elementor elementor-90318 elementor-90265\" data-elementor-post-type=\"page\">\n\t\t\t\t\t\t<section data-particle_enable=\"false\" data-particle-mobile-disabled=\"false\" class=\"elementor-section elementor-top-section elementor-element elementor-element-b8d95b6 elementor-section-boxed elementor-section-height-default elementor-section-height-default\" data-id=\"b8d95b6\" data-element_type=\"section\" data-e-type=\"section\">\n\t\t\t\t\t\t<div class=\"elementor-container elementor-column-gap-default\">\n\t\t\t\t\t<div class=\"elementor-column elementor-col-100 elementor-top-column elementor-element elementor-element-2b64b8f\" data-id=\"2b64b8f\" data-element_type=\"column\" data-e-type=\"column\">\n\t\t\t<div class=\"elementor-widget-wrap elementor-element-populated\">\n\t\t\t\t\t\t<div class=\"elementor-element elementor-element-ab57867 elementor-widget elementor-widget-heading\" data-id=\"ab57867\" data-element_type=\"widget\" data-e-type=\"widget\" data-widget_type=\"heading.default\">\n\t\t\t\t<div class=\"elementor-widget-container\">\n\t\t\t\t\t<h1 class=\"elementor-heading-title elementor-size-default\">Descargar la aplicaci\u00f3n Eagle Eye CameraManager<\/h1>\t\t\t\t<\/div>\n\t\t\t\t<\/div>\n\t\t\t\t\t<\/div>\n\t\t<\/div>\n\t\t\t\t\t<\/div>\n\t\t<\/section>\n\t\t\t\t<section data-particle_enable=\"false\" data-particle-mobile-disabled=\"false\" class=\"elementor-section elementor-top-section elementor-element elementor-element-5dbe11b elementor-section-boxed elementor-section-height-default elementor-section-height-default\" data-id=\"5dbe11b\" data-element_type=\"section\" data-e-type=\"section\">\n\t\t\t\t\t\t<div class=\"elementor-container elementor-column-gap-default\">\n\t\t\t\t\t<div class=\"elementor-column elementor-col-50 elementor-top-column elementor-element elementor-element-0fdfc7f\" data-id=\"0fdfc7f\" data-element_type=\"column\" data-e-type=\"column\">\n\t\t\t<div class=\"elementor-widget-wrap elementor-element-populated\">\n\t\t\t\t\t\t<div class=\"elementor-element elementor-element-ee2cb42 elementor-widget elementor-widget-text-editor\" data-id=\"ee2cb42\" data-element_type=\"widget\" data-e-type=\"widget\" data-widget_type=\"text-editor.default\">\n\t\t\t\t<div class=\"elementor-widget-container\">\n\t\t\t\t\t\t\t\t\t<p>Eagle Eye CameraManager es un programa f\u00e1cil de usar &amp; Sistema asequible que le ayuda a administrar sus c\u00e1maras y secuencias desde la nube, y proporciona alertas proactivas.<\/p>\n<p>Con Eagle Eye CameraManager puede administrar c\u00e1maras y ver im\u00e1genes en su computadora, tel\u00e9fono inteligente y tableta, y usar nuestra aplicaci\u00f3n para recibir notificaciones autom\u00e1ticas y correos electr\u00f3nicos si sus c\u00e1maras detectan un objeto, movimiento, sonido o calor. Es as\u00ed de simple.<\/p>\n<p>Las caracter\u00edsticas incluyen:<\/p>\n<ul>\n<li>Mira las transmisiones en vivo de tus c\u00e1maras<\/li>\n<li>Mira las im\u00e1genes grabadas<\/li>\n<li>Reciba notificaciones autom\u00e1ticas cuando su c\u00e1mara detecte objetos, movimiento, sonido o calor<\/li>\n<li>Administre el \u00e1ngulo de sus c\u00e1maras y aumente el zoom &amp; fuera<\/li>\n<li>Almacena las instant\u00e1neas en tu dispositivo<\/li>\n<\/ul>\n<p><em>(Las funciones compatibles dependen de las funciones de la c\u00e1mara)<\/em><\/p>\n\t\t\t\t\t\t\t\t<\/div>\n\t\t\t\t<\/div>\n\t\t\t\t\t<\/div>\n\t\t<\/div>\n\t\t\t\t<div class=\"elementor-column elementor-col-50 elementor-top-column elementor-element elementor-element-f0d6dd4\" data-id=\"f0d6dd4\" data-element_type=\"column\" data-e-type=\"column\">\n\t\t\t<div class=\"elementor-widget-wrap elementor-element-populated\">\n\t\t\t\t\t\t<div class=\"elementor-element elementor-element-f6c44bd elementor-widget elementor-widget-image\" data-id=\"f6c44bd\" data-element_type=\"widget\" data-e-type=\"widget\" data-widget_type=\"image.default\">\n\t\t\t\t<div class=\"elementor-widget-container\">\n\t\t\t\t\t\t\t\t\t\t\t\t\t\t\t<img fetchpriority=\"high\" decoding=\"async\" width=\"1024\" height=\"540\" src=\"https:\/\/www.een.com\/wp-content\/uploads\/2019\/05\/Eagle-Eye-CameraManager-Watch-from-computer-or-other-smart-devices-1024x540.png\" class=\"attachment-large size-large wp-image-68262\" alt=\"Eagle Eye CameraManager Watch desde una computadora u otros dispositivos inteligentes\" srcset=\"https:\/\/www.een.com\/wp-content\/uploads\/2019\/05\/Eagle-Eye-CameraManager-Watch-from-computer-or-other-smart-devices.png 1024w, https:\/\/www.een.com\/wp-content\/uploads\/2019\/05\/Eagle-Eye-CameraManager-Watch-from-computer-or-other-smart-devices-300x158.png 300w, https:\/\/www.een.com\/wp-content\/uploads\/2019\/05\/Eagle-Eye-CameraManager-Watch-from-computer-or-other-smart-devices-100x53.png 100w, https:\/\/www.een.com\/wp-content\/uploads\/2019\/05\/Eagle-Eye-CameraManager-Watch-from-computer-or-other-smart-devices-200x105.png 200w, https:\/\/www.een.com\/wp-content\/uploads\/2019\/05\/Eagle-Eye-CameraManager-Watch-from-computer-or-other-smart-devices-400x211.png 400w, https:\/\/www.een.com\/wp-content\/uploads\/2019\/05\/Eagle-Eye-CameraManager-Watch-from-computer-or-other-smart-devices-600x316.png 600w, https:\/\/www.een.com\/wp-content\/uploads\/2019\/05\/Eagle-Eye-CameraManager-Watch-from-computer-or-other-smart-devices-800x422.png 800w\" sizes=\"(max-width: 1024px) 100vw, 1024px\" title=\"\" \/>\t\t\t\t\t\t\t\t\t\t\t\t\t\t\t<\/div>\n\t\t\t\t<\/div>\n\t\t\t\t\t<\/div>\n\t\t<\/div>\n\t\t\t\t\t<\/div>\n\t\t<\/section>\n\t\t\t\t<section data-particle_enable=\"false\" data-particle-mobile-disabled=\"false\" class=\"elementor-section elementor-top-section elementor-element elementor-element-ccc350d elementor-section-boxed elementor-section-height-default elementor-section-height-default\" data-id=\"ccc350d\" data-element_type=\"section\" data-e-type=\"section\">\n\t\t\t\t\t\t<div class=\"elementor-container elementor-column-gap-default\">\n\t\t\t\t\t<div class=\"elementor-column elementor-col-50 elementor-top-column elementor-element elementor-element-f9345f0\" data-id=\"f9345f0\" data-element_type=\"column\" data-e-type=\"column\">\n\t\t\t<div class=\"elementor-widget-wrap elementor-element-populated\">\n\t\t\t\t\t\t<div class=\"elementor-element elementor-element-2df7752 elementor-widget elementor-widget-heading\" data-id=\"2df7752\" data-element_type=\"widget\" data-e-type=\"widget\" data-widget_type=\"heading.default\">\n\t\t\t\t<div class=\"elementor-widget-container\">\n\t\t\t\t\t<h3 class=\"elementor-heading-title elementor-size-default\">Aplicaci\u00f3n de escritorio<\/h3>\t\t\t\t<\/div>\n\t\t\t\t<\/div>\n\t\t\t\t<div class=\"elementor-element elementor-element-991a703 elementor-widget elementor-widget-image\" data-id=\"991a703\" data-element_type=\"widget\" data-e-type=\"widget\" data-widget_type=\"image.default\">\n\t\t\t\t<div class=\"elementor-widget-container\">\n\t\t\t\t\t\t\t\t\t\t\t\t\t\t\t<img decoding=\"async\" src=\"https:\/\/www.een.com\/wp-content\/uploads\/elementor\/thumbs\/CameraManager-Mac-Desktop-qnxl14wiyfa36dcbzlpvjy9bte7ofq6iq0l7xm2thm.png\" title=\"CameraManager-Mac-Desktop\" alt=\"CameraManager-Mac-Desktop\" loading=\"lazy\" \/>\t\t\t\t\t\t\t\t\t\t\t\t\t\t\t<\/div>\n\t\t\t\t<\/div>\n\t\t\t\t<div class=\"elementor-element elementor-element-fac66de elementor-position-top elementor-widget elementor-widget-image-box\" data-id=\"fac66de\" data-element_type=\"widget\" data-e-type=\"widget\" data-widget_type=\"image-box.default\">\n\t\t\t\t<div class=\"elementor-widget-container\">\n\t\t\t\t\t<div class=\"elementor-image-box-wrapper\"><figure class=\"elementor-image-box-img\"><a href=\"https:\/\/installer.cameramanager.com\/cm\/CameramanagerWin.exe\" target=\"_blank\" tabindex=\"-1\"><img decoding=\"async\" src=\"https:\/\/www.een.com\/wp-content\/uploads\/elementor\/thumbs\/Windows-qnxl26hzp6cq934zwur5rzr3u7uhzbsdzavbgipedw.png\" title=\"Windows\" alt=\"Windows\" loading=\"lazy\" \/><\/a><\/figure><div class=\"elementor-image-box-content\"><h3 class=\"elementor-image-box-title\"><a href=\"https:\/\/installer.cameramanager.com\/cm\/CameramanagerWin.exe\" target=\"_blank\">Windows<\/a><\/h3><\/div><\/div>\t\t\t\t<\/div>\n\t\t\t\t<\/div>\n\t\t\t\t<div class=\"elementor-element elementor-element-232bcc2 elementor-position-top elementor-widget elementor-widget-image-box\" data-id=\"232bcc2\" data-element_type=\"widget\" data-e-type=\"widget\" data-widget_type=\"image-box.default\">\n\t\t\t\t<div class=\"elementor-widget-container\">\n\t\t\t\t\t<div class=\"elementor-image-box-wrapper\"><figure class=\"elementor-image-box-img\"><a href=\"https:\/\/installer.cameramanager.com\/cm\/CameramanagerMac.dmg\" target=\"_blank\" tabindex=\"-1\"><img decoding=\"async\" src=\"https:\/\/www.een.com\/wp-content\/uploads\/elementor\/thumbs\/Apple-qnxl21ssr06an1btoaq0xixsvahnwu9qanlw24wd90.png\" title=\"Apple\" alt=\"Apple\" loading=\"lazy\" \/><\/a><\/figure><div class=\"elementor-image-box-content\"><h3 class=\"elementor-image-box-title\"><a href=\"https:\/\/installer.cameramanager.com\/cm\/CameramanagerMac.dmg\" target=\"_blank\">Apple<\/a><\/h3><\/div><\/div>\t\t\t\t<\/div>\n\t\t\t\t<\/div>\n\t\t\t\t\t<\/div>\n\t\t<\/div>\n\t\t\t\t<div class=\"elementor-column elementor-col-50 elementor-top-column elementor-element elementor-element-d56cec4\" data-id=\"d56cec4\" data-element_type=\"column\" data-e-type=\"column\">\n\t\t\t<div class=\"elementor-widget-wrap elementor-element-populated\">\n\t\t\t\t\t\t<div class=\"elementor-element elementor-element-0864e73 elementor-widget elementor-widget-heading\" data-id=\"0864e73\" data-element_type=\"widget\" data-e-type=\"widget\" data-widget_type=\"heading.default\">\n\t\t\t\t<div class=\"elementor-widget-container\">\n\t\t\t\t\t<h3 class=\"elementor-heading-title elementor-size-default\">Aplicaci\u00f3n m\u00f3vil<\/h3>\t\t\t\t<\/div>\n\t\t\t\t<\/div>\n\t\t\t\t<div class=\"elementor-element elementor-element-db9b820 elementor-widget elementor-widget-image\" data-id=\"db9b820\" data-element_type=\"widget\" data-e-type=\"widget\" data-widget_type=\"image.default\">\n\t\t\t\t<div class=\"elementor-widget-container\">\n\t\t\t\t\t\t\t\t\t\t\t\t\t\t\t<img decoding=\"async\" src=\"https:\/\/www.een.com\/wp-content\/uploads\/elementor\/thumbs\/CameraManager-Mobile-Application-qnxl14wiyfa36dcbzlpvjy9bte7ofq6iq0l7xm2thm.png\" title=\"CameraManager-Mobile-Application\" alt=\"CameraManager-Mobile-Application\" loading=\"lazy\" \/>\t\t\t\t\t\t\t\t\t\t\t\t\t\t\t<\/div>\n\t\t\t\t<\/div>\n\t\t\t\t<div class=\"elementor-element elementor-element-3ec4e7d elementor-position-top elementor-widget elementor-widget-image-box\" data-id=\"3ec4e7d\" data-element_type=\"widget\" data-e-type=\"widget\" data-widget_type=\"image-box.default\">\n\t\t\t\t<div class=\"elementor-widget-container\">\n\t\t\t\t\t<div class=\"elementor-image-box-wrapper\"><figure class=\"elementor-image-box-img\"><a href=\"https:\/\/play.google.com\/store\/apps\/details?id=com.cameramanager.cm\" target=\"_blank\" tabindex=\"-1\"><img decoding=\"async\" src=\"https:\/\/www.een.com\/wp-content\/uploads\/elementor\/thumbs\/Android-qnxl21ssr06an1btoaq0xixsvahnwu9qanlw24wd90.png\" title=\"Android\" alt=\"Android\" loading=\"lazy\" \/><\/a><\/figure><div class=\"elementor-image-box-content\"><h3 class=\"elementor-image-box-title\"><a href=\"https:\/\/play.google.com\/store\/apps\/details?id=com.cameramanager.cm\" target=\"_blank\">Android<\/a><\/h3><\/div><\/div>\t\t\t\t<\/div>\n\t\t\t\t<\/div>\n\t\t\t\t<div class=\"elementor-element elementor-element-a6241a8 elementor-position-top elementor-widget elementor-widget-image-box\" data-id=\"a6241a8\" data-element_type=\"widget\" data-e-type=\"widget\" data-widget_type=\"image-box.default\">\n\t\t\t\t<div class=\"elementor-widget-container\">\n\t\t\t\t\t<div class=\"elementor-image-box-wrapper\"><figure class=\"elementor-image-box-img\"><a href=\"https:\/\/apps.apple.com\/app\/cameramanager\/id1333496857\" target=\"_blank\" tabindex=\"-1\"><img decoding=\"async\" src=\"https:\/\/www.een.com\/wp-content\/uploads\/elementor\/thumbs\/Apple-qnxl21ssr06an1btoaq0xixsvahnwu9qanlw24wd90.png\" title=\"Apple\" alt=\"Apple\" loading=\"lazy\" \/><\/a><\/figure><div class=\"elementor-image-box-content\"><h3 class=\"elementor-image-box-title\"><a href=\"https:\/\/apps.apple.com\/app\/cameramanager\/id1333496857\" target=\"_blank\">IOS<\/a><\/h3><\/div><\/div>\t\t\t\t<\/div>\n\t\t\t\t<\/div>\n\t\t\t\t\t<\/div>\n\t\t<\/div>\n\t\t\t\t\t<\/div>\n\t\t<\/section>\n\t\t\t\t<section data-particle_enable=\"false\" data-particle-mobile-disabled=\"false\" class=\"elementor-section elementor-top-section elementor-element elementor-element-e8bf865 elementor-section-boxed elementor-section-height-default elementor-section-height-default\" data-id=\"e8bf865\" data-element_type=\"section\" data-e-type=\"section\">\n\t\t\t\t\t\t<div class=\"elementor-container elementor-column-gap-default\">\n\t\t\t\t\t<div class=\"elementor-column elementor-col-50 elementor-top-column elementor-element elementor-element-e4406c8\" data-id=\"e4406c8\" data-element_type=\"column\" data-e-type=\"column\">\n\t\t\t<div class=\"elementor-widget-wrap elementor-element-populated\">\n\t\t\t\t\t\t<div class=\"elementor-element elementor-element-7b17435 elementor-align-center elementor-widget elementor-widget-button\" data-id=\"7b17435\" data-element_type=\"widget\" data-e-type=\"widget\" data-widget_type=\"button.default\">\n\t\t\t\t<div class=\"elementor-widget-container\">\n\t\t\t\t\t\t\t\t\t<div class=\"elementor-button-wrapper\">\n\t\t\t\t\t<a class=\"elementor-button elementor-button-link elementor-size-sm\" href=\"https:\/\/www.een.com\/es\/compania\/contacto\/\">\n\t\t\t\t\t\t<span class=\"elementor-button-content-wrapper\">\n\t\t\t\t\t\t\t\t\t<span class=\"elementor-button-text\">CONTACTO DE VENTAS<\/span>\n\t\t\t\t\t<\/span>\n\t\t\t\t\t<\/a>\n\t\t\t\t<\/div>\n\t\t\t\t\t\t\t\t<\/div>\n\t\t\t\t<\/div>\n\t\t\t\t\t<\/div>\n\t\t<\/div>\n\t\t\t\t<div class=\"elementor-column elementor-col-50 elementor-top-column elementor-element elementor-element-534250b\" data-id=\"534250b\" data-element_type=\"column\" data-e-type=\"column\">\n\t\t\t<div class=\"elementor-widget-wrap elementor-element-populated\">\n\t\t\t\t\t\t<div class=\"elementor-element elementor-element-9c88109 elementor-align-center elementor-widget elementor-widget-button\" data-id=\"9c88109\" data-element_type=\"widget\" data-e-type=\"widget\" data-widget_type=\"button.default\">\n\t\t\t\t<div class=\"elementor-widget-container\">\n\t\t\t\t\t\t\t\t\t<div class=\"elementor-button-wrapper\">\n\t\t\t\t\t<a class=\"elementor-button elementor-button-link elementor-size-sm\" href=\"https:\/\/www.een.com\/es\/producto\/cm-system-overview\/\">\n\t\t\t\t\t\t<span class=\"elementor-button-content-wrapper\">\n\t\t\t\t\t\t\t\t\t<span class=\"elementor-button-text\">M\u00c1S INFORMACI\u00d3N: EAGLE EYE CAMERAMANAGER<\/span>\n\t\t\t\t\t<\/span>\n\t\t\t\t\t<\/a>\n\t\t\t\t<\/div>\n\t\t\t\t\t\t\t\t<\/div>\n\t\t\t\t<\/div>\n\t\t\t\t\t<\/div>\n\t\t<\/div>\n\t\t\t\t\t<\/div>\n\t\t<\/section>\n\t\t\t\t<\/div>\n\t\t","protected":false},"excerpt":{"rendered":"<p>Descargar la aplicaci\u00f3n Eagle Eye CameraManager Eagle Eye CameraManager es un programa f\u00e1cil de usar &amp; Sistema asequible que le ayuda a administrar sus c\u00e1maras y secuencias desde la nube, &hellip;<\/p>\n<p class=\"read-more\"> <a class=\"\" href=\"https:\/\/www.een.com\/es\/cameramanager-mobile-app\/\"> <span class=\"screen-reader-text\">Descargar la aplicaci\u00f3n CameraManager<\/span> Leer m\u00e1s &raquo;<\/a><\/p>\n","protected":false},"author":544,"featured_media":0,"parent":0,"menu_order":602,"comment_status":"closed","ping_status":"closed","template":"elementor_header_footer","meta":{"_acf_changed":false,"_relevanssi_hide_post":"","_relevanssi_hide_content":"","_relevanssi_pin_for_all":"","_relevanssi_pin_keywords":"","_relevanssi_unpin_keywords":"","_relevanssi_related_keywords":"","_relevanssi_related_include_ids":"","_relevanssi_related_exclude_ids":"","_relevanssi_related_no_append":"","_relevanssi_related_not_related":"","_relevanssi_related_posts":"","_relevanssi_noindex_reason":"","footnotes":""},"class_list":["post-90318","page","type-page","status-publish","hentry"],"acf":[],"aioseo_notices":[],"_links":{"self":[{"href":"https:\/\/www.een.com\/es\/wp-json\/wp\/v2\/pages\/90318","targetHints":{"allow":["GET"]}}],"collection":[{"href":"https:\/\/www.een.com\/es\/wp-json\/wp\/v2\/pages"}],"about":[{"href":"https:\/\/www.een.com\/es\/wp-json\/wp\/v2\/types\/page"}],"author":[{"embeddable":true,"href":"https:\/\/www.een.com\/es\/wp-json\/wp\/v2\/users\/544"}],"replies":[{"embeddable":true,"href":"https:\/\/www.een.com\/es\/wp-json\/wp\/v2\/comments?post=90318"}],"version-history":[{"count":0,"href":"https:\/\/www.een.com\/es\/wp-json\/wp\/v2\/pages\/90318\/revisions"}],"wp:attachment":[{"href":"https:\/\/www.een.com\/es\/wp-json\/wp\/v2\/media?parent=90318"}],"curies":[{"name":"wp","href":"https:\/\/api.w.org\/{rel}","templated":true}]}}