{"id":117888,"date":"2021-04-12T14:05:07","date_gmt":"2021-04-12T19:05:07","guid":{"rendered":"https:\/\/www.een.com\/?page_id=117888"},"modified":"2021-04-22T09:13:46","modified_gmt":"2021-04-22T14:13:46","slug":"optimiza-tu-negocio-con-la-analitica-de-video-y-la-ia-pdf","status":"publish","type":"page","link":"https:\/\/www.een.com\/es\/optimiza-tu-negocio-con-la-analitica-de-video-y-la-ia-pdf\/","title":{"rendered":"Optimiza tu negocio con la anal\u00edtica de video y la IA"},"content":{"rendered":"\t\t<div data-elementor-type=\"wp-page\" data-elementor-id=\"117888\" class=\"elementor elementor-117888 elementor-117862\" data-elementor-post-type=\"page\">\n\t\t\t\t\t\t<section data-particle_enable=\"false\" data-particle-mobile-disabled=\"false\" class=\"elementor-section elementor-top-section elementor-element elementor-element-edaa4c0 elementor-section-boxed elementor-section-height-default elementor-section-height-default\" data-id=\"edaa4c0\" data-element_type=\"section\" data-e-type=\"section\">\n\t\t\t\t\t\t<div class=\"elementor-container elementor-column-gap-default\">\n\t\t\t\t\t<div class=\"elementor-column elementor-col-100 elementor-top-column elementor-element elementor-element-5ea2e36\" data-id=\"5ea2e36\" data-element_type=\"column\" data-e-type=\"column\">\n\t\t\t<div class=\"elementor-widget-wrap elementor-element-populated\">\n\t\t\t\t\t\t<div class=\"elementor-element elementor-element-ba125a1 elementor-widget elementor-widget-heading\" data-id=\"ba125a1\" data-element_type=\"widget\" data-e-type=\"widget\" data-widget_type=\"heading.default\">\n\t\t\t\t<div class=\"elementor-widget-container\">\n\t\t\t\t\t<h1 class=\"elementor-heading-title elementor-size-default\">Optimiza tu negocio con la anal\u00edtica de video y la IA<\/h1>\t\t\t\t<\/div>\n\t\t\t\t<\/div>\n\t\t\t\t<div class=\"elementor-element elementor-element-0773021 elementor-widget elementor-widget-text-editor\" data-id=\"0773021\" data-element_type=\"widget\" data-e-type=\"widget\" data-widget_type=\"text-editor.default\">\n\t\t\t\t<div class=\"elementor-widget-container\">\n\t\t\t\t\t\t\t\t\t<p>Cuando hablamos de\u00a0anal\u00edticas de v\u00eddeo en relaci\u00f3n\u00a0a la videovigilancia, hacemos\u00a0referencia a la implementaci\u00f3n\u00a0de software y hardware para\u00a0crear sistemas m\u00e1s inteligentes.\u00a0Mediante las anal\u00edticas de v\u00eddeo,\u00a0las empresas pueden detectar\u00a0y rastrear personas u objetos,\u00a0as\u00ed como informar y analizar la\u00a0actividad que tiene lugar en el\u00a0v\u00eddeo. Es una herramienta vital\u00a0para establecer una seguridad\u00a0inteligente.<\/p>\t\t\t\t\t\t\t\t<\/div>\n\t\t\t\t<\/div>\n\t\t\t\t\t<\/div>\n\t\t<\/div>\n\t\t\t\t\t<\/div>\n\t\t<\/section>\n\t\t\t\t<section data-particle_enable=\"false\" data-particle-mobile-disabled=\"false\" class=\"elementor-section elementor-top-section elementor-element elementor-element-3d80771 elementor-section-boxed elementor-section-height-default elementor-section-height-default\" data-id=\"3d80771\" data-element_type=\"section\" data-e-type=\"section\">\n\t\t\t\t\t\t<div class=\"elementor-container elementor-column-gap-default\">\n\t\t\t\t\t<div class=\"elementor-column elementor-col-100 elementor-top-column elementor-element elementor-element-84af8b7\" data-id=\"84af8b7\" data-element_type=\"column\" data-e-type=\"column\">\n\t\t\t<div class=\"elementor-widget-wrap elementor-element-populated\">\n\t\t\t\t\t\t<div class=\"elementor-element elementor-element-180ae54 elementor-widget elementor-widget-shortcode\" data-id=\"180ae54\" data-element_type=\"widget\" data-e-type=\"widget\" data-widget_type=\"shortcode.default\">\n\t\t\t\t<div class=\"elementor-widget-container\">\n\t\t\t\t\t\t\t<div class=\"elementor-shortcode\"><div class=\"_df_book df-container df-loading \" id=\"df_117887\"  data-title=\"optimiza-tu-negocio-con-la-analitica-de-video-y-la-ia\" _slug=\"optimiza-tu-negocio-con-la-analitica-de-video-y-la-ia\" wpoptions=\"true\" thumbtype=\"bg\" ><\/div><script class=\"df-shortcode-script\" type=\"application\/javascript\">window.option_df_117887 = {\"outline\":[],\"forceFit\":\"true\",\"autoEnableOutline\":\"false\",\"autoEnableThumbnail\":\"false\",\"overwritePDFOutline\":\"false\",\"direction\":\"1\",\"pageSize\":\"0\",\"source\":\"https:\\\/\\\/www.een.com\\\/wp-content\\\/uploads\\\/2020\\\/11\\\/Analytics-Brochure-ES-20201123.pdf\",\"wpOptions\":\"true\"}; if(window.DFLIP && window.DFLIP.parseBooks){window.DFLIP.parseBooks();}<\/script><\/div>\n\t\t\t\t\t\t<\/div>\n\t\t\t\t<\/div>\n\t\t\t\t\t<\/div>\n\t\t<\/div>\n\t\t\t\t\t<\/div>\n\t\t<\/section>\n\t\t\t\t<\/div>\n\t\t","protected":false},"excerpt":{"rendered":"<p>Optimiza tu negocio con la anal\u00edtica de video y la IA Cuando hablamos de\u00a0anal\u00edticas de v\u00eddeo en relaci\u00f3n\u00a0a la videovigilancia, hacemos\u00a0referencia a la implementaci\u00f3n\u00a0de software y hardware para\u00a0crear sistemas m\u00e1s &hellip;<\/p>\n<p class=\"read-more\"> <a class=\"\" href=\"https:\/\/www.een.com\/es\/optimiza-tu-negocio-con-la-analitica-de-video-y-la-ia-pdf\/\"> <span class=\"screen-reader-text\">Optimiza tu negocio con la anal\u00edtica de video y la IA<\/span> Leer m\u00e1s &raquo;<\/a><\/p>\n","protected":false},"author":544,"featured_media":0,"parent":0,"menu_order":376,"comment_status":"closed","ping_status":"closed","template":"","meta":{"_acf_changed":false,"_relevanssi_hide_post":"","_relevanssi_hide_content":"","_relevanssi_pin_for_all":"","_relevanssi_pin_keywords":"","_relevanssi_unpin_keywords":"","_relevanssi_related_keywords":"","_relevanssi_related_include_ids":"","_relevanssi_related_exclude_ids":"","_relevanssi_related_no_append":"","_relevanssi_related_not_related":"","_relevanssi_related_posts":"24204,24211,24223,24230,24245,24255","_relevanssi_noindex_reason":"","footnotes":""},"class_list":["post-117888","page","type-page","status-publish","hentry"],"acf":[],"aioseo_notices":[],"_links":{"self":[{"href":"https:\/\/www.een.com\/es\/wp-json\/wp\/v2\/pages\/117888","targetHints":{"allow":["GET"]}}],"collection":[{"href":"https:\/\/www.een.com\/es\/wp-json\/wp\/v2\/pages"}],"about":[{"href":"https:\/\/www.een.com\/es\/wp-json\/wp\/v2\/types\/page"}],"author":[{"embeddable":true,"href":"https:\/\/www.een.com\/es\/wp-json\/wp\/v2\/users\/544"}],"replies":[{"embeddable":true,"href":"https:\/\/www.een.com\/es\/wp-json\/wp\/v2\/comments?post=117888"}],"version-history":[{"count":0,"href":"https:\/\/www.een.com\/es\/wp-json\/wp\/v2\/pages\/117888\/revisions"}],"wp:attachment":[{"href":"https:\/\/www.een.com\/es\/wp-json\/wp\/v2\/media?parent=117888"}],"curies":[{"name":"wp","href":"https:\/\/api.w.org\/{rel}","templated":true}]}}