{"id":106725,"date":"2020-12-16T14:18:47","date_gmt":"2020-12-16T19:18:47","guid":{"rendered":"https:\/\/www.een.com\/?page_id=106725"},"modified":"2020-12-16T14:18:47","modified_gmt":"2020-12-16T19:18:47","slug":"soporte-premium","status":"publish","type":"page","link":"https:\/\/www.een.com\/es\/soporte-premium\/","title":{"rendered":"Soporte Premium"},"content":{"rendered":"\n<p>El Soporte Premium de Eagle Eye est\u00e1 dise\u00f1ado para proveer el nivel m\u00e1s alto en soporte para ambientes de misi\u00f3n cr\u00edtica<\/p>\n\n\n<iframe class=\"wonderplugin-pdf-iframe\" src=\"https:\/\/www.een.com\/wp-content\/plugins\/wonderplugin-pdf-embed\/pdfjslight\/web\/viewer.html?v=2&externallinktarget=2&file=https:\/\/www.een.com\/wp-content\/uploads\/2020\/12\/ES-Premium-Support-20201215.pdf\" width=\"100%\" height=\"600px\" style=\"border:0;\"><\/iframe>\n","protected":false},"excerpt":{"rendered":"<p>El Soporte Premium de Eagle Eye est\u00e1 dise\u00f1ado para proveer el nivel m\u00e1s alto en soporte para ambientes de misi\u00f3n cr\u00edtica<\/p>\n","protected":false},"author":3155,"featured_media":0,"parent":0,"menu_order":476,"comment_status":"closed","ping_status":"closed","template":"","meta":{"_acf_changed":false,"_relevanssi_hide_post":"","_relevanssi_hide_content":"","_relevanssi_pin_for_all":"","_relevanssi_pin_keywords":"","_relevanssi_unpin_keywords":"","_relevanssi_related_keywords":"","_relevanssi_related_include_ids":"","_relevanssi_related_exclude_ids":"","_relevanssi_related_no_append":"","_relevanssi_related_not_related":"","_relevanssi_related_posts":"","_relevanssi_noindex_reason":"","footnotes":""},"class_list":["post-106725","page","type-page","status-publish","hentry"],"acf":[],"aioseo_notices":[],"_links":{"self":[{"href":"https:\/\/www.een.com\/es\/wp-json\/wp\/v2\/pages\/106725","targetHints":{"allow":["GET"]}}],"collection":[{"href":"https:\/\/www.een.com\/es\/wp-json\/wp\/v2\/pages"}],"about":[{"href":"https:\/\/www.een.com\/es\/wp-json\/wp\/v2\/types\/page"}],"author":[{"embeddable":true,"href":"https:\/\/www.een.com\/es\/wp-json\/wp\/v2\/users\/3155"}],"replies":[{"embeddable":true,"href":"https:\/\/www.een.com\/es\/wp-json\/wp\/v2\/comments?post=106725"}],"version-history":[{"count":0,"href":"https:\/\/www.een.com\/es\/wp-json\/wp\/v2\/pages\/106725\/revisions"}],"wp:attachment":[{"href":"https:\/\/www.een.com\/es\/wp-json\/wp\/v2\/media?parent=106725"}],"curies":[{"name":"wp","href":"https:\/\/api.w.org\/{rel}","templated":true}]}}