{"id":92305,"date":"2017-08-21T12:45:03","date_gmt":"2017-08-21T17:45:03","guid":{"rendered":"https:\/\/www.een.com\/produkt\/cloud-vms-hardware\/"},"modified":"2021-07-08T12:20:22","modified_gmt":"2021-07-08T17:20:22","slug":"cloud-vms-hardware","status":"publish","type":"page","link":"https:\/\/www.een.com\/de\/produkt\/cloud-vms-hardware\/","title":{"rendered":"Eagle Eye Cloud VMS-Ausr\u00fcstung"},"content":{"rendered":"\t\t<div data-elementor-type=\"wp-page\" data-elementor-id=\"92305\" class=\"elementor elementor-92305 elementor-92275\" data-elementor-post-type=\"page\">\n\t\t\t\t\t\t<section data-particle_enable=\"false\" data-particle-mobile-disabled=\"false\" class=\"elementor-section elementor-top-section elementor-element elementor-element-1864b62 elementor-section-boxed elementor-section-height-default elementor-section-height-default\" data-id=\"1864b62\" data-element_type=\"section\" data-e-type=\"section\">\n\t\t\t\t\t\t<div class=\"elementor-container elementor-column-gap-default\">\n\t\t\t\t\t<div class=\"elementor-column elementor-col-100 elementor-top-column elementor-element elementor-element-ba29212\" data-id=\"ba29212\" data-element_type=\"column\" data-e-type=\"column\">\n\t\t\t<div class=\"elementor-widget-wrap elementor-element-populated\">\n\t\t\t\t\t\t<div class=\"elementor-element elementor-element-12c4e76 elementor-widget elementor-widget-heading\" data-id=\"12c4e76\" data-element_type=\"widget\" data-e-type=\"widget\" data-widget_type=\"heading.default\">\n\t\t\t\t<div class=\"elementor-widget-container\">\n\t\t\t\t\t<h1 class=\"elementor-heading-title elementor-size-default\">Eagle Eye Cloud Video\u00fcberwachung Hardware<\/h1>\t\t\t\t<\/div>\n\t\t\t\t<\/div>\n\t\t\t\t<div class=\"elementor-element elementor-element-8d7bac4 elementor-widget elementor-widget-heading\" data-id=\"8d7bac4\" data-element_type=\"widget\" data-e-type=\"widget\" data-widget_type=\"heading.default\">\n\t\t\t\t<div class=\"elementor-widget-container\">\n\t\t\t\t\t<h2 class=\"elementor-heading-title elementor-size-default\">Alle Hardware Produkte von Eagle Eye Networks finden Sie hier. Egal welche Anforderungen<\/h2>\t\t\t\t<\/div>\n\t\t\t\t<\/div>\n\t\t\t\t<div class=\"elementor-element elementor-element-67af9bf elementor-widget elementor-widget-heading\" data-id=\"67af9bf\" data-element_type=\"widget\" data-e-type=\"widget\" data-widget_type=\"heading.default\">\n\t\t\t\t<div class=\"elementor-widget-container\">\n\t\t\t\t\t<h3 class=\"elementor-heading-title elementor-size-default\">Sie oder Ihre Kunden haben, wir haben die passende Hardware.<\/h3>\t\t\t\t<\/div>\n\t\t\t\t<\/div>\n\t\t\t\t<div class=\"elementor-element elementor-element-85c6a2d elementor-widget elementor-widget-text-editor\" data-id=\"85c6a2d\" data-element_type=\"widget\" data-e-type=\"widget\" data-widget_type=\"text-editor.default\">\n\t\t\t\t<div class=\"elementor-widget-container\">\n\t\t\t\t\t\t\t\t\t<p>Wir bieten komplette Video\u00fcberwachungssysteme, mit den gew\u00fcnschten Hardware Komponenten sowie mehr als 800 kompatible Kameras von verschiedenen Herstellern.<\/p>\n\t\t\t\t\t\t\t\t<\/div>\n\t\t\t\t<\/div>\n\t\t\t\t<div class=\"elementor-element elementor-element-305a2da elementor-widget elementor-widget-text-editor\" data-id=\"305a2da\" data-element_type=\"widget\" data-e-type=\"widget\" data-widget_type=\"text-editor.default\">\n\t\t\t\t<div class=\"elementor-widget-container\">\n\t\t\t\t\t\t\t\t\t<p><strong>Entdecken Sie die M\u00f6glichkeiten Ihres Videokamera\u00fcberwachungssystems.<\/strong><br \/>\nUnsere Produktlinien und L\u00f6sungen reichen von Bridges, CMVRs, verwalteten PoE-Switches, Kamera-kompatiblen bis hin zu fortschrittlichen Video\u00fcberwachungssoftwarel\u00f6sungen.<\/p>\n\t\t\t\t\t\t\t\t<\/div>\n\t\t\t\t<\/div>\n\t\t\t\t<div class=\"elementor-element elementor-element-70847b8 elementor-widget elementor-widget-button\" data-id=\"70847b8\" data-element_type=\"widget\" data-e-type=\"widget\" data-widget_type=\"button.default\">\n\t\t\t\t<div class=\"elementor-widget-container\">\n\t\t\t\t\t\t\t\t\t<div class=\"elementor-button-wrapper\">\n\t\t\t\t\t<a class=\"elementor-button elementor-button-link elementor-size-sm\" href=\"https:\/\/www.een.com\/de\/demo-anfragen\/\">\n\t\t\t\t\t\t<span class=\"elementor-button-content-wrapper\">\n\t\t\t\t\t\t\t\t\t<span class=\"elementor-button-text\">FORDERN SIE IHRE ONLINE-DEMO AN<\/span>\n\t\t\t\t\t<\/span>\n\t\t\t\t\t<\/a>\n\t\t\t\t<\/div>\n\t\t\t\t\t\t\t\t<\/div>\n\t\t\t\t<\/div>\n\t\t\t\t\t<\/div>\n\t\t<\/div>\n\t\t\t\t\t<\/div>\n\t\t<\/section>\n\t\t\t\t<section data-particle_enable=\"false\" data-particle-mobile-disabled=\"false\" class=\"elementor-section elementor-top-section elementor-element elementor-element-0989062 elementor-section-boxed elementor-section-height-default elementor-section-height-default\" data-id=\"0989062\" data-element_type=\"section\" data-e-type=\"section\">\n\t\t\t\t\t\t<div class=\"elementor-container elementor-column-gap-default\">\n\t\t\t\t\t<div class=\"elementor-column elementor-col-100 elementor-top-column elementor-element elementor-element-e6dc620\" data-id=\"e6dc620\" data-element_type=\"column\" data-e-type=\"column\">\n\t\t\t<div class=\"elementor-widget-wrap elementor-element-populated\">\n\t\t\t\t\t\t<section data-particle_enable=\"false\" data-particle-mobile-disabled=\"false\" class=\"elementor-section elementor-inner-section elementor-element elementor-element-99e4cee elementor-section-boxed elementor-section-height-default elementor-section-height-default\" data-id=\"99e4cee\" data-element_type=\"section\" data-e-type=\"section\">\n\t\t\t\t\t\t<div class=\"elementor-container elementor-column-gap-default\">\n\t\t\t\t\t<div class=\"elementor-column elementor-col-50 elementor-inner-column elementor-element elementor-element-d21a795\" data-id=\"d21a795\" data-element_type=\"column\" data-e-type=\"column\">\n\t\t\t<div class=\"elementor-widget-wrap elementor-element-populated\">\n\t\t\t\t\t\t<div class=\"elementor-element elementor-element-39640c7 elementor-widget elementor-widget-heading\" data-id=\"39640c7\" data-element_type=\"widget\" data-e-type=\"widget\" data-widget_type=\"heading.default\">\n\t\t\t\t<div class=\"elementor-widget-container\">\n\t\t\t\t\t<h3 class=\"elementor-heading-title elementor-size-default\">Eagle Eye Bridges &amp; CMVRs<\/h3>\t\t\t\t<\/div>\n\t\t\t\t<\/div>\n\t\t\t\t<div class=\"elementor-element elementor-element-abde0a8 elementor-widget elementor-widget-text-editor\" data-id=\"abde0a8\" data-element_type=\"widget\" data-e-type=\"widget\" data-widget_type=\"text-editor.default\">\n\t\t\t\t<div class=\"elementor-widget-container\">\n\t\t\t\t\t\t\t\t\t<ul>\n<li>Cloud Speicher jeglicher Aufnahmen<\/li>\n<li>Erkennung von Fehlfunktionen der Kameras<\/li>\n<li>Zwischenspeichern von Aufnahmen mit dem intelligenten Bandwidth Management<\/li>\n<li>Kameras sind an der Bridge angeschlossen um direkten Anschluss mit dem Internet zu verhindern<\/li>\n<\/ul>\n\t\t\t\t\t\t\t\t<\/div>\n\t\t\t\t<\/div>\n\t\t\t\t<div class=\"elementor-element elementor-element-5c02a99 elementor-widget elementor-widget-button\" data-id=\"5c02a99\" data-element_type=\"widget\" data-e-type=\"widget\" data-widget_type=\"button.default\">\n\t\t\t\t<div class=\"elementor-widget-container\">\n\t\t\t\t\t\t\t\t\t<div class=\"elementor-button-wrapper\">\n\t\t\t\t\t<a class=\"elementor-button elementor-button-link elementor-size-sm\" href=\"https:\/\/www.een.com\/product\/cloud-vms-tech-specs\/\">\n\t\t\t\t\t\t<span class=\"elementor-button-content-wrapper\">\n\t\t\t\t\t\t\t\t\t<span class=\"elementor-button-text\">ALLE EAGLE EYE BRIDGES &amp; CMVR\u2019S IM \u00dcBERBLICK<\/span>\n\t\t\t\t\t<\/span>\n\t\t\t\t\t<\/a>\n\t\t\t\t<\/div>\n\t\t\t\t\t\t\t\t<\/div>\n\t\t\t\t<\/div>\n\t\t\t\t<div class=\"elementor-element elementor-element-ab1e0cc elementor-widget elementor-widget-button\" data-id=\"ab1e0cc\" data-element_type=\"widget\" data-e-type=\"widget\" data-widget_type=\"button.default\">\n\t\t\t\t<div class=\"elementor-widget-container\">\n\t\t\t\t\t\t\t\t\t<div class=\"elementor-button-wrapper\">\n\t\t\t\t\t<a class=\"elementor-button elementor-button-link elementor-size-sm\" href=\"https:\/\/www.een.com\/de\/docs\/\">\n\t\t\t\t\t\t<span class=\"elementor-button-content-wrapper\">\n\t\t\t\t\t\t\t\t\t<span class=\"elementor-button-text\">DATENBLATT-DOWNLOADS<\/span>\n\t\t\t\t\t<\/span>\n\t\t\t\t\t<\/a>\n\t\t\t\t<\/div>\n\t\t\t\t\t\t\t\t<\/div>\n\t\t\t\t<\/div>\n\t\t\t\t\t<\/div>\n\t\t<\/div>\n\t\t\t\t<div class=\"elementor-column elementor-col-50 elementor-inner-column elementor-element elementor-element-d2fe353\" data-id=\"d2fe353\" data-element_type=\"column\" data-e-type=\"column\">\n\t\t\t<div class=\"elementor-widget-wrap elementor-element-populated\">\n\t\t\t\t\t\t<div class=\"elementor-element elementor-element-5e31d20 elementor-widget elementor-widget-image\" data-id=\"5e31d20\" data-element_type=\"widget\" data-e-type=\"widget\" data-widget_type=\"image.default\">\n\t\t\t\t<div class=\"elementor-widget-container\">\n\t\t\t\t\t\t\t\t\t\t\t\t\t\t\t<img fetchpriority=\"high\" decoding=\"async\" width=\"500\" height=\"178\" src=\"https:\/\/www.een.com\/wp-content\/uploads\/2016\/09\/304-301-401Stacked.png\" class=\"attachment-large size-large wp-image-29755\" alt=\"304-301-401Stacked\" srcset=\"https:\/\/www.een.com\/wp-content\/uploads\/2016\/09\/304-301-401Stacked.png 500w, https:\/\/www.een.com\/wp-content\/uploads\/2016\/09\/304-301-401Stacked-300x107.png 300w, https:\/\/www.een.com\/wp-content\/uploads\/2016\/09\/304-301-401Stacked-100x36.png 100w, https:\/\/www.een.com\/wp-content\/uploads\/2016\/09\/304-301-401Stacked-200x71.png 200w, https:\/\/www.een.com\/wp-content\/uploads\/2016\/09\/304-301-401Stacked-400x142.png 400w\" sizes=\"(max-width: 500px) 100vw, 500px\" title=\"\" \/>\t\t\t\t\t\t\t\t\t\t\t\t\t\t\t<\/div>\n\t\t\t\t<\/div>\n\t\t\t\t\t<\/div>\n\t\t<\/div>\n\t\t\t\t\t<\/div>\n\t\t<\/section>\n\t\t\t\t\t<\/div>\n\t\t<\/div>\n\t\t\t\t\t<\/div>\n\t\t<\/section>\n\t\t\t\t<section data-particle_enable=\"false\" data-particle-mobile-disabled=\"false\" class=\"elementor-section elementor-top-section elementor-element elementor-element-939d831 elementor-section-stretched elementor-section-boxed elementor-section-height-default elementor-section-height-default\" data-id=\"939d831\" data-element_type=\"section\" data-e-type=\"section\" data-settings=\"{&quot;stretch_section&quot;:&quot;section-stretched&quot;,&quot;background_background&quot;:&quot;classic&quot;}\">\n\t\t\t\t\t\t<div class=\"elementor-container elementor-column-gap-default\">\n\t\t\t\t\t<div class=\"elementor-column elementor-col-100 elementor-top-column elementor-element elementor-element-7d3ad79\" data-id=\"7d3ad79\" data-element_type=\"column\" data-e-type=\"column\">\n\t\t\t<div class=\"elementor-widget-wrap elementor-element-populated\">\n\t\t\t\t\t\t<section data-particle_enable=\"false\" data-particle-mobile-disabled=\"false\" class=\"elementor-section elementor-inner-section elementor-element elementor-element-af33028 elementor-section-boxed elementor-section-height-default elementor-section-height-default\" data-id=\"af33028\" data-element_type=\"section\" data-e-type=\"section\">\n\t\t\t\t\t\t<div class=\"elementor-container elementor-column-gap-default\">\n\t\t\t\t\t<div class=\"elementor-column elementor-col-50 elementor-inner-column elementor-element elementor-element-cf1f263\" data-id=\"cf1f263\" data-element_type=\"column\" data-e-type=\"column\">\n\t\t\t<div class=\"elementor-widget-wrap elementor-element-populated\">\n\t\t\t\t\t\t<div class=\"elementor-element elementor-element-7319ac2 elementor-widget elementor-widget-heading\" data-id=\"7319ac2\" data-element_type=\"widget\" data-e-type=\"widget\" data-widget_type=\"heading.default\">\n\t\t\t\t<div class=\"elementor-widget-container\">\n\t\t\t\t\t<h3 class=\"elementor-heading-title elementor-size-default\">Managed PoE Switches<\/h3>\t\t\t\t<\/div>\n\t\t\t\t<\/div>\n\t\t\t\t<div class=\"elementor-element elementor-element-588503c elementor-widget elementor-widget-text-editor\" data-id=\"588503c\" data-element_type=\"widget\" data-e-type=\"widget\" data-widget_type=\"text-editor.default\">\n\t\t\t\t<div class=\"elementor-widget-container\">\n\t\t\t\t\t\t\t\t\t<ul>\n<li>Schnelles Installieren, einfache Wartung &amp; Updates<\/li>\n<li>Wurde speziell f\u00fcr Die Video\u00fcberwachung hergestellt<\/li>\n<li>5,8,16 oder 24 Klasse 3 PoE Anschl\u00fcsse und 1GB Daten\u00fcbertragung<\/li>\n<li>Konfiguration \u00fcber Fernzugriff m\u00f6glich<\/li>\n<\/ul>\n\t\t\t\t\t\t\t\t<\/div>\n\t\t\t\t<\/div>\n\t\t\t\t<div class=\"elementor-element elementor-element-56b338f elementor-widget elementor-widget-button\" data-id=\"56b338f\" data-element_type=\"widget\" data-e-type=\"widget\" data-widget_type=\"button.default\">\n\t\t\t\t<div class=\"elementor-widget-container\">\n\t\t\t\t\t\t\t\t\t<div class=\"elementor-button-wrapper\">\n\t\t\t\t\t<a class=\"elementor-button elementor-button-link elementor-size-sm\" href=\"https:\/\/www.een.com\/product\/cloud-vms-tech-specs\/\">\n\t\t\t\t\t\t<span class=\"elementor-button-content-wrapper\">\n\t\t\t\t\t\t\t\t\t<span class=\"elementor-button-text\">ALLE EAGLE EYE POE SWITCHES IM \u00dcBERBLICK<\/span>\n\t\t\t\t\t<\/span>\n\t\t\t\t\t<\/a>\n\t\t\t\t<\/div>\n\t\t\t\t\t\t\t\t<\/div>\n\t\t\t\t<\/div>\n\t\t\t\t\t<\/div>\n\t\t<\/div>\n\t\t\t\t<div class=\"elementor-column elementor-col-50 elementor-inner-column elementor-element elementor-element-2aa9a7b\" data-id=\"2aa9a7b\" data-element_type=\"column\" data-e-type=\"column\">\n\t\t\t<div class=\"elementor-widget-wrap elementor-element-populated\">\n\t\t\t\t\t\t<div class=\"elementor-element elementor-element-e3741ed elementor-widget elementor-widget-image\" data-id=\"e3741ed\" data-element_type=\"widget\" data-e-type=\"widget\" data-widget_type=\"image.default\">\n\t\t\t\t<div class=\"elementor-widget-container\">\n\t\t\t\t\t\t\t\t\t\t\t\t\t\t\t<img decoding=\"async\" width=\"1024\" height=\"314\" src=\"https:\/\/www.een.com\/wp-content\/uploads\/2016\/11\/8-Port-Switch-1024x314.png\" class=\"attachment-large size-large wp-image-30270\" alt=\"Managed PoE Switches\" srcset=\"https:\/\/www.een.com\/wp-content\/uploads\/2016\/11\/8-Port-Switch-1024x314.png 1024w, https:\/\/www.een.com\/wp-content\/uploads\/2016\/11\/8-Port-Switch-300x92.png 300w, https:\/\/www.een.com\/wp-content\/uploads\/2016\/11\/8-Port-Switch-100x31.png 100w, https:\/\/www.een.com\/wp-content\/uploads\/2016\/11\/8-Port-Switch-200x61.png 200w, https:\/\/www.een.com\/wp-content\/uploads\/2016\/11\/8-Port-Switch-400x123.png 400w, https:\/\/www.een.com\/wp-content\/uploads\/2016\/11\/8-Port-Switch-600x184.png 600w, https:\/\/www.een.com\/wp-content\/uploads\/2016\/11\/8-Port-Switch-800x245.png 800w, https:\/\/www.een.com\/wp-content\/uploads\/2016\/11\/8-Port-Switch.png 1082w\" sizes=\"(max-width: 1024px) 100vw, 1024px\" title=\"\" \/>\t\t\t\t\t\t\t\t\t\t\t\t\t\t\t<\/div>\n\t\t\t\t<\/div>\n\t\t\t\t\t<\/div>\n\t\t<\/div>\n\t\t\t\t\t<\/div>\n\t\t<\/section>\n\t\t\t\t\t<\/div>\n\t\t<\/div>\n\t\t\t\t\t<\/div>\n\t\t<\/section>\n\t\t\t\t<section data-particle_enable=\"false\" data-particle-mobile-disabled=\"false\" class=\"elementor-section elementor-top-section elementor-element elementor-element-ea96bbc elementor-section-boxed elementor-section-height-default elementor-section-height-default\" data-id=\"ea96bbc\" data-element_type=\"section\" data-e-type=\"section\" data-settings=\"{&quot;background_background&quot;:&quot;classic&quot;}\">\n\t\t\t\t\t\t<div class=\"elementor-container elementor-column-gap-default\">\n\t\t\t\t\t<div class=\"elementor-column elementor-col-100 elementor-top-column elementor-element elementor-element-f5b968b\" data-id=\"f5b968b\" data-element_type=\"column\" data-e-type=\"column\">\n\t\t\t<div class=\"elementor-widget-wrap elementor-element-populated\">\n\t\t\t\t\t\t<section data-particle_enable=\"false\" data-particle-mobile-disabled=\"false\" class=\"elementor-section elementor-inner-section elementor-element elementor-element-4ea292a elementor-section-boxed elementor-section-height-default elementor-section-height-default\" data-id=\"4ea292a\" data-element_type=\"section\" data-e-type=\"section\">\n\t\t\t\t\t\t<div class=\"elementor-container elementor-column-gap-default\">\n\t\t\t\t\t<div class=\"elementor-column elementor-col-50 elementor-inner-column elementor-element elementor-element-cffdd4a\" data-id=\"cffdd4a\" data-element_type=\"column\" data-e-type=\"column\">\n\t\t\t<div class=\"elementor-widget-wrap elementor-element-populated\">\n\t\t\t\t\t\t<div class=\"elementor-element elementor-element-43ec668 elementor-widget elementor-widget-heading\" data-id=\"43ec668\" data-element_type=\"widget\" data-e-type=\"widget\" data-widget_type=\"heading.default\">\n\t\t\t\t<div class=\"elementor-widget-container\">\n\t\t\t\t\t<h3 class=\"elementor-heading-title elementor-size-default\">Kompatible Kameras<\/h3>\t\t\t\t<\/div>\n\t\t\t\t<\/div>\n\t\t\t\t<div class=\"elementor-element elementor-element-7b6c99e elementor-widget elementor-widget-text-editor\" data-id=\"7b6c99e\" data-element_type=\"widget\" data-e-type=\"widget\" data-widget_type=\"text-editor.default\">\n\t\t\t\t<div class=\"elementor-widget-container\">\n\t\t\t\t\t\t\t\t\t<ul>\n<li>Grosse Auswahl an Kameras die kompatibel mit dem Eagle Eye Cloud VMS sind<\/li>\n<li>Gepr\u00fcft und Zertifiziert<\/li>\n<li>\u00dcber 800 IP Kameras von verschiedenen Herstellern<\/li>\n<li>\u00dcber 1000 analoge Kameras von verschiedenen Herstellern<\/li>\n<\/ul>\n\t\t\t\t\t\t\t\t<\/div>\n\t\t\t\t<\/div>\n\t\t\t\t<div class=\"elementor-element elementor-element-723d089 elementor-widget elementor-widget-button\" data-id=\"723d089\" data-element_type=\"widget\" data-e-type=\"widget\" data-widget_type=\"button.default\">\n\t\t\t\t<div class=\"elementor-widget-container\">\n\t\t\t\t\t\t\t\t\t<div class=\"elementor-button-wrapper\">\n\t\t\t\t\t<a class=\"elementor-button elementor-button-link elementor-size-sm\" href=\"https:\/\/www.een.com\/de\/unterstuetzung\/kamera-kompatibilitaet-digital-ip\/\">\n\t\t\t\t\t\t<span class=\"elementor-button-content-wrapper\">\n\t\t\t\t\t\t\t\t\t<span class=\"elementor-button-text\">ALLE KOMPATIBLEN KAMERAS IM \u00dcBERBLICK<\/span>\n\t\t\t\t\t<\/span>\n\t\t\t\t\t<\/a>\n\t\t\t\t<\/div>\n\t\t\t\t\t\t\t\t<\/div>\n\t\t\t\t<\/div>\n\t\t\t\t\t<\/div>\n\t\t<\/div>\n\t\t\t\t<div class=\"elementor-column elementor-col-50 elementor-inner-column elementor-element elementor-element-a781415\" data-id=\"a781415\" data-element_type=\"column\" data-e-type=\"column\">\n\t\t\t<div class=\"elementor-widget-wrap elementor-element-populated\">\n\t\t\t\t\t\t<div class=\"elementor-element elementor-element-23c6bbe elementor-widget elementor-widget-image\" data-id=\"23c6bbe\" data-element_type=\"widget\" data-e-type=\"widget\" data-widget_type=\"image.default\">\n\t\t\t\t<div class=\"elementor-widget-container\">\n\t\t\t\t\t\t\t\t\t\t\t\t\t\t\t<img decoding=\"async\" width=\"373\" height=\"204\" src=\"https:\/\/www.een.com\/wp-content\/uploads\/2017\/08\/CCTV-Brands.png\" class=\"attachment-large size-large wp-image-34096\" alt=\"Kompatible Kameras\" srcset=\"https:\/\/www.een.com\/wp-content\/uploads\/2017\/08\/CCTV-Brands.png 373w, https:\/\/www.een.com\/wp-content\/uploads\/2017\/08\/CCTV-Brands-300x164.png 300w, https:\/\/www.een.com\/wp-content\/uploads\/2017\/08\/CCTV-Brands-100x55.png 100w, https:\/\/www.een.com\/wp-content\/uploads\/2017\/08\/CCTV-Brands-200x109.png 200w\" sizes=\"(max-width: 373px) 100vw, 373px\" title=\"\" \/>\t\t\t\t\t\t\t\t\t\t\t\t\t\t\t<\/div>\n\t\t\t\t<\/div>\n\t\t\t\t\t<\/div>\n\t\t<\/div>\n\t\t\t\t\t<\/div>\n\t\t<\/section>\n\t\t\t\t\t<\/div>\n\t\t<\/div>\n\t\t\t\t\t<\/div>\n\t\t<\/section>\n\t\t\t\t<section data-particle_enable=\"false\" data-particle-mobile-disabled=\"false\" class=\"elementor-section elementor-top-section elementor-element elementor-element-9cd3af0 elementor-section-boxed elementor-section-height-default elementor-section-height-default\" data-id=\"9cd3af0\" data-element_type=\"section\" data-e-type=\"section\" data-settings=\"{&quot;background_background&quot;:&quot;classic&quot;}\">\n\t\t\t\t\t\t<div class=\"elementor-container elementor-column-gap-default\">\n\t\t\t\t\t<div class=\"elementor-column elementor-col-100 elementor-top-column elementor-element elementor-element-ee52542\" data-id=\"ee52542\" data-element_type=\"column\" data-e-type=\"column\">\n\t\t\t<div class=\"elementor-widget-wrap elementor-element-populated\">\n\t\t\t\t\t\t<div class=\"elementor-element elementor-element-a7d45a1 elementor-align-center elementor-widget elementor-widget-button\" data-id=\"a7d45a1\" data-element_type=\"widget\" data-e-type=\"widget\" data-widget_type=\"button.default\">\n\t\t\t\t<div class=\"elementor-widget-container\">\n\t\t\t\t\t\t\t\t\t<div class=\"elementor-button-wrapper\">\n\t\t\t\t\t<a class=\"elementor-button elementor-button-link elementor-size-sm\" href=\"https:\/\/www.een.com\/de\/produkt\/cloud-vms-abonnements\/\">\n\t\t\t\t\t\t<span class=\"elementor-button-content-wrapper\">\n\t\t\t\t\t\t\t\t\t<span class=\"elementor-button-text\">ERFAHRE MEHR: EAGLE EYE CLOUD VMS ABONNEMENTS<\/span>\n\t\t\t\t\t<\/span>\n\t\t\t\t\t<\/a>\n\t\t\t\t<\/div>\n\t\t\t\t\t\t\t\t<\/div>\n\t\t\t\t<\/div>\n\t\t\t\t\t<\/div>\n\t\t<\/div>\n\t\t\t\t\t<\/div>\n\t\t<\/section>\n\t\t\t\t<\/div>\n\t\t","protected":false},"excerpt":{"rendered":"<p>Eagle Eye Cloud Video\u00fcberwachung Hardware Alle Hardware Produkte von Eagle Eye Networks finden Sie hier. Egal welche Anforderungen Sie oder Ihre Kunden haben, wir haben die passende Hardware. Wir bieten &hellip;<\/p>\n<p class=\"read-more\"> <a class=\"\" href=\"https:\/\/www.een.com\/de\/produkt\/cloud-vms-hardware\/\"> <span class=\"screen-reader-text\">Eagle Eye Cloud VMS-Ausr\u00fcstung<\/span> Weiterlesen &raquo;<\/a><\/p>\n","protected":false},"author":544,"featured_media":0,"parent":91108,"menu_order":944,"comment_status":"closed","ping_status":"closed","template":"elementor_header_footer","meta":{"_acf_changed":false,"_relevanssi_hide_post":"","_relevanssi_hide_content":"","_relevanssi_pin_for_all":"","_relevanssi_pin_keywords":"","_relevanssi_unpin_keywords":"","_relevanssi_related_keywords":"","_relevanssi_related_include_ids":"","_relevanssi_related_exclude_ids":"","_relevanssi_related_no_append":"","_relevanssi_related_not_related":"","_relevanssi_related_posts":"42771,86441,42742,58498,102877,65072","_relevanssi_noindex_reason":"","footnotes":""},"class_list":["post-92305","page","type-page","status-publish","hentry"],"acf":[],"aioseo_notices":[],"_links":{"self":[{"href":"https:\/\/www.een.com\/de\/wp-json\/wp\/v2\/pages\/92305","targetHints":{"allow":["GET"]}}],"collection":[{"href":"https:\/\/www.een.com\/de\/wp-json\/wp\/v2\/pages"}],"about":[{"href":"https:\/\/www.een.com\/de\/wp-json\/wp\/v2\/types\/page"}],"author":[{"embeddable":true,"href":"https:\/\/www.een.com\/de\/wp-json\/wp\/v2\/users\/544"}],"replies":[{"embeddable":true,"href":"https:\/\/www.een.com\/de\/wp-json\/wp\/v2\/comments?post=92305"}],"version-history":[{"count":0,"href":"https:\/\/www.een.com\/de\/wp-json\/wp\/v2\/pages\/92305\/revisions"}],"up":[{"embeddable":true,"href":"https:\/\/www.een.com\/de\/wp-json\/wp\/v2\/pages\/91108"}],"wp:attachment":[{"href":"https:\/\/www.een.com\/de\/wp-json\/wp\/v2\/media?parent=92305"}],"curies":[{"name":"wp","href":"https:\/\/api.w.org\/{rel}","templated":true}]}}