{"id":92290,"date":"2016-11-29T13:05:48","date_gmt":"2016-11-29T18:05:48","guid":{"rendered":"https:\/\/www.een.com\/produkt\/managed-poe-switches\/"},"modified":"2021-03-01T16:10:59","modified_gmt":"2021-03-01T21:10:59","slug":"managed-poe-switches","status":"publish","type":"page","link":"https:\/\/www.een.com\/de\/produkt\/managed-poe-switches\/","title":{"rendered":"Verwalteten PoE Switches"},"content":{"rendered":"\t\t<div data-elementor-type=\"wp-page\" data-elementor-id=\"92290\" class=\"elementor elementor-92290 elementor-92284\" data-elementor-post-type=\"page\">\n\t\t\t\t\t\t<section data-particle_enable=\"false\" data-particle-mobile-disabled=\"false\" class=\"elementor-section elementor-top-section elementor-element elementor-element-f087440 elementor-section-boxed elementor-section-height-default elementor-section-height-default\" data-id=\"f087440\" data-element_type=\"section\" data-e-type=\"section\">\n\t\t\t\t\t\t<div class=\"elementor-container elementor-column-gap-default\">\n\t\t\t\t\t<div class=\"elementor-column elementor-col-100 elementor-top-column elementor-element elementor-element-72590ee\" data-id=\"72590ee\" data-element_type=\"column\" data-e-type=\"column\">\n\t\t\t<div class=\"elementor-widget-wrap elementor-element-populated\">\n\t\t\t\t\t\t<div class=\"elementor-element elementor-element-22ffc54 elementor-widget elementor-widget-heading\" data-id=\"22ffc54\" data-element_type=\"widget\" data-e-type=\"widget\" data-widget_type=\"heading.default\">\n\t\t\t\t<div class=\"elementor-widget-container\">\n\t\t\t\t\t<h1 class=\"elementor-heading-title elementor-size-default\">Eagle Eye Managed PoE Switches<\/h1>\t\t\t\t<\/div>\n\t\t\t\t<\/div>\n\t\t\t\t<div class=\"elementor-element elementor-element-1aa81e9 elementor-widget elementor-widget-heading\" data-id=\"1aa81e9\" data-element_type=\"widget\" data-e-type=\"widget\" data-widget_type=\"heading.default\">\n\t\t\t\t<div class=\"elementor-widget-container\">\n\t\t\t\t\t<h2 class=\"elementor-heading-title elementor-size-default\">Eagle Eye PoE Switches wurden f\u00fcr den t\u00e4glichen Gebrauch in der Eagle Eye Cloud VMS hergestellt und sind nathlos miteinander integriert.<\/h2>\t\t\t\t<\/div>\n\t\t\t\t<\/div>\n\t\t\t\t<div class=\"elementor-element elementor-element-d62f89d elementor-widget elementor-widget-text-editor\" data-id=\"d62f89d\" data-element_type=\"widget\" data-e-type=\"widget\" data-widget_type=\"text-editor.default\">\n\t\t\t\t<div class=\"elementor-widget-container\">\n\t\t\t\t\t\t\t\t\t<p><strong>Schnellere Installationen<\/strong><br \/>\nMit Eagle Eye verwalteten Switches erhalten Sie schnellere Installationen, einfachere Wartung und Upgrades, weniger Serviceanrufe und eine bessere \u00dcbersicht \u00fcber Ihren Kamerabetrieb.<\/p>\n\t\t\t\t\t\t\t\t<\/div>\n\t\t\t\t<\/div>\n\t\t\t\t<div class=\"elementor-element elementor-element-13f1d2f elementor-widget elementor-widget-text-editor\" data-id=\"13f1d2f\" data-element_type=\"widget\" data-e-type=\"widget\" data-widget_type=\"text-editor.default\">\n\t\t\t\t<div class=\"elementor-widget-container\">\n\t\t\t\t\t\t\t\t\t<p><strong>Entwickelt f\u00fcr Video<\/strong><br \/>\nDie von Eagle Eye verwalteten Switches wurden speziell f\u00fcr die Video\u00fcberwachung entwickelt. Die Modelle verf\u00fcgen \u00fcber 5, 8, 16 oder 24 PoE-Ports der Klasse 3 und einen oder zwei 1-GB-Uplinks (RJ45 \/ SFP und SFP). Jedes Chassis ist eine robuste Stahlkonstruktion. Diese Switches m\u00fcssen nicht konfiguriert werden &#8211; sie funktionieren sofort.<\/p>\n\t\t\t\t\t\t\t\t<\/div>\n\t\t\t\t<\/div>\n\t\t\t\t<div class=\"elementor-element elementor-element-bc7efce elementor-widget elementor-widget-text-editor\" data-id=\"bc7efce\" data-element_type=\"widget\" data-e-type=\"widget\" data-widget_type=\"text-editor.default\">\n\t\t\t\t<div class=\"elementor-widget-container\">\n\t\t\t\t\t\t\t\t\t<p><strong>Remote-Konfiguration<\/strong><br \/>\nDie von Eagle Eye verwalteten Switches bieten Verwaltbarkeit und mehr Funktionen und erm\u00f6glichen die Remote-Konfiguration und -Verwaltung. Autorisierte Benutzer k\u00f6nnen eine einzelne PoE-Kamera oder den gesamten Switch aus der Ferne aus- und wieder einschalten, sodass kein Servicepersonal zum Neustart oder Neustart der Kameras entsandt werden muss.<\/p>\n\t\t\t\t\t\t\t\t<\/div>\n\t\t\t\t<\/div>\n\t\t\t\t\t<\/div>\n\t\t<\/div>\n\t\t\t\t\t<\/div>\n\t\t<\/section>\n\t\t\t\t<section data-particle_enable=\"false\" data-particle-mobile-disabled=\"false\" class=\"elementor-section elementor-top-section elementor-element elementor-element-dd7ee8e elementor-section-stretched elementor-section-boxed elementor-section-height-default elementor-section-height-default\" data-id=\"dd7ee8e\" data-element_type=\"section\" data-e-type=\"section\" data-settings=\"{&quot;stretch_section&quot;:&quot;section-stretched&quot;,&quot;background_background&quot;:&quot;classic&quot;}\">\n\t\t\t\t\t\t<div class=\"elementor-container elementor-column-gap-default\">\n\t\t\t\t\t<div class=\"elementor-column elementor-col-100 elementor-top-column elementor-element elementor-element-c76f5a1\" data-id=\"c76f5a1\" data-element_type=\"column\" data-e-type=\"column\">\n\t\t\t<div class=\"elementor-widget-wrap elementor-element-populated\">\n\t\t\t\t\t\t<section data-particle_enable=\"false\" data-particle-mobile-disabled=\"false\" class=\"elementor-section elementor-inner-section elementor-element elementor-element-989c710 elementor-section-boxed elementor-section-height-default elementor-section-height-default\" data-id=\"989c710\" data-element_type=\"section\" data-e-type=\"section\">\n\t\t\t\t\t\t<div class=\"elementor-container elementor-column-gap-default\">\n\t\t\t\t\t<div class=\"elementor-column elementor-col-50 elementor-inner-column elementor-element elementor-element-db17710\" data-id=\"db17710\" data-element_type=\"column\" data-e-type=\"column\">\n\t\t\t<div class=\"elementor-widget-wrap elementor-element-populated\">\n\t\t\t\t\t\t<div class=\"elementor-element elementor-element-0d1147e elementor-widget elementor-widget-image\" data-id=\"0d1147e\" data-element_type=\"widget\" data-e-type=\"widget\" data-widget_type=\"image.default\">\n\t\t\t\t<div class=\"elementor-widget-container\">\n\t\t\t\t\t\t\t\t\t\t\t\t\t\t\t<img fetchpriority=\"high\" decoding=\"async\" width=\"1024\" height=\"407\" src=\"https:\/\/www.een.com\/wp-content\/uploads\/2016\/11\/5-Port-Managed-PoE-1024x407.png\" class=\"attachment-large size-large wp-image-35002\" alt=\"PoE Switch mit 5 Anschl\u00fcssen\" srcset=\"https:\/\/www.een.com\/wp-content\/uploads\/2016\/11\/5-Port-Managed-PoE-1024x407.png 1024w, https:\/\/www.een.com\/wp-content\/uploads\/2016\/11\/5-Port-Managed-PoE-300x119.png 300w, https:\/\/www.een.com\/wp-content\/uploads\/2016\/11\/5-Port-Managed-PoE-100x40.png 100w, https:\/\/www.een.com\/wp-content\/uploads\/2016\/11\/5-Port-Managed-PoE-200x80.png 200w, https:\/\/www.een.com\/wp-content\/uploads\/2016\/11\/5-Port-Managed-PoE-400x159.png 400w, https:\/\/www.een.com\/wp-content\/uploads\/2016\/11\/5-Port-Managed-PoE-600x239.png 600w, https:\/\/www.een.com\/wp-content\/uploads\/2016\/11\/5-Port-Managed-PoE-800x318.png 800w, https:\/\/www.een.com\/wp-content\/uploads\/2016\/11\/5-Port-Managed-PoE-1200x478.png 1200w, https:\/\/www.een.com\/wp-content\/uploads\/2016\/11\/5-Port-Managed-PoE.png 1847w\" sizes=\"(max-width: 1024px) 100vw, 1024px\" \/>\t\t\t\t\t\t\t\t\t\t\t\t\t\t\t<\/div>\n\t\t\t\t<\/div>\n\t\t\t\t\t<\/div>\n\t\t<\/div>\n\t\t\t\t<div class=\"elementor-column elementor-col-50 elementor-inner-column elementor-element elementor-element-d95b4b3\" data-id=\"d95b4b3\" data-element_type=\"column\" data-e-type=\"column\">\n\t\t\t<div class=\"elementor-widget-wrap elementor-element-populated\">\n\t\t\t\t\t\t<div class=\"elementor-element elementor-element-2620864 elementor-widget elementor-widget-heading\" data-id=\"2620864\" data-element_type=\"widget\" data-e-type=\"widget\" data-widget_type=\"heading.default\">\n\t\t\t\t<div class=\"elementor-widget-container\">\n\t\t\t\t\t<h3 class=\"elementor-heading-title elementor-size-default\">PoE Switch mit 5 Anschl\u00fcssen<\/h3>\t\t\t\t<\/div>\n\t\t\t\t<\/div>\n\t\t\t\t<div class=\"elementor-element elementor-element-5984175 elementor-widget elementor-widget-html\" data-id=\"5984175\" data-element_type=\"widget\" data-e-type=\"widget\" data-widget_type=\"html.default\">\n\t\t\t\t<div class=\"elementor-widget-container\">\n\t\t\t\t\t<div class=\"table-cameras\"><table width=\"90%\"><thead><tr><th align=\"left\">Modell<\/th><th align=\"left\">05m<\/th><\/tr><\/thead><tbody><tr><td># der Anschl\u00fcsse<\/td><td>5 Anschl\u00fcsse (4 PoE, 1 Uplink)<\/td><\/tr><tr><td>Stromversorgung<\/td><td>Extern<\/td><\/tr><tr><td>Strombereich<\/td><td>AC100-240V<\/td><\/tr><tr><td>Verbrauch<\/td><td>60W<\/td><\/tr><tr><td>Schnelligkeit<\/td><td>10\/100Mbps + 1 Uplink<\/td><\/tr><tr><td>Gr\u00f6sse L*W*H<\/td><td>119*85*28mm<\/td><\/tr><tr><td>Idealler Temperaturbereich<\/td><td>-10 to 55\u00b0 C<\/td><\/tr><tr><td>Idealler Temperaturbereich<\/td><td>0 \u2013 85%<\/td><\/tr><tr><td>Artikelnummer<\/td><td>EN-SW05m-001<\/td><\/tr><\/tbody><\/table><\/div>\t\t\t\t<\/div>\n\t\t\t\t<\/div>\n\t\t\t\t\t<\/div>\n\t\t<\/div>\n\t\t\t\t\t<\/div>\n\t\t<\/section>\n\t\t\t\t\t<\/div>\n\t\t<\/div>\n\t\t\t\t\t<\/div>\n\t\t<\/section>\n\t\t\t\t<section data-particle_enable=\"false\" data-particle-mobile-disabled=\"false\" class=\"elementor-section elementor-top-section elementor-element elementor-element-72c3775 elementor-section-boxed elementor-section-height-default elementor-section-height-default\" data-id=\"72c3775\" data-element_type=\"section\" data-e-type=\"section\">\n\t\t\t\t\t\t<div class=\"elementor-container elementor-column-gap-default\">\n\t\t\t\t\t<div class=\"elementor-column elementor-col-100 elementor-top-column elementor-element elementor-element-bcb1ad5\" data-id=\"bcb1ad5\" data-element_type=\"column\" data-e-type=\"column\">\n\t\t\t<div class=\"elementor-widget-wrap elementor-element-populated\">\n\t\t\t\t\t\t<section data-particle_enable=\"false\" data-particle-mobile-disabled=\"false\" class=\"elementor-section elementor-inner-section elementor-element elementor-element-f6b4447 elementor-section-boxed elementor-section-height-default elementor-section-height-default\" data-id=\"f6b4447\" data-element_type=\"section\" data-e-type=\"section\">\n\t\t\t\t\t\t<div class=\"elementor-container elementor-column-gap-default\">\n\t\t\t\t\t<div class=\"elementor-column elementor-col-50 elementor-inner-column elementor-element elementor-element-36446af\" data-id=\"36446af\" data-element_type=\"column\" data-e-type=\"column\">\n\t\t\t<div class=\"elementor-widget-wrap elementor-element-populated\">\n\t\t\t\t\t\t<div class=\"elementor-element elementor-element-4016230 elementor-widget elementor-widget-heading\" data-id=\"4016230\" data-element_type=\"widget\" data-e-type=\"widget\" data-widget_type=\"heading.default\">\n\t\t\t\t<div class=\"elementor-widget-container\">\n\t\t\t\t\t<h3 class=\"elementor-heading-title elementor-size-default\">PoE Switch mit 8 Anschl\u00fcssen<\/h3>\t\t\t\t<\/div>\n\t\t\t\t<\/div>\n\t\t\t\t<div class=\"elementor-element elementor-element-a0fa0da elementor-widget elementor-widget-html\" data-id=\"a0fa0da\" data-element_type=\"widget\" data-e-type=\"widget\" data-widget_type=\"html.default\">\n\t\t\t\t<div class=\"elementor-widget-container\">\n\t\t\t\t\t<div class=\"table-cameras\"><table width=\"90%\"><thead><tr><th align=\"left\">Modell<\/th><th align=\"left\">10m<\/th><\/tr><\/thead><tbody><tr><td># der Anschl\u00fcsse<\/td><td>10 Anschl\u00fcsse (8 PoE, 2 Uplink)<\/td><\/tr><tr><td>Stromversorgung<\/td><td>Extern<\/td><\/tr><tr><td>Strombereich<\/td><td>AC100-240V<\/td><\/tr><tr><td>Verbrauch<\/td><td>125W<\/td><\/tr><tr><td>Schnelligkeit<\/td><td>10\/100Mbps + 1 Gig Combo + 1 Gig SFP Uplink<\/td><\/tr><tr><td>Gr\u00f6sse L*W*H<\/td><td>218*107*29mm<\/td><\/tr><tr><td>Idealler Temperaturbereich<\/td><td>0 to 40\u00b0 C<\/td><\/tr><tr><td>Idealler Luftfeuchtigkeitsbereich<\/td><td>0 \u2013 85%<\/td><\/tr><tr><td>Artikelnummer<\/td><td>EN-SW10m-001<\/td><\/tr><\/tbody><\/table><\/div>\t\t\t\t<\/div>\n\t\t\t\t<\/div>\n\t\t\t\t\t<\/div>\n\t\t<\/div>\n\t\t\t\t<div class=\"elementor-column elementor-col-50 elementor-inner-column elementor-element elementor-element-5aefb17\" data-id=\"5aefb17\" data-element_type=\"column\" data-e-type=\"column\">\n\t\t\t<div class=\"elementor-widget-wrap elementor-element-populated\">\n\t\t\t\t\t\t<div class=\"elementor-element elementor-element-db82964 elementor-widget elementor-widget-image\" data-id=\"db82964\" data-element_type=\"widget\" data-e-type=\"widget\" data-widget_type=\"image.default\">\n\t\t\t\t<div class=\"elementor-widget-container\">\n\t\t\t\t\t\t\t\t\t\t\t\t\t\t\t<img decoding=\"async\" width=\"1024\" height=\"314\" src=\"https:\/\/www.een.com\/wp-content\/uploads\/2016\/11\/8-Port-Switch-1024x314.png\" class=\"attachment-large size-large wp-image-30270\" alt=\"Managed PoE Switches\" srcset=\"https:\/\/www.een.com\/wp-content\/uploads\/2016\/11\/8-Port-Switch-1024x314.png 1024w, https:\/\/www.een.com\/wp-content\/uploads\/2016\/11\/8-Port-Switch-300x92.png 300w, https:\/\/www.een.com\/wp-content\/uploads\/2016\/11\/8-Port-Switch-100x31.png 100w, https:\/\/www.een.com\/wp-content\/uploads\/2016\/11\/8-Port-Switch-200x61.png 200w, https:\/\/www.een.com\/wp-content\/uploads\/2016\/11\/8-Port-Switch-400x123.png 400w, https:\/\/www.een.com\/wp-content\/uploads\/2016\/11\/8-Port-Switch-600x184.png 600w, https:\/\/www.een.com\/wp-content\/uploads\/2016\/11\/8-Port-Switch-800x245.png 800w, https:\/\/www.een.com\/wp-content\/uploads\/2016\/11\/8-Port-Switch.png 1082w\" sizes=\"(max-width: 1024px) 100vw, 1024px\" \/>\t\t\t\t\t\t\t\t\t\t\t\t\t\t\t<\/div>\n\t\t\t\t<\/div>\n\t\t\t\t\t<\/div>\n\t\t<\/div>\n\t\t\t\t\t<\/div>\n\t\t<\/section>\n\t\t\t\t\t<\/div>\n\t\t<\/div>\n\t\t\t\t\t<\/div>\n\t\t<\/section>\n\t\t\t\t<section data-particle_enable=\"false\" data-particle-mobile-disabled=\"false\" class=\"elementor-section elementor-top-section elementor-element elementor-element-ad59749 elementor-section-stretched elementor-section-boxed elementor-section-height-default elementor-section-height-default\" data-id=\"ad59749\" data-element_type=\"section\" data-e-type=\"section\" data-settings=\"{&quot;stretch_section&quot;:&quot;section-stretched&quot;,&quot;background_background&quot;:&quot;classic&quot;}\">\n\t\t\t\t\t\t<div class=\"elementor-container elementor-column-gap-default\">\n\t\t\t\t\t<div class=\"elementor-column elementor-col-100 elementor-top-column elementor-element elementor-element-fe74260\" data-id=\"fe74260\" data-element_type=\"column\" data-e-type=\"column\">\n\t\t\t<div class=\"elementor-widget-wrap elementor-element-populated\">\n\t\t\t\t\t\t<section data-particle_enable=\"false\" data-particle-mobile-disabled=\"false\" class=\"elementor-section elementor-inner-section elementor-element elementor-element-2ff51ef elementor-section-boxed elementor-section-height-default elementor-section-height-default\" data-id=\"2ff51ef\" data-element_type=\"section\" data-e-type=\"section\">\n\t\t\t\t\t\t<div class=\"elementor-container elementor-column-gap-default\">\n\t\t\t\t\t<div class=\"elementor-column elementor-col-50 elementor-inner-column elementor-element elementor-element-d5ca802\" data-id=\"d5ca802\" data-element_type=\"column\" data-e-type=\"column\">\n\t\t\t<div class=\"elementor-widget-wrap elementor-element-populated\">\n\t\t\t\t\t\t<div class=\"elementor-element elementor-element-eb6ef9a elementor-widget elementor-widget-image\" data-id=\"eb6ef9a\" data-element_type=\"widget\" data-e-type=\"widget\" data-widget_type=\"image.default\">\n\t\t\t\t<div class=\"elementor-widget-container\">\n\t\t\t\t\t\t\t\t\t\t\t\t\t\t\t<img decoding=\"async\" width=\"1024\" height=\"333\" src=\"https:\/\/www.een.com\/wp-content\/uploads\/2016\/11\/16-Port-Switch-1024x333a-1024x333.png\" class=\"attachment-large size-large wp-image-30294\" alt=\"PoE Switch mit 16 Anschl\u00fcssen\" srcset=\"https:\/\/www.een.com\/wp-content\/uploads\/2016\/11\/16-Port-Switch-1024x333a.png 1024w, https:\/\/www.een.com\/wp-content\/uploads\/2016\/11\/16-Port-Switch-1024x333a-300x98.png 300w, https:\/\/www.een.com\/wp-content\/uploads\/2016\/11\/16-Port-Switch-1024x333a-100x33.png 100w, https:\/\/www.een.com\/wp-content\/uploads\/2016\/11\/16-Port-Switch-1024x333a-200x65.png 200w, https:\/\/www.een.com\/wp-content\/uploads\/2016\/11\/16-Port-Switch-1024x333a-400x130.png 400w, https:\/\/www.een.com\/wp-content\/uploads\/2016\/11\/16-Port-Switch-1024x333a-600x195.png 600w, https:\/\/www.een.com\/wp-content\/uploads\/2016\/11\/16-Port-Switch-1024x333a-800x260.png 800w\" sizes=\"(max-width: 1024px) 100vw, 1024px\" \/>\t\t\t\t\t\t\t\t\t\t\t\t\t\t\t<\/div>\n\t\t\t\t<\/div>\n\t\t\t\t\t<\/div>\n\t\t<\/div>\n\t\t\t\t<div class=\"elementor-column elementor-col-50 elementor-inner-column elementor-element elementor-element-352da3c\" data-id=\"352da3c\" data-element_type=\"column\" data-e-type=\"column\">\n\t\t\t<div class=\"elementor-widget-wrap elementor-element-populated\">\n\t\t\t\t\t\t<div class=\"elementor-element elementor-element-2d9c066 elementor-widget elementor-widget-heading\" data-id=\"2d9c066\" data-element_type=\"widget\" data-e-type=\"widget\" data-widget_type=\"heading.default\">\n\t\t\t\t<div class=\"elementor-widget-container\">\n\t\t\t\t\t<h3 class=\"elementor-heading-title elementor-size-default\">PoE Switch mit 16 Anschl\u00fcssen<\/h3>\t\t\t\t<\/div>\n\t\t\t\t<\/div>\n\t\t\t\t<div class=\"elementor-element elementor-element-eb7c51e elementor-widget elementor-widget-html\" data-id=\"eb7c51e\" data-element_type=\"widget\" data-e-type=\"widget\" data-widget_type=\"html.default\">\n\t\t\t\t<div class=\"elementor-widget-container\">\n\t\t\t\t\t<div class=\"table-cameras\"><table width=\"90%\"><thead><tr><th align=\"left\">Modell<\/th><th align=\"left\">18m<\/th><\/tr><\/thead><tbody><tr><td># der Anschl\u00fcsse<\/td><td>18 Anschl\u00fcsse (16 PoE, 2 Uplink)<\/td><\/tr><tr><td>Stromversorgung<\/td><td>Built-in Stromversorgung<\/td><\/tr><tr><td>Strombereich<\/td><td>AC100-240V<\/td><\/tr><tr><td>Verbrauch<\/td><td>250W<\/td><\/tr><tr><td>Schnelligkeit<\/td><td>10\/100Mbps + 2&nbsp;Gig Combo Uplink<\/td><\/tr><tr><td>Gr\u00f6sse L*W*H<\/td><td>440*200*44mm<\/td><\/tr><tr><td>Idealler Temperaturbereich<\/td><td>0 to 40\u00b0 C<\/td><\/tr><tr><td>Idealler Luftfeuchtigkeitsbereich<\/td><td>0 \u2013 85%<\/td><\/tr><tr><td>Artikelnummer<\/td><td>EN-SW18m-001<\/td><\/tr><\/tbody><\/table><\/div>\t\t\t\t<\/div>\n\t\t\t\t<\/div>\n\t\t\t\t\t<\/div>\n\t\t<\/div>\n\t\t\t\t\t<\/div>\n\t\t<\/section>\n\t\t\t\t\t<\/div>\n\t\t<\/div>\n\t\t\t\t\t<\/div>\n\t\t<\/section>\n\t\t\t\t<section data-particle_enable=\"false\" data-particle-mobile-disabled=\"false\" class=\"elementor-section elementor-top-section elementor-element elementor-element-cc589bb elementor-section-boxed elementor-section-height-default elementor-section-height-default\" data-id=\"cc589bb\" data-element_type=\"section\" data-e-type=\"section\">\n\t\t\t\t\t\t<div class=\"elementor-container elementor-column-gap-default\">\n\t\t\t\t\t<div class=\"elementor-column elementor-col-100 elementor-top-column elementor-element elementor-element-513139a\" data-id=\"513139a\" data-element_type=\"column\" data-e-type=\"column\">\n\t\t\t<div class=\"elementor-widget-wrap elementor-element-populated\">\n\t\t\t\t\t\t<section data-particle_enable=\"false\" data-particle-mobile-disabled=\"false\" class=\"elementor-section elementor-inner-section elementor-element elementor-element-79b343c elementor-section-boxed elementor-section-height-default elementor-section-height-default\" data-id=\"79b343c\" data-element_type=\"section\" data-e-type=\"section\">\n\t\t\t\t\t\t<div class=\"elementor-container elementor-column-gap-default\">\n\t\t\t\t\t<div class=\"elementor-column elementor-col-50 elementor-inner-column elementor-element elementor-element-33a210f\" data-id=\"33a210f\" data-element_type=\"column\" data-e-type=\"column\">\n\t\t\t<div class=\"elementor-widget-wrap elementor-element-populated\">\n\t\t\t\t\t\t<div class=\"elementor-element elementor-element-f4fddc6 elementor-widget elementor-widget-heading\" data-id=\"f4fddc6\" data-element_type=\"widget\" data-e-type=\"widget\" data-widget_type=\"heading.default\">\n\t\t\t\t<div class=\"elementor-widget-container\">\n\t\t\t\t\t<h3 class=\"elementor-heading-title elementor-size-default\">PoE Switch mit 24 Anschl\u00fcssen<\/h3>\t\t\t\t<\/div>\n\t\t\t\t<\/div>\n\t\t\t\t<div class=\"elementor-element elementor-element-b65ce2e elementor-widget elementor-widget-html\" data-id=\"b65ce2e\" data-element_type=\"widget\" data-e-type=\"widget\" data-widget_type=\"html.default\">\n\t\t\t\t<div class=\"elementor-widget-container\">\n\t\t\t\t\t<div class=\"table-cameras\"><table width=\"90%\"><thead><tr><th align=\"left\">Modell<\/th><th align=\"left\">26m<\/th><\/tr><\/thead><tbody><tr><td># der Anschl\u00fcsse<\/td><td>26 Anschl\u00fcsse (24 PoE, 2 Uplink)<\/td><\/tr><tr><td>Stromversorgung<\/td><td>Built-in Stromversorgung<\/td><\/tr><tr><td>Strombereich<\/td><td>AC100-240V<\/td><\/tr><tr><td>Verbrauch<\/td><td>370W<\/td><\/tr><tr><td>Schnelligkeit<\/td><td>10\/100Mbps + 2 Gig Combo Uplink<\/td><\/tr><tr><td>Gr\u00f6sse L*W*H<\/td><td>440*200*44mm<\/td><\/tr><tr><td>Idealler Temperaturbereich<\/td><td>0 to 40\u00b0 C<\/td><\/tr><tr><td>Idealler Luftfeuchtigkeitsbereich<\/td><td>0 \u2013 85%<\/td><\/tr><tr><td>Artikelnummer<\/td><td>EN-SW26-001<\/td><\/tr><\/tbody><\/table><\/div>\t\t\t\t<\/div>\n\t\t\t\t<\/div>\n\t\t\t\t\t<\/div>\n\t\t<\/div>\n\t\t\t\t<div class=\"elementor-column elementor-col-50 elementor-inner-column elementor-element elementor-element-b8f3ad2\" data-id=\"b8f3ad2\" data-element_type=\"column\" data-e-type=\"column\">\n\t\t\t<div class=\"elementor-widget-wrap elementor-element-populated\">\n\t\t\t\t\t\t<div class=\"elementor-element elementor-element-f7258e6 elementor-widget elementor-widget-image\" data-id=\"f7258e6\" data-element_type=\"widget\" data-e-type=\"widget\" data-widget_type=\"image.default\">\n\t\t\t\t<div class=\"elementor-widget-container\">\n\t\t\t\t\t\t\t\t\t\t\t\t\t\t\t<img loading=\"lazy\" decoding=\"async\" width=\"1024\" height=\"394\" src=\"https:\/\/www.een.com\/wp-content\/uploads\/2016\/11\/24-Port-Switch-1024x394.png\" class=\"attachment-large size-large wp-image-30282\" alt=\"PoE Switch mit 24 Anschl\u00fcssen\" srcset=\"https:\/\/www.een.com\/wp-content\/uploads\/2016\/11\/24-Port-Switch-1024x394.png 1024w, https:\/\/www.een.com\/wp-content\/uploads\/2016\/11\/24-Port-Switch-300x116.png 300w, https:\/\/www.een.com\/wp-content\/uploads\/2016\/11\/24-Port-Switch-100x39.png 100w, https:\/\/www.een.com\/wp-content\/uploads\/2016\/11\/24-Port-Switch-200x77.png 200w, https:\/\/www.een.com\/wp-content\/uploads\/2016\/11\/24-Port-Switch-400x154.png 400w, https:\/\/www.een.com\/wp-content\/uploads\/2016\/11\/24-Port-Switch-600x231.png 600w, https:\/\/www.een.com\/wp-content\/uploads\/2016\/11\/24-Port-Switch-800x308.png 800w, https:\/\/www.een.com\/wp-content\/uploads\/2016\/11\/24-Port-Switch-1200x462.png 1200w\" sizes=\"(max-width: 1024px) 100vw, 1024px\" \/>\t\t\t\t\t\t\t\t\t\t\t\t\t\t\t<\/div>\n\t\t\t\t<\/div>\n\t\t\t\t\t<\/div>\n\t\t<\/div>\n\t\t\t\t\t<\/div>\n\t\t<\/section>\n\t\t\t\t\t<\/div>\n\t\t<\/div>\n\t\t\t\t\t<\/div>\n\t\t<\/section>\n\t\t\t\t<\/div>\n\t\t","protected":false},"excerpt":{"rendered":"<p>Eagle Eye Managed PoE Switches Eagle Eye PoE Switches wurden f\u00fcr den t\u00e4glichen Gebrauch in der Eagle Eye Cloud VMS hergestellt und sind nathlos miteinander integriert. Schnellere Installationen Mit Eagle &hellip;<\/p>\n<p class=\"read-more\"> <a class=\"\" href=\"https:\/\/www.een.com\/de\/produkt\/managed-poe-switches\/\"> <span class=\"screen-reader-text\">Verwalteten PoE Switches<\/span> Weiterlesen &raquo;<\/a><\/p>\n","protected":false},"author":544,"featured_media":0,"parent":91108,"menu_order":1047,"comment_status":"closed","ping_status":"closed","template":"elementor_header_footer","meta":{"_acf_changed":false,"_relevanssi_hide_post":"","_relevanssi_hide_content":"","_relevanssi_pin_for_all":"","_relevanssi_pin_keywords":"","_relevanssi_unpin_keywords":"","_relevanssi_related_keywords":"","_relevanssi_related_include_ids":"","_relevanssi_related_exclude_ids":"","_relevanssi_related_no_append":"","_relevanssi_related_not_related":"","_relevanssi_related_posts":"42737,22462,20522,22474,22477,22488","_relevanssi_noindex_reason":"","footnotes":""},"class_list":["post-92290","page","type-page","status-publish","hentry"],"acf":[],"aioseo_notices":[],"_links":{"self":[{"href":"https:\/\/www.een.com\/de\/wp-json\/wp\/v2\/pages\/92290","targetHints":{"allow":["GET"]}}],"collection":[{"href":"https:\/\/www.een.com\/de\/wp-json\/wp\/v2\/pages"}],"about":[{"href":"https:\/\/www.een.com\/de\/wp-json\/wp\/v2\/types\/page"}],"author":[{"embeddable":true,"href":"https:\/\/www.een.com\/de\/wp-json\/wp\/v2\/users\/544"}],"replies":[{"embeddable":true,"href":"https:\/\/www.een.com\/de\/wp-json\/wp\/v2\/comments?post=92290"}],"version-history":[{"count":0,"href":"https:\/\/www.een.com\/de\/wp-json\/wp\/v2\/pages\/92290\/revisions"}],"up":[{"embeddable":true,"href":"https:\/\/www.een.com\/de\/wp-json\/wp\/v2\/pages\/91108"}],"wp:attachment":[{"href":"https:\/\/www.een.com\/de\/wp-json\/wp\/v2\/media?parent=92290"}],"curies":[{"name":"wp","href":"https:\/\/api.w.org\/{rel}","templated":true}]}}