{"id":91147,"date":"2017-08-21T18:10:14","date_gmt":"2017-08-21T23:10:14","guid":{"rendered":"https:\/\/www.een.com\/produkt\/cameramanager-architektur\/"},"modified":"2020-07-10T19:37:29","modified_gmt":"2020-07-11T00:37:29","slug":"cameramanager-architektur","status":"publish","type":"page","link":"https:\/\/www.een.com\/de\/produkt\/cameramanager-architektur\/","title":{"rendered":"CameraManager Architektur"},"content":{"rendered":"\t\t<div data-elementor-type=\"wp-page\" data-elementor-id=\"91147\" class=\"elementor elementor-91147 elementor-91140\" data-elementor-post-type=\"page\">\n\t\t\t\t\t\t<section data-particle_enable=\"false\" data-particle-mobile-disabled=\"false\" class=\"elementor-section elementor-top-section elementor-element elementor-element-91f3682 elementor-section-boxed elementor-section-height-default elementor-section-height-default\" data-id=\"91f3682\" data-element_type=\"section\" data-e-type=\"section\">\n\t\t\t\t\t\t<div class=\"elementor-container elementor-column-gap-default\">\n\t\t\t\t\t<div class=\"elementor-column elementor-col-100 elementor-top-column elementor-element elementor-element-1fa8baa\" data-id=\"1fa8baa\" data-element_type=\"column\" data-e-type=\"column\">\n\t\t\t<div class=\"elementor-widget-wrap elementor-element-populated\">\n\t\t\t\t\t\t<div class=\"elementor-element elementor-element-0573851 elementor-widget elementor-widget-heading\" data-id=\"0573851\" data-element_type=\"widget\" data-e-type=\"widget\" data-widget_type=\"heading.default\">\n\t\t\t\t<div class=\"elementor-widget-container\">\n\t\t\t\t\t<h1 class=\"elementor-heading-title elementor-size-default\">Eagle Eye CameraManager Architektur<\/h1>\t\t\t\t<\/div>\n\t\t\t\t<\/div>\n\t\t\t\t\t<\/div>\n\t\t<\/div>\n\t\t\t\t\t<\/div>\n\t\t<\/section>\n\t\t\t\t<section data-particle_enable=\"false\" data-particle-mobile-disabled=\"false\" class=\"elementor-section elementor-top-section elementor-element elementor-element-33c7fe5 elementor-section-boxed elementor-section-height-default elementor-section-height-default\" data-id=\"33c7fe5\" data-element_type=\"section\" data-e-type=\"section\">\n\t\t\t\t\t\t<div class=\"elementor-container elementor-column-gap-default\">\n\t\t\t\t\t<div class=\"elementor-column elementor-col-100 elementor-top-column elementor-element elementor-element-9652c74\" data-id=\"9652c74\" data-element_type=\"column\" data-e-type=\"column\">\n\t\t\t<div class=\"elementor-widget-wrap elementor-element-populated\">\n\t\t\t\t\t\t<section data-particle_enable=\"false\" data-particle-mobile-disabled=\"false\" class=\"elementor-section elementor-inner-section elementor-element elementor-element-7f47656 elementor-section-boxed elementor-section-height-default elementor-section-height-default\" data-id=\"7f47656\" data-element_type=\"section\" data-e-type=\"section\">\n\t\t\t\t\t\t<div class=\"elementor-container elementor-column-gap-default\">\n\t\t\t\t\t<div class=\"elementor-column elementor-col-50 elementor-inner-column elementor-element elementor-element-30fe2e2\" data-id=\"30fe2e2\" data-element_type=\"column\" data-e-type=\"column\">\n\t\t\t<div class=\"elementor-widget-wrap elementor-element-populated\">\n\t\t\t\t\t\t<div class=\"elementor-element elementor-element-6ffbb5e elementor-widget elementor-widget-heading\" data-id=\"6ffbb5e\" data-element_type=\"widget\" data-e-type=\"widget\" data-widget_type=\"heading.default\">\n\t\t\t\t<div class=\"elementor-widget-container\">\n\t\t\t\t\t<h3 class=\"elementor-heading-title elementor-size-default\">Cloud On-Demand Architektur<\/h3>\t\t\t\t<\/div>\n\t\t\t\t<\/div>\n\t\t\t\t<div class=\"elementor-element elementor-element-786f1b7 elementor-widget elementor-widget-heading\" data-id=\"786f1b7\" data-element_type=\"widget\" data-e-type=\"widget\" data-widget_type=\"heading.default\">\n\t\t\t\t<div class=\"elementor-widget-container\">\n\t\t\t\t\t<h4 class=\"elementor-heading-title elementor-size-default\">Die Zukunft des Videomanagements ist hier.<\/h4>\t\t\t\t<\/div>\n\t\t\t\t<\/div>\n\t\t\t\t<div class=\"elementor-element elementor-element-425d712 elementor-widget elementor-widget-text-editor\" data-id=\"425d712\" data-element_type=\"widget\" data-e-type=\"widget\" data-widget_type=\"text-editor.default\">\n\t\t\t\t<div class=\"elementor-widget-container\">\n\t\t\t\t\t\t\t\t\t<p>CameraManager wurde f\u00fcr As-a-Service Plattformen wie Amazon und Interoute VDC (Virtual Data Center) entwickelt.<\/p>\n<ul>\n<li><strong>Sicher<\/strong>: Volle Kontrolle durch Eagle Eye Networks \u00fcber wer auf Daten zugreifen kann.<\/li>\n<li><strong>Zuverl\u00e4ssig<\/strong>: Datenspeicherung mit hoher Haltbarkeit und Verf\u00fcgbarkeit.<\/li>\n<li><strong>Anpassbar<\/strong>: Unsere virtuellen Server sind skalierbar in Bezug auf Speicherplatz, Anforderungsrate und Benutzer, um eine unbegrenzte Anzahl an Web Scale Applikationen unterst\u00fctzen zu k\u00f6nnen.<\/li>\n<li><strong>Schnell<\/strong>: Unsere virtuellen Server sind schnell genug, um Hochleistungsanwendungen unterst\u00fctzen zu k\u00f6nnen.<\/li>\n<\/ul>\n\t\t\t\t\t\t\t\t<\/div>\n\t\t\t\t<\/div>\n\t\t\t\t\t<\/div>\n\t\t<\/div>\n\t\t\t\t<div class=\"elementor-column elementor-col-50 elementor-inner-column elementor-element elementor-element-acdb93c\" data-id=\"acdb93c\" data-element_type=\"column\" data-e-type=\"column\">\n\t\t\t<div class=\"elementor-widget-wrap elementor-element-populated\">\n\t\t\t\t\t\t<div class=\"elementor-element elementor-element-42a9c2f elementor-widget elementor-widget-image\" data-id=\"42a9c2f\" data-element_type=\"widget\" data-e-type=\"widget\" data-widget_type=\"image.default\">\n\t\t\t\t<div class=\"elementor-widget-container\">\n\t\t\t\t\t\t\t\t\t\t\t\t\t\t\t<img fetchpriority=\"high\" decoding=\"async\" width=\"1024\" height=\"708\" src=\"https:\/\/www.een.com\/wp-content\/uploads\/2017\/08\/cameramanagerarchitecture-1-1024x708.png\" class=\"attachment-large size-large wp-image-34090\" alt=\"CameraManager Architektur\" srcset=\"https:\/\/www.een.com\/wp-content\/uploads\/2017\/08\/cameramanagerarchitecture-1-1024x708.png 1024w, https:\/\/www.een.com\/wp-content\/uploads\/2017\/08\/cameramanagerarchitecture-1-300x207.png 300w, https:\/\/www.een.com\/wp-content\/uploads\/2017\/08\/cameramanagerarchitecture-1-100x69.png 100w, https:\/\/www.een.com\/wp-content\/uploads\/2017\/08\/cameramanagerarchitecture-1-188x130.png 188w, https:\/\/www.een.com\/wp-content\/uploads\/2017\/08\/cameramanagerarchitecture-1-200x138.png 200w, https:\/\/www.een.com\/wp-content\/uploads\/2017\/08\/cameramanagerarchitecture-1-400x277.png 400w, https:\/\/www.een.com\/wp-content\/uploads\/2017\/08\/cameramanagerarchitecture-1-600x415.png 600w, https:\/\/www.een.com\/wp-content\/uploads\/2017\/08\/cameramanagerarchitecture-1-800x553.png 800w, https:\/\/www.een.com\/wp-content\/uploads\/2017\/08\/cameramanagerarchitecture-1-1200x830.png 1200w\" sizes=\"(max-width: 1024px) 100vw, 1024px\" title=\"\" \/>\t\t\t\t\t\t\t\t\t\t\t\t\t\t\t<\/div>\n\t\t\t\t<\/div>\n\t\t\t\t\t<\/div>\n\t\t<\/div>\n\t\t\t\t\t<\/div>\n\t\t<\/section>\n\t\t\t\t\t<\/div>\n\t\t<\/div>\n\t\t\t\t\t<\/div>\n\t\t<\/section>\n\t\t\t\t<section data-particle_enable=\"false\" data-particle-mobile-disabled=\"false\" class=\"elementor-section elementor-top-section elementor-element elementor-element-62a8ae9 elementor-section-stretched elementor-section-boxed elementor-section-height-default elementor-section-height-default\" data-id=\"62a8ae9\" data-element_type=\"section\" data-e-type=\"section\" data-settings=\"{&quot;stretch_section&quot;:&quot;section-stretched&quot;,&quot;background_background&quot;:&quot;classic&quot;}\">\n\t\t\t\t\t\t<div class=\"elementor-container elementor-column-gap-default\">\n\t\t\t\t\t<div class=\"elementor-column elementor-col-100 elementor-top-column elementor-element elementor-element-b84d0df\" data-id=\"b84d0df\" data-element_type=\"column\" data-e-type=\"column\">\n\t\t\t<div class=\"elementor-widget-wrap elementor-element-populated\">\n\t\t\t\t\t\t<section data-particle_enable=\"false\" data-particle-mobile-disabled=\"false\" class=\"elementor-section elementor-inner-section elementor-element elementor-element-fdb7284 elementor-section-boxed elementor-section-height-default elementor-section-height-default\" data-id=\"fdb7284\" data-element_type=\"section\" data-e-type=\"section\">\n\t\t\t\t\t\t<div class=\"elementor-container elementor-column-gap-default\">\n\t\t\t\t\t<div class=\"elementor-column elementor-col-50 elementor-inner-column elementor-element elementor-element-fda57b0\" data-id=\"fda57b0\" data-element_type=\"column\" data-e-type=\"column\">\n\t\t\t<div class=\"elementor-widget-wrap elementor-element-populated\">\n\t\t\t\t\t\t<div class=\"elementor-element elementor-element-f897608 elementor-widget elementor-widget-image\" data-id=\"f897608\" data-element_type=\"widget\" data-e-type=\"widget\" data-widget_type=\"image.default\">\n\t\t\t\t<div class=\"elementor-widget-container\">\n\t\t\t\t\t\t\t\t\t\t\t\t\t\t\t<img decoding=\"async\" width=\"1024\" height=\"452\" src=\"https:\/\/www.een.com\/wp-content\/uploads\/2017\/08\/CM-header-Cams-EENcom-1024x452.png\" class=\"attachment-large size-large wp-image-33754\" alt=\"CameraManager Architektur\" srcset=\"https:\/\/www.een.com\/wp-content\/uploads\/2017\/08\/CM-header-Cams-EENcom-1024x452.png 1024w, https:\/\/www.een.com\/wp-content\/uploads\/2017\/08\/CM-header-Cams-EENcom-300x132.png 300w, https:\/\/www.een.com\/wp-content\/uploads\/2017\/08\/CM-header-Cams-EENcom-100x44.png 100w, https:\/\/www.een.com\/wp-content\/uploads\/2017\/08\/CM-header-Cams-EENcom-200x88.png 200w, https:\/\/www.een.com\/wp-content\/uploads\/2017\/08\/CM-header-Cams-EENcom-400x176.png 400w, https:\/\/www.een.com\/wp-content\/uploads\/2017\/08\/CM-header-Cams-EENcom-600x265.png 600w, https:\/\/www.een.com\/wp-content\/uploads\/2017\/08\/CM-header-Cams-EENcom-800x353.png 800w, https:\/\/www.een.com\/wp-content\/uploads\/2017\/08\/CM-header-Cams-EENcom-1200x529.png 1200w, https:\/\/www.een.com\/wp-content\/uploads\/2017\/08\/CM-header-Cams-EENcom.png 1360w\" sizes=\"(max-width: 1024px) 100vw, 1024px\" title=\"\" \/>\t\t\t\t\t\t\t\t\t\t\t\t\t\t\t<\/div>\n\t\t\t\t<\/div>\n\t\t\t\t\t<\/div>\n\t\t<\/div>\n\t\t\t\t<div class=\"elementor-column elementor-col-50 elementor-inner-column elementor-element elementor-element-81da338\" data-id=\"81da338\" data-element_type=\"column\" data-e-type=\"column\">\n\t\t\t<div class=\"elementor-widget-wrap elementor-element-populated\">\n\t\t\t\t\t\t<div class=\"elementor-element elementor-element-ef5f052 elementor-widget elementor-widget-heading\" data-id=\"ef5f052\" data-element_type=\"widget\" data-e-type=\"widget\" data-widget_type=\"heading.default\">\n\t\t\t\t<div class=\"elementor-widget-container\">\n\t\t\t\t\t<h3 class=\"elementor-heading-title elementor-size-default\">Kameras<\/h3>\t\t\t\t<\/div>\n\t\t\t\t<\/div>\n\t\t\t\t<div class=\"elementor-element elementor-element-3e4240a elementor-widget elementor-widget-heading\" data-id=\"3e4240a\" data-element_type=\"widget\" data-e-type=\"widget\" data-widget_type=\"heading.default\">\n\t\t\t\t<div class=\"elementor-widget-container\">\n\t\t\t\t\t<h4 class=\"elementor-heading-title elementor-size-default\">Plug &amp; Play Kompatible Kameras<\/h4>\t\t\t\t<\/div>\n\t\t\t\t<\/div>\n\t\t\t\t<div class=\"elementor-element elementor-element-45a5852 elementor-widget elementor-widget-text-editor\" data-id=\"45a5852\" data-element_type=\"widget\" data-e-type=\"widget\" data-widget_type=\"text-editor.default\">\n\t\t\t\t<div class=\"elementor-widget-container\">\n\t\t\t\t\t\t\t\t\t<p>Vergiss die Bedienungsanleitung. Schlie\u00dfe deine Kamera an, stelle eine Verbindung zum WLAN her und downloade die Eagle Eye CameraManger App. Du kannst auch mehrere Standorte gleichzeitig \u00fcberwachen, Zeitpl\u00e4ne erstellen und deine aufnahmen mit Video Analytics optimieren. Die Kameras speichern die Aufnahmen automatisch in der Cloud.<\/p>\n\t\t\t\t\t\t\t\t<\/div>\n\t\t\t\t<\/div>\n\t\t\t\t\t<\/div>\n\t\t<\/div>\n\t\t\t\t\t<\/div>\n\t\t<\/section>\n\t\t\t\t\t<\/div>\n\t\t<\/div>\n\t\t\t\t\t<\/div>\n\t\t<\/section>\n\t\t\t\t<section data-particle_enable=\"false\" data-particle-mobile-disabled=\"false\" class=\"elementor-section elementor-top-section elementor-element elementor-element-d156783 elementor-section-boxed elementor-section-height-default elementor-section-height-default\" data-id=\"d156783\" data-element_type=\"section\" data-e-type=\"section\">\n\t\t\t\t\t\t<div class=\"elementor-container elementor-column-gap-default\">\n\t\t\t\t\t<div class=\"elementor-column elementor-col-100 elementor-top-column elementor-element elementor-element-d7d13e6\" data-id=\"d7d13e6\" data-element_type=\"column\" data-e-type=\"column\">\n\t\t\t<div class=\"elementor-widget-wrap elementor-element-populated\">\n\t\t\t\t\t\t<section data-particle_enable=\"false\" data-particle-mobile-disabled=\"false\" class=\"elementor-section elementor-inner-section elementor-element elementor-element-7394a2e elementor-section-boxed elementor-section-height-default elementor-section-height-default\" data-id=\"7394a2e\" data-element_type=\"section\" data-e-type=\"section\">\n\t\t\t\t\t\t<div class=\"elementor-container elementor-column-gap-default\">\n\t\t\t\t\t<div class=\"elementor-column elementor-col-50 elementor-inner-column elementor-element elementor-element-47aa1bc\" data-id=\"47aa1bc\" data-element_type=\"column\" data-e-type=\"column\">\n\t\t\t<div class=\"elementor-widget-wrap elementor-element-populated\">\n\t\t\t\t\t\t<div class=\"elementor-element elementor-element-29169a3 elementor-widget elementor-widget-heading\" data-id=\"29169a3\" data-element_type=\"widget\" data-e-type=\"widget\" data-widget_type=\"heading.default\">\n\t\t\t\t<div class=\"elementor-widget-container\">\n\t\t\t\t\t<h3 class=\"elementor-heading-title elementor-size-default\">Sichere Hochverf\u00fcgbarkeits-Tier-4-Rechenzentren<\/h3>\t\t\t\t<\/div>\n\t\t\t\t<\/div>\n\t\t\t\t<div class=\"elementor-element elementor-element-9e9923e elementor-widget elementor-widget-heading\" data-id=\"9e9923e\" data-element_type=\"widget\" data-e-type=\"widget\" data-widget_type=\"heading.default\">\n\t\t\t\t<div class=\"elementor-widget-container\">\n\t\t\t\t\t<h4 class=\"elementor-heading-title elementor-size-default\">Ultra Sicher, ultra verl\u00e4sslich<\/h4>\t\t\t\t<\/div>\n\t\t\t\t<\/div>\n\t\t\t\t<div class=\"elementor-element elementor-element-f548648 elementor-widget elementor-widget-text-editor\" data-id=\"f548648\" data-element_type=\"widget\" data-e-type=\"widget\" data-widget_type=\"text-editor.default\">\n\t\t\t\t<div class=\"elementor-widget-container\">\n\t\t\t\t\t\t\t\t\t<p>Unsere Technik wird mit zwei unabh\u00e4ngigen Stromquellen angetrieben, bel\u00fcftet und klimatisiert (HVAC).<br \/>\nDie technische Infrastruktur ist f\u00fcr den Notfall gewappnet mit Stromspeicher- und Verteilungsanlagen, mit einer sehr hohen Verf\u00fcgbarkeit. Das bedeutet erhebliche Zuverl\u00e4ssigkeit und Redundanz f\u00fcr die Daten unserer Kunden. Das ist uns sehr wichtig.<\/p>\n\t\t\t\t\t\t\t\t<\/div>\n\t\t\t\t<\/div>\n\t\t\t\t\t<\/div>\n\t\t<\/div>\n\t\t\t\t<div class=\"elementor-column elementor-col-50 elementor-inner-column elementor-element elementor-element-857e41d\" data-id=\"857e41d\" data-element_type=\"column\" data-e-type=\"column\">\n\t\t\t<div class=\"elementor-widget-wrap elementor-element-populated\">\n\t\t\t\t\t\t<div class=\"elementor-element elementor-element-65f3b82 elementor-widget elementor-widget-image\" data-id=\"65f3b82\" data-element_type=\"widget\" data-e-type=\"widget\" data-widget_type=\"image.default\">\n\t\t\t\t<div class=\"elementor-widget-container\">\n\t\t\t\t\t\t\t\t\t\t\t\t\t\t\t<img decoding=\"async\" src=\"https:\/\/www.een.com\/wp-content\/uploads\/elementor\/thumbs\/data-centers-qnxl27fw0ra3yslzuchvvm8eobdhwgzfcfe6ap1zaw.png\" title=\"data-centers\" alt=\"High Availability Data Centers\" loading=\"lazy\" \/>\t\t\t\t\t\t\t\t\t\t\t\t\t\t\t<\/div>\n\t\t\t\t<\/div>\n\t\t\t\t\t<\/div>\n\t\t<\/div>\n\t\t\t\t\t<\/div>\n\t\t<\/section>\n\t\t\t\t\t<\/div>\n\t\t<\/div>\n\t\t\t\t\t<\/div>\n\t\t<\/section>\n\t\t\t\t<section data-particle_enable=\"false\" data-particle-mobile-disabled=\"false\" class=\"elementor-section elementor-top-section elementor-element elementor-element-da28b4d elementor-section-boxed elementor-section-height-default elementor-section-height-default\" data-id=\"da28b4d\" data-element_type=\"section\" data-e-type=\"section\">\n\t\t\t\t\t\t<div class=\"elementor-container elementor-column-gap-default\">\n\t\t\t\t\t<div class=\"elementor-column elementor-col-100 elementor-top-column elementor-element elementor-element-48c4303\" data-id=\"48c4303\" data-element_type=\"column\" data-e-type=\"column\">\n\t\t\t<div class=\"elementor-widget-wrap elementor-element-populated\">\n\t\t\t\t\t\t<section data-particle_enable=\"false\" data-particle-mobile-disabled=\"false\" class=\"elementor-section elementor-inner-section elementor-element elementor-element-649247e elementor-section-boxed elementor-section-height-default elementor-section-height-default\" data-id=\"649247e\" data-element_type=\"section\" data-e-type=\"section\">\n\t\t\t\t\t\t<div class=\"elementor-container elementor-column-gap-default\">\n\t\t\t\t\t<div class=\"elementor-column elementor-col-50 elementor-inner-column elementor-element elementor-element-964b437\" data-id=\"964b437\" data-element_type=\"column\" data-e-type=\"column\">\n\t\t\t<div class=\"elementor-widget-wrap elementor-element-populated\">\n\t\t\t\t\t\t<div class=\"elementor-element elementor-element-eb12ac6 elementor-align-center elementor-widget elementor-widget-button\" data-id=\"eb12ac6\" data-element_type=\"widget\" data-e-type=\"widget\" data-widget_type=\"button.default\">\n\t\t\t\t<div class=\"elementor-widget-container\">\n\t\t\t\t\t\t\t\t\t<div class=\"elementor-button-wrapper\">\n\t\t\t\t\t<a class=\"elementor-button elementor-button-link elementor-size-sm\" href=\"https:\/\/www.een.com\/de\/unternehmen\/kontakt\/\">\n\t\t\t\t\t\t<span class=\"elementor-button-content-wrapper\">\n\t\t\t\t\t\t\t\t\t<span class=\"elementor-button-text\">VERTRIEB KONTAKTIEREN<\/span>\n\t\t\t\t\t<\/span>\n\t\t\t\t\t<\/a>\n\t\t\t\t<\/div>\n\t\t\t\t\t\t\t\t<\/div>\n\t\t\t\t<\/div>\n\t\t\t\t\t<\/div>\n\t\t<\/div>\n\t\t\t\t<div class=\"elementor-column elementor-col-50 elementor-inner-column elementor-element elementor-element-fd9a13a\" data-id=\"fd9a13a\" data-element_type=\"column\" data-e-type=\"column\">\n\t\t\t<div class=\"elementor-widget-wrap elementor-element-populated\">\n\t\t\t\t\t\t<div class=\"elementor-element elementor-element-596dd42 elementor-align-center elementor-widget elementor-widget-button\" data-id=\"596dd42\" data-element_type=\"widget\" data-e-type=\"widget\" data-widget_type=\"button.default\">\n\t\t\t\t<div class=\"elementor-widget-container\">\n\t\t\t\t\t\t\t\t\t<div class=\"elementor-button-wrapper\">\n\t\t\t\t\t<a class=\"elementor-button elementor-button-link elementor-size-sm\" href=\"https:\/\/www.een.com\/de\/produkt\/cm-funktionen\/\">\n\t\t\t\t\t\t<span class=\"elementor-button-content-wrapper\">\n\t\t\t\t\t\t\t\t\t<span class=\"elementor-button-text\"> ERFAHRE MEHR: EAGLE EYE CAMERAMANAGER FUNKTIONEN &amp; VORTEILE<\/span>\n\t\t\t\t\t<\/span>\n\t\t\t\t\t<\/a>\n\t\t\t\t<\/div>\n\t\t\t\t\t\t\t\t<\/div>\n\t\t\t\t<\/div>\n\t\t\t\t\t<\/div>\n\t\t<\/div>\n\t\t\t\t\t<\/div>\n\t\t<\/section>\n\t\t\t\t\t<\/div>\n\t\t<\/div>\n\t\t\t\t\t<\/div>\n\t\t<\/section>\n\t\t\t\t<\/div>\n\t\t","protected":false},"excerpt":{"rendered":"<p>Eagle Eye CameraManager Architektur Cloud On-Demand Architektur Die Zukunft des Videomanagements ist hier. CameraManager wurde f\u00fcr As-a-Service Plattformen wie Amazon und Interoute VDC (Virtual Data Center) entwickelt. Sicher: Volle Kontrolle &hellip;<\/p>\n<p class=\"read-more\"> <a class=\"\" href=\"https:\/\/www.een.com\/de\/produkt\/cameramanager-architektur\/\"> <span class=\"screen-reader-text\">CameraManager Architektur<\/span> Weiterlesen &raquo;<\/a><\/p>\n","protected":false},"author":544,"featured_media":0,"parent":91108,"menu_order":935,"comment_status":"closed","ping_status":"closed","template":"elementor_header_footer","meta":{"_acf_changed":false,"_relevanssi_hide_post":"","_relevanssi_hide_content":"","_relevanssi_pin_for_all":"","_relevanssi_pin_keywords":"","_relevanssi_unpin_keywords":"","_relevanssi_related_keywords":"","_relevanssi_related_include_ids":"","_relevanssi_related_exclude_ids":"","_relevanssi_related_no_append":"","_relevanssi_related_not_related":"","_relevanssi_related_posts":"","_relevanssi_noindex_reason":"","footnotes":""},"class_list":["post-91147","page","type-page","status-publish","hentry"],"acf":[],"aioseo_notices":[],"_links":{"self":[{"href":"https:\/\/www.een.com\/de\/wp-json\/wp\/v2\/pages\/91147","targetHints":{"allow":["GET"]}}],"collection":[{"href":"https:\/\/www.een.com\/de\/wp-json\/wp\/v2\/pages"}],"about":[{"href":"https:\/\/www.een.com\/de\/wp-json\/wp\/v2\/types\/page"}],"author":[{"embeddable":true,"href":"https:\/\/www.een.com\/de\/wp-json\/wp\/v2\/users\/544"}],"replies":[{"embeddable":true,"href":"https:\/\/www.een.com\/de\/wp-json\/wp\/v2\/comments?post=91147"}],"version-history":[{"count":0,"href":"https:\/\/www.een.com\/de\/wp-json\/wp\/v2\/pages\/91147\/revisions"}],"up":[{"embeddable":true,"href":"https:\/\/www.een.com\/de\/wp-json\/wp\/v2\/pages\/91108"}],"wp:attachment":[{"href":"https:\/\/www.een.com\/de\/wp-json\/wp\/v2\/media?parent=91147"}],"curies":[{"name":"wp","href":"https:\/\/api.w.org\/{rel}","templated":true}]}}