{"id":90843,"date":"2020-07-06T15:59:12","date_gmt":"2020-07-06T20:59:12","guid":{"rendered":"https:\/\/www.een.com\/unterstuetzung\/kamera-kompatibilitaet-analog\/"},"modified":"2022-06-08T10:01:22","modified_gmt":"2022-06-08T15:01:22","slug":"kamera-kompatibilitaet-analog","status":"publish","type":"page","link":"https:\/\/www.een.com\/de\/unterstuetzung\/kamera-kompatibilitaet-analog\/","title":{"rendered":"Kamera-Kompatibilit\u00e4t &#8211; Analog"},"content":{"rendered":"\t\t<div data-elementor-type=\"wp-page\" data-elementor-id=\"90843\" class=\"elementor elementor-90843 elementor-90837\" data-elementor-post-type=\"page\">\n\t\t\t\t\t\t<section data-particle_enable=\"false\" data-particle-mobile-disabled=\"false\" class=\"elementor-section elementor-top-section elementor-element elementor-element-3c43712e elementor-section-boxed elementor-section-height-default elementor-section-height-default\" data-id=\"3c43712e\" data-element_type=\"section\" data-e-type=\"section\" data-settings=\"{&quot;background_background&quot;:&quot;classic&quot;}\">\n\t\t\t\t\t\t<div class=\"elementor-container elementor-column-gap-default\">\n\t\t\t\t\t<div class=\"elementor-column elementor-col-100 elementor-top-column elementor-element elementor-element-37352096\" data-id=\"37352096\" data-element_type=\"column\" data-e-type=\"column\">\n\t\t\t<div class=\"elementor-widget-wrap elementor-element-populated\">\n\t\t\t\t\t\t<div class=\"elementor-element elementor-element-379bec7e elementor-widget elementor-widget-heading\" data-id=\"379bec7e\" data-element_type=\"widget\" data-e-type=\"widget\" data-widget_type=\"heading.default\">\n\t\t\t\t<div class=\"elementor-widget-container\">\n\t\t\t\t\t<h1 class=\"elementor-heading-title elementor-size-default\">Eagle Eye Cloud VMS unterst\u00fctzt digitale IP-, analoge, HD-\u00fcber-COAX- und Body Worn-Kameras<\/h1>\t\t\t\t<\/div>\n\t\t\t\t<\/div>\n\t\t\t\t<section data-particle_enable=\"false\" data-particle-mobile-disabled=\"false\" class=\"elementor-section elementor-inner-section elementor-element elementor-element-540d043 elementor-section-boxed elementor-section-height-default elementor-section-height-default\" data-id=\"540d043\" data-element_type=\"section\" data-e-type=\"section\">\n\t\t\t\t\t\t<div class=\"elementor-container elementor-column-gap-default\">\n\t\t\t\t\t<div class=\"elementor-column elementor-col-25 elementor-inner-column elementor-element elementor-element-9f4ea51\" data-id=\"9f4ea51\" data-element_type=\"column\" data-e-type=\"column\">\n\t\t\t<div class=\"elementor-widget-wrap elementor-element-populated\">\n\t\t\t\t\t\t<div class=\"elementor-element elementor-element-15a153b premium-lq__none elementor-widget elementor-widget-premium-addon-button\" data-id=\"15a153b\" data-element_type=\"widget\" data-e-type=\"widget\" data-settings=\"{&quot;_animation_tablet&quot;:&quot;none&quot;,&quot;_animation_mobile&quot;:&quot;none&quot;}\" data-widget_type=\"premium-addon-button.default\">\n\t\t\t\t<div class=\"elementor-widget-container\">\n\t\t\t\t\t\r\n\r\n\t\t<a class=\"premium-button premium-button-none premium-btn-block premium-button-none\" href=\"https:\/\/www.een.com\/de\/unterstuetzung\/kamera-kompatibilitaet-digital-ip\/\">\r\n\t\t\t<div class=\"premium-button-text-icon-wrapper\">\r\n\t\t\t\t\r\n\t\t\t\t\t\t\t\t\t<span >\r\n\t\t\t\t\t\tDigitale IP\t\t\t\t\t<\/span>\r\n\t\t\t\t\t\t\t<\/div>\r\n\r\n\t\t\t\r\n\t\t\t\r\n\t\t\t\r\n\t\t<\/a>\r\n\r\n\r\n\t\t\t\t\t\t<\/div>\n\t\t\t\t<\/div>\n\t\t\t\t\t<\/div>\n\t\t<\/div>\n\t\t\t\t<div class=\"elementor-column elementor-col-25 elementor-inner-column elementor-element elementor-element-4390c79\" data-id=\"4390c79\" data-element_type=\"column\" data-e-type=\"column\">\n\t\t\t<div class=\"elementor-widget-wrap elementor-element-populated\">\n\t\t\t\t\t\t<div class=\"elementor-element elementor-element-f3e58d4 premium-lq__none elementor-widget elementor-widget-premium-addon-button\" data-id=\"f3e58d4\" data-element_type=\"widget\" data-e-type=\"widget\" data-settings=\"{&quot;_animation_tablet&quot;:&quot;none&quot;,&quot;_animation_mobile&quot;:&quot;none&quot;}\" data-widget_type=\"premium-addon-button.default\">\n\t\t\t\t<div class=\"elementor-widget-container\">\n\t\t\t\t\t\r\n\r\n\t\t<a class=\"premium-button premium-button-none premium-btn-block premium-button-none\" href=\"https:\/\/www.een.com\/de\/unterstuetzung\/kamera-kompatibilitaet-analog\/\">\r\n\t\t\t<div class=\"premium-button-text-icon-wrapper\">\r\n\t\t\t\t\r\n\t\t\t\t\t\t\t\t\t<span >\r\n\t\t\t\t\t\tAnalog\t\t\t\t\t<\/span>\r\n\t\t\t\t\t\t\t<\/div>\r\n\r\n\t\t\t\r\n\t\t\t\r\n\t\t\t\r\n\t\t<\/a>\r\n\r\n\r\n\t\t\t\t\t\t<\/div>\n\t\t\t\t<\/div>\n\t\t\t\t\t<\/div>\n\t\t<\/div>\n\t\t\t\t<div class=\"elementor-column elementor-col-25 elementor-inner-column elementor-element elementor-element-fd21d29\" data-id=\"fd21d29\" data-element_type=\"column\" data-e-type=\"column\">\n\t\t\t<div class=\"elementor-widget-wrap elementor-element-populated\">\n\t\t\t\t\t\t<div class=\"elementor-element elementor-element-f97573e premium-lq__none elementor-widget elementor-widget-premium-addon-button\" data-id=\"f97573e\" data-element_type=\"widget\" data-e-type=\"widget\" data-settings=\"{&quot;_animation_tablet&quot;:&quot;none&quot;,&quot;_animation_mobile&quot;:&quot;none&quot;}\" data-widget_type=\"premium-addon-button.default\">\n\t\t\t\t<div class=\"elementor-widget-container\">\n\t\t\t\t\t\r\n\r\n\t\t<a class=\"premium-button premium-button-none premium-btn-block premium-button-none\" href=\"https:\/\/www.een.com\/de\/unterstuetzung\/kamerakompatibilitaet-hd-over-coax\/\">\r\n\t\t\t<div class=\"premium-button-text-icon-wrapper\">\r\n\t\t\t\t\r\n\t\t\t\t\t\t\t\t\t<span >\r\n\t\t\t\t\t\tHD \u00fcber COAX\t\t\t\t\t<\/span>\r\n\t\t\t\t\t\t\t<\/div>\r\n\r\n\t\t\t\r\n\t\t\t\r\n\t\t\t\r\n\t\t<\/a>\r\n\r\n\r\n\t\t\t\t\t\t<\/div>\n\t\t\t\t<\/div>\n\t\t\t\t\t<\/div>\n\t\t<\/div>\n\t\t\t\t<div class=\"elementor-column elementor-col-25 elementor-inner-column elementor-element elementor-element-21e23e4\" data-id=\"21e23e4\" data-element_type=\"column\" data-e-type=\"column\">\n\t\t\t<div class=\"elementor-widget-wrap elementor-element-populated\">\n\t\t\t\t\t\t<div class=\"elementor-element elementor-element-17e6a99 premium-lq__none elementor-widget elementor-widget-premium-addon-button\" data-id=\"17e6a99\" data-element_type=\"widget\" data-e-type=\"widget\" data-settings=\"{&quot;_animation_tablet&quot;:&quot;none&quot;,&quot;_animation_mobile&quot;:&quot;none&quot;}\" data-widget_type=\"premium-addon-button.default\">\n\t\t\t\t<div class=\"elementor-widget-container\">\n\t\t\t\t\t\r\n\r\n\t\t<a class=\"premium-button premium-button-none premium-btn-block premium-button-none\" href=\"https:\/\/www.een.com\/de\/unterstuetzung\/kamera-kompatibilitaet-mobil-am-koerper-tragen\/\">\r\n\t\t\t<div class=\"premium-button-text-icon-wrapper\">\r\n\t\t\t\t\r\n\t\t\t\t\t\t\t\t\t<span >\r\n\t\t\t\t\t\tMobil und am K\u00f6rper getragen\t\t\t\t\t<\/span>\r\n\t\t\t\t\t\t\t<\/div>\r\n\r\n\t\t\t\r\n\t\t\t\r\n\t\t\t\r\n\t\t<\/a>\r\n\r\n\r\n\t\t\t\t\t\t<\/div>\n\t\t\t\t<\/div>\n\t\t\t\t\t<\/div>\n\t\t<\/div>\n\t\t\t\t\t<\/div>\n\t\t<\/section>\n\t\t\t\t<section data-particle_enable=\"false\" data-particle-mobile-disabled=\"false\" class=\"elementor-section elementor-inner-section elementor-element elementor-element-fcef829 elementor-section-boxed elementor-section-height-default elementor-section-height-default\" data-id=\"fcef829\" data-element_type=\"section\" data-e-type=\"section\">\n\t\t\t\t\t\t<div class=\"elementor-container elementor-column-gap-default\">\n\t\t\t\t\t<div class=\"elementor-column elementor-col-100 elementor-inner-column elementor-element elementor-element-4e1a5fd0\" data-id=\"4e1a5fd0\" data-element_type=\"column\" data-e-type=\"column\">\n\t\t\t<div class=\"elementor-widget-wrap elementor-element-populated\">\n\t\t\t\t\t\t<div class=\"elementor-element elementor-element-7d203ae elementor-widget elementor-widget-heading\" data-id=\"7d203ae\" data-element_type=\"widget\" data-e-type=\"widget\" data-widget_type=\"heading.default\">\n\t\t\t\t<div class=\"elementor-widget-container\">\n\t\t\t\t\t<h2 class=\"elementor-heading-title elementor-size-default\">Analog<\/h2>\t\t\t\t<\/div>\n\t\t\t\t<\/div>\n\t\t\t\t<div class=\"elementor-element elementor-element-41ea829d elementor-widget elementor-widget-text-editor\" data-id=\"41ea829d\" data-element_type=\"widget\" data-e-type=\"widget\" data-widget_type=\"text-editor.default\">\n\t\t\t\t<div class=\"elementor-widget-container\">\n\t\t\t\t\t\t\t\t\t<div class=\"fusion-text\"><p>Eagle Eye Networks bietet zahlreiche analogf\u00e4hige Bridges und CMVRs an. Die analoge Bridge von Eagle Eye digitalisiert das von analogen Kameras kommende Video und verwaltet es auf die gleiche Weise wie IP- oder HD-over-Coax-Kameras. Der Einsatz der analogf\u00e4higen Bridges von Eagle Eye Networks ist eine kosteng\u00fcnstige L\u00f6sung f\u00fcr Kunden, die ihr Video\u00fcberwachungssystem aufr\u00fcsten und dabei ihre vorhandenen analogen Kameras weiter nutzen m\u00f6chten.<\/p><\/div>\t\t\t\t\t\t\t\t<\/div>\n\t\t\t\t<\/div>\n\t\t\t\t\t<\/div>\n\t\t<\/div>\n\t\t\t\t\t<\/div>\n\t\t<\/section>\n\t\t\t\t\t<\/div>\n\t\t<\/div>\n\t\t\t\t\t<\/div>\n\t\t<\/section>\n\t\t\t\t<section data-particle_enable=\"false\" data-particle-mobile-disabled=\"false\" class=\"elementor-section elementor-top-section elementor-element elementor-element-64fdc51c elementor-section-boxed elementor-section-height-default elementor-section-height-default\" data-id=\"64fdc51c\" data-element_type=\"section\" data-e-type=\"section\">\n\t\t\t\t\t\t<div class=\"elementor-container elementor-column-gap-default\">\n\t\t\t\t\t<div class=\"elementor-column elementor-col-100 elementor-top-column elementor-element elementor-element-293e1f36\" data-id=\"293e1f36\" data-element_type=\"column\" data-e-type=\"column\">\n\t\t\t<div class=\"elementor-widget-wrap elementor-element-populated\">\n\t\t\t\t\t\t<div class=\"elementor-element elementor-element-9afab3c elementor-widget elementor-widget-image\" data-id=\"9afab3c\" data-element_type=\"widget\" data-e-type=\"widget\" data-widget_type=\"image.default\">\n\t\t\t\t<div class=\"elementor-widget-container\">\n\t\t\t\t\t\t\t\t\t\t\t\t\t\t\t<img fetchpriority=\"high\" decoding=\"async\" width=\"1024\" height=\"140\" src=\"https:\/\/www.een.com\/wp-content\/uploads\/2022\/06\/analog-1024x140.jpg\" class=\"attachment-large size-large wp-image-142699\" alt=\"analog\" srcset=\"https:\/\/www.een.com\/wp-content\/uploads\/2022\/06\/analog-1024x140.jpg 1024w, https:\/\/www.een.com\/wp-content\/uploads\/2022\/06\/analog-300x41.jpg 300w, https:\/\/www.een.com\/wp-content\/uploads\/2022\/06\/analog-1536x209.jpg 1536w, https:\/\/www.een.com\/wp-content\/uploads\/2022\/06\/analog.jpg 1966w\" sizes=\"(max-width: 1024px) 100vw, 1024px\" title=\"\" \/>\t\t\t\t\t\t\t\t\t\t\t\t\t\t\t<\/div>\n\t\t\t\t<\/div>\n\t\t\t\t\t<\/div>\n\t\t<\/div>\n\t\t\t\t\t<\/div>\n\t\t<\/section>\n\t\t\t\t<\/div>\n\t\t","protected":false},"excerpt":{"rendered":"<p>Eagle Eye Cloud VMS unterst\u00fctzt digitale IP-, analoge, HD-\u00fcber-COAX- und Body Worn-Kameras Digitale IP Analog HD \u00fcber COAX Mobil und am K\u00f6rper getragen Analog Eagle Eye Networks bietet zahlreiche analogf\u00e4hige &hellip;<\/p>\n<p class=\"read-more\"> <a class=\"\" href=\"https:\/\/www.een.com\/de\/unterstuetzung\/kamera-kompatibilitaet-analog\/\"> <span class=\"screen-reader-text\">Kamera-Kompatibilit\u00e4t &#8211; Analog<\/span> Weiterlesen &raquo;<\/a><\/p>\n","protected":false},"author":544,"featured_media":0,"parent":90724,"menu_order":572,"comment_status":"closed","ping_status":"closed","template":"elementor_header_footer","meta":{"_acf_changed":false,"_relevanssi_hide_post":"","_relevanssi_hide_content":"","_relevanssi_pin_for_all":"","_relevanssi_pin_keywords":"","_relevanssi_unpin_keywords":"","_relevanssi_related_keywords":"","_relevanssi_related_include_ids":"","_relevanssi_related_exclude_ids":"","_relevanssi_related_no_append":"","_relevanssi_related_not_related":"","_relevanssi_related_posts":"","_relevanssi_noindex_reason":"","footnotes":""},"class_list":["post-90843","page","type-page","status-publish","hentry"],"acf":[],"aioseo_notices":[],"_links":{"self":[{"href":"https:\/\/www.een.com\/de\/wp-json\/wp\/v2\/pages\/90843","targetHints":{"allow":["GET"]}}],"collection":[{"href":"https:\/\/www.een.com\/de\/wp-json\/wp\/v2\/pages"}],"about":[{"href":"https:\/\/www.een.com\/de\/wp-json\/wp\/v2\/types\/page"}],"author":[{"embeddable":true,"href":"https:\/\/www.een.com\/de\/wp-json\/wp\/v2\/users\/544"}],"replies":[{"embeddable":true,"href":"https:\/\/www.een.com\/de\/wp-json\/wp\/v2\/comments?post=90843"}],"version-history":[{"count":0,"href":"https:\/\/www.een.com\/de\/wp-json\/wp\/v2\/pages\/90843\/revisions"}],"up":[{"embeddable":true,"href":"https:\/\/www.een.com\/de\/wp-json\/wp\/v2\/pages\/90724"}],"wp:attachment":[{"href":"https:\/\/www.een.com\/de\/wp-json\/wp\/v2\/media?parent=90843"}],"curies":[{"name":"wp","href":"https:\/\/api.w.org\/{rel}","templated":true}]}}