{"id":90824,"date":"2019-03-22T15:40:51","date_gmt":"2019-03-22T20:40:51","guid":{"rendered":"https:\/\/www.een.com\/unterstuetzung\/kamera-kompatibilitaet-hd-over-coax\/"},"modified":"2022-06-08T10:03:02","modified_gmt":"2022-06-08T15:03:02","slug":"kamerakompatibilitaet-hd-over-coax","status":"publish","type":"page","link":"https:\/\/www.een.com\/de\/unterstuetzung\/kamerakompatibilitaet-hd-over-coax\/","title":{"rendered":"Kamera-Kompatibilit\u00e4t &#8211; HD \u00fcber Koax"},"content":{"rendered":"\t\t<div data-elementor-type=\"wp-page\" data-elementor-id=\"90824\" class=\"elementor elementor-90824 elementor-90821\" data-elementor-post-type=\"page\">\n\t\t\t\t\t\t<section data-particle_enable=\"false\" data-particle-mobile-disabled=\"false\" class=\"elementor-section elementor-top-section elementor-element elementor-element-12156d23 elementor-section-boxed elementor-section-height-default elementor-section-height-default\" data-id=\"12156d23\" data-element_type=\"section\" data-e-type=\"section\" data-settings=\"{&quot;background_background&quot;:&quot;classic&quot;}\">\n\t\t\t\t\t\t<div class=\"elementor-container elementor-column-gap-default\">\n\t\t\t\t\t<div class=\"elementor-column elementor-col-100 elementor-top-column elementor-element elementor-element-4f353ef\" data-id=\"4f353ef\" data-element_type=\"column\" data-e-type=\"column\">\n\t\t\t<div class=\"elementor-widget-wrap elementor-element-populated\">\n\t\t\t\t\t\t<div class=\"elementor-element elementor-element-be240e8 elementor-widget elementor-widget-heading\" data-id=\"be240e8\" data-element_type=\"widget\" data-e-type=\"widget\" data-widget_type=\"heading.default\">\n\t\t\t\t<div class=\"elementor-widget-container\">\n\t\t\t\t\t<h1 class=\"elementor-heading-title elementor-size-default\">Eagle Eye Cloud VMS unterst\u00fctzt digitale IP-, analoge, HD-\u00fcber-COAX- und Body Worn-Kameras<\/h1>\t\t\t\t<\/div>\n\t\t\t\t<\/div>\n\t\t\t\t<section data-particle_enable=\"false\" data-particle-mobile-disabled=\"false\" class=\"elementor-section elementor-inner-section elementor-element elementor-element-8474e31 elementor-section-boxed elementor-section-height-default elementor-section-height-default\" data-id=\"8474e31\" data-element_type=\"section\" data-e-type=\"section\">\n\t\t\t\t\t\t<div class=\"elementor-container elementor-column-gap-default\">\n\t\t\t\t\t<div class=\"elementor-column elementor-col-25 elementor-inner-column elementor-element elementor-element-cb6ae41\" data-id=\"cb6ae41\" data-element_type=\"column\" data-e-type=\"column\">\n\t\t\t<div class=\"elementor-widget-wrap elementor-element-populated\">\n\t\t\t\t\t\t<div class=\"elementor-element elementor-element-b19141f premium-lq__none elementor-widget elementor-widget-premium-addon-button\" data-id=\"b19141f\" data-element_type=\"widget\" data-e-type=\"widget\" data-settings=\"{&quot;_animation_tablet&quot;:&quot;none&quot;,&quot;_animation_mobile&quot;:&quot;none&quot;}\" data-widget_type=\"premium-addon-button.default\">\n\t\t\t\t<div class=\"elementor-widget-container\">\n\t\t\t\t\t\r\n\r\n\t\t<a class=\"premium-button premium-button-none premium-btn-block premium-button-none\" href=\"https:\/\/www.een.com\/de\/unterstuetzung\/kamera-kompatibilitaet-digital-ip\/\">\r\n\t\t\t<div class=\"premium-button-text-icon-wrapper\">\r\n\t\t\t\t\r\n\t\t\t\t\t\t\t\t\t<span >\r\n\t\t\t\t\t\tDigitale IP\t\t\t\t\t<\/span>\r\n\t\t\t\t\t\t\t<\/div>\r\n\r\n\t\t\t\r\n\t\t\t\r\n\t\t\t\r\n\t\t<\/a>\r\n\r\n\r\n\t\t\t\t\t\t<\/div>\n\t\t\t\t<\/div>\n\t\t\t\t\t<\/div>\n\t\t<\/div>\n\t\t\t\t<div class=\"elementor-column elementor-col-25 elementor-inner-column elementor-element elementor-element-fe6a870\" data-id=\"fe6a870\" data-element_type=\"column\" data-e-type=\"column\">\n\t\t\t<div class=\"elementor-widget-wrap elementor-element-populated\">\n\t\t\t\t\t\t<div class=\"elementor-element elementor-element-126c82b premium-lq__none elementor-widget elementor-widget-premium-addon-button\" data-id=\"126c82b\" data-element_type=\"widget\" data-e-type=\"widget\" data-settings=\"{&quot;_animation_tablet&quot;:&quot;none&quot;,&quot;_animation_mobile&quot;:&quot;none&quot;}\" data-widget_type=\"premium-addon-button.default\">\n\t\t\t\t<div class=\"elementor-widget-container\">\n\t\t\t\t\t\r\n\r\n\t\t<a class=\"premium-button premium-button-none premium-btn-block premium-button-none\" href=\"https:\/\/www.een.com\/de\/unterstuetzung\/kamera-kompatibilitaet-analog\/\">\r\n\t\t\t<div class=\"premium-button-text-icon-wrapper\">\r\n\t\t\t\t\r\n\t\t\t\t\t\t\t\t\t<span >\r\n\t\t\t\t\t\tAnalog\t\t\t\t\t<\/span>\r\n\t\t\t\t\t\t\t<\/div>\r\n\r\n\t\t\t\r\n\t\t\t\r\n\t\t\t\r\n\t\t<\/a>\r\n\r\n\r\n\t\t\t\t\t\t<\/div>\n\t\t\t\t<\/div>\n\t\t\t\t\t<\/div>\n\t\t<\/div>\n\t\t\t\t<div class=\"elementor-column elementor-col-25 elementor-inner-column elementor-element elementor-element-b5c732b\" data-id=\"b5c732b\" data-element_type=\"column\" data-e-type=\"column\">\n\t\t\t<div class=\"elementor-widget-wrap elementor-element-populated\">\n\t\t\t\t\t\t<div class=\"elementor-element elementor-element-34a19b2 premium-lq__none elementor-widget elementor-widget-premium-addon-button\" data-id=\"34a19b2\" data-element_type=\"widget\" data-e-type=\"widget\" data-settings=\"{&quot;_animation_tablet&quot;:&quot;none&quot;,&quot;_animation_mobile&quot;:&quot;none&quot;}\" data-widget_type=\"premium-addon-button.default\">\n\t\t\t\t<div class=\"elementor-widget-container\">\n\t\t\t\t\t\r\n\r\n\t\t<a class=\"premium-button premium-button-none premium-btn-block premium-button-none\" href=\"https:\/\/www.een.com\/de\/unterstuetzung\/kamerakompatibilitaet-hd-over-coax\/\">\r\n\t\t\t<div class=\"premium-button-text-icon-wrapper\">\r\n\t\t\t\t\r\n\t\t\t\t\t\t\t\t\t<span >\r\n\t\t\t\t\t\tHD \u00fcber COAX\t\t\t\t\t<\/span>\r\n\t\t\t\t\t\t\t<\/div>\r\n\r\n\t\t\t\r\n\t\t\t\r\n\t\t\t\r\n\t\t<\/a>\r\n\r\n\r\n\t\t\t\t\t\t<\/div>\n\t\t\t\t<\/div>\n\t\t\t\t\t<\/div>\n\t\t<\/div>\n\t\t\t\t<div class=\"elementor-column elementor-col-25 elementor-inner-column elementor-element elementor-element-37b8e96\" data-id=\"37b8e96\" data-element_type=\"column\" data-e-type=\"column\">\n\t\t\t<div class=\"elementor-widget-wrap elementor-element-populated\">\n\t\t\t\t\t\t<div class=\"elementor-element elementor-element-677fe4c premium-lq__none elementor-widget elementor-widget-premium-addon-button\" data-id=\"677fe4c\" data-element_type=\"widget\" data-e-type=\"widget\" data-settings=\"{&quot;_animation_tablet&quot;:&quot;none&quot;,&quot;_animation_mobile&quot;:&quot;none&quot;}\" data-widget_type=\"premium-addon-button.default\">\n\t\t\t\t<div class=\"elementor-widget-container\">\n\t\t\t\t\t\r\n\r\n\t\t<a class=\"premium-button premium-button-none premium-btn-block premium-button-none\" href=\"https:\/\/www.een.com\/de\/unterstuetzung\/kamera-kompatibilitaet-mobil-am-koerper-tragen\/\">\r\n\t\t\t<div class=\"premium-button-text-icon-wrapper\">\r\n\t\t\t\t\r\n\t\t\t\t\t\t\t\t\t<span >\r\n\t\t\t\t\t\tMobil und am K\u00f6rper getragen\t\t\t\t\t<\/span>\r\n\t\t\t\t\t\t\t<\/div>\r\n\r\n\t\t\t\r\n\t\t\t\r\n\t\t\t\r\n\t\t<\/a>\r\n\r\n\r\n\t\t\t\t\t\t<\/div>\n\t\t\t\t<\/div>\n\t\t\t\t\t<\/div>\n\t\t<\/div>\n\t\t\t\t\t<\/div>\n\t\t<\/section>\n\t\t\t\t<div class=\"elementor-element elementor-element-321b7d9e elementor-widget elementor-widget-heading\" data-id=\"321b7d9e\" data-element_type=\"widget\" data-e-type=\"widget\" data-widget_type=\"heading.default\">\n\t\t\t\t<div class=\"elementor-widget-container\">\n\t\t\t\t\t<h2 class=\"elementor-heading-title elementor-size-default\">HD \u00fcber COAX<\/h2>\t\t\t\t<\/div>\n\t\t\t\t<\/div>\n\t\t\t\t<section data-particle_enable=\"false\" data-particle-mobile-disabled=\"false\" class=\"elementor-section elementor-inner-section elementor-element elementor-element-d63fda elementor-section-boxed elementor-section-height-default elementor-section-height-default\" data-id=\"d63fda\" data-element_type=\"section\" data-e-type=\"section\">\n\t\t\t\t\t\t<div class=\"elementor-container elementor-column-gap-default\">\n\t\t\t\t\t<div class=\"elementor-column elementor-col-100 elementor-inner-column elementor-element elementor-element-2a28a1fc\" data-id=\"2a28a1fc\" data-element_type=\"column\" data-e-type=\"column\">\n\t\t\t<div class=\"elementor-widget-wrap elementor-element-populated\">\n\t\t\t\t\t\t<div class=\"elementor-element elementor-element-3fa2bf9f elementor-widget elementor-widget-text-editor\" data-id=\"3fa2bf9f\" data-element_type=\"widget\" data-e-type=\"widget\" data-widget_type=\"text-editor.default\">\n\t\t\t\t<div class=\"elementor-widget-container\">\n\t\t\t\t\t\t\t\t\t<p>HD-Kameras, die \u00fcber Koaxialkabel kommunizieren, sind ein wachsender Teil des Videomarktes und Eagle Eye Networks arbeitet mit mehreren Technologiepartnern zusammen, um diese Art von Kameras zu unterst\u00fctzen. Die Verwendung von HD Over Coax-Kameras erfordert einen Rekorder oder Encoder, der mit den jeweiligen Kameras (TVI, SVI, CVI oder andere HD Over Coax-Technologie) kompatibel ist und von Eagle Eye Networks unterst\u00fctzt wird. Unterst\u00fctzte Rekorder oder Encoder werden \u00fcber den CamLAN-Anschluss mit der Eagle Eye Bridge oder CMVR verbunden, und die Bridge empf\u00e4ngt zwei Streams pro Kamera vom Ger\u00e4t.<\/p>\t\t\t\t\t\t\t\t<\/div>\n\t\t\t\t<\/div>\n\t\t\t\t<div class=\"elementor-element elementor-element-aa858bd elementor-widget elementor-widget-text-editor\" data-id=\"aa858bd\" data-element_type=\"widget\" data-e-type=\"widget\" data-widget_type=\"text-editor.default\">\n\t\t\t\t<div class=\"elementor-widget-container\">\n\t\t\t\t\t\t\t\t\t<p>Kompatible Rekorder und Encoder werden:<\/p><ul><li>Funktioniert mit jeder Eagle Eye Bridge oder CMVR<\/li><li>Sind Sie bei der Verwendung von Eagle Eye&#8217;s CamLAN cybersicher<\/li><li>Erm\u00f6glicht die Auswahl der Aufl\u00f6sung f\u00fcr jede einzelne Kamera<\/li><li>Erm\u00f6glicht die Auswahl der Speicherung f\u00fcr jede einzelne Kamera<\/li><\/ul>\t\t\t\t\t\t\t\t<\/div>\n\t\t\t\t<\/div>\n\t\t\t\t<div class=\"elementor-element elementor-element-bdac503 elementor-widget elementor-widget-text-editor\" data-id=\"bdac503\" data-element_type=\"widget\" data-e-type=\"widget\" data-widget_type=\"text-editor.default\">\n\t\t\t\t<div class=\"elementor-widget-container\">\n\t\t\t\t\t\t\t\t\t<p>Zus\u00e4tzlich zu den Vorteilen der Eagle Eye Cloud bietet HD Over Coax spezifische Vorteile gegen\u00fcber analogen oder IP-basierten Standardsystemen:<\/p><ul><li>4x l\u00e4ngere Kabelwege im Vergleich zu Ethernet<\/li><li>Die Kosten f\u00fcr Kameras sind im Allgemeinen niedriger als f\u00fcr IP-Kameras.<\/li><li>Plug and Play Kamera-Installation<\/li><li>Sichere und stabile Umgebung (keine I.P.s, Latenz, QoS oder Netzwerkprobleme)<\/li><li>2MP-Kameras bieten eine f\u00fcnf- bis sechsmal h\u00f6here Aufl\u00f6sung als analoge CCTV-Kameras<\/li><\/ul>\t\t\t\t\t\t\t\t<\/div>\n\t\t\t\t<\/div>\n\t\t\t\t\t<\/div>\n\t\t<\/div>\n\t\t\t\t\t<\/div>\n\t\t<\/section>\n\t\t\t\t\t<\/div>\n\t\t<\/div>\n\t\t\t\t\t<\/div>\n\t\t<\/section>\n\t\t\t\t<section data-particle_enable=\"false\" data-particle-mobile-disabled=\"false\" class=\"elementor-section elementor-top-section elementor-element elementor-element-74463dc9 elementor-section-stretched elementor-section-full_width elementor-section-height-default elementor-section-height-default\" data-id=\"74463dc9\" data-element_type=\"section\" data-e-type=\"section\" data-settings=\"{&quot;stretch_section&quot;:&quot;section-stretched&quot;}\">\n\t\t\t\t\t\t<div class=\"elementor-container elementor-column-gap-default\">\n\t\t\t\t\t<div class=\"elementor-column elementor-col-100 elementor-top-column elementor-element elementor-element-76f77342\" data-id=\"76f77342\" data-element_type=\"column\" data-e-type=\"column\">\n\t\t\t<div class=\"elementor-widget-wrap elementor-element-populated\">\n\t\t\t\t\t\t<div class=\"elementor-element elementor-element-39bd5286 elementor-widget elementor-widget-shortcode\" data-id=\"39bd5286\" data-element_type=\"widget\" data-e-type=\"widget\" data-widget_type=\"shortcode.default\">\n\t\t\t\t<div class=\"elementor-widget-container\">\n\t\t\t\t\t\t\t<div class=\"elementor-shortcode\"><div id=\"footable_parent_114773\"\n         class=\" footable_parent ninja_table_wrapper loading_ninja_table wp_table_data_press_parent bootstrap4 \">\n                <table data-ninja_table_instance=\"ninja_table_instance_0\" data-footable_id=\"114773\" data-filter-delay=\"1000\" aria-label=\"HD Cameras\"            id=\"footable_114773\"\n           data-unique_identifier=\"ninja_table_unique_id_840911273_114773\"\n           class=\" foo-table ninja_footable foo_table_114773 ninja_table_unique_id_840911273_114773 table  ninja_search_left nt_type_ajax_table vertical_centered  footable-paging-right ninja_table_pro\">\n                <colgroup>\n                            <col class=\"ninja_column_0 \">\n                            <col class=\"ninja_column_1 \">\n                            <col class=\"ninja_column_2 \">\n                            <col class=\"ninja_column_3 \">\n                            <col class=\"ninja_column_4 \">\n                            <col class=\"ninja_column_5 \">\n                            <col class=\"ninja_column_6 \">\n                            <col class=\"ninja_column_7 \">\n                            <col class=\"ninja_column_8 \">\n                            <col class=\"ninja_column_9 \">\n                            <col class=\"ninja_column_10 \">\n                    <\/colgroup>\n            <\/table>\n    \n    \n    \n<\/div>\n<\/div>\n\t\t\t\t\t\t<\/div>\n\t\t\t\t<\/div>\n\t\t\t\t\t<\/div>\n\t\t<\/div>\n\t\t\t\t\t<\/div>\n\t\t<\/section>\n\t\t\t\t<\/div>\n\t\t","protected":false},"excerpt":{"rendered":"<p>Eagle Eye Cloud VMS unterst\u00fctzt digitale IP-, analoge, HD-\u00fcber-COAX- und Body Worn-Kameras Digitale IP Analog HD \u00fcber COAX Mobil und am K\u00f6rper getragen HD \u00fcber COAX HD-Kameras, die \u00fcber Koaxialkabel &hellip;<\/p>\n<p class=\"read-more\"> <a class=\"\" href=\"https:\/\/www.een.com\/de\/unterstuetzung\/kamerakompatibilitaet-hd-over-coax\/\"> <span class=\"screen-reader-text\">Kamera-Kompatibilit\u00e4t &#8211; HD \u00fcber Koax<\/span> Weiterlesen &raquo;<\/a><\/p>\n","protected":false},"author":544,"featured_media":0,"parent":90724,"menu_order":807,"comment_status":"closed","ping_status":"closed","template":"elementor_header_footer","meta":{"_acf_changed":false,"_relevanssi_hide_post":"","_relevanssi_hide_content":"","_relevanssi_pin_for_all":"","_relevanssi_pin_keywords":"","_relevanssi_unpin_keywords":"","_relevanssi_related_keywords":"","_relevanssi_related_include_ids":"","_relevanssi_related_exclude_ids":"","_relevanssi_related_no_append":"","_relevanssi_related_not_related":"","_relevanssi_related_posts":"","_relevanssi_noindex_reason":"","footnotes":""},"class_list":["post-90824","page","type-page","status-publish","hentry"],"acf":[],"aioseo_notices":[],"_links":{"self":[{"href":"https:\/\/www.een.com\/de\/wp-json\/wp\/v2\/pages\/90824","targetHints":{"allow":["GET"]}}],"collection":[{"href":"https:\/\/www.een.com\/de\/wp-json\/wp\/v2\/pages"}],"about":[{"href":"https:\/\/www.een.com\/de\/wp-json\/wp\/v2\/types\/page"}],"author":[{"embeddable":true,"href":"https:\/\/www.een.com\/de\/wp-json\/wp\/v2\/users\/544"}],"replies":[{"embeddable":true,"href":"https:\/\/www.een.com\/de\/wp-json\/wp\/v2\/comments?post=90824"}],"version-history":[{"count":0,"href":"https:\/\/www.een.com\/de\/wp-json\/wp\/v2\/pages\/90824\/revisions"}],"up":[{"embeddable":true,"href":"https:\/\/www.een.com\/de\/wp-json\/wp\/v2\/pages\/90724"}],"wp:attachment":[{"href":"https:\/\/www.een.com\/de\/wp-json\/wp\/v2\/media?parent=90824"}],"curies":[{"name":"wp","href":"https:\/\/api.w.org\/{rel}","templated":true}]}}