{"id":90817,"date":"2019-03-22T15:26:58","date_gmt":"2019-03-22T20:26:58","guid":{"rendered":"https:\/\/www.een.com\/unterstuetzung\/kamera-kompatibilitaet-am-koerper-getragene-kameras\/"},"modified":"2022-06-08T10:04:13","modified_gmt":"2022-06-08T15:04:13","slug":"kamera-kompatibilitaet-mobil-am-koerper-tragen","status":"publish","type":"page","link":"https:\/\/www.een.com\/de\/unterstuetzung\/kamera-kompatibilitaet-mobil-am-koerper-tragen\/","title":{"rendered":"Kamerakompatibilit\u00e4t &#8211; mobil und am K\u00f6rper getragen"},"content":{"rendered":"\t\t<div data-elementor-type=\"wp-page\" data-elementor-id=\"90817\" class=\"elementor elementor-90817 elementor-90813\" data-elementor-post-type=\"page\">\n\t\t\t\t\t\t<section data-particle_enable=\"false\" data-particle-mobile-disabled=\"false\" class=\"elementor-section elementor-top-section elementor-element elementor-element-52ec7977 elementor-section-boxed elementor-section-height-default elementor-section-height-default\" data-id=\"52ec7977\" data-element_type=\"section\" data-e-type=\"section\" data-settings=\"{&quot;background_background&quot;:&quot;classic&quot;}\">\n\t\t\t\t\t\t<div class=\"elementor-container elementor-column-gap-default\">\n\t\t\t\t\t<div class=\"elementor-column elementor-col-100 elementor-top-column elementor-element elementor-element-5fd0388f\" data-id=\"5fd0388f\" data-element_type=\"column\" data-e-type=\"column\">\n\t\t\t<div class=\"elementor-widget-wrap elementor-element-populated\">\n\t\t\t\t\t\t<div class=\"elementor-element elementor-element-871dc6b elementor-widget elementor-widget-heading\" data-id=\"871dc6b\" data-element_type=\"widget\" data-e-type=\"widget\" data-widget_type=\"heading.default\">\n\t\t\t\t<div class=\"elementor-widget-container\">\n\t\t\t\t\t<h1 class=\"elementor-heading-title elementor-size-default\">Eagle Eye Cloud VMS unterst\u00fctzt digitale IP-, analoge, HD-\u00fcber-COAX- und Body Worn-Kameras<\/h1>\t\t\t\t<\/div>\n\t\t\t\t<\/div>\n\t\t\t\t<section data-particle_enable=\"false\" data-particle-mobile-disabled=\"false\" class=\"elementor-section elementor-inner-section elementor-element elementor-element-a1831d0 elementor-section-boxed elementor-section-height-default elementor-section-height-default\" data-id=\"a1831d0\" data-element_type=\"section\" data-e-type=\"section\">\n\t\t\t\t\t\t<div class=\"elementor-container elementor-column-gap-default\">\n\t\t\t\t\t<div class=\"elementor-column elementor-col-25 elementor-inner-column elementor-element elementor-element-69d2ea2\" data-id=\"69d2ea2\" data-element_type=\"column\" data-e-type=\"column\">\n\t\t\t<div class=\"elementor-widget-wrap elementor-element-populated\">\n\t\t\t\t\t\t<div class=\"elementor-element elementor-element-ef4e004 premium-lq__none elementor-widget elementor-widget-premium-addon-button\" data-id=\"ef4e004\" data-element_type=\"widget\" data-e-type=\"widget\" data-settings=\"{&quot;_animation_tablet&quot;:&quot;none&quot;,&quot;_animation_mobile&quot;:&quot;none&quot;}\" data-widget_type=\"premium-addon-button.default\">\n\t\t\t\t<div class=\"elementor-widget-container\">\n\t\t\t\t\t\r\n\r\n\t\t<a class=\"premium-button premium-button-none premium-btn-block premium-button-none\" href=\"https:\/\/www.een.com\/de\/unterstuetzung\/kamera-kompatibilitaet-digital-ip\/\">\r\n\t\t\t<div class=\"premium-button-text-icon-wrapper\">\r\n\t\t\t\t\r\n\t\t\t\t\t\t\t\t\t<span >\r\n\t\t\t\t\t\tDigitale IP\t\t\t\t\t<\/span>\r\n\t\t\t\t\t\t\t<\/div>\r\n\r\n\t\t\t\r\n\t\t\t\r\n\t\t\t\r\n\t\t<\/a>\r\n\r\n\r\n\t\t\t\t\t\t<\/div>\n\t\t\t\t<\/div>\n\t\t\t\t\t<\/div>\n\t\t<\/div>\n\t\t\t\t<div class=\"elementor-column elementor-col-25 elementor-inner-column elementor-element elementor-element-fd5cc4f\" data-id=\"fd5cc4f\" data-element_type=\"column\" data-e-type=\"column\">\n\t\t\t<div class=\"elementor-widget-wrap elementor-element-populated\">\n\t\t\t\t\t\t<div class=\"elementor-element elementor-element-3137884 premium-lq__none elementor-widget elementor-widget-premium-addon-button\" data-id=\"3137884\" data-element_type=\"widget\" data-e-type=\"widget\" data-settings=\"{&quot;_animation_tablet&quot;:&quot;none&quot;,&quot;_animation_mobile&quot;:&quot;none&quot;}\" data-widget_type=\"premium-addon-button.default\">\n\t\t\t\t<div class=\"elementor-widget-container\">\n\t\t\t\t\t\r\n\r\n\t\t<a class=\"premium-button premium-button-none premium-btn-block premium-button-none\" href=\"https:\/\/www.een.com\/de\/unterstuetzung\/kamera-kompatibilitaet-analog\/\">\r\n\t\t\t<div class=\"premium-button-text-icon-wrapper\">\r\n\t\t\t\t\r\n\t\t\t\t\t\t\t\t\t<span >\r\n\t\t\t\t\t\tAnalog\t\t\t\t\t<\/span>\r\n\t\t\t\t\t\t\t<\/div>\r\n\r\n\t\t\t\r\n\t\t\t\r\n\t\t\t\r\n\t\t<\/a>\r\n\r\n\r\n\t\t\t\t\t\t<\/div>\n\t\t\t\t<\/div>\n\t\t\t\t\t<\/div>\n\t\t<\/div>\n\t\t\t\t<div class=\"elementor-column elementor-col-25 elementor-inner-column elementor-element elementor-element-19d091a\" data-id=\"19d091a\" data-element_type=\"column\" data-e-type=\"column\">\n\t\t\t<div class=\"elementor-widget-wrap elementor-element-populated\">\n\t\t\t\t\t\t<div class=\"elementor-element elementor-element-9285c77 premium-lq__none elementor-widget elementor-widget-premium-addon-button\" data-id=\"9285c77\" data-element_type=\"widget\" data-e-type=\"widget\" data-settings=\"{&quot;_animation_tablet&quot;:&quot;none&quot;,&quot;_animation_mobile&quot;:&quot;none&quot;}\" data-widget_type=\"premium-addon-button.default\">\n\t\t\t\t<div class=\"elementor-widget-container\">\n\t\t\t\t\t\r\n\r\n\t\t<a class=\"premium-button premium-button-none premium-btn-block premium-button-none\" href=\"https:\/\/www.een.com\/de\/unterstuetzung\/kamerakompatibilitaet-hd-over-coax\/\">\r\n\t\t\t<div class=\"premium-button-text-icon-wrapper\">\r\n\t\t\t\t\r\n\t\t\t\t\t\t\t\t\t<span >\r\n\t\t\t\t\t\tHD \u00fcber COAX\t\t\t\t\t<\/span>\r\n\t\t\t\t\t\t\t<\/div>\r\n\r\n\t\t\t\r\n\t\t\t\r\n\t\t\t\r\n\t\t<\/a>\r\n\r\n\r\n\t\t\t\t\t\t<\/div>\n\t\t\t\t<\/div>\n\t\t\t\t\t<\/div>\n\t\t<\/div>\n\t\t\t\t<div class=\"elementor-column elementor-col-25 elementor-inner-column elementor-element elementor-element-80248e1\" data-id=\"80248e1\" data-element_type=\"column\" data-e-type=\"column\">\n\t\t\t<div class=\"elementor-widget-wrap elementor-element-populated\">\n\t\t\t\t\t\t<div class=\"elementor-element elementor-element-7ec1c2d premium-lq__none elementor-widget elementor-widget-premium-addon-button\" data-id=\"7ec1c2d\" data-element_type=\"widget\" data-e-type=\"widget\" data-settings=\"{&quot;_animation_tablet&quot;:&quot;none&quot;,&quot;_animation_mobile&quot;:&quot;none&quot;}\" data-widget_type=\"premium-addon-button.default\">\n\t\t\t\t<div class=\"elementor-widget-container\">\n\t\t\t\t\t\r\n\r\n\t\t<a class=\"premium-button premium-button-none premium-btn-block premium-button-none\" href=\"https:\/\/www.een.com\/de\/unterstuetzung\/kamera-kompatibilitaet-mobil-am-koerper-tragen\/\">\r\n\t\t\t<div class=\"premium-button-text-icon-wrapper\">\r\n\t\t\t\t\r\n\t\t\t\t\t\t\t\t\t<span >\r\n\t\t\t\t\t\tMobil und am K\u00f6rper getragen\t\t\t\t\t<\/span>\r\n\t\t\t\t\t\t\t<\/div>\r\n\r\n\t\t\t\r\n\t\t\t\r\n\t\t\t\r\n\t\t<\/a>\r\n\r\n\r\n\t\t\t\t\t\t<\/div>\n\t\t\t\t<\/div>\n\t\t\t\t\t<\/div>\n\t\t<\/div>\n\t\t\t\t\t<\/div>\n\t\t<\/section>\n\t\t\t\t<div class=\"elementor-element elementor-element-3eca4068 elementor-widget elementor-widget-heading\" data-id=\"3eca4068\" data-element_type=\"widget\" data-e-type=\"widget\" data-widget_type=\"heading.default\">\n\t\t\t\t<div class=\"elementor-widget-container\">\n\t\t\t\t\t<h2 class=\"elementor-heading-title elementor-size-default\">Mobil und am K\u00f6rper getragen<\/h2>\t\t\t\t<\/div>\n\t\t\t\t<\/div>\n\t\t\t\t<section data-particle_enable=\"false\" data-particle-mobile-disabled=\"false\" class=\"elementor-section elementor-inner-section elementor-element elementor-element-10aac2e1 elementor-section-boxed elementor-section-height-default elementor-section-height-default\" data-id=\"10aac2e1\" data-element_type=\"section\" data-e-type=\"section\">\n\t\t\t\t\t\t<div class=\"elementor-container elementor-column-gap-default\">\n\t\t\t\t\t<div class=\"elementor-column elementor-col-100 elementor-inner-column elementor-element elementor-element-6d8890b5\" data-id=\"6d8890b5\" data-element_type=\"column\" data-e-type=\"column\">\n\t\t\t<div class=\"elementor-widget-wrap elementor-element-populated\">\n\t\t\t\t\t\t<div class=\"elementor-element elementor-element-74f8fd09 elementor-widget elementor-widget-text-editor\" data-id=\"74f8fd09\" data-element_type=\"widget\" data-e-type=\"widget\" data-widget_type=\"text-editor.default\">\n\t\t\t\t<div class=\"elementor-widget-container\">\n\t\t\t\t\t\t\t\t\tErfahren Sie <a href=\"https:\/\/www.een.com\/de\/produkt\/mobile-kamera-kompatibilitaet\/\" target=\"_blank\" rel=\"noopener\">hier<\/a> mehr \u00fcber das Angebot von Eagle Eye Body Camera. Wenden Sie sich bitte an unser technisches Support-Team, wenn Sie Support f\u00fcr eine Handy- oder K\u00f6rperkamera anfordern m\u00f6chten, die nicht in dieser Liste aufgef\u00fchrt ist.\t\t\t\t\t\t\t\t<\/div>\n\t\t\t\t<\/div>\n\t\t\t\t\t<\/div>\n\t\t<\/div>\n\t\t\t\t\t<\/div>\n\t\t<\/section>\n\t\t\t\t\t<\/div>\n\t\t<\/div>\n\t\t\t\t\t<\/div>\n\t\t<\/section>\n\t\t\t\t<section data-particle_enable=\"false\" data-particle-mobile-disabled=\"false\" class=\"elementor-section elementor-top-section elementor-element elementor-element-1f328c7d elementor-section-boxed elementor-section-height-default elementor-section-height-default\" data-id=\"1f328c7d\" data-element_type=\"section\" data-e-type=\"section\">\n\t\t\t\t\t\t<div class=\"elementor-container elementor-column-gap-default\">\n\t\t\t\t\t<div class=\"elementor-column elementor-col-100 elementor-top-column elementor-element elementor-element-3aa60d24\" data-id=\"3aa60d24\" data-element_type=\"column\" data-e-type=\"column\">\n\t\t\t<div class=\"elementor-widget-wrap elementor-element-populated\">\n\t\t\t\t\t\t<div class=\"elementor-element elementor-element-cdd66f4 elementor-widget elementor-widget-shortcode\" data-id=\"cdd66f4\" data-element_type=\"widget\" data-e-type=\"widget\" data-widget_type=\"shortcode.default\">\n\t\t\t\t<div class=\"elementor-widget-container\">\n\t\t\t\t\t\t\t<div class=\"elementor-shortcode\"><div id=\"footable_parent_74201\"\n         class=\" footable_parent ninja_table_wrapper loading_ninja_table wp_table_data_press_parent bootstrap4 \">\n                <table data-ninja_table_instance=\"ninja_table_instance_0\" data-footable_id=\"74201\" data-filter-delay=\"1000\" aria-label=\"body cameras\"            id=\"footable_74201\"\n           data-unique_identifier=\"ninja_table_unique_id_827421519_74201\"\n           class=\" foo-table ninja_footable foo_table_74201 ninja_table_unique_id_827421519_74201 table  nt_type_legacy_table vertical_centered  footable-paging-right ninja_table_search_disabled ninja_table_pro\">\n                <colgroup>\n                            <col class=\"ninja_column_0 \">\n                            <col class=\"ninja_column_1 \">\n                            <col class=\"ninja_column_2 \">\n                            <col class=\"ninja_column_3 \">\n                            <col class=\"ninja_column_4 \">\n                            <col class=\"ninja_column_5 \">\n                            <col class=\"ninja_column_6 \">\n                            <col class=\"ninja_column_7 \">\n                            <col class=\"ninja_column_8 \">\n                    <\/colgroup>\n        <thead>\n<tr class=\"footable-header\">\n                                                                                                                                                        <th scope=\"col\"  class=\"ninja_column_0 ninja_clmn_nm_make \">Make<\/th><th scope=\"col\"  class=\"ninja_column_1 ninja_clmn_nm_model \">Model<\/th><th scope=\"col\"  class=\"ninja_column_2 ninja_clmn_nm_knownissues \">Known Issues<\/th><th scope=\"col\"  class=\"ninja_column_3 ninja_clmn_nm_storage \">Storage<\/th><th scope=\"col\"  class=\"ninja_column_4 ninja_clmn_nm_audio \">Audio<\/th><th scope=\"col\"  class=\"ninja_column_5 ninja_clmn_nm_previewresolution \">Preview Resolution<\/th><th scope=\"col\"  class=\"ninja_column_6 ninja_clmn_nm_videoresolution \">Video Resolution<\/th><th scope=\"col\"  class=\"ninja_column_7 ninja_clmn_nm_supportdate \">Support Date<\/th><th scope=\"col\"  class=\"ninja_column_8 ninja_clmn_nm_support \">Support<\/th><\/tr>\n<\/thead>\n<tbody>\n\n        <tr data-row_id=\"33807\" class=\"ninja_table_row_0 nt_row_id_33807\">\n            <td>HIKVISION<\/td><td>DS-MH2211<\/td><td><\/td><td>32GB<\/td><td>Yes<\/td><td>cif, std<\/td><td>1080P<\/td><td>2019-06-01<\/td><td><a href=\"https:\/\/www.dropbox.com\/sh\/cjv233l33sfk0tb\/AAAjCNveiZ8gHM7--QP_FCxOa?dl=0\" target=\"_blank\" rel=\"noopener\">Guide & Firmware<\/a><\/td>        <\/tr>\n            <tr data-row_id=\"33808\" class=\"ninja_table_row_1 nt_row_id_33808\">\n            <td>HIKVISION<\/td><td>DS-MH2311<\/td><td><\/td><td>32GB<\/td><td>Yes<\/td><td>cif, std<\/td><td>1080P<\/td><td>2019-06-01<\/td><td><a href=\"https:\/\/www.dropbox.com\/sh\/z9wins9b319wico\/AABg1bG0Wq4FNZs2yBwsf0zea?dl=0\" target=\"_blank\" rel=\"noopener\">Guide & Firmware<\/a><\/td>        <\/tr>\n            <tr data-row_id=\"33809\" class=\"ninja_table_row_2 nt_row_id_33809\">\n            <td>HIKVISION<\/td><td>DS-MH6111<\/td><td><\/td><td>up to 32GB<\/td><td>Yes<\/td><td>cif, std<\/td><td>720P<\/td><td>2019-06-01<\/td><td><a href=\"https:\/\/www.dropbox.com\/sh\/r2hbg9j8ytip2he\/AAAkUfrCj4UYfKzGxF17zmZEa?dl=0\" target=\"_blank\" rel=\"noopener\">Guide & Firmware<\/a><\/td>        <\/tr>\n            <tr data-row_id=\"33810\" class=\"ninja_table_row_3 nt_row_id_33810\">\n            <td>MIUFLY<\/td><td>2019 1296P 32GB<\/td><td>stable functioning is not guaranteed<\/td><td>32GB<\/td><td>Yes<\/td><td>cif, std<\/td><td>1080P<\/td><td>2019-06-01<\/td><td><a href=\"https:\/\/www.dropbox.com\/s\/cwig0gqwzcrm7lt\/Generic%20Body%20Worn%20QuickStart.pdf?dl=0\" target=\"_blank\" rel=\"noopener\">Guide<\/a><\/td>        <\/tr>\n            <tr data-row_id=\"33811\" class=\"ninja_table_row_4 nt_row_id_33811\">\n            <td>R-TECH<\/td><td>2019 1296P 32GB<\/td><td>stable functioning is not guaranteed<\/td><td>32GB<\/td><td>Yes<\/td><td>cif, std<\/td><td>1080P<\/td><td>2019-06-01<\/td><td><a href=\"https:\/\/www.dropbox.com\/s\/cwig0gqwzcrm7lt\/Generic%20Body%20Worn%20QuickStart.pdf?dl=0\" target=\"_blank\" rel=\"noopener\">Guide<\/a><\/td>        <\/tr>\n            <tr data-row_id=\"33812\" class=\"ninja_table_row_5 nt_row_id_33812\">\n            <td>SMONET<\/td><td>2019 32GB<\/td><td>stable functioning is not guaranteed<\/td><td>32GB<\/td><td>Yes<\/td><td>cif, std<\/td><td>1080P<\/td><td>2019-06-01<\/td><td><a href=\"https:\/\/www.dropbox.com\/s\/cwig0gqwzcrm7lt\/Generic%20Body%20Worn%20QuickStart.pdf?dl=0\" target=\"_blank\" rel=\"noopener\">Guide<\/a><\/td>        <\/tr>\n            <tr data-row_id=\"33813\" class=\"ninja_table_row_6 nt_row_id_33813\">\n            <td>GoPro<\/td><td>Hero 2<\/td><td><\/td><td>up to 32GB<\/td><td>Yes<\/td><td>cif, std<\/td><td>1080P<\/td><td>2019-06-01<\/td><td><a href=\"https:\/\/www.dropbox.com\/s\/cwig0gqwzcrm7lt\/Generic%20Body%20Worn%20QuickStart.pdf?dl=0\" target=\"_blank\" rel=\"noopener\">Guide<\/a><\/td>        <\/tr>\n    <\/tbody><!--ninja_tobody_rendering_done-->\n    <\/table>\n    \n    \n    \n<\/div>\n<\/div>\n\t\t\t\t\t\t<\/div>\n\t\t\t\t<\/div>\n\t\t\t\t\t<\/div>\n\t\t<\/div>\n\t\t\t\t\t<\/div>\n\t\t<\/section>\n\t\t\t\t<\/div>\n\t\t","protected":false},"excerpt":{"rendered":"<p>Eagle Eye Cloud VMS unterst\u00fctzt digitale IP-, analoge, HD-\u00fcber-COAX- und Body Worn-Kameras Digitale IP Analog HD \u00fcber COAX Mobil und am K\u00f6rper getragen Mobil und am K\u00f6rper getragen Erfahren Sie &hellip;<\/p>\n<p class=\"read-more\"> <a class=\"\" href=\"https:\/\/www.een.com\/de\/unterstuetzung\/kamera-kompatibilitaet-mobil-am-koerper-tragen\/\"> <span class=\"screen-reader-text\">Kamerakompatibilit\u00e4t &#8211; mobil und am K\u00f6rper getragen<\/span> Weiterlesen &raquo;<\/a><\/p>\n","protected":false},"author":544,"featured_media":0,"parent":90724,"menu_order":813,"comment_status":"closed","ping_status":"closed","template":"elementor_header_footer","meta":{"_acf_changed":false,"_relevanssi_hide_post":"","_relevanssi_hide_content":"","_relevanssi_pin_for_all":"","_relevanssi_pin_keywords":"","_relevanssi_unpin_keywords":"","_relevanssi_related_keywords":"","_relevanssi_related_include_ids":"","_relevanssi_related_exclude_ids":"","_relevanssi_related_no_append":"","_relevanssi_related_not_related":"","_relevanssi_related_posts":"","_relevanssi_noindex_reason":"","footnotes":""},"class_list":["post-90817","page","type-page","status-publish","hentry"],"acf":[],"aioseo_notices":[],"_links":{"self":[{"href":"https:\/\/www.een.com\/de\/wp-json\/wp\/v2\/pages\/90817","targetHints":{"allow":["GET"]}}],"collection":[{"href":"https:\/\/www.een.com\/de\/wp-json\/wp\/v2\/pages"}],"about":[{"href":"https:\/\/www.een.com\/de\/wp-json\/wp\/v2\/types\/page"}],"author":[{"embeddable":true,"href":"https:\/\/www.een.com\/de\/wp-json\/wp\/v2\/users\/544"}],"replies":[{"embeddable":true,"href":"https:\/\/www.een.com\/de\/wp-json\/wp\/v2\/comments?post=90817"}],"version-history":[{"count":0,"href":"https:\/\/www.een.com\/de\/wp-json\/wp\/v2\/pages\/90817\/revisions"}],"up":[{"embeddable":true,"href":"https:\/\/www.een.com\/de\/wp-json\/wp\/v2\/pages\/90724"}],"wp:attachment":[{"href":"https:\/\/www.een.com\/de\/wp-json\/wp\/v2\/media?parent=90817"}],"curies":[{"name":"wp","href":"https:\/\/api.w.org\/{rel}","templated":true}]}}