{"id":180825,"date":"2022-08-09T16:29:29","date_gmt":"2022-08-09T21:29:29","guid":{"rendered":"https:\/\/www.een.com\/unterstuetzung\/networked-speakers-and-intercoms\/"},"modified":"2024-10-07T16:18:46","modified_gmt":"2024-10-07T21:18:46","slug":"vernetzte-lautsprecher-und-gegensprechanlagen","status":"publish","type":"page","link":"https:\/\/www.een.com\/de\/unterstuetzung\/vernetzte-lautsprecher-und-gegensprechanlagen\/","title":{"rendered":"Vernetzte Lautsprecher und Gegensprechanlagen"},"content":{"rendered":"\t\t<div data-elementor-type=\"wp-page\" data-elementor-id=\"180825\" class=\"elementor elementor-180825 elementor-145908\" data-elementor-post-type=\"page\">\n\t\t\t\t\t\t<section data-particle_enable=\"false\" data-particle-mobile-disabled=\"false\" class=\"elementor-section elementor-top-section elementor-element elementor-element-15ffb9f elementor-section-boxed elementor-section-height-default elementor-section-height-default\" data-id=\"15ffb9f\" data-element_type=\"section\" data-e-type=\"section\">\n\t\t\t\t\t\t<div class=\"elementor-container elementor-column-gap-default\">\n\t\t\t\t\t<div class=\"elementor-column elementor-col-100 elementor-top-column elementor-element elementor-element-41244af\" data-id=\"41244af\" data-element_type=\"column\" data-e-type=\"column\">\n\t\t\t<div class=\"elementor-widget-wrap elementor-element-populated\">\n\t\t\t\t\t\t<div class=\"elementor-element elementor-element-0c9e8ed elementor-widget elementor-widget-heading\" data-id=\"0c9e8ed\" data-element_type=\"widget\" data-e-type=\"widget\" data-widget_type=\"heading.default\">\n\t\t\t\t<div class=\"elementor-widget-container\">\n\t\t\t\t\t<h1 class=\"elementor-heading-title elementor-size-default\">Vernetzte Lautsprecher und Gegensprechanlagen<\/h1>\t\t\t\t<\/div>\n\t\t\t\t<\/div>\n\t\t\t\t<div class=\"elementor-element elementor-element-7912ea3 elementor-widget elementor-widget-text-editor\" data-id=\"7912ea3\" data-element_type=\"widget\" data-e-type=\"widget\" data-widget_type=\"text-editor.default\">\n\t\t\t\t<div class=\"elementor-widget-container\">\n\t\t\t\t\t\t\t\t\t<p><span style=\"font-weight: 400;\">Eagle Eye Networks bietet mobile Zwei-Wege-Audiokommunikation mit 2-Way <a href=\"https:\/\/www.een.com\/de\/2-wege-audio\/\">Audio<\/a><\/span><span style=\"font-weight: 400;\">. Connect a supported IP Speaker to any Eagle Eye Bridge and use this audio feature through the VMS (Video Management System) dashboard. 2-Way Audio now supports IP cameras with an integrated microphone and speaker.  &nbsp;<\/span><\/p>\n<p><span style=\"font-weight: 400;\">Die <\/span><a href=\"https:\/\/www.een.com\/de\/produkt\/cloud-vms-systemubersicht\/\"><span style=\"font-weight: 400;\">Eagle Eye Cloud VMS<\/span><\/a><span style=\"font-weight: 400;\">  ist auch mit den unten aufgef\u00fchrten IP-Lautsprechern kompatibel und ist dabei, weitere hinzuzuf\u00fcgen. Bitte beachten Sie, dass IP-Lautsprecher ONVIF- und SIP-Unterst\u00fctzung ben\u00f6tigen. Wenn Ihr Ger\u00e4t derzeit nicht unterst\u00fctzt wird und Sie dies beantragen m\u00f6chten, vergewissern Sie sich bitte zun\u00e4chst, dass Ihr Ger\u00e4t ONVIF und SIP unterst\u00fctzt und wenden Sie sich dann an Ihren Vertriebsmitarbeiter.  &nbsp;<\/span><\/p>\n<p><span style=\"font-weight: 400;\">Alle Eagle Eye Bridges\/CMVRs, die nach dem 1. August 2022 hergestellt wurden, enthalten die neuesten Anwendungen zur Unterst\u00fctzung von 2-Way Audio. Zuvor gekaufte Bridges und CMVRs werden derzeit mit Feldupdates versorgt. Wenn Sie versuchen, einen Lautsprecher im VMS hinzuzuf\u00fcgen und dieser im VMS-Dashboard als unbekannte Kamera angezeigt wird, ist dies ein Hinweis darauf, dass Sie die neueste Anwendung f\u00fcr Ihre Bridge\/CMVR ben\u00f6tigen und dass Sie    <\/span><a href=\"https:\/\/support.een.com\/portal\/en\/home?_ga=2.133229006.1505815643.1659968089-1564106157.1659968089\"><span style=\"font-weight: 400;\">kontaktieren Sie den technischen Support<\/span><\/a><span style=\"font-weight: 400;\">t, um aktualisiert zu werden.&nbsp;<\/span><\/p>\t\t\t\t\t\t\t\t<\/div>\n\t\t\t\t<\/div>\n\t\t\t\t\t<\/div>\n\t\t<\/div>\n\t\t\t\t\t<\/div>\n\t\t<\/section>\n\t\t\t\t<section data-particle_enable=\"false\" data-particle-mobile-disabled=\"false\" class=\"elementor-section elementor-top-section elementor-element elementor-element-4577e6a elementor-section-boxed elementor-section-height-default elementor-section-height-default\" data-id=\"4577e6a\" data-element_type=\"section\" data-e-type=\"section\" data-settings=\"{&quot;background_background&quot;:&quot;classic&quot;}\">\n\t\t\t\t\t\t<div class=\"elementor-container elementor-column-gap-default\">\n\t\t\t\t\t<div class=\"elementor-column elementor-col-100 elementor-top-column elementor-element elementor-element-27c99a0\" data-id=\"27c99a0\" data-element_type=\"column\" data-e-type=\"column\">\n\t\t\t<div class=\"elementor-widget-wrap elementor-element-populated\">\n\t\t\t\t\t\t<section data-particle_enable=\"false\" data-particle-mobile-disabled=\"false\" class=\"elementor-section elementor-inner-section elementor-element elementor-element-4bf714c elementor-section-boxed elementor-section-height-default elementor-section-height-default\" data-id=\"4bf714c\" data-element_type=\"section\" data-e-type=\"section\">\n\t\t\t\t\t\t<div class=\"elementor-container elementor-column-gap-default\">\n\t\t\t\t\t<div class=\"elementor-column elementor-col-25 elementor-inner-column elementor-element elementor-element-fde7237\" data-id=\"fde7237\" data-element_type=\"column\" data-e-type=\"column\">\n\t\t\t<div class=\"elementor-widget-wrap elementor-element-populated\">\n\t\t\t\t\t\t<div class=\"elementor-element elementor-element-09fd810 premium-lq__none elementor-widget elementor-widget-premium-addon-button\" data-id=\"09fd810\" data-element_type=\"widget\" data-e-type=\"widget\" data-settings=\"{&quot;_animation_tablet&quot;:&quot;none&quot;,&quot;_animation_mobile&quot;:&quot;none&quot;}\" data-widget_type=\"premium-addon-button.default\">\n\t\t\t\t<div class=\"elementor-widget-container\">\n\t\t\t\t\t\r\n\r\n\t\t<a class=\"premium-button premium-button-none premium-btn-block premium-button-none\" href=\"https:\/\/www.een.com\/de\/unterstuetzung\/kamera-kompatibilitaet-digital-ip\/\">\r\n\t\t\t<div class=\"premium-button-text-icon-wrapper\">\r\n\t\t\t\t\r\n\t\t\t\t\t\t\t\t\t<span >\r\n\t\t\t\t\t\tDigitale IP\t\t\t\t\t<\/span>\r\n\t\t\t\t\t\t\t<\/div>\r\n\r\n\t\t\t\r\n\t\t\t\r\n\t\t\t\r\n\t\t<\/a>\r\n\r\n\r\n\t\t\t\t\t\t<\/div>\n\t\t\t\t<\/div>\n\t\t\t\t\t<\/div>\n\t\t<\/div>\n\t\t\t\t<div class=\"elementor-column elementor-col-25 elementor-inner-column elementor-element elementor-element-93c4e1e\" data-id=\"93c4e1e\" data-element_type=\"column\" data-e-type=\"column\">\n\t\t\t<div class=\"elementor-widget-wrap elementor-element-populated\">\n\t\t\t\t\t\t<div class=\"elementor-element elementor-element-20d4db7 premium-lq__none elementor-widget elementor-widget-premium-addon-button\" data-id=\"20d4db7\" data-element_type=\"widget\" data-e-type=\"widget\" data-settings=\"{&quot;_animation_tablet&quot;:&quot;none&quot;,&quot;_animation_mobile&quot;:&quot;none&quot;}\" data-widget_type=\"premium-addon-button.default\">\n\t\t\t\t<div class=\"elementor-widget-container\">\n\t\t\t\t\t\r\n\r\n\t\t<a class=\"premium-button premium-button-none premium-btn-block premium-button-none\" href=\"https:\/\/www.een.com\/de\/unterstuetzung\/networked-speakers-and-intercoms\/\">\r\n\t\t\t<div class=\"premium-button-text-icon-wrapper\">\r\n\t\t\t\t\r\n\t\t\t\t\t\t\t\t\t<span >\r\n\t\t\t\t\t\tVernetzte Lautsprecher \/ Gegensprechanlagen\t\t\t\t\t<\/span>\r\n\t\t\t\t\t\t\t<\/div>\r\n\r\n\t\t\t\r\n\t\t\t\r\n\t\t\t\r\n\t\t<\/a>\r\n\r\n\r\n\t\t\t\t\t\t<\/div>\n\t\t\t\t<\/div>\n\t\t\t\t\t<\/div>\n\t\t<\/div>\n\t\t\t\t<div class=\"elementor-column elementor-col-25 elementor-inner-column elementor-element elementor-element-5feb1bd\" data-id=\"5feb1bd\" data-element_type=\"column\" data-e-type=\"column\">\n\t\t\t<div class=\"elementor-widget-wrap elementor-element-populated\">\n\t\t\t\t\t\t<div class=\"elementor-element elementor-element-e7fb9b3 premium-lq__none elementor-widget elementor-widget-premium-addon-button\" data-id=\"e7fb9b3\" data-element_type=\"widget\" data-e-type=\"widget\" data-settings=\"{&quot;_animation_tablet&quot;:&quot;none&quot;,&quot;_animation_mobile&quot;:&quot;none&quot;}\" data-widget_type=\"premium-addon-button.default\">\n\t\t\t\t<div class=\"elementor-widget-container\">\n\t\t\t\t\t\r\n\r\n\t\t<a class=\"premium-button premium-button-none premium-btn-block premium-button-none\" href=\"https:\/\/www.een.com\/de\/unterstuetzung\/kamerakompatibilitaet-hd-over-coax\/\">\r\n\t\t\t<div class=\"premium-button-text-icon-wrapper\">\r\n\t\t\t\t\r\n\t\t\t\t\t\t\t\t\t<span >\r\n\t\t\t\t\t\tAnaloge Encoder &amp; HD \u00fcber COAX\t\t\t\t\t<\/span>\r\n\t\t\t\t\t\t\t<\/div>\r\n\r\n\t\t\t\r\n\t\t\t\r\n\t\t\t\r\n\t\t<\/a>\r\n\r\n\r\n\t\t\t\t\t\t<\/div>\n\t\t\t\t<\/div>\n\t\t\t\t\t<\/div>\n\t\t<\/div>\n\t\t\t\t<div class=\"elementor-column elementor-col-25 elementor-inner-column elementor-element elementor-element-3773c51\" data-id=\"3773c51\" data-element_type=\"column\" data-e-type=\"column\">\n\t\t\t<div class=\"elementor-widget-wrap elementor-element-populated\">\n\t\t\t\t\t\t<div class=\"elementor-element elementor-element-8a43eab premium-lq__none elementor-widget elementor-widget-premium-addon-button\" data-id=\"8a43eab\" data-element_type=\"widget\" data-e-type=\"widget\" data-settings=\"{&quot;_animation_tablet&quot;:&quot;none&quot;,&quot;_animation_mobile&quot;:&quot;none&quot;}\" data-widget_type=\"premium-addon-button.default\">\n\t\t\t\t<div class=\"elementor-widget-container\">\n\t\t\t\t\t\r\n\r\n\t\t<a class=\"premium-button premium-button-none premium-btn-block premium-button-none\" href=\"https:\/\/www.een.com\/de\/unterstuetzung\/kamera-kompatibilitaet-mobil-am-koerper-tragen\/\">\r\n\t\t\t<div class=\"premium-button-text-icon-wrapper\">\r\n\t\t\t\t\r\n\t\t\t\t\t\t\t\t\t<span >\r\n\t\t\t\t\t\tMobil und am K\u00f6rper getragen\t\t\t\t\t<\/span>\r\n\t\t\t\t\t\t\t<\/div>\r\n\r\n\t\t\t\r\n\t\t\t\r\n\t\t\t\r\n\t\t<\/a>\r\n\r\n\r\n\t\t\t\t\t\t<\/div>\n\t\t\t\t<\/div>\n\t\t\t\t\t<\/div>\n\t\t<\/div>\n\t\t\t\t\t<\/div>\n\t\t<\/section>\n\t\t\t\t\t<\/div>\n\t\t<\/div>\n\t\t\t\t\t<\/div>\n\t\t<\/section>\n\t\t\t\t<section data-particle_enable=\"false\" data-particle-mobile-disabled=\"false\" class=\"elementor-section elementor-top-section elementor-element elementor-element-bf28c3b elementor-section-stretched elementor-section-full_width elementor-section-height-default elementor-section-height-default\" data-id=\"bf28c3b\" data-element_type=\"section\" data-e-type=\"section\" data-settings=\"{&quot;stretch_section&quot;:&quot;section-stretched&quot;}\">\n\t\t\t\t\t\t<div class=\"elementor-container elementor-column-gap-default\">\n\t\t\t\t\t<div class=\"elementor-column elementor-col-100 elementor-top-column elementor-element elementor-element-b2fb19f\" data-id=\"b2fb19f\" data-element_type=\"column\" data-e-type=\"column\">\n\t\t\t<div class=\"elementor-widget-wrap elementor-element-populated\">\n\t\t\t\t\t\t<div class=\"elementor-element elementor-element-32ad5e7 elementor-widget elementor-widget-shortcode\" data-id=\"32ad5e7\" data-element_type=\"widget\" data-e-type=\"widget\" data-widget_type=\"shortcode.default\">\n\t\t\t\t<div class=\"elementor-widget-container\">\n\t\t\t\t\t\t\t<div class=\"elementor-shortcode\"><div id=\"footable_parent_173260\"\n         class=\" footable_parent ninja_table_wrapper loading_ninja_table wp_table_data_press_parent semantic_ui \">\n                <table data-ninja_table_instance=\"ninja_table_instance_0\" data-footable_id=\"173260\" data-filter-delay=\"1000\" aria-label=\"supported_cameras_drivers-development_publish_speakers_20240520.csv\"            id=\"footable_173260\"\n           data-unique_identifier=\"ninja_table_unique_id_3226847426_173260\"\n           class=\" foo-table ninja_footable foo_table_173260 ninja_table_unique_id_3226847426_173260 ui table  nt_type_legacy_table selectable striped vertical_centered  footable-paging-right ninja_table_pro\">\n                <colgroup>\n                            <col class=\"ninja_column_0 \">\n                            <col class=\"ninja_column_1 \">\n                            <col class=\"ninja_column_2 \">\n                    <\/colgroup>\n        <thead>\n<tr class=\"footable-header\">\n                                                        <th scope=\"col\"  class=\"ninja_column_0 ninja_clmn_nm_make \">Make<\/th><th scope=\"col\"  class=\"ninja_column_1 ninja_clmn_nm_model \">Model<\/th><th scope=\"col\"  class=\"ninja_column_2 ninja_clmn_nm_firmwaretested \">Firmware Tested<\/th><\/tr>\n<\/thead>\n<tbody>\n\n        <tr data-row_id=\"142448\" class=\"ninja_table_row_0 nt_row_id_142448\">\n            <td>AXIS<\/td><td>C1004-E<\/td><td>10<\/td>        <\/tr>\n            <tr data-row_id=\"142449\" class=\"ninja_table_row_1 nt_row_id_142449\">\n            <td>AXIS<\/td><td>C1310-E<\/td><td>10<\/td>        <\/tr>\n            <tr data-row_id=\"142450\" class=\"ninja_table_row_2 nt_row_id_142450\">\n            <td>AXIS<\/td><td>C1410<\/td><td>1.97.1<\/td>        <\/tr>\n            <tr data-row_id=\"142451\" class=\"ninja_table_row_3 nt_row_id_142451\">\n            <td>AXIS<\/td><td>C3003-E<\/td><td>10<\/td>        <\/tr>\n            <tr data-row_id=\"142452\" class=\"ninja_table_row_4 nt_row_id_142452\">\n            <td>AXIS<\/td><td>C8210<\/td><td>1.85.060<\/td>        <\/tr>\n            <tr data-row_id=\"142453\" class=\"ninja_table_row_5 nt_row_id_142453\">\n            <td>AXIS<\/td><td>D4100-E<\/td><td>10<\/td>        <\/tr>\n            <tr data-row_id=\"142454\" class=\"ninja_table_row_6 nt_row_id_142454\">\n            <td>DigitalAcoustics<\/td><td>SR7<\/td><td>v2.0<\/td>        <\/tr>\n            <tr data-row_id=\"142455\" class=\"ninja_table_row_7 nt_row_id_142455\">\n            <td>SystemVault<\/td><td>SV-SIP30D<\/td><td>CS20-V3.3.21-SY1 (build Nov  2 2023)<\/td>        <\/tr>\n            <tr data-row_id=\"142456\" class=\"ninja_table_row_8 nt_row_id_142456\">\n            <td>TOA Corporation<\/td><td>IP-A1AF<\/td><td>3.0.1<\/td>        <\/tr>\n            <tr data-row_id=\"142457\" class=\"ninja_table_row_9 nt_row_id_142457\">\n            <td>TOA Corporation<\/td><td>IP-A1PC238<\/td><td>3.0.1<\/td>        <\/tr>\n            <tr data-row_id=\"142458\" class=\"ninja_table_row_10 nt_row_id_142458\">\n            <td>TOA Corporation<\/td><td>IP-A1PG<\/td><td>3.0.1<\/td>        <\/tr>\n            <tr data-row_id=\"142459\" class=\"ninja_table_row_11 nt_row_id_142459\">\n            <td>TOA<\/td><td>IP-A1SC15<\/td><td>1.6.0<\/td>        <\/tr>\n            <tr data-row_id=\"142460\" class=\"ninja_table_row_12 nt_row_id_142460\">\n            <td>TOA<\/td><td>UC-4SC615Q<\/td><td>1.5.2<\/td>        <\/tr>\n            <tr data-row_id=\"142461\" class=\"ninja_table_row_13 nt_row_id_142461\">\n            <td>Zenitel<\/td><td>IP_speaker_ELSII_10<\/td><td>7.4.3.0 (vsft)<\/td>        <\/tr>\n            <tr data-row_id=\"142462\" class=\"ninja_table_row_14 nt_row_id_142462\">\n            <td>Zenitel<\/td><td>TCIS-3<\/td><td>6.4.3.3<\/td>        <\/tr>\n            <tr data-row_id=\"142463\" class=\"ninja_table_row_15 nt_row_id_142463\">\n            <td>Zenitel<\/td><td>TCIV2+_3+<\/td><td>1.97.1<\/td>        <\/tr>\n            <tr data-row_id=\"142464\" class=\"ninja_table_row_16 nt_row_id_142464\">\n            <td>commend<\/td><td>AFLS10HPW<\/td><td>4.3.1<\/td>        <\/tr>\n            <tr data-row_id=\"142465\" class=\"ninja_table_row_17 nt_row_id_142465\">\n            <td>iSentry<\/td><td>iSIP-IP15W<\/td><td>CS20-V3.3.21-IT1 (build Nov  1 2023)<\/td>        <\/tr>\n    <\/tbody><!--ninja_tobody_rendering_done-->\n    <\/table>\n    \n    \n    \n<\/div>\n<\/div>\n\t\t\t\t\t\t<\/div>\n\t\t\t\t<\/div>\n\t\t\t\t\t<\/div>\n\t\t<\/div>\n\t\t\t\t\t<\/div>\n\t\t<\/section>\n\t\t\t\t<\/div>\n\t\t","protected":false},"excerpt":{"rendered":"<p>Vernetzte Lautsprecher und Gegensprechanlagen Eagle Eye Networks bietet mobile Zwei-Wege-Audiokommunikation mit 2-Way Audio. Connect a supported IP Speaker to any Eagle Eye Bridge and use this audio feature through the &hellip;<\/p>\n<p class=\"read-more\"> <a class=\"\" href=\"https:\/\/www.een.com\/de\/unterstuetzung\/vernetzte-lautsprecher-und-gegensprechanlagen\/\"> <span class=\"screen-reader-text\">Vernetzte Lautsprecher und Gegensprechanlagen<\/span> Weiterlesen &raquo;<\/a><\/p>\n","protected":false},"author":3175,"featured_media":0,"parent":90724,"menu_order":0,"comment_status":"closed","ping_status":"closed","template":"","meta":{"_acf_changed":false,"_relevanssi_hide_post":"","_relevanssi_hide_content":"","_relevanssi_pin_for_all":"","_relevanssi_pin_keywords":"","_relevanssi_unpin_keywords":"","_relevanssi_related_keywords":"","_relevanssi_related_include_ids":"","_relevanssi_related_exclude_ids":"","_relevanssi_related_no_append":"","_relevanssi_related_not_related":"","_relevanssi_related_posts":"","_relevanssi_noindex_reason":"","footnotes":""},"class_list":["post-180825","page","type-page","status-publish","hentry"],"acf":[],"aioseo_notices":[],"_links":{"self":[{"href":"https:\/\/www.een.com\/de\/wp-json\/wp\/v2\/pages\/180825","targetHints":{"allow":["GET"]}}],"collection":[{"href":"https:\/\/www.een.com\/de\/wp-json\/wp\/v2\/pages"}],"about":[{"href":"https:\/\/www.een.com\/de\/wp-json\/wp\/v2\/types\/page"}],"author":[{"embeddable":true,"href":"https:\/\/www.een.com\/de\/wp-json\/wp\/v2\/users\/3175"}],"replies":[{"embeddable":true,"href":"https:\/\/www.een.com\/de\/wp-json\/wp\/v2\/comments?post=180825"}],"version-history":[{"count":0,"href":"https:\/\/www.een.com\/de\/wp-json\/wp\/v2\/pages\/180825\/revisions"}],"up":[{"embeddable":true,"href":"https:\/\/www.een.com\/de\/wp-json\/wp\/v2\/pages\/90724"}],"wp:attachment":[{"href":"https:\/\/www.een.com\/de\/wp-json\/wp\/v2\/media?parent=180825"}],"curies":[{"name":"wp","href":"https:\/\/api.w.org\/{rel}","templated":true}]}}